{"id":389947,"date":"2025-02-06T19:37:30","date_gmt":"2025-02-06T18:40:19","guid":{"rendered":"https:\/\/www.moskito.cz\/produkt\/couteau-pliant-pro-tech-godfather-921-ltd\/"},"modified":"2025-05-07T11:28:15","modified_gmt":"2025-05-07T10:28:15","slug":"couteau-pliant-pro-tech-godfather-921-ltd","status":"publish","type":"product","link":"https:\/\/www.moskito.cz\/fr\/produkt\/couteau-pliant-pro-tech-godfather-921-ltd\/","title":{"rendered":"Couteau pliant Pro-Tech Godfather 921-LTD"},"content":{"rendered":"<h3 data-pm-slice=\"1 1 []\"><strong>Couteau pliant Pro-Tech Godfather 921-LTD<\/strong><\/h3>\n<p>\ud83d\udd2a <strong>Pro-Tech Godfather 921-LTD<\/strong> est une \u00e9dition limit\u00e9e exclusive du l\u00e9gendaire mod\u00e8le <strong>Godfather<\/strong> , qui s&rsquo;inspire des talons aiguilles italiens classiques et combine un design \u00e9l\u00e9gant avec des mat\u00e9riaux modernes et une finition de premi\u00e8re classe. Ce mod\u00e8le est <strong>un objet de collection luxueux<\/strong> dot\u00e9 d&rsquo;une excellente m\u00e9canique et de mat\u00e9riaux de premi\u00e8re classe. <\/p>\n<div>\n<hr>\n<\/div>\n<h3><strong>Sp\u00e9cifications techniques:<\/strong><\/h3>\n<p>\ud83d\udd2a  <strong>Lame:<\/strong><\/p>\n<ul data-spread=\"false\">\n<li><strong>Longueur<\/strong> : <strong>4,0\u2033 (10,2 cm)<\/strong> \u2013 long, \u00e9l\u00e9gant et pr\u00e9cis<\/li>\n<li><strong>Mat\u00e9riau<\/strong> : <strong>acier inoxydable CPM-154<\/strong> \u2013 haute r\u00e9sistance \u00e0 l&rsquo;usure et meulage facile<\/li>\n<li><strong>Forme<\/strong> : <strong>Stiletto \/ Dagger<\/strong> \u2013 profil fin et \u00e9l\u00e9gant inspir\u00e9 des couteaux italiens<\/li>\n<li><strong>Finition de surface<\/strong> : <strong>Poli, DLC noir ou finitions sp\u00e9ciales selon \u00e9dition<\/strong><\/li>\n<\/ul>\n<p>\ud83d\udd90 <strong>Poign\u00e9e :<\/strong><\/p>\n<ul data-spread=\"false\">\n<li><strong>Mat\u00e9riau<\/strong> : <strong>Aluminium Elite 6061-T6<\/strong> avec <strong>inserts premium (fibre de carbone, nacre, bois ou titane &#8211; selon l&rsquo;\u00e9dition)<\/strong><\/li>\n<li><strong>Longueur pli\u00e9e<\/strong> : <strong>5,25\u2033 (13,3 cm)<\/strong> \u2013 mince et confortable \u00e0 transporter<\/li>\n<li><strong>Design<\/strong> : Silhouette de talon aiguille embl\u00e9matique avec <strong>ornement exclusif en \u00e9dition limit\u00e9e<\/strong><\/li>\n<\/ul>\n<p>\u2699 <strong>M\u00e9canisme :<\/strong><\/p>\n<ul data-spread=\"false\">\n<li><strong>Ouverture<\/strong> : <strong>M\u00e9canisme d&rsquo;\u00e9jection automatique<\/strong> \u2013 ouverture rapide et en douceur par simple pression sur un bouton<\/li>\n<li><strong>Verrouillage<\/strong> : <strong>Bouton de verrouillage<\/strong> pour un verrouillage s\u00e9curis\u00e9 de la lame lors de l&rsquo;ouverture<\/li>\n<\/ul>\n<p>\u2696 <strong>Poids:<\/strong><\/p>\n<ul data-spread=\"false\">\n<li>Environ <strong>113 g (4,0 oz)<\/strong> \u2013 l&rsquo;\u00e9quilibre id\u00e9al entre robustesse et confort de transport<\/li>\n<\/ul>\n<p>\ud83d\udccc <strong>Autres fonctionnalit\u00e9s :<\/strong><br \/>\n \u2714 <strong>\u00c9dition limit\u00e9e \u2013 chaque s\u00e9rie poss\u00e8de des \u00e9l\u00e9ments uniques<\/strong><br \/>\n \u2714 <strong>Mat\u00e9riaux de manche haut de gamme \u2013 nacre, carbone, bois exotiques ou titane<\/strong><br \/>\n \u2714 <strong>M\u00e9canique sans faille avec un m\u00e9canisme de tir fluide<\/strong><br \/>\n \u2714 <strong>Design \u00e9l\u00e9gant et fin inspir\u00e9 des talons aiguilles classiques<\/strong><\/p>\n<div>\n<hr>\n<\/div>\n<h3><strong>Propri\u00e9t\u00e9s cl\u00e9s&nbsp;:<\/strong><\/h3>\n<p>\u2705  <strong>Design luxueux<\/strong> \u2013 une combinaison d\u2019\u00e9l\u00e9gance et de mat\u00e9riaux modernes<br \/>\n\u2705  <strong>Lame longue et fine<\/strong> \u2013 propri\u00e9t\u00e9s de coupe pr\u00e9cises et look stylet classique<br \/>\n\u2705  <strong>Objet de collection exclusif<\/strong> &#8211; \u00e9ditions limit\u00e9es avec des caract\u00e9ristiques uniques<br \/>\n\u2705  <strong>Tir rapide et fiable<\/strong> \u2013 m\u00e9canique pr\u00e9cise et fluide<\/p>\n<div>\n<hr>\n<\/div>\n<h3><strong>Utiliser:<\/strong><\/h3>\n<p>\ud83c\udfaf <strong>Un objet de collection<\/strong> &#8211; id\u00e9al pour les amateurs de couteaux haut de gamme<br \/>\n\ud83c\udfdb <strong>Accessoire \u00e9l\u00e9gant<\/strong> &#8211; design luxueux adapt\u00e9 \u00e0 des fins repr\u00e9sentatives<br \/>\n\ud83d\udd2a  <strong>Une r\u00e9interpr\u00e9tation moderne des talons aiguilles classiques<\/strong> \u2013 la combinaison parfaite de tradition et de technologie de pointe<\/p>\n<div>\n<hr>\n<\/div>\n<h3><strong>Avantages et inconv\u00e9nients :<\/strong><\/h3>\n<p>\u2705  <strong>Avantages :<\/strong><br \/>\n \u2714 Mat\u00e9riaux luxueux et finition soign\u00e9e<br \/>\n\u2714 Design embl\u00e9matique inspir\u00e9 des talons aiguilles classiques<br \/>\n\u2714 M\u00e9canisme automatique rapide et fiable<br \/>\n\u2714 \u00c9dition limit\u00e9e exclusive<\/p>\n<p>\u274c <strong>Inconv\u00e9nients :<\/strong><br \/>\n \u2716 Prix plus \u00e9lev\u00e9 correspondant au traitement premium<br \/>\n \u2716 Une lame plus longue peut ne pas \u00eatre id\u00e9ale pour un transport quotidien<\/p>\n<div>\n<hr>\n<\/div>\n<h3><strong>Conclusion:<\/strong><\/h3>\n<p><strong>Le Pro-Tech Godfather 921-LTD<\/strong> est <strong>un couteau pliant embl\u00e9matique et luxueux<\/strong> qui plaira non seulement aux collectionneurs, mais aussi aux amateurs de style italien classique combin\u00e9 \u00e0 des mat\u00e9riaux modernes. <strong>Les \u00e9ditions limit\u00e9es et la finition pr\u00e9cise<\/strong> en font un choix prestigieux pour tous ceux qui recherchent <strong>un couteau automatique \u00e9l\u00e9gant, puissant et unique<\/strong> . \ud83d\ude80<\/p>\n","protected":false},"excerpt":{"rendered":"<p><strong>Le Pro-Tech Godfather 921-LTD est un couteau pliant embl\u00e9matique et luxueux qui plaira non seulement aux collectionneurs, mais aussi aux amateurs de style italien classique combin\u00e9 \u00e0 des mat\u00e9riaux modernes. Les \u00e9ditions limit\u00e9es et la finition pr\u00e9cise en font un choix prestigieux pour tous ceux qui recherchent un couteau automatique \u00e9l\u00e9gant, puissant et unique. \ud83d\ude80<\/strong><\/p>\n<p> <strong>Livraison gratuite.<\/strong><\/p>\n","protected":false},"featured_media":389897,"comment_status":"open","ping_status":"closed","template":"","meta":[],"pwb-brand":[3817],"product_brand":[],"product_cat":[3699,3696],"product_tag":[],"class_list":{"0":"post-389947","1":"product","2":"type-product","3":"status-publish","4":"has-post-thumbnail","6":"pwb-brand-pour-la-technologie","7":"product_cat-couteaux-de-tir","8":"product_cat-des-couteaux","10":"first","11":"outofstock","12":"taxable","13":"shipping-taxable","14":"purchasable","15":"product-type-simple"},"brands":[{"id":3817,"name":"Pour la technologie","slug":"pour-la-technologie"}],"_links":{"self":[{"href":"https:\/\/www.moskito.cz\/fr\/wp-json\/wp\/v2\/product\/389947","targetHints":{"allow":["GET"]}}],"collection":[{"href":"https:\/\/www.moskito.cz\/fr\/wp-json\/wp\/v2\/product"}],"about":[{"href":"https:\/\/www.moskito.cz\/fr\/wp-json\/wp\/v2\/types\/product"}],"replies":[{"embeddable":true,"href":"https:\/\/www.moskito.cz\/fr\/wp-json\/wp\/v2\/comments?post=389947"}],"wp:featuredmedia":[{"embeddable":true,"href":"https:\/\/www.moskito.cz\/fr\/wp-json\/wp\/v2\/media\/389897"}],"wp:attachment":[{"href":"https:\/\/www.moskito.cz\/fr\/wp-json\/wp\/v2\/media?parent=389947"}],"wp:term":[{"taxonomy":"pwb-brand","embeddable":true,"href":"https:\/\/www.moskito.cz\/fr\/wp-json\/wp\/v2\/pwb-brand?post=389947"},{"taxonomy":"product_brand","embeddable":true,"href":"https:\/\/www.moskito.cz\/fr\/wp-json\/wp\/v2\/product_brand?post=389947"},{"taxonomy":"product_cat","embeddable":true,"href":"https:\/\/www.moskito.cz\/fr\/wp-json\/wp\/v2\/product_cat?post=389947"},{"taxonomy":"product_tag","embeddable":true,"href":"https:\/\/www.moskito.cz\/fr\/wp-json\/wp\/v2\/product_tag?post=389947"}],"curies":[{"name":"wp","href":"https:\/\/api.w.org\/{rel}","templated":true}]}}