{"id":390207,"date":"2025-02-09T21:25:06","date_gmt":"2025-02-09T20:28:37","guid":{"rendered":"https:\/\/www.moskito.cz\/produkt\/couteau-de-lancer-pro-tech-tr-2-shot-show-2024-en-edition-limitee\/"},"modified":"2025-05-07T11:28:21","modified_gmt":"2025-05-07T10:28:21","slug":"couteau-de-lancer-pro-tech-tr-2-shot-show-2024-en-edition-limitee","status":"publish","type":"product","link":"https:\/\/www.moskito.cz\/fr\/produkt\/couteau-de-lancer-pro-tech-tr-2-shot-show-2024-en-edition-limitee\/","title":{"rendered":"Couteau de lancer Pro-Tech TR-2 SHOT Show 2024 en \u00e9dition limit\u00e9e"},"content":{"rendered":"<div class=\"flex max-w-full flex-col flex-grow\">\n<div class=\"min-h-8 text-message flex w-full flex-col items-end gap-2 whitespace-normal break-words text-start [.text-message+&amp;]:mt-5\" dir=\"auto\" data-message-author-role=\"assistant\" data-message-id=\"d9749f7b-3bff-4ff8-8896-8d7d63aeefda\" data-message-model-slug=\"gpt-4o\">\n<div class=\"flex w-full flex-col gap-1 empty:hidden first:pt-[3px]\">\n<div class=\"markdown prose w-full break-words dark:prose-invert light\">\n<h3><strong>Couteau de lancer Pro-Tech TR-2 SHOT Show 2024 en \u00e9dition limit\u00e9e<\/strong><\/h3>\n<p>Le Pro-Tech Limited Edition TR-2 SHOT Show 2024 est un couteau de tir exclusif, produit en \u00e9dition limit\u00e9e sp\u00e9ciale pour le salon SHOT Show 2024. Ce mod\u00e8le allie une grande fonctionnalit\u00e9 \u00e0 un design unique qui ravira aussi bien les collectionneurs que les utilisateurs exigeants \u00e0 la recherche d&rsquo;un couteau tactique fiable. <\/p>\n<hr>\n<h3><strong>Sp\u00e9cifications techniques<\/strong><\/h3>\n<p>\ud83d\udd2a  <strong>Lame:<\/strong><\/p>\n<ul>\n<li><strong>Longueur :<\/strong> 7,6 cm (3,0 po) \u2013 taille id\u00e9ale pour une utilisation quotidienne et des t\u00e2ches tactiques<\/li>\n<li><strong>Mat\u00e9riau :<\/strong> <strong>CPM-S35VN<\/strong> \u2013 acier de qualit\u00e9 sup\u00e9rieure avec une r\u00e9sistance \u00e9lev\u00e9e et une longue dur\u00e9e de vie de la lame<\/li>\n<li><strong>Forme :<\/strong> <strong>Drop Point<\/strong> \u2013 forme universelle pour une coupe et un per\u00e7age pr\u00e9cis<\/li>\n<li><strong>Traitement de surface :<\/strong> <strong>DLC noir (Diamond-Like Carbon)<\/strong> \u2013 augmente la r\u00e9sistance \u00e0 la corrosion et aux rayures<\/li>\n<\/ul>\n<p>\ud83d\udd90 <strong>Poign\u00e9e :<\/strong><\/p>\n<ul>\n<li><strong>Mat\u00e9riau :<\/strong> <strong>aluminium 6061-T6<\/strong> \u2013 aluminium a\u00e9ronautique solide mais l\u00e9ger<\/li>\n<li><strong>Couleur :<\/strong> <strong>Finition sp\u00e9ciale en \u00e9dition limit\u00e9e<\/strong> avec d\u00e9tails grav\u00e9s au laser SHOT Show 2024<\/li>\n<li><strong>Conception ergonomique<\/strong> \u2013 prise en main confortable et s\u00fbre<\/li>\n<\/ul>\n<p>\u2699 <strong>M\u00e9canisme :<\/strong><\/p>\n<ul>\n<li><strong>Ouverture du bouton :<\/strong> D\u00e9verrouillage automatique du bouton \u2013 activation extr\u00eamement rapide<\/li>\n<li><strong>Serrure :<\/strong> M\u00e9canisme commun et solide pour \u00e9viter toute ouverture accidentelle<\/li>\n<\/ul>\n<p>\u2696 <strong>Poids:<\/strong><\/p>\n<ul>\n<li><strong>Environ 85 g<\/strong> \u2013 l\u00e9ger et facile \u00e0 transporter<\/li>\n<\/ul>\n<p>\ud83d\udccc <strong>Autres fonctionnalit\u00e9s :<\/strong><\/p>\n<ul>\n<li>\u00c9dition limit\u00e9e publi\u00e9e uniquement pour le SHOT Show 2024<\/li>\n<li>Fabrication CNC de pr\u00e9cision garantissant une qualit\u00e9 et une fiabilit\u00e9 maximales<\/li>\n<li>Clip en acier pour un transport facile<\/li>\n<\/ul>\n<hr>\n<h3><strong>Propri\u00e9t\u00e9s cl\u00e9s&nbsp;:<\/strong><\/h3>\n<p>\u2705  <strong>\u00c9dition limit\u00e9e<\/strong> &#8211; un objet de collection unique<br \/>\n\u2705  <strong>Mat\u00e9riaux haut de gamme<\/strong> \u2013 Lame CPM-S35VN et manche en aluminium<br \/>\n\u2705  <strong>Ouverture rapide<\/strong> \u2013 m\u00e9canisme d\u2019\u00e9jection souple et fiable<br \/>\n\u2705  <strong>L\u00e9ger et compact<\/strong> \u2013 id\u00e9al pour un usage quotidien<\/p>\n<hr>\n<h3><strong>Utiliser:<\/strong><\/h3>\n<p>\ud83c\udfaf <strong>Utilisation tactique et d&rsquo;autod\u00e9fense<\/strong> &#8211; d\u00e9ploiement rapide et fiabilit\u00e9<br \/>\n\ud83d\udd2a  <strong>Un objet de collection<\/strong> &#8211; un mod\u00e8le exclusif pour les amateurs de couteaux<br \/>\n\ud83d\udd27 <strong>EDC (Everyday Carry)<\/strong> \u2013 un couteau pratique et \u00e9l\u00e9gant pour un usage quotidien <\/p>\n<hr>\n<h3><strong>Avantages et inconv\u00e9nients :<\/strong><\/h3>\n<p>\u2705  <strong>Avantages :<\/strong><\/p>\n<ul>\n<li>\u00c9dition limit\u00e9e avec un design unique<\/li>\n<li>Mat\u00e9riaux de premi\u00e8re qualit\u00e9 et fabrication pr\u00e9cise<\/li>\n<li>M\u00e9canisme de tir rapide et fluide<\/li>\n<li>L\u00e9ger et compact<\/li>\n<\/ul>\n<p>\u274c <strong>Inconv\u00e9nients :<\/strong><\/p>\n<ul>\n<li>Prix \u200b\u200bplus \u00e9lev\u00e9 correspondant \u00e0 l&rsquo;exclusivit\u00e9 du mod\u00e8le<\/li>\n<li>Disponibilit\u00e9 limit\u00e9e \u2013 uniquement pour le SHOT Show 2024<\/li>\n<li>Certaines lois peuvent restreindre le port de couteaux \u00e0 cran d&rsquo;arr\u00eat<\/li>\n<\/ul>\n<hr>\n<h3><strong>conclusion:<\/strong><\/h3>\n<p>L&rsquo;\u00e9dition limit\u00e9e Pro-Tech TR-2 SHOT Show 2024 est une pi\u00e8ce unique qui combine <strong>des mat\u00e9riaux haut de gamme, une finition pr\u00e9cise et un design exclusif<\/strong> . Gr\u00e2ce \u00e0 une production limit\u00e9e, il s&rsquo;agit d&rsquo;un couteau rare qui trouvera sa place aussi bien dans les collections que chez les utilisateurs exigeants \u00e0 la recherche d&rsquo;un <strong>couteau aussi fiable et EDC<\/strong> . Si vous souhaitez <strong>un mod\u00e8le exclusif unique<\/strong> , ce TR-2 est un excellent choix. \ud83d\ude80 \ud83d\udd2a   <\/p>\n<\/div>\n<\/div>\n<\/div>\n<\/div>\n","protected":false},"excerpt":{"rendered":"<p><strong>L&rsquo;\u00e9dition limit\u00e9e Pro-Tech TR-2 SHOT Show 2024 est une pi\u00e8ce unique qui combine des mat\u00e9riaux haut de gamme, une finition pr\u00e9cise et un design exclusif. Gr\u00e2ce \u00e0 une production limit\u00e9e, il s&rsquo;agit d&rsquo;un couteau rare qui trouvera sa place aussi bien dans les collections que chez les utilisateurs exigeants \u00e0 la recherche d&rsquo;un couteau aussi fiable et EDC. Si vous souhaitez un mod\u00e8le exclusif unique, ce TR-2 est un excellent choix. \ud83d\ude80 \ud83d\udd2a   <\/strong><\/p>\n<p><strong>Transports gratuits.<\/strong><\/p>\n","protected":false},"featured_media":390143,"comment_status":"open","ping_status":"closed","template":"","meta":[],"pwb-brand":[3817],"product_brand":[],"product_cat":[3699,3696],"product_tag":[],"class_list":{"0":"post-390207","1":"product","2":"type-product","3":"status-publish","4":"has-post-thumbnail","6":"pwb-brand-pour-la-technologie","7":"product_cat-couteaux-de-tir","8":"product_cat-des-couteaux","10":"first","11":"instock","12":"taxable","13":"shipping-taxable","14":"purchasable","15":"product-type-simple"},"brands":[{"id":3817,"name":"Pour la technologie","slug":"pour-la-technologie"}],"_links":{"self":[{"href":"https:\/\/www.moskito.cz\/fr\/wp-json\/wp\/v2\/product\/390207","targetHints":{"allow":["GET"]}}],"collection":[{"href":"https:\/\/www.moskito.cz\/fr\/wp-json\/wp\/v2\/product"}],"about":[{"href":"https:\/\/www.moskito.cz\/fr\/wp-json\/wp\/v2\/types\/product"}],"replies":[{"embeddable":true,"href":"https:\/\/www.moskito.cz\/fr\/wp-json\/wp\/v2\/comments?post=390207"}],"wp:featuredmedia":[{"embeddable":true,"href":"https:\/\/www.moskito.cz\/fr\/wp-json\/wp\/v2\/media\/390143"}],"wp:attachment":[{"href":"https:\/\/www.moskito.cz\/fr\/wp-json\/wp\/v2\/media?parent=390207"}],"wp:term":[{"taxonomy":"pwb-brand","embeddable":true,"href":"https:\/\/www.moskito.cz\/fr\/wp-json\/wp\/v2\/pwb-brand?post=390207"},{"taxonomy":"product_brand","embeddable":true,"href":"https:\/\/www.moskito.cz\/fr\/wp-json\/wp\/v2\/product_brand?post=390207"},{"taxonomy":"product_cat","embeddable":true,"href":"https:\/\/www.moskito.cz\/fr\/wp-json\/wp\/v2\/product_cat?post=390207"},{"taxonomy":"product_tag","embeddable":true,"href":"https:\/\/www.moskito.cz\/fr\/wp-json\/wp\/v2\/product_tag?post=390207"}],"curies":[{"name":"wp","href":"https:\/\/api.w.org\/{rel}","templated":true}]}}