{"id":390404,"date":"2025-02-11T21:32:14","date_gmt":"2025-02-11T20:32:14","guid":{"rendered":"https:\/\/www.moskito.cz\/produkt\/couteau-pliant-spartan-blades-custom-harsey-nichols-damascus-blue\/"},"modified":"2025-09-29T00:00:02","modified_gmt":"2025-09-28T23:00:02","slug":"couteau-pliant-spartan-blades-custom-harsey-nichols-damascus-blue","status":"publish","type":"product","link":"https:\/\/www.moskito.cz\/fr\/produkt\/couteau-pliant-spartan-blades-custom-harsey-nichols-damascus-blue\/","title":{"rendered":"Couteau pliant Spartan Blades Custom Harsey Nichols Damascus Blue"},"content":{"rendered":"<article class=\"w-full text-token-text-primary focus-visible:outline-2 focus-visible:outline-offset-[-4px]\" dir=\"auto\" data-testid=\"conversation-turn-13\" data-scroll-anchor=\"false\">\n<div class=\"m-auto text-base py-[18px] px-6\">\n<div class=\"mx-auto flex flex-1 gap-4 text-base md:gap-5 lg:gap-6 md:max-w-3xl\">\n<div class=\"group\/conversation-turn relative flex w-full min-w-0 flex-col agent-turn @xs\/thread:px-0 @sm\/thread:px-1.5 @md\/thread:px-4\">\n<div class=\"flex-col gap-1 md:gap-3\">\n<div class=\"flex max-w-full flex-col flex-grow\">\n<div class=\"min-h-8 text-message flex w-full flex-col items-end gap-2 whitespace-normal break-words text-start [.text-message+&amp;]:mt-5\" dir=\"auto\" data-message-author-role=\"assistant\" data-message-id=\"f6d2922e-d430-436d-be1a-27ce524b9993\" data-message-model-slug=\"gpt-4o-mini\">\n<div class=\"flex w-full flex-col gap-1 empty:hidden first:pt-[3px]\">\n<div class=\"markdown prose w-full break-words dark:prose-invert light\">\n<p data-start=\"0\" data-end=\"67\"><strong data-start=\"0\" data-end=\"67\"><span>Couteau pliant Spartan Blades Custom Harsey Nichols Damascus Blue<\/span><\/strong><\/p>\n<p data-start=\"69\" data-end=\"430\"><span>Le Spartan Blades Custom Harsey Nichols Damascus Blue est un mod\u00e8le de couteau exclusif qui combine des mat\u00e9riaux de premi\u00e8re qualit\u00e9 et un savoir-faire artistique avec des technologies modernes. Ce couteau est un excellent exemple de savoir-faire artisanal utilisant de l&rsquo;acier de Damas et un design d\u00e9taill\u00e9 qui attire l&rsquo;attention et convient aussi bien aux collectionneurs qu&rsquo;aux utilisateurs exigeants. <\/span><\/p>\n<h3 data-start=\"432\" data-end=\"457\"><span>Sp\u00e9cifications techniques<\/span><\/h3>\n<p data-start=\"459\" data-end=\"472\"><span>\ud83d\udd2a<\/span> <strong data-start=\"462\" data-end=\"472\"><span>Lame :<\/span><\/strong><\/p>\n<ul data-start=\"473\" data-end=\"942\">\n<li data-start=\"473\" data-end=\"553\"><strong data-start=\"475\" data-end=\"485\"><span>Dur\u00e9e :<\/span><\/strong> <span>environ<\/span><\/li>\n<li data-start=\"554\" data-end=\"733\"><strong data-start=\"556\" data-end=\"569\"><span>Mat\u00e9riau :<\/span><\/strong> <span>**Acier de Damas<\/span> <strong data-start=\"570\" data-end=\"587\"><span>Acier de Damas<\/span><\/strong> <span>\u2013 chacun<\/span><\/li>\n<li data-start=\"734\" data-end=\"831\"><strong data-start=\"736\" data-end=\"745\"><span>Forme :<\/span><\/strong> <span>D<\/span><\/li>\n<li data-start=\"832\" data-end=\"942\"><strong data-start=\"834\" data-end=\"855\"><span>Traitement de surface :<\/span><\/strong> <span>Fabriqu\u00e9 \u00e0 la main<\/span><\/li>\n<\/ul>\n<p data-start=\"944\" data-end=\"959\"><span>\ud83d\udd90<\/span> <strong data-start=\"947\" data-end=\"959\"><span>Poign\u00e9e :<\/span><\/strong><\/p>\n<ul data-start=\"960\" data-end=\"1350\">\n<li data-start=\"960\" data-end=\"1099\"><strong data-start=\"962\" data-end=\"975\"><span>Mat\u00e9riau :<\/span><\/strong> <span>Vy<\/span> <strong data-start=\"992\" data-end=\"1004\"><span>Titanium<\/span><\/strong> <span>\u2013 un mat\u00e9riau l\u00e9ger, solide et durable qui assure un confort d&rsquo;utilisation et une excellente durabilit\u00e9.<\/span><\/li>\n<li data-start=\"1100\" data-end=\"1222\"><strong data-start=\"1102\" data-end=\"1113\"><span>Conception :<\/span><\/strong> <span>La finition en titane anodis\u00e9 bleu ajoute une valeur esth\u00e9tique et donne un look moderne mais \u00e9l\u00e9gant.<\/span><\/li>\n<li data-start=\"1223\" data-end=\"1350\"><strong data-start=\"1225\" data-end=\"1247\"><span>Conception ergonomique<\/span><\/strong> <span>\u2013 la poign\u00e9e est con\u00e7ue pour une prise en main confortable, garantissant une utilisation s\u00fbre m\u00eame lorsqu&rsquo;elle est tenue pendant de longues p\u00e9riodes.<\/span><\/li>\n<\/ul>\n<p data-start=\"1352\" data-end=\"1370\"><span>\u2699<\/span> <strong data-start=\"1354\" data-end=\"1370\"><span>M\u00e9canisme :<\/span><\/strong><\/p>\n<ul data-start=\"1371\" data-end=\"1586\">\n<li data-start=\"1371\" data-end=\"1500\"><strong data-start=\"1373\" data-end=\"1387\"><span>Ouverture :<\/span><\/strong> <span>Le couteau est \u00e9quip\u00e9 d&rsquo;un<\/span> m\u00e9canisme <strong data-start=\"1415\" data-end=\"1429\"><span>de verrouillage de cadre<\/span><\/strong> fiable <span>qui garantit que la lame est solidement verrouill\u00e9e pendant l&rsquo;utilisation.<\/span><\/li>\n<li data-start=\"1501\" data-end=\"1586\"><strong data-start=\"1503\" data-end=\"1516\"><span>Rapidit\u00e9 :<\/span><\/strong> <span>Le m\u00e9canisme est fluide et efficace, permettant au couteau de s&rsquo;ouvrir rapidement.<\/span><\/li>\n<\/ul>\n<p data-start=\"1588\" data-end=\"1603\"><span>\u2696<\/span> <strong data-start=\"1590\" data-end=\"1603\"><span>Poids:<\/span><\/strong><\/p>\n<ul data-start=\"1604\" data-end=\"1772\">\n<li data-start=\"1604\" data-end=\"1772\"><span>Environ 150-170 g \u2013 offre une construction solide et \u00e9quilibr\u00e9e, suffisamment l\u00e9g\u00e8re pour un usage quotidien, mais suffisamment robuste pour des t\u00e2ches plus exigeantes.<\/span><\/li>\n<\/ul>\n<p data-start=\"1774\" data-end=\"1798\"><span>\ud83d\udccc<\/span> <strong data-start=\"1777\" data-end=\"1798\"><span>Autres fonctionnalit\u00e9s :<\/span><\/strong><\/p>\n<ul data-start=\"1799\" data-end=\"2075\">\n<li data-start=\"1799\" data-end=\"1911\"><strong data-start=\"1801\" data-end=\"1821\"><span>\u00c9dition limit\u00e9e<\/span><\/strong> <span>\u2013 ce couteau fait partie d&rsquo;une \u00e9dition exclusive, ce qui en fait un objet de collection tr\u00e8s recherch\u00e9.<\/span><\/li>\n<li data-start=\"1912\" data-end=\"2000\"><strong data-start=\"1914\" data-end=\"1937\"><span>Production CNC de pr\u00e9cision<\/span><\/strong> <span>\u2013 chaque pi\u00e8ce est trait\u00e9e avec le plus grand soin et une attention particuli\u00e8re aux d\u00e9tails.<\/span><\/li>\n<li data-start=\"2001\" data-end=\"2075\"><strong data-start=\"2003\" data-end=\"2019\"><span>Clip en acier<\/span><\/strong> <span>pour un transport et une fixation faciles aux v\u00eatements ou au sac \u00e0 dos.<\/span><\/li>\n<\/ul>\n<h3 data-start=\"2077\" data-end=\"2100\"><span>Propri\u00e9t\u00e9s cl\u00e9s&nbsp;:<\/span><\/h3>\n<p data-start=\"2101\" data-end=\"2481\"><span>\u2705<\/span> <strong data-start=\"2103\" data-end=\"2123\"><span>\u00c9dition limit\u00e9e<\/span><\/strong> <span>&#8211; une superbe pi\u00e8ce pour les collectionneurs et les utilisateurs exigeants \u00e0 la recherche de quelque chose d&rsquo;unique.<\/span> <br data-start=\"2205\" data-end=\"2208\"><span>\u2705<\/span> <strong data-start=\"2210\" data-end=\"2227\"><span>Acier Damas<\/span><\/strong> <span>&#8211; lame forg\u00e9e \u00e0 la main avec un motif unique et d&rsquo;excellentes propri\u00e9t\u00e9s de coupe.<\/span> <br data-start=\"2314\" data-end=\"2317\"><span>\u2705<\/span> <strong data-start=\"2319\" data-end=\"2339\"><span>Ouverture rapide<\/span><\/strong> <span>&#8211; m\u00e9canisme de verrouillage du cadre efficace et fiable.<\/span> <br data-start=\"2388\" data-end=\"2391\"><span>\u2705<\/span> <strong data-start=\"2393\" data-end=\"2419\"><span>Anodisation titane bleu<\/span><\/strong> <span>&#8211; un design moderne et esth\u00e9tique qui augmente l&rsquo;attractivit\u00e9 des couteaux.<\/span><\/p>\n<h3 data-start=\"2483\" data-end=\"2495\"><span>Utiliser:<\/span><\/h3>\n<p data-start=\"2496\" data-end=\"2878\"><span>\ud83c\udfaf<\/span> <strong data-start=\"2499\" data-end=\"2521\"><span>Pi\u00e8ce de collection<\/span><\/strong> <span>&#8211; \u00e9dition limit\u00e9e avec un beau damas, id\u00e9ale pour les collectionneurs de couteaux.<\/span> <br data-start=\"2597\" data-end=\"2600\"> <span>\ud83d\udd2a<\/span> <strong data-start=\"2603\" data-end=\"2627\"><span>EDC (Everyday Carry)<\/span><\/strong> <span>\u2013 un couteau de haute qualit\u00e9 et \u00e9l\u00e9gant pour les t\u00e2ches quotidiennes, qui offre \u00e9galement une apparence unique et une grande fonctionnalit\u00e9.<\/span> <br data-start=\"2732\" data-end=\"2735\"> <span>\ud83d\udd27<\/span> <strong data-start=\"2738\" data-end=\"2758\"><span>Utilisation tactique<\/span><\/strong> <span>&#8211; gr\u00e2ce \u00e0 sa construction de haute qualit\u00e9 et sa durabilit\u00e9, il convient \u00e9galement \u00e0 une utilisation tactique, o\u00f9 la fiabilit\u00e9 et l&rsquo;utilisation rapide sont importantes.<\/span><\/p>\n<h3 data-start=\"2880\" data-end=\"2902\"><span>Avantages et inconv\u00e9nients :<\/span><\/h3>\n<p data-start=\"2903\" data-end=\"2916\"><span>\u2705<\/span> <strong data-start=\"2905\" data-end=\"2916\"><span>Avantages :<\/span><\/strong><\/p>\n<ul data-start=\"2917\" data-end=\"3156\">\n<li data-start=\"2917\" data-end=\"2986\"><span>Conception unique avec lame Damas forg\u00e9e \u00e0 la main et titane bleu.<\/span><\/li>\n<li data-start=\"2987\" data-end=\"3035\"><span>Mat\u00e9riaux de haute qualit\u00e9 et fabrication soign\u00e9e.<\/span><\/li>\n<li data-start=\"3036\" data-end=\"3095\"><span>Ouverture rapide et fiable gr\u00e2ce au m\u00e9canisme de verrouillage du cadre.<\/span><\/li>\n<li data-start=\"3096\" data-end=\"3156\"><span>\u00c9dition limit\u00e9e, ce qui en fait un objet de collection pr\u00e9cieux.<\/span><\/li>\n<\/ul>\n<p data-start=\"3158\" data-end=\"3173\"><span>\u274c<\/span> <strong data-start=\"3160\" data-end=\"3173\"><span>Inconv\u00e9nients :<\/span><\/strong><\/p>\n<ul data-start=\"3174\" data-end=\"3362\">\n<li data-start=\"3174\" data-end=\"3239\"><span>Prix \u200b\u200bplus \u00e9lev\u00e9 en raison de l&rsquo;exclusivit\u00e9 du mod\u00e8le et des mat\u00e9riaux utilis\u00e9s.<\/span><\/li>\n<li data-start=\"3240\" data-end=\"3285\"><span>Disponibilit\u00e9 limit\u00e9e en raison d&rsquo;une production limit\u00e9e.<\/span><\/li>\n<li data-start=\"3286\" data-end=\"3362\"><span>Certaines juridictions peuvent avoir des lois strictes concernant le port de couteaux pliants.<\/span><\/li>\n<\/ul>\n<h3 data-start=\"3364\" data-end=\"3374\"><span>conclusion:<\/span><\/h3>\n<p data-start=\"3375\" data-end=\"3697\" data-is-last-node=\"\"><span>Le Spartan Blades Custom Harsey Nichols Damascus Blue est un couteau exceptionnel qui combine des performances de haut niveau, un beau design et une \u00e9dition limit\u00e9e. Gr\u00e2ce \u00e0 l&rsquo;utilisation d&rsquo;acier Damas forg\u00e9 \u00e0 la main et d&rsquo;anodisation en titane bleu, il s&rsquo;agit d&rsquo;une pi\u00e8ce unique pour les collectionneurs, mais aussi pour les utilisateurs \u00e0 la recherche d&rsquo;un couteau de haute qualit\u00e9 et fiable pour un usage quotidien \ud83d\ude80 \ud83d\udd2a <\/span><\/p>\n<\/div>\n<\/div>\n<\/div>\n<\/div>\n<div class=\"mb-2 flex gap-3 empty:hidden -ml-2\">\n<div class=\"items-center justify-start rounded-xl p-1 z-10 -mt-1 bg-token-main-surface-primary screen-arch:mt-1 md:absolute flex\">\n<div class=\"flex items-center\"><\/div>\n<\/div>\n<\/div>\n<div class=\"pr-2 lg:pr-0\"><\/div>\n<\/div>\n<\/div>\n<\/div>\n<\/div>\n<\/article>\n","protected":false},"excerpt":{"rendered":"<p><strong>Le Spartan Blades Custom Harsey Nichols Damascus Blue est un couteau exceptionnel qui combine des performances de haut niveau, un beau design et une \u00e9dition limit\u00e9e. Gr\u00e2ce \u00e0 l&rsquo;utilisation d&rsquo;acier Damas forg\u00e9 \u00e0 la main et d&rsquo;anodisation en titane bleu, il s&rsquo;agit d&rsquo;une pi\u00e8ce unique pour les collectionneurs, mais aussi pour les utilisateurs \u00e0 la recherche d&rsquo;un couteau de haute qualit\u00e9 et fiable pour un usage quotidien \ud83d\ude80 \ud83d\udd2a <\/strong><\/p>\n<p><strong>Transports gratuits.<\/strong><\/p>\n","protected":false},"featured_media":390308,"comment_status":"open","ping_status":"closed","template":"","meta":[],"pwb-brand":[3837],"product_brand":[],"product_cat":[3760,3700,3696],"product_tag":[],"class_list":{"0":"post-390404","1":"product","2":"type-product","3":"status-publish","4":"has-post-thumbnail","6":"pwb-brand-lames-spartiates","7":"product_cat-couteaux-damasquines","8":"product_cat-couteaux-de-fermeture","9":"product_cat-des-couteaux","11":"first","12":"instock","13":"taxable","14":"shipping-taxable","15":"purchasable","16":"product-type-simple"},"brands":[{"id":3837,"name":"Lames spartiates","slug":"lames-spartiates"}],"_links":{"self":[{"href":"https:\/\/www.moskito.cz\/fr\/wp-json\/wp\/v2\/product\/390404","targetHints":{"allow":["GET"]}}],"collection":[{"href":"https:\/\/www.moskito.cz\/fr\/wp-json\/wp\/v2\/product"}],"about":[{"href":"https:\/\/www.moskito.cz\/fr\/wp-json\/wp\/v2\/types\/product"}],"replies":[{"embeddable":true,"href":"https:\/\/www.moskito.cz\/fr\/wp-json\/wp\/v2\/comments?post=390404"}],"wp:featuredmedia":[{"embeddable":true,"href":"https:\/\/www.moskito.cz\/fr\/wp-json\/wp\/v2\/media\/390308"}],"wp:attachment":[{"href":"https:\/\/www.moskito.cz\/fr\/wp-json\/wp\/v2\/media?parent=390404"}],"wp:term":[{"taxonomy":"pwb-brand","embeddable":true,"href":"https:\/\/www.moskito.cz\/fr\/wp-json\/wp\/v2\/pwb-brand?post=390404"},{"taxonomy":"product_brand","embeddable":true,"href":"https:\/\/www.moskito.cz\/fr\/wp-json\/wp\/v2\/product_brand?post=390404"},{"taxonomy":"product_cat","embeddable":true,"href":"https:\/\/www.moskito.cz\/fr\/wp-json\/wp\/v2\/product_cat?post=390404"},{"taxonomy":"product_tag","embeddable":true,"href":"https:\/\/www.moskito.cz\/fr\/wp-json\/wp\/v2\/product_tag?post=390404"}],"curies":[{"name":"wp","href":"https:\/\/api.w.org\/{rel}","templated":true}]}}