{"id":398098,"date":"2025-02-12T20:52:42","date_gmt":"2025-02-12T19:52:42","guid":{"rendered":"https:\/\/www.moskito.cz\/produkt\/couteau-pliant-spartan-blades-harsey-ronin-gunfighter-sf5custom\/"},"modified":"2025-10-09T00:00:23","modified_gmt":"2025-10-08T23:00:23","slug":"couteau-pliant-spartan-blades-harsey-ronin-gunfighter-sf5custom","status":"publish","type":"product","link":"https:\/\/www.moskito.cz\/fr\/produkt\/couteau-pliant-spartan-blades-harsey-ronin-gunfighter-sf5custom\/","title":{"rendered":"Couteau pliant Spartan Blades Harsey Ronin GunFighter SF5CUSTOM"},"content":{"rendered":"<p data-start=\"0\" data-end=\"65\"><strong data-start=\"0\" data-end=\"65\"><span>Couteau pliant Spartan Blades Harsey Ronin GunFighter SF5CUSTOM<\/span><\/strong><\/p>\n<p data-start=\"67\" data-end=\"426\"><span>Le couteau pliant Spartan Blades Harsey Ronin GunFighter SF5CUSTOM pr\u00e9sente une excellente construction, une fonctionnalit\u00e9 sans compromis et un design unique. Ce mod\u00e8le est id\u00e9al pour les collectionneurs, les professionnels et les amateurs de couteaux de qualit\u00e9. Gr\u00e2ce \u00e0 sa durabilit\u00e9, sa fabrication de pr\u00e9cision et sa conception robuste, ce couteau est un excellent outil pour une utilisation quotidienne et des t\u00e2ches exigeantes.  <\/span><\/p>\n<p data-start=\"428\" data-end=\"453\"><strong data-start=\"428\" data-end=\"453\"><span>Sp\u00e9cifications techniques<\/span><\/strong><\/p>\n<p data-start=\"455\" data-end=\"468\"><span>\ud83d\udd2a<\/span> <strong data-start=\"458\" data-end=\"468\"><span>Lame :<\/span><\/strong><\/p>\n<ul data-start=\"469\" data-end=\"1005\">\n<li data-start=\"469\" data-end=\"594\"><strong data-start=\"471\" data-end=\"481\"><span>Longueur :<\/span><\/strong> <span>environ 9,4 cm &#8211; id\u00e9al pour une utilisation polyvalente, y compris les t\u00e2ches lourdes telles que couper, poignarder et tirer.<\/span><\/li>\n<li data-start=\"595\" data-end=\"734\"><strong data-start=\"597\" data-end=\"610\"><span>Mat\u00e9riau :<\/span><\/strong> <span>CPM S35VN \u2013 acier de qualit\u00e9 sup\u00e9rieure, connu pour son excellente r\u00e9sistance \u00e0 la corrosion, ses excellentes propri\u00e9t\u00e9s de coupe et sa longue dur\u00e9e de vie.<\/span><\/li>\n<li data-start=\"735\" data-end=\"856\"><strong data-start=\"737\" data-end=\"746\"><span>Forme :<\/span><\/strong> <span>Pointe \u2013 une forme polyvalente pour une large gamme de t\u00e2ches de coupe et de per\u00e7age, avec un excellent contr\u00f4le et une excellente pr\u00e9cision.<\/span><\/li>\n<li data-start=\"857\" data-end=\"1005\"><strong data-start=\"859\" data-end=\"880\"><span>Finition de surface :<\/span><\/strong> <span>Stonewashed \u2013 une surface robuste et durable qui non seulement am\u00e9liore l&rsquo;apparence du couteau, mais augmente \u00e9galement sa r\u00e9sistance aux rayures.<\/span><\/li>\n<\/ul>\n<p data-start=\"1007\" data-end=\"1022\"><span>\ud83d\udd90<\/span> <strong data-start=\"1010\" data-end=\"1022\"><span>Poign\u00e9e :<\/span><\/strong><\/p>\n<ul data-start=\"1023\" data-end=\"1422\">\n<li data-start=\"1023\" data-end=\"1147\"><strong data-start=\"1025\" data-end=\"1038\"><span>Mat\u00e9riau :<\/span><\/strong> <span>G10 \u2013 un mat\u00e9riau tr\u00e8s r\u00e9sistant, l\u00e9ger et antid\u00e9rapant qui assure une prise en main confortable dans des conditions exigeantes.<\/span><\/li>\n<li data-start=\"1148\" data-end=\"1274\"><strong data-start=\"1150\" data-end=\"1161\"><span>Conception :<\/span><\/strong> <span>Gunfighter \u2013 la poign\u00e9e a un design agressif et moderne qui est ergonomique et offre une prise en main s\u00fbre et confortable.<\/span><\/li>\n<li data-start=\"1275\" data-end=\"1422\"><strong data-start=\"1277\" data-end=\"1298\"><span>Forme ergonomique :<\/span><\/strong> <span>la poign\u00e9e est con\u00e7ue pour une prise en main s\u00fbre et ferme, ce qui est particuli\u00e8rement important lors de t\u00e2ches exigeantes ou dans des situations tactiques.<\/span><\/li>\n<\/ul>\n<p data-start=\"1424\" data-end=\"1442\"><span>\u2699<\/span> <strong data-start=\"1426\" data-end=\"1442\"><span>M\u00e9canisme :<\/span><\/strong><\/p>\n<ul data-start=\"1443\" data-end=\"1708\">\n<li data-start=\"1443\" data-end=\"1576\"><strong data-start=\"1445\" data-end=\"1459\"><span>Ouverture :<\/span><\/strong> <span>Verrouillage du cadre \u2013 un m\u00e9canisme fiable pour verrouiller la lame pendant l&rsquo;utilisation, assurant une prise s\u00fbre et stable.<\/span><\/li>\n<li data-start=\"1577\" data-end=\"1708\"><strong data-start=\"1579\" data-end=\"1592\"><span>Vitesse :<\/span><\/strong> <span>Le m\u00e9canisme d&rsquo;ouverture est fluide et rapide, permettant un d\u00e9ploiement instantan\u00e9 du couteau dans les situations o\u00f9 la vitesse est essentielle.<\/span><\/li>\n<\/ul>\n<p data-start=\"1710\" data-end=\"1725\"><span>\u2696<\/span> <strong data-start=\"1712\" data-end=\"1725\"><span>Poids:<\/span><\/strong><\/p>\n<ul data-start=\"1726\" data-end=\"1848\">\n<li data-start=\"1726\" data-end=\"1848\"><span>Environ 160-180 g \u2013 l&rsquo;\u00e9quilibre id\u00e9al entre robustesse pour les t\u00e2ches exigeantes et l\u00e9g\u00e8ret\u00e9 suffisante pour un usage quotidien.<\/span><\/li>\n<\/ul>\n<p data-start=\"1850\" data-end=\"1874\"><span>\ud83d\udccc<\/span> <strong data-start=\"1853\" data-end=\"1874\"><span>Autres fonctionnalit\u00e9s :<\/span><\/strong><\/p>\n<ul data-start=\"1875\" data-end=\"2174\">\n<li data-start=\"1875\" data-end=\"1979\"><strong data-start=\"1877\" data-end=\"1897\"><span>\u00c9dition limit\u00e9e<\/span><\/strong> <span>\u2013 ce mod\u00e8le fait partie d\u2019une \u00e9dition exclusive, ce qui en fait une pi\u00e8ce pr\u00e9cieuse et rare.<\/span><\/li>\n<li data-start=\"1980\" data-end=\"2066\"><strong data-start=\"1982\" data-end=\"2005\"><span>Fabrication CNC de pr\u00e9cision<\/span><\/strong> <span>\u2013 chaque couteau est fabriqu\u00e9 avec le plus grand soin et une attention particuli\u00e8re aux d\u00e9tails.<\/span><\/li>\n<li data-start=\"2067\" data-end=\"2174\"><strong data-start=\"2069\" data-end=\"2087\"><span>Clip de transport<\/span><\/strong> <span>\u2013 clip en acier permettant de fixer facilement le couteau aux v\u00eatements ou \u00e0 un sac \u00e0 dos pour un transport pratique.<\/span><\/li>\n<\/ul>\n<p data-start=\"2176\" data-end=\"2591\"><strong data-start=\"2176\" data-end=\"2199\"><span>Caract\u00e9ristiques principales :<\/span><\/strong> <span>\u2705<\/span> <strong data-start=\"2202\" data-end=\"2222\"><span>\u00c9dition limit\u00e9e<\/span><\/strong> <span>&#8211; mod\u00e8le exclusif pour collectionneurs et passionn\u00e9s.<\/span> <br data-start=\"2267\" data-end=\"2270\"><span>\u2705<\/span> <strong data-start=\"2272\" data-end=\"2290\"><span>Acier CPM S35VN<\/span><\/strong> <span>&#8211; acier inoxydable de haute qualit\u00e9 pour une longue dur\u00e9e de vie et d&rsquo;excellentes propri\u00e9t\u00e9s de coupe.<\/span> <br data-start=\"2371\" data-end=\"2374\"><span>\u2705<\/span> <strong data-start=\"2376\" data-end=\"2398\"><span>Surface d\u00e9lav\u00e9e<\/span><\/strong> <span>&#8211; surface \u00e9l\u00e9gante et durable pour prot\u00e9ger contre les rayures et am\u00e9liorer l&rsquo;apparence des couteaux.<\/span> <br data-start=\"2481\" data-end=\"2484\"><span>\u2705<\/span> <strong data-start=\"2486\" data-end=\"2507\"><span>Conception Gunfighter<\/span><\/strong> <span>&#8211; conception moderne et agressive qui assure une excellente adh\u00e9rence et un confort d&rsquo;utilisation.<\/span><\/p>\n<p data-start=\"2593\" data-end=\"2968\"><strong data-start=\"2593\" data-end=\"2605\"><span>Utilisations :<\/span><\/strong> <span>\ud83c\udfaf<\/span> <strong data-start=\"2609\" data-end=\"2631\"><span>Objet de collection<\/span><\/strong> <span>&#8211; l&rsquo;\u00e9dition limit\u00e9e et le design exclusif rendent ce couteau attrayant pour les collectionneurs de couteaux.<\/span> <br data-start=\"2716\" data-end=\"2719\"><span>\ud83d\udd2a<\/span> <strong data-start=\"2722\" data-end=\"2746\"><span>EDC (Everyday Carry)<\/span><\/strong> <span>\u2013 un couteau robuste et fiable pour un transport quotidien, adapt\u00e9 \u00e0 diverses t\u00e2ches.<\/span> <br data-start=\"2827\" data-end=\"2830\"><span>\ud83d\udd27<\/span> <strong data-start=\"2833\" data-end=\"2853\"><span>Utilisation tactique<\/span><\/strong> <span>&#8211; gr\u00e2ce \u00e0 sa conception, ce couteau convient aux situations tactiques o\u00f9 la vitesse, la fiabilit\u00e9 et la durabilit\u00e9 sont importantes.<\/span><\/p>\n<p data-start=\"2970\" data-end=\"2992\"><strong data-start=\"2970\" data-end=\"2992\"><span>Avantages et inconv\u00e9nients :<\/span><\/strong><\/p>\n<p data-start=\"2994\" data-end=\"3007\"><span>\u2705<\/span> <strong data-start=\"2996\" data-end=\"3007\"><span>Avantages :<\/span><\/strong><\/p>\n<ul data-start=\"3008\" data-end=\"3264\">\n<li data-start=\"3008\" data-end=\"3068\"><span>Mat\u00e9riaux de haute qualit\u00e9, notamment de l&rsquo;acier CPM S35VN de qualit\u00e9 sup\u00e9rieure.<\/span><\/li>\n<li data-start=\"3069\" data-end=\"3134\"><span>Conception unique et attrayante de Gunfighter avec poign\u00e9e ergonomique.<\/span><\/li>\n<li data-start=\"3135\" data-end=\"3194\"><span>M\u00e9canisme de verrouillage de cadre fiable pour une utilisation en toute s\u00e9curit\u00e9.<\/span><\/li>\n<li data-start=\"3195\" data-end=\"3264\"><span>L&rsquo;\u00e9dition limit\u00e9e fait du couteau un objet de collection rare et pr\u00e9cieux.<\/span><\/li>\n<\/ul>\n<p data-start=\"3266\" data-end=\"3281\"><span>\u274c<\/span> <strong data-start=\"3268\" data-end=\"3281\"><span>Inconv\u00e9nients :<\/span><\/strong><\/p>\n<ul data-start=\"3282\" data-end=\"3461\">\n<li data-start=\"3282\" data-end=\"3338\"><span>Prix \u200b\u200bplus \u00e9lev\u00e9 en raison de l&rsquo;exclusivit\u00e9 et de la qualit\u00e9 des mat\u00e9riaux.<\/span><\/li>\n<li data-start=\"3339\" data-end=\"3384\"><span>Disponibilit\u00e9 limit\u00e9e en raison d&rsquo;une production limit\u00e9e.<\/span><\/li>\n<li data-start=\"3385\" data-end=\"3461\"><span>Certaines juridictions peuvent avoir des lois strictes concernant le port de couteaux pliants.<\/span><\/li>\n<\/ul>\n<p data-start=\"3463\" data-end=\"3941\"><strong data-start=\"3463\" data-end=\"3473\"><span>Conclusion:<\/span><\/strong><span>  Le Spartan Blades Harsey Ronin GunFighter SF5CUSTOM est un couteau de haute qualit\u00e9 qui combine une finition pr\u00e9cise, un design moderne et une excellente fonctionnalit\u00e9. Ce couteau est un choix id\u00e9al pour les collectionneurs \u00e0 la recherche d&rsquo;une pi\u00e8ce rare pour leur collection, mais aussi pour les utilisateurs qui ont besoin d&rsquo;un outil fiable pour un usage quotidien ou des situations tactiques. L&rsquo;\u00e9dition limit\u00e9e et le design \u00e9l\u00e9gant avec un motif de tireur en font non seulement un outil efficace, mais aussi une pi\u00e8ce pr\u00e9cieuse et rare. \ud83d\ude80 \ud83d\udd2a   <\/span><\/p>\n","protected":false},"excerpt":{"rendered":"<p><strong>Conclusion : Le Spartan Blades Harsey Ronin GunFighter SF5CUSTOM est un couteau de haute qualit\u00e9 qui combine une finition pr\u00e9cise, un design moderne et une excellente fonctionnalit\u00e9. Ce couteau est un choix id\u00e9al pour les collectionneurs \u00e0 la recherche d&rsquo;une pi\u00e8ce rare pour leur collection, mais aussi pour les utilisateurs qui ont besoin d&rsquo;un outil fiable pour un usage quotidien ou des situations tactiques. L&rsquo;\u00e9dition limit\u00e9e et le design \u00e9l\u00e9gant avec un motif de tireur en font non seulement un outil efficace, mais aussi une pi\u00e8ce pr\u00e9cieuse et rare. \ud83d\ude80 \ud83d\udd2a   <\/strong><\/p>\n<p><strong>Transports gratuits.<\/strong><\/p>\n","protected":false},"featured_media":390428,"comment_status":"open","ping_status":"closed","template":"","meta":[],"pwb-brand":[3837],"product_brand":[],"product_cat":[3700,3696],"product_tag":[],"class_list":{"0":"post-398098","1":"product","2":"type-product","3":"status-publish","4":"has-post-thumbnail","6":"pwb-brand-lames-spartiates","7":"product_cat-couteaux-de-fermeture","8":"product_cat-des-couteaux","10":"first","11":"outofstock","12":"taxable","13":"shipping-taxable","14":"purchasable","15":"product-type-simple"},"brands":[{"id":3837,"name":"Lames spartiates","slug":"lames-spartiates"}],"_links":{"self":[{"href":"https:\/\/www.moskito.cz\/fr\/wp-json\/wp\/v2\/product\/398098","targetHints":{"allow":["GET"]}}],"collection":[{"href":"https:\/\/www.moskito.cz\/fr\/wp-json\/wp\/v2\/product"}],"about":[{"href":"https:\/\/www.moskito.cz\/fr\/wp-json\/wp\/v2\/types\/product"}],"replies":[{"embeddable":true,"href":"https:\/\/www.moskito.cz\/fr\/wp-json\/wp\/v2\/comments?post=398098"}],"wp:featuredmedia":[{"embeddable":true,"href":"https:\/\/www.moskito.cz\/fr\/wp-json\/wp\/v2\/media\/390428"}],"wp:attachment":[{"href":"https:\/\/www.moskito.cz\/fr\/wp-json\/wp\/v2\/media?parent=398098"}],"wp:term":[{"taxonomy":"pwb-brand","embeddable":true,"href":"https:\/\/www.moskito.cz\/fr\/wp-json\/wp\/v2\/pwb-brand?post=398098"},{"taxonomy":"product_brand","embeddable":true,"href":"https:\/\/www.moskito.cz\/fr\/wp-json\/wp\/v2\/product_brand?post=398098"},{"taxonomy":"product_cat","embeddable":true,"href":"https:\/\/www.moskito.cz\/fr\/wp-json\/wp\/v2\/product_cat?post=398098"},{"taxonomy":"product_tag","embeddable":true,"href":"https:\/\/www.moskito.cz\/fr\/wp-json\/wp\/v2\/product_tag?post=398098"}],"curies":[{"name":"wp","href":"https:\/\/api.w.org\/{rel}","templated":true}]}}