{"id":399210,"date":"2024-11-17T18:34:27","date_gmt":"2025-04-16T08:11:13","guid":{"rendered":"https:\/\/www.moskito.cz\/produkt\/couteau-de-tir-benchmade-5370bk-07\/"},"modified":"2025-05-07T11:29:00","modified_gmt":"2025-05-07T10:29:00","slug":"couteau-de-tir-benchmade-5370bk-07","status":"publish","type":"product","link":"https:\/\/www.moskito.cz\/fr\/produkt\/couteau-de-tir-benchmade-5370bk-07\/","title":{"rendered":"Couteau de tir Benchmade 5370BK-07"},"content":{"rendered":"<p>Couteau de tir <strong>Benchmade<\/strong> 5370BK-07.<\/p>\n<p>Le Benchmade 5370BK-07 Shootout OTF (Out-The-Front) Auto est un couteau tactique con\u00e7u \u00e0 la fois pour la fonctionnalit\u00e9 et la durabilit\u00e9. Voici une ventilation des principales sp\u00e9cifications et fonctionnalit\u00e9s&nbsp;: <\/p>\n<p>Longueur de la lame : 8,92 cm<br \/>\nLongueur totale : 20,88 cm<br \/>\nLongueur ferm\u00e9e : 11,97 cm<br \/>\nMat\u00e9riau de la lame : acier \u00e0 outils CPM-CruWear (connu pour son excellente r\u00e9tention des bords et sa t\u00e9nacit\u00e9)<br \/>\n\u00c9paisseur de la lame : 2,54 mm<br \/>\nDuret\u00e9 de la lame : 63-65 HRC (duret\u00e9 indiquant un tranchant solide et durable)<br \/>\nStyle de lame : Tanto (avec une pointe \u00e9paisse id\u00e9ale pour les t\u00e2ches de per\u00e7age)<br \/>\nFinition de la lame : DLC noir (rev\u00eatement en carbone de type diamant pour une r\u00e9sistance accrue \u00e0 la corrosion)<br \/>\nMat\u00e9riau du manche : Grivory vert sauge (thermoplastique dur et l\u00e9ger)<br \/>\n \u00c9paisseur du manche : 12,95 mm<br \/>\n M\u00e9canisme de verrouillage : Coulissant (pour un fonctionnement s\u00fbr du m\u00e9canisme d&rsquo;ouverture automatique)<br \/>\n Clip de poche : transport profond, r\u00e9versible et pliable<br \/>\n Poids : 2,80 oz. (79,38 g)<br \/>\n Classe : Noir (fait probablement r\u00e9f\u00e9rence \u00e0 une s\u00e9rie ou \u00e0 une gamme de produits)<br \/>\n Pays de fabrication : Fabriqu\u00e9 aux \u00c9tats-Unis<br \/>\n Caract\u00e9ristiques principales :<br \/>\n M\u00e9canisme OTF : Le Shootout est \u00e9quip\u00e9 d&rsquo;un m\u00e9canisme automatique rapide \u00e0 commande frontale qui assure un d\u00e9ploiement et une r\u00e9traction rapides de la lame par simple pression sur un bouton.<br \/>\nConception tactique et durable : la lame en acier CPM-CruWear assure robustesse, r\u00e9sistance \u00e0 l&rsquo;usure et tranchant, tandis que le manche Grivory offre r\u00e9sistance et durabilit\u00e9 pour les t\u00e2ches exigeantes.<br \/>\nPoign\u00e9e vert sauge : La couleur verte offre un look tactique qui fait partie de la variation saisonni\u00e8re ajout\u00e9e par Benchmade pour les passionn\u00e9s d&rsquo;EDC (Everyday Carry).<br \/>\nPolyvalence : Le couteau est con\u00e7u dans un souci de s\u00e9curit\u00e9 personnelle et d&rsquo;utilit\u00e9, ce qui le rend adapt\u00e9 \u00e0 une vari\u00e9t\u00e9 de t\u00e2ches exigeantes, que ce soit pour la d\u00e9fense personnelle, la survie ou l&rsquo;utilisation quotidienne.<br \/>\nCe mod\u00e8le est un parfait exemple de l&rsquo;engagement de Benchmade envers un savoir-faire de haute qualit\u00e9 et pr\u00e9sente une conception robuste et conviviale adapt\u00e9e aux applications tactiques.<\/p>\n<p>&nbsp;<\/p>\n<p>&nbsp;<\/p>\n","protected":false},"excerpt":{"rendered":"<p><strong>Le couteau est con\u00e7u dans un souci de s\u00e9curit\u00e9 personnelle et d&rsquo;utilit\u00e9, ce qui le rend adapt\u00e9 \u00e0 une vari\u00e9t\u00e9 de t\u00e2ches exigeantes, que ce soit pour la d\u00e9fense personnelle, la survie ou l&rsquo;utilisation quotidienne.<\/strong><\/p>\n<p><strong>Livraison gratuite.<\/strong><\/p>\n","protected":false},"featured_media":373125,"comment_status":"open","ping_status":"closed","template":"","meta":[],"pwb-brand":[3981],"product_brand":[],"product_cat":[3699,3696],"product_tag":[],"class_list":{"0":"post-399210","1":"product","2":"type-product","3":"status-publish","4":"has-post-thumbnail","6":"pwb-brand-banc-de-travail","7":"product_cat-couteaux-de-tir","8":"product_cat-des-couteaux","10":"first","11":"outofstock","12":"taxable","13":"shipping-taxable","14":"purchasable","15":"product-type-simple"},"brands":[{"id":3981,"name":"Banc de travail","slug":"banc-de-travail"}],"_links":{"self":[{"href":"https:\/\/www.moskito.cz\/fr\/wp-json\/wp\/v2\/product\/399210","targetHints":{"allow":["GET"]}}],"collection":[{"href":"https:\/\/www.moskito.cz\/fr\/wp-json\/wp\/v2\/product"}],"about":[{"href":"https:\/\/www.moskito.cz\/fr\/wp-json\/wp\/v2\/types\/product"}],"replies":[{"embeddable":true,"href":"https:\/\/www.moskito.cz\/fr\/wp-json\/wp\/v2\/comments?post=399210"}],"wp:featuredmedia":[{"embeddable":true,"href":"https:\/\/www.moskito.cz\/fr\/wp-json\/wp\/v2\/media\/373125"}],"wp:attachment":[{"href":"https:\/\/www.moskito.cz\/fr\/wp-json\/wp\/v2\/media?parent=399210"}],"wp:term":[{"taxonomy":"pwb-brand","embeddable":true,"href":"https:\/\/www.moskito.cz\/fr\/wp-json\/wp\/v2\/pwb-brand?post=399210"},{"taxonomy":"product_brand","embeddable":true,"href":"https:\/\/www.moskito.cz\/fr\/wp-json\/wp\/v2\/product_brand?post=399210"},{"taxonomy":"product_cat","embeddable":true,"href":"https:\/\/www.moskito.cz\/fr\/wp-json\/wp\/v2\/product_cat?post=399210"},{"taxonomy":"product_tag","embeddable":true,"href":"https:\/\/www.moskito.cz\/fr\/wp-json\/wp\/v2\/product_tag?post=399210"}],"curies":[{"name":"wp","href":"https:\/\/api.w.org\/{rel}","templated":true}]}}