{"id":399218,"date":"2021-03-18T22:28:01","date_gmt":"2025-04-16T08:46:48","guid":{"rendered":"https:\/\/www.moskito.cz\/produkt\/kit-doutils-microtech-98-7-mk-avec-8-embouts\/"},"modified":"2025-07-11T07:53:38","modified_gmt":"2025-07-11T06:53:38","slug":"kit-doutils-microtech-98-7-mk-avec-8-embouts","status":"publish","type":"product","link":"https:\/\/www.moskito.cz\/fr\/produkt\/kit-doutils-microtech-98-7-mk-avec-8-embouts\/","title":{"rendered":"Kit d&rsquo;outils Microtech 98-7 MK avec 8 embouts"},"content":{"rendered":"<p>Kit d&rsquo;outils <strong>Microtech<\/strong> 98-7 MK avec 8 embouts.<\/p>\n<p>En tant que fabricant de couteaux am\u00e9ricains de la plus haute qualit\u00e9, Microtech a \u00e9tabli les normes de fabrication de couteaux avec la plus grande pr\u00e9cision, et cet engagement s&rsquo;\u00e9tend \u00e0 chaque partie de leurs couteaux &#8211; des composants internes, des poign\u00e9es et des lames, aux vis brevet\u00e9es Microtech. La qualit\u00e9 est dans les d\u00e9tails. <\/p>\n<p>Chaque vis utilis\u00e9e dans un couteau <strong>Microtech<\/strong> est brevet\u00e9e. Un tournevis ou un embout standard ne conviendra pas \u00e0 ces vis exclusives. Au fil des ann\u00e9es, la demande de forets que les clients peuvent utiliser pour effectuer l\u2019entretien de base de leurs couteaux Microtech a augment\u00e9. Nous r\u00e9pondons d\u00e9sormais \u00e0 ce besoin.   <\/p>\n<p>Pr\u00e9sentation de l&rsquo;ensemble d&rsquo;outils <strong>Microtech<\/strong> \u2014 cet ensemble d&#8217;embouts comprend un support \u00e0 main en acier inoxydable 303 et 8 embouts interchangeables qui couvrent une vari\u00e9t\u00e9 de mod\u00e8les de couteaux Microtech. La trousse \u00e0 outils comprend des embouts pour : Ultratechs (mod\u00e8les anciens et r\u00e9cents), UTX-85, UTX-70 (mod\u00e8les anciens et r\u00e9cents), Troodons, Combat Troodons, Diracs, Dirac Deltas, LUDT et Sigils ; comprend \u00e9galement des embouts brise-vitre pour Ultratechs, Combat Troodons et Dirac Deltas. Les embouts sont vendus uniquement sous forme d&rsquo;ensemble, et non individuellement.  <\/p>\n<p>Lorsqu&rsquo;il s&rsquo;agit de d\u00e9monter et d&rsquo;entretenir votre couteau, gardez \u00e0 l&rsquo;esprit que m\u00eame si vous pouvez acheter des pi\u00e8ces de rechange pour les couteaux (sous r\u00e9serve de disponibilit\u00e9), le remplacement des pi\u00e8ces doit \u00eatre effectu\u00e9 chez Microtech par leurs techniciens professionnels.<\/p>\n<p>Il faut un peu de force pour d\u00e9visser le Loctite rouge que Microtech utilise sur tous ses trous de vis, et il est important de se rappeler que la poign\u00e9e est en aluminium. Le cadre du couteau peut \u00eatre d\u00e9mont\u00e9, ce qui n\u00e9cessite le remplacement du manche, ce qui n&rsquo;est pas couvert par la garantie. Nous recommandons la prudence dans tous les efforts de d\u00e9montage et recommandons aux clients qui ne sont pas s\u00fbrs d&rsquo;envoyer le couteau \u00e0 Microtech et de leur demander de r\u00e9soudre les probl\u00e8mes qu&rsquo;ils pourraient rencontrer.  <\/p>\n<p>En tant que couteaux haut de gamme fabriqu\u00e9s aux \u00c9tats-Unis, <strong>Microtech<\/strong> Knives a toujours \u00e9tabli la norme en mati\u00e8re de coutellerie de pr\u00e9cision, et cet engagement s&rsquo;\u00e9tend \u00e0 chaque partie de leurs couteaux, des composants internes, des poign\u00e9es et des lames, jusqu&rsquo;aux vis exclusives Microtech. La qualit\u00e9 est dans les d\u00e9tails. <\/p>\n<p>Chaque vis utilis\u00e9e sur un couteau <strong>Microtech<\/strong> est exclusive. Un tournevis ou un embout standard ne conviendra pas \u00e0 ces vis exclusives. Au fil des ans, la demande de forets que les clients peuvent utiliser pour effectuer l\u2019entretien de base de leurs couteaux Microtech a explos\u00e9. Ce besoin est d\u00e9sormais satisfait.   <\/p>\n<p>Pr\u00e9sentation du kit d&rsquo;outils <strong>Microtech<\/strong> : cet ensemble d&#8217;embouts comprend un tournevis portatif en acier inoxydable 303 ainsi que 8 embouts interchangeables, couvrant diff\u00e9rents mod\u00e8les et ann\u00e9es de couteaux Microtech. La trousse \u00e0 outils contient des \u00e9l\u00e9ments pour : Ultratechs (mod\u00e8les anciens et r\u00e9cents), UTX-85, UTX-70 (mod\u00e8les anciens et r\u00e9cents), Troodons, Combat Troodons, Diracs, Dirac Deltas, LUDT et Sigils ; il comprend \u00e9galement des embouts brise-vitre pour Ultratechs, Combat Troodons et Dirac Deltas. Les embouts sont vendus uniquement en ensemble et non individuellement.  <\/p>\n<p>Lorsqu&rsquo;il s&rsquo;agit du d\u00e9montage et de l&rsquo;entretien de votre couteau, gardez \u00e0 l&rsquo;esprit que m\u00eame si vous pouvez acheter des pi\u00e8ces de rechange externes pour couteau (selon la disponibilit\u00e9), les remplacements de pi\u00e8ces internes doivent \u00eatre effectu\u00e9s dans l&rsquo;usine Microtech par leurs techniciens professionnels.<\/p>\n<p>Il faut un peu de force pour d\u00e9visser le Loctite rouge que <strong>Microtech<\/strong> utilise sur tous les trous de vis de ses couteaux, et il est important de garder \u00e0 l&rsquo;esprit que le manche est en aluminium. Le ch\u00e2ssis peut \u00eatre d\u00e9mont\u00e9, ce qui n\u00e9cessite un remplacement de la poign\u00e9e qui n&rsquo;est pas sous garantie. Nous conseillons la prudence dans tous les efforts de d\u00e9montage et recommandons aux clients qui ne sont pas s\u00fbrs d&rsquo;envoyer le couteau \u00e0 Microtech et de les laisser s&rsquo;occuper de tout probl\u00e8me qu&rsquo;ils pourraient rencontrer.  <\/p>\n","protected":false},"excerpt":{"rendered":"<p>Au fil des ann\u00e9es, Microtech\u00ae Knives a insuffl\u00e9 passion et comp\u00e9tence \u00e0 la fabrication de couteaux, cr\u00e9ant presque des \u0153uvres d&rsquo;art qui sont le summum de la fonctionnalit\u00e9. Toutes les pi\u00e8ces sont fabriqu\u00e9es aux \u00c9tats-Unis.<br \/>\n <strong>Tous les couteaux Microtech b\u00e9n\u00e9ficient d&rsquo;une garantie \u00e0 vie (min. 80 000 cycles, ouverture et fermeture)<\/strong><\/p>\n<p> <strong>Livraison gratuite.<\/strong><\/p>\n","protected":false},"featured_media":399220,"comment_status":"open","ping_status":"closed","template":"","meta":[],"pwb-brand":[3751],"product_brand":[],"product_cat":[3699,3696],"product_tag":[3754],"class_list":{"0":"post-399218","1":"product","2":"type-product","3":"status-publish","4":"has-post-thumbnail","6":"pwb-brand-microtechnologie","7":"product_cat-couteaux-de-tir","8":"product_cat-des-couteaux","9":"product_tag-b2b-fr","11":"first","12":"outofstock","13":"taxable","14":"shipping-taxable","15":"purchasable","16":"product-type-simple"},"brands":[{"id":3751,"name":"Microtechnologie","slug":"microtechnologie"}],"_links":{"self":[{"href":"https:\/\/www.moskito.cz\/fr\/wp-json\/wp\/v2\/product\/399218","targetHints":{"allow":["GET"]}}],"collection":[{"href":"https:\/\/www.moskito.cz\/fr\/wp-json\/wp\/v2\/product"}],"about":[{"href":"https:\/\/www.moskito.cz\/fr\/wp-json\/wp\/v2\/types\/product"}],"replies":[{"embeddable":true,"href":"https:\/\/www.moskito.cz\/fr\/wp-json\/wp\/v2\/comments?post=399218"}],"wp:featuredmedia":[{"embeddable":true,"href":"https:\/\/www.moskito.cz\/fr\/wp-json\/wp\/v2\/media\/399220"}],"wp:attachment":[{"href":"https:\/\/www.moskito.cz\/fr\/wp-json\/wp\/v2\/media?parent=399218"}],"wp:term":[{"taxonomy":"pwb-brand","embeddable":true,"href":"https:\/\/www.moskito.cz\/fr\/wp-json\/wp\/v2\/pwb-brand?post=399218"},{"taxonomy":"product_brand","embeddable":true,"href":"https:\/\/www.moskito.cz\/fr\/wp-json\/wp\/v2\/product_brand?post=399218"},{"taxonomy":"product_cat","embeddable":true,"href":"https:\/\/www.moskito.cz\/fr\/wp-json\/wp\/v2\/product_cat?post=399218"},{"taxonomy":"product_tag","embeddable":true,"href":"https:\/\/www.moskito.cz\/fr\/wp-json\/wp\/v2\/product_tag?post=399218"}],"curies":[{"name":"wp","href":"https:\/\/api.w.org\/{rel}","templated":true}]}}