{"id":399252,"date":"2025-04-16T10:05:15","date_gmt":"2025-04-16T09:31:45","guid":{"rendered":"https:\/\/www.moskito.cz\/produkt\/couteau-pliant-crkt-pup-gray-7070\/"},"modified":"2025-06-20T08:23:13","modified_gmt":"2025-06-20T07:23:13","slug":"couteau-pliant-crkt-pup-gray-7070","status":"publish","type":"product","link":"https:\/\/www.moskito.cz\/fr\/produkt\/couteau-pliant-crkt-pup-gray-7070\/","title":{"rendered":"Couteau pliant CRKT Pup Gray 7070"},"content":{"rendered":"<p class=\"\" data-start=\"60\" data-end=\"153\">\ud83d\udd2a <strong data-start=\"63\" data-end=\"98\">pliant CRKT Pup Gray 7070<\/strong><br data-start=\"98\" data-end=\"101\"> <strong data-start=\"101\" data-end=\"153\">Couteau confortable et compact pour un usage quotidien<\/strong><\/p>\n<p class=\"\" data-start=\"155\" data-end=\"556\">Le CRKT Pup Gray 7070 est un couteau pliant pratique et compact, id\u00e9al pour un transport quotidien (EDC). Gr\u00e2ce \u00e0 sa construction solide et \u00e0 son m\u00e9canisme fiable, c&rsquo;est le choix parfait pour tous ceux qui recherchent un couteau abordable et fonctionnel. Ce mod\u00e8le offre d&rsquo;excellentes fonctionnalit\u00e9s, une utilisation facile et une finition de qualit\u00e9, ce qui en fait un choix id\u00e9al pour tous ceux qui pr\u00e9f\u00e8rent des outils efficaces et fiables.  <\/p>\n<p class=\"\" data-start=\"558\" data-end=\"583\">\ud83d\udd11 <strong data-start=\"561\" data-end=\"583\">Principales caract\u00e9ristiques<\/strong><\/p>\n<p class=\"\" data-start=\"585\" data-end=\"826\">\ud83d\udd2a <strong data-start=\"588\" data-end=\"597\">Lame<\/strong><br data-start=\"597\" data-end=\"600\"> \u2022 Mat\u00e9riau : 8Cr13MoV \u2013 connu pour sa bonne r\u00e9sistance \u00e0 la corrosion et sa capacit\u00e9 \u00e0 conserver son tranchant<br data-start=\"693\" data-end=\"696\"> \u2022 Longueur : 7,6 cm<br data-start=\"711\" data-end=\"714\"> \u2022 \u00c9paisseur : 2,5 mm<br data-start=\"732\" data-end=\"735\"> \u2022 Forme : Drop Point \u2013 id\u00e9ale pour la coupe et les t\u00e2ches quotidiennes<br data-start=\"797\" data-end=\"800\"> \u2022 Longueur totale : 17,8 cm<\/p>\n<p class=\"\" data-start=\"828\" data-end=\"1045\">\ud83d\udda4 <strong data-start=\"831\" data-end=\"842\">\u200b\u200b\u200b\u200bPoign\u00e9e<\/strong><br data-start=\"842\" data-end=\"845\"> \u2022 Mat\u00e9riau : Fibre de verre \u2013 mat\u00e9riau tr\u00e8s r\u00e9sistant mais l\u00e9ger<br data-start=\"906\" data-end=\"909\"> \u2022 Ergonomie : Prise en main confortable et s\u00fbre pour une utilisation \u00e0 long terme<br data-start=\"973\" data-end=\"976\"> \u2022 Design : Design gris moderne qui s&rsquo;adapte \u00e0 toutes les tenues<\/p>\n<p class=\"\" data-start=\"1047\" data-end=\"1211\">\u26a1 <strong data-start=\"1049\" data-end=\"1064\">M\u00e9canisme<\/strong><br data-start=\"1064\" data-end=\"1067\"> \u2022 Ouverture : Flipper \u2013 ouverture facile et rapide d\u2019une seule main<br data-start=\"1133\" data-end=\"1136\"> \u2022 S\u00e9curit\u00e9 : Liner Lock \u2013 assure la stabilit\u00e9 et la s\u00e9curit\u00e9 pendant l&rsquo;utilisation<\/p>\n<p class=\"\" data-start=\"1213\" data-end=\"1301\">\ud83d\udce6 <strong data-start=\"1216\" data-end=\"1235\">Qu&rsquo;y a-t-il dans le paquet ?<\/strong><br data-start=\"1235\" data-end=\"1238\"> \u2022 Couteau pliant CRKT Pup Gray 7070<br data-start=\"1271\" data-end=\"1274\"> \u2022 \u00c9tui de protection pour couteau<\/p>\n<p class=\"\" data-start=\"1303\" data-end=\"1536\">\ud83c\udfaf <strong data-start=\"1306\" data-end=\"1317\">Utiliser<\/strong><br data-start=\"1317\" data-end=\"1320\"> \u2022 \ud83c\udfd9\ufe0f <strong data-start=\"1326\" data-end=\"1333\">EDC<\/strong> \u2013 Id\u00e9al pour un transport quotidien et une utilisation polyvalente<br data-start=\"1386\" data-end=\"1389\"> \u2022 \ud83c\udfde\ufe0f <strong data-start=\"1395\" data-end=\"1406\">Plein air<\/strong> \u2013 Activit\u00e9s de plein air l\u00e9g\u00e8res comme le camping ou la randonn\u00e9e<br data-start=\"1463\" data-end=\"1466\"> \u2022 \ud83d\udcbc <strong data-start=\"1471\" data-end=\"1491\">Outil de travail<\/strong> \u2013 Parfait pour les travaux quotidiens ou les r\u00e9parations<\/p>\n<p class=\"\" data-start=\"1538\" data-end=\"1570\">\ud83d\udd0d <strong data-start=\"1541\" data-end=\"1570\">Comparaison avec d&rsquo;autres mod\u00e8les<\/strong><\/p>\n<p class=\"\" data-start=\"1572\" data-end=\"1799\">\ud83d\udcca <strong data-start=\"1575\" data-end=\"1607\">CRKT Pup Gray contre CRKT Pilar<\/strong><br data-start=\"1607\" data-end=\"1610\"> \u2022 <strong data-start=\"1612\" data-end=\"1621\">Le Pilar<\/strong> est plus robuste et poss\u00e8de une lame plus \u00e9paisse, mais <strong data-start=\"1662\" data-end=\"1669\">le Pup<\/strong> est plus compact et plus l\u00e9ger pour un transport quotidien.<br data-start=\"1716\" data-end=\"1719\"> \u2022 <strong data-start=\"1721\" data-end=\"1730\">Pilar<\/strong> a \u00e9galement un design nettement diff\u00e9rent, plus \u00ab chaleureux \u00bb qu\u2019\u00e9l\u00e9gant.<\/p>\n<p class=\"\" data-start=\"1801\" data-end=\"1969\">\ud83d\udcca <strong data-start=\"1804\" data-end=\"1838\">CRKT Pup Gray contre CRKT M16-14S<\/strong><br data-start=\"1838\" data-end=\"1841\"> \u2022 <strong data-start=\"1843\" data-end=\"1854\">Le M16-14S<\/strong> est un couteau plus grand et plus riche en fonctionnalit\u00e9s, adapt\u00e9 aux t\u00e2ches plus exigeantes, mais <strong data-start=\"1918\" data-end=\"1930\">le Pup Gray<\/strong> est id\u00e9al pour une utilisation minimaliste.<\/p>\n<p class=\"\" data-start=\"1971\" data-end=\"2107\">\ud83d\udcac <strong data-start=\"1974\" data-end=\"1992\">Appel \u00e0 l&rsquo;action<\/strong><br data-start=\"1992\" data-end=\"1995\"> \ud83d\udc49 <strong data-start=\"1998\" data-end=\"2107\">Commandez le CRKT Pup Gray 7070 d\u00e8s aujourd&rsquo;hui et profitez d&rsquo;un outil de qualit\u00e9 et fiable \u00e0 un prix raisonnable !<\/strong><\/p>\n<p class=\"\" data-start=\"2109\" data-end=\"2381\">\ud83d\udcdc <strong data-start=\"2112\" data-end=\"2132\">Histoire et origine<\/strong><br data-start=\"2132\" data-end=\"2135\"> CRKT (Columbia River Knife &amp; Tool) est un fabricant de couteaux am\u00e9ricain renomm\u00e9, connu pour son innovation, son savoir-faire de pr\u00e9cision et son approche de la fonctionnalit\u00e9 dans la conception de couteaux. Le mod\u00e8le Pup Gray fait partie de leur offre, qui garantit une valeur \u00e9lev\u00e9e \u00e0 un prix raisonnable. <\/p>\n<p class=\"\" data-start=\"2383\" data-end=\"2572\">\u2696\ufe0f <strong data-start=\"2386\" data-end=\"2414\">S\u00e9curit\u00e9 et l\u00e9gislation<\/strong><br data-start=\"2414\" data-end=\"2417\"> \u2022 \ud83d\udd12 <strong data-start=\"2422\" data-end=\"2437\">Port d\u2019un couteau<\/strong> : V\u00e9rifiez la r\u00e9glementation locale concernant le port d\u2019un couteau.<br data-start=\"2490\" data-end=\"2493\"> \u2022 \ud83d\udee1\ufe0f <strong data-start=\"2499\" data-end=\"2511\">S\u00e9curit\u00e9<\/strong> : La s\u00e9curit\u00e9 Liner Lock assure la stabilit\u00e9 et une utilisation s\u00fbre.<\/p>\n<p class=\"\" data-start=\"2574\" data-end=\"2759\">\ud83c\udf92 <strong data-start=\"2577\" data-end=\"2613\">Accessoires et options de mise \u00e0 niveau<\/strong><br data-start=\"2613\" data-end=\"2616\"> \u2022 \ud83c\udff7\ufe0f <strong data-start=\"2622\" data-end=\"2645\">\u00c9tui en cuir CRKT<\/strong> \u2013 pour une protection maximale lors du transport.<br data-start=\"2681\" data-end=\"2684\"> \u2022 \ud83d\udd27 <strong data-start=\"2689\" data-end=\"2707\">Lame de remplacement<\/strong> \u2013 \u200b\u200bOption de remplacement de lame pour une longue dur\u00e9e de vie du couteau.<\/p>\n<p class=\"\" data-start=\"2761\" data-end=\"2963\">\ud83e\uddfd <strong data-start=\"2764\" data-end=\"2785\">Entretien et meulage<\/strong><br data-start=\"2785\" data-end=\"2788\"> \u2022 \ud83d\udd2a <strong data-start=\"2793\" data-end=\"2816\">Aff\u00fbtage recommand\u00e9<\/strong> : Utilisez un aff\u00fbteur fin pour acier 8Cr13MoV pour de meilleures performances.<br data-start=\"2880\" data-end=\"2883\"> \u2022 \ud83e\uddfc <strong data-start=\"2888\" data-end=\"2898\">Entretien<\/strong> : Nettoyez r\u00e9guli\u00e8rement le m\u00e9canisme de la lame pour assurer un bon fonctionnement.<\/p>\n<p class=\"\" data-start=\"2965\" data-end=\"3170\">\ud83d\udd27 <strong data-start=\"2968\" data-end=\"2984\">Avantages suppl\u00e9mentaires<\/strong><br data-start=\"2984\" data-end=\"2987\"> \u2705 <strong data-start=\"2989\" data-end=\"3012\">Couteau abordable<\/strong> pour un usage quotidien<br data-start=\"3035\" data-end=\"3038\"> \u2705 <strong data-start=\"3040\" data-end=\"3057\">Entretien facile<\/strong> et longue dur\u00e9e de vie gr\u00e2ce \u00e0 un mat\u00e9riau de haute qualit\u00e9<br data-start=\"3102\" data-end=\"3105\"> \u2705 <strong data-start=\"3107\" data-end=\"3136\">Convient \u00e0 diverses activit\u00e9s<\/strong> &#8211; EDC, ext\u00e9rieur, outils de travail<\/p>\n<p class=\"\" data-start=\"3172\" data-end=\"3427\">\ud83d\udce2 <strong data-start=\"3175\" data-end=\"3184\">Conclusion<\/strong><br data-start=\"3184\" data-end=\"3187\"> Le couteau pliant CRKT Pup Gray 7070 est id\u00e9al pour ceux qui recherchent un outil fiable, compact et abordable pour un usage quotidien. Sa simplicit\u00e9, ses mat\u00e9riaux de qualit\u00e9 et sa fonctionnalit\u00e9 en font un excellent choix pour un large \u00e9ventail d&rsquo;utilisateurs. \ud83d\udd25<\/p>\n","protected":false},"excerpt":{"rendered":"<p><strong>Le couteau pliant CRKT Pup Gray 7070 est id\u00e9al pour ceux qui recherchent un outil fiable, compact et abordable pour un usage quotidien. Sa simplicit\u00e9, ses mat\u00e9riaux de qualit\u00e9 et sa fonctionnalit\u00e9 en font un excellent choix pour un large \u00e9ventail d&rsquo;utilisateurs. \ud83d\udd25<\/strong><\/p>\n<p>&nbsp;<\/p>\n","protected":false},"featured_media":399115,"comment_status":"open","ping_status":"closed","template":"","meta":[],"pwb-brand":[3762],"product_brand":[],"product_cat":[3696,3700],"product_tag":[],"class_list":{"0":"post-399252","1":"product","2":"type-product","3":"status-publish","4":"has-post-thumbnail","6":"pwb-brand-crkt-fr","7":"product_cat-des-couteaux","8":"product_cat-couteaux-de-fermeture","10":"first","11":"instock","12":"sale","13":"taxable","14":"shipping-taxable","15":"purchasable","16":"product-type-simple"},"brands":[{"id":3762,"name":"CRKT","slug":"crkt-fr"}],"_links":{"self":[{"href":"https:\/\/www.moskito.cz\/fr\/wp-json\/wp\/v2\/product\/399252","targetHints":{"allow":["GET"]}}],"collection":[{"href":"https:\/\/www.moskito.cz\/fr\/wp-json\/wp\/v2\/product"}],"about":[{"href":"https:\/\/www.moskito.cz\/fr\/wp-json\/wp\/v2\/types\/product"}],"replies":[{"embeddable":true,"href":"https:\/\/www.moskito.cz\/fr\/wp-json\/wp\/v2\/comments?post=399252"}],"wp:featuredmedia":[{"embeddable":true,"href":"https:\/\/www.moskito.cz\/fr\/wp-json\/wp\/v2\/media\/399115"}],"wp:attachment":[{"href":"https:\/\/www.moskito.cz\/fr\/wp-json\/wp\/v2\/media?parent=399252"}],"wp:term":[{"taxonomy":"pwb-brand","embeddable":true,"href":"https:\/\/www.moskito.cz\/fr\/wp-json\/wp\/v2\/pwb-brand?post=399252"},{"taxonomy":"product_brand","embeddable":true,"href":"https:\/\/www.moskito.cz\/fr\/wp-json\/wp\/v2\/product_brand?post=399252"},{"taxonomy":"product_cat","embeddable":true,"href":"https:\/\/www.moskito.cz\/fr\/wp-json\/wp\/v2\/product_cat?post=399252"},{"taxonomy":"product_tag","embeddable":true,"href":"https:\/\/www.moskito.cz\/fr\/wp-json\/wp\/v2\/product_tag?post=399252"}],"curies":[{"name":"wp","href":"https:\/\/api.w.org\/{rel}","templated":true}]}}