{"id":399255,"date":"2022-12-29T21:07:42","date_gmt":"2025-04-16T10:02:17","guid":{"rendered":"https:\/\/www.moskito.cz\/produkt\/couteau-pliant-heretic-knives-cleric-ii-otf-magnacut-h020-4a-blu\/"},"modified":"2025-05-07T11:29:03","modified_gmt":"2025-05-07T10:29:03","slug":"couteau-pliant-heretic-knives-cleric-ii-otf-magnacut-h020-4a-blu","status":"publish","type":"product","link":"https:\/\/www.moskito.cz\/fr\/produkt\/couteau-pliant-heretic-knives-cleric-ii-otf-magnacut-h020-4a-blu\/","title":{"rendered":"Couteau pliant Heretic Knives Cleric II OTF MagnaCut H020-4A-BLU"},"content":{"rendered":"<p><strong>Couteaux h\u00e9r\u00e9tiques<\/strong> Cleric II OTF MagnaCut H020-4A-BLU.<\/p>\n<p>Le Cleric II OTF automatique est dot\u00e9 d&rsquo;un manche en aluminium 6061 usin\u00e9 CNC incrust\u00e9 d&rsquo;acier inoxydable et d&rsquo;une lame en acier inoxydable CPM-MagnaCut. Il offre une construction robuste avec une longue port\u00e9e et une action automatique sauvage \u00e0 double action. La poign\u00e9e est dot\u00e9e d&rsquo;une glissi\u00e8re de pouce \u00e0 chargement frontal pour une utilisation facile et d&rsquo;un contour doux pour une bonne prise en main. Il est dot\u00e9 d&rsquo;une lame aff\u00fbt\u00e9e \u00e0 la machine avec un double tranchant.<\/p>\n<p>Fonction<br \/>\n La glissi\u00e8re de pouce pr\u00e9charg\u00e9e assure une ouverture et une fermeture automatiques \u00e0 double action en douceur<br \/>\n La poign\u00e9e en aluminium l\u00e9g\u00e8re offre une excellente r\u00e9sistance et durabilit\u00e9<br \/>\n Double lame pour des performances de coupe polyvalentes<\/p>\n<p>Caract\u00e9ristiques<br \/>\n Longueur de la lame : 10,62 cm<br \/>\n Longueur totale : 24,68 cm<br \/>\n Mat\u00e9riau de la lame : acier inoxydable CPM-MagnaCut<br \/>\n \u00c9paisseur de la lame : 0,31 cm<br \/>\n Style de lame : poignard \u00e0 double tranchant<br \/>\n Aff\u00fbtage de la lame : Plat<br \/>\n Finition de la lame : noire<br \/>\n Mat\u00e9riau du manche : Aluminium bleu avec inserts en acier inoxydable noir<br \/>\n \u00c9paisseur du manche : 1,31 cm<br \/>\n M\u00e9canisme de verrouillage : Coulissant<br \/>\n Clip de poche : Titane profond (pointe vers le bas, droite\/gauche)<br \/>\n Poids : 4,80 oz.<br \/>\n Concepteur : Tony Marfione Jr.<br \/>\n Fabriqu\u00e9 aux \u00c9tats-Unis<\/p>\n<p><iframe title=\"Heretic Shop Video\" width=\"800\" height=\"450\" src=\"https:\/\/www.youtube.com\/embed\/7qUL5q7Cvgo?feature=oembed\" frameborder=\"0\" allow=\"accelerometer; autoplay; clipboard-write; encrypted-media; gyroscope; picture-in-picture; web-share\" referrerpolicy=\"strict-origin-when-cross-origin\" allowfullscreen><\/iframe><\/p>\n<p>&nbsp;<\/p>\n","protected":false},"excerpt":{"rendered":"<p>Tous nos couteaux sont fabriqu\u00e9s aux \u00c9tats-Unis et nous le conserverons ainsi. Lorsque vous achetez l&rsquo;un de nos couteaux, vous pouvez avoir confiance en votre outil en sachant qu&rsquo;il est soutenu par une entreprise am\u00e9ricaine. Nos couteaux sont fabriqu\u00e9s en petits lots pour vous assurer d&rsquo;obtenir un couteau de qualit\u00e9 qui attire l&rsquo;attention que les autres couteaux produits en s\u00e9rie n&rsquo;obtiennent pas&nbsp;!!<\/p>\n","protected":false},"featured_media":399258,"comment_status":"open","ping_status":"closed","template":"","meta":[],"pwb-brand":[3758],"product_brand":[],"product_cat":[3699,3696],"product_tag":[],"class_list":{"0":"post-399255","1":"product","2":"type-product","3":"status-publish","4":"has-post-thumbnail","6":"pwb-brand-couteaux-heretiques","7":"product_cat-couteaux-de-tir","8":"product_cat-des-couteaux","10":"first","11":"outofstock","12":"taxable","13":"shipping-taxable","14":"purchasable","15":"product-type-simple"},"brands":[{"id":3758,"name":"Couteaux h\u00e9r\u00e9tiques","slug":"couteaux-heretiques"}],"_links":{"self":[{"href":"https:\/\/www.moskito.cz\/fr\/wp-json\/wp\/v2\/product\/399255","targetHints":{"allow":["GET"]}}],"collection":[{"href":"https:\/\/www.moskito.cz\/fr\/wp-json\/wp\/v2\/product"}],"about":[{"href":"https:\/\/www.moskito.cz\/fr\/wp-json\/wp\/v2\/types\/product"}],"replies":[{"embeddable":true,"href":"https:\/\/www.moskito.cz\/fr\/wp-json\/wp\/v2\/comments?post=399255"}],"wp:featuredmedia":[{"embeddable":true,"href":"https:\/\/www.moskito.cz\/fr\/wp-json\/wp\/v2\/media\/399258"}],"wp:attachment":[{"href":"https:\/\/www.moskito.cz\/fr\/wp-json\/wp\/v2\/media?parent=399255"}],"wp:term":[{"taxonomy":"pwb-brand","embeddable":true,"href":"https:\/\/www.moskito.cz\/fr\/wp-json\/wp\/v2\/pwb-brand?post=399255"},{"taxonomy":"product_brand","embeddable":true,"href":"https:\/\/www.moskito.cz\/fr\/wp-json\/wp\/v2\/product_brand?post=399255"},{"taxonomy":"product_cat","embeddable":true,"href":"https:\/\/www.moskito.cz\/fr\/wp-json\/wp\/v2\/product_cat?post=399255"},{"taxonomy":"product_tag","embeddable":true,"href":"https:\/\/www.moskito.cz\/fr\/wp-json\/wp\/v2\/product_tag?post=399255"}],"curies":[{"name":"wp","href":"https:\/\/api.w.org\/{rel}","templated":true}]}}