{"id":399512,"date":"2021-07-31T20:29:43","date_gmt":"2025-04-16T11:18:41","guid":{"rendered":"https:\/\/www.moskito.cz\/produkt\/couteau-pliant-crkt-pilar-iii-d2-5317d2\/"},"modified":"2025-05-07T11:29:09","modified_gmt":"2025-05-07T10:29:09","slug":"couteau-pliant-crkt-pilar-iii-d2-5317d2","status":"publish","type":"product","link":"https:\/\/www.moskito.cz\/fr\/produkt\/couteau-pliant-crkt-pilar-iii-d2-5317d2\/","title":{"rendered":"Couteau pliant CRKT PILAR III D2 5317D2"},"content":{"rendered":"<p>&nbsp;<\/p>\n<h3><strong>Couteau pliant CRKT PILAR III D2 5317D2<\/strong><\/h3>\n<p><strong>Con\u00e7u par :<\/strong> Jesper Voxnaes (Danemark)<\/p>\n<p><strong>Le CRKT Pilar III D2<\/strong> est <strong>une version am\u00e9lior\u00e9e<\/strong> du couteau embl\u00e9matique Pilar\u00ae, con\u00e7u \u00e0 l&rsquo;origine par Jesper Voxnaes comme un outil minimaliste mais puissant pour le transport quotidien. Ce mod\u00e8le conserve un design \u00e9pur\u00e9 et simple avec <strong>une lame D2 am\u00e9lior\u00e9e<\/strong> pour des performances et une durabilit\u00e9 encore meilleures. Le Pilar III est <strong>le choix id\u00e9al pour ceux qui recherchent un couteau robuste et fiable<\/strong> avec un excellent rapport qualit\u00e9\/prix pour les t\u00e2ches quotidiennes.  <\/p>\n<h3><strong>Principales caract\u00e9ristiques et avantages :<\/strong><\/h3>\n<h4>1. <strong>Lame D2 puissante :<\/strong><\/h4>\n<ul>\n<li><strong>L&rsquo;acier D2<\/strong> est tr\u00e8s r\u00e9sistant \u00e0 l&rsquo;usure et \u00e0 la corrosion, ce qui en fait un mat\u00e9riau id\u00e9al pour les lames qui n\u00e9cessitent une longue dur\u00e9e de vie et la capacit\u00e9 de conserver un tranchant m\u00eame en cas d&rsquo;utilisation intensive. Ce mat\u00e9riau est connu pour <strong>sa bonne r\u00e9sistance \u00e0 la corrosion<\/strong> et <strong>sa longue dur\u00e9e de vie de la lame<\/strong> . <\/li>\n<li><strong>La finition d\u00e9lav\u00e9e<\/strong> donne \u00e0 la lame un aspect moderne tout en masquant les rayures et \u00e9raflures mineures, contribuant \u00e0 maintenir l&rsquo;esth\u00e9tique du couteau m\u00eame apr\u00e8s une utilisation \u00e0 long terme.<\/li>\n<\/ul>\n<h4>2. <strong>Ouverture facile \u2013 Trou pour le pouce et IKBS\u2122 :<\/strong><\/h4>\n<ul>\n<li><strong>Le m\u00e9canisme du trou pour le pouce<\/strong> vous permet <strong>d&rsquo;ouvrir rapidement le couteau d&rsquo;une seule main<\/strong> , ce qui est pratique lorsque vous devez utiliser le couteau rapidement.<\/li>\n<li><strong>Le syst\u00e8me de roulement \u00e0 billes IKBS\u2122<\/strong> assure <strong>une ouverture douce et continue<\/strong> avec un minimum d&rsquo;effort. Ce syst\u00e8me est connu pour sa fiabilit\u00e9 et sa durabilit\u00e9, rendant le couteau tr\u00e8s confortable et efficace dans une utilisation quotidienne. <\/li>\n<\/ul>\n<h4>3. <strong>Manche ergonomique en G10 et 2Cr13 :<\/strong><\/h4>\n<ul>\n<li><strong>La poign\u00e9e avant G10<\/strong> offre d&rsquo;excellentes <strong>propri\u00e9t\u00e9s antid\u00e9rapantes<\/strong> et r\u00e9siste \u00e0 l&rsquo;humidit\u00e9 et aux fluctuations de temp\u00e9rature. Le G10 est id\u00e9al pour une utilisation \u00e0 long terme car il est tr\u00e8s r\u00e9sistant et en m\u00eame temps agr\u00e9able au toucher. <\/li>\n<li><strong>Le dos du manche en acier inoxydable 2Cr13<\/strong> conf\u00e8re au couteau r\u00e9sistance et assure une longue dur\u00e9e de vie.<\/li>\n<\/ul>\n<h4>4. <strong>Design \u00e9l\u00e9gant et pratique :<\/strong><\/h4>\n<ul>\n<li><strong>Le look minimaliste<\/strong> du Pilar III avec couteau D2 est \u00e9l\u00e9gamment simple et de bon go\u00fbt, ce qui le rend id\u00e9al pour un transport quotidien sans \u00eatre trop visible.<\/li>\n<li><strong>La boucle de lani\u00e8re<\/strong> permet d&rsquo;attacher le couteau \u00e0 une ceinture, un anneau ou un autre appareil pour encore plus de commodit\u00e9 et de s\u00e9curit\u00e9 lors du transport.<\/li>\n<\/ul>\n<h3><strong>Caract\u00e9ristiques:<\/strong><\/h3>\n<ul>\n<li><strong>Longueur de la lame :<\/strong> 2,97 pouces (75,36 mm)<\/li>\n<li><strong>\u00c9paisseur de la lame :<\/strong> 0,81 pouce (3,81 mm)<\/li>\n<li><strong>Mat\u00e9riau de la lame :<\/strong> acier D2, finition Stonewash<\/li>\n<li><strong>Longueur totale :<\/strong> 7,19 pouces (182,58 mm)<\/li>\n<li><strong>Longueur ferm\u00e9e :<\/strong> 4,26 pouces (108,10 mm)<\/li>\n<li><strong>Poids :<\/strong> 3,80 oz. (107,73g)<\/li>\n<li><strong>Poign\u00e9e :<\/strong> Partie avant en G10, partie arri\u00e8re en 2Cr13 SS<\/li>\n<li><strong>Style :<\/strong> Couteau pliant avec verrouillage du cadre<\/li>\n<\/ul>\n<h3><strong>Utiliser:<\/strong><\/h3>\n<ul>\n<li><strong>Transport quotidien (EDC) :<\/strong> Le couteau est suffisamment compact et discret pour une utilisation quotidienne. Id\u00e9al pour une vari\u00e9t\u00e9 de t\u00e2ches courantes telles que la d\u00e9coupe d&rsquo;enveloppes, l&rsquo;ouverture de colis ou la r\u00e9alisation de r\u00e9parations mineures. <\/li>\n<li><strong>Ext\u00e9rieur et camping :<\/strong> Bien que le Pilar III ait une taille compacte, sa lame D2 robuste et son manche G10 confortable en font un excellent outil pour les activit\u00e9s de plein air.<\/li>\n<li><strong>Au bureau ou en milieu urbain :<\/strong> Ce couteau est id\u00e9al pour une utilisation quotidienne en ville ou au bureau, o\u00f9 vous avez besoin d&rsquo;avoir <strong>un outil fiable<\/strong> sans trop vous d\u00e9marquer.<\/li>\n<\/ul>\n<h3><strong>Conclusion:<\/strong><\/h3>\n<p><strong>Le CRKT Pilar III D2<\/strong> est <strong>un excellent choix pour le transport quotidien<\/strong> , alliant <strong>un design minimaliste<\/strong> \u00e0 <strong>une fonctionnalit\u00e9 exceptionnelle<\/strong> . Gr\u00e2ce \u00e0 <strong>l&rsquo;acier D2<\/strong> , <strong>au syst\u00e8me IKBS\u2122<\/strong> et \u00e0 un manche de haute qualit\u00e9 en <strong>G10<\/strong> et <strong>2Cr13<\/strong> , ce couteau est pr\u00eat \u00e0 g\u00e9rer les t\u00e2ches quotidiennes m\u00eame dans des conditions exigeantes. Si vous recherchez <strong>un couteau EDC \u00e9l\u00e9gant mais puissant<\/strong> , le Pilar III D2 est une excellente solution qui sera un compagnon fid\u00e8le pendant de nombreuses ann\u00e9es.  <\/p>\n<p><iframe title=\"CRKT PILAR\u00ae III w\/ D2 Blade Steel | Jesper Voxnaes Design\" width=\"800\" height=\"450\" src=\"https:\/\/www.youtube.com\/embed\/XUchrTEkdGU?feature=oembed\" frameborder=\"0\" allow=\"accelerometer; autoplay; clipboard-write; encrypted-media; gyroscope; picture-in-picture; web-share\" referrerpolicy=\"strict-origin-when-cross-origin\" allowfullscreen><\/iframe><\/p>\n<p>&nbsp;<\/p>\n","protected":false},"excerpt":{"rendered":"<p><strong>Le CRKT Pilar III D2 est un excellent choix pour le transport quotidien, alliant un design minimaliste \u00e0 une fonctionnalit\u00e9 exceptionnelle. Gr\u00e2ce \u00e0 l&rsquo;acier D2, au syst\u00e8me IKBS\u2122 et \u00e0 un manche de haute qualit\u00e9 en G10 et 2Cr13, ce couteau est pr\u00eat \u00e0 affronter les t\u00e2ches quotidiennes m\u00eame dans des conditions exigeantes. Si vous recherchez un couteau EDC \u00e9l\u00e9gant mais puissant, le Pilar III D2 est une excellente solution qui sera un compagnon fid\u00e8le pendant de nombreuses ann\u00e9es.  <\/strong><\/p>\n","protected":false},"featured_media":399513,"comment_status":"open","ping_status":"closed","template":"","meta":[],"pwb-brand":[3762],"product_brand":[],"product_cat":[3700,3696],"product_tag":[3754],"class_list":{"0":"post-399512","1":"product","2":"type-product","3":"status-publish","4":"has-post-thumbnail","6":"pwb-brand-crkt-fr","7":"product_cat-couteaux-de-fermeture","8":"product_cat-des-couteaux","9":"product_tag-b2b-fr","11":"first","12":"instock","13":"taxable","14":"shipping-taxable","15":"purchasable","16":"product-type-simple"},"brands":[{"id":3762,"name":"CRKT","slug":"crkt-fr"}],"_links":{"self":[{"href":"https:\/\/www.moskito.cz\/fr\/wp-json\/wp\/v2\/product\/399512","targetHints":{"allow":["GET"]}}],"collection":[{"href":"https:\/\/www.moskito.cz\/fr\/wp-json\/wp\/v2\/product"}],"about":[{"href":"https:\/\/www.moskito.cz\/fr\/wp-json\/wp\/v2\/types\/product"}],"replies":[{"embeddable":true,"href":"https:\/\/www.moskito.cz\/fr\/wp-json\/wp\/v2\/comments?post=399512"}],"wp:featuredmedia":[{"embeddable":true,"href":"https:\/\/www.moskito.cz\/fr\/wp-json\/wp\/v2\/media\/399513"}],"wp:attachment":[{"href":"https:\/\/www.moskito.cz\/fr\/wp-json\/wp\/v2\/media?parent=399512"}],"wp:term":[{"taxonomy":"pwb-brand","embeddable":true,"href":"https:\/\/www.moskito.cz\/fr\/wp-json\/wp\/v2\/pwb-brand?post=399512"},{"taxonomy":"product_brand","embeddable":true,"href":"https:\/\/www.moskito.cz\/fr\/wp-json\/wp\/v2\/product_brand?post=399512"},{"taxonomy":"product_cat","embeddable":true,"href":"https:\/\/www.moskito.cz\/fr\/wp-json\/wp\/v2\/product_cat?post=399512"},{"taxonomy":"product_tag","embeddable":true,"href":"https:\/\/www.moskito.cz\/fr\/wp-json\/wp\/v2\/product_tag?post=399512"}],"curies":[{"name":"wp","href":"https:\/\/api.w.org\/{rel}","templated":true}]}}