{"id":399671,"date":"2022-08-17T20:18:17","date_gmt":"2025-04-17T14:47:12","guid":{"rendered":"https:\/\/www.moskito.cz\/produkt\/couteau-pliant-crkt-drifter-black-6450k\/"},"modified":"2025-07-07T16:45:57","modified_gmt":"2025-07-07T15:45:57","slug":"couteau-pliant-crkt-drifter-black-6450k","status":"publish","type":"product","link":"https:\/\/www.moskito.cz\/fr\/produkt\/couteau-pliant-crkt-drifter-black-6450k\/","title":{"rendered":"Couteau pliant CRKT DRIFTER BLACK 6450K"},"content":{"rendered":"<div class=\"flex-1 overflow-hidden @container\/thread\">\n<div class=\"h-full\">\n<div class=\"react-scroll-to-bottom--css-vxybp-79elbk h-full\">\n<div class=\"react-scroll-to-bottom--css-vxybp-1n7m0yu\">\n<div class=\"flex flex-col text-sm md:pb-9\">\n<article class=\"w-full scroll-mb-[var(--thread-trailing-height,150px)] text-token-text-primary focus-visible:outline-2 focus-visible:outline-offset-[-4px]\" dir=\"auto\" data-testid=\"conversation-turn-355\" data-scroll-anchor=\"true\">\n<div class=\"m-auto text-base py-[18px] px-3 md:px-4 w-full md:px-5 lg:px-4 xl:px-5\">\n<div class=\"mx-auto flex flex-1 gap-4 text-base md:gap-5 lg:gap-6 md:max-w-3xl\">\n<div class=\"group\/conversation-turn relative flex w-full min-w-0 flex-col agent-turn\">\n<div class=\"flex-col gap-1 md:gap-3\">\n<div class=\"flex max-w-full flex-col flex-grow\">\n<div class=\"min-h-8 text-message flex w-full flex-col items-end gap-2 whitespace-normal break-words text-start [.text-message+&amp;]:mt-5\" dir=\"auto\" data-message-author-role=\"assistant\" data-message-id=\"b438c1e4-79e1-4f9b-9e83-ae1114dca6b5\" data-message-model-slug=\"gpt-4o-mini\">\n<div class=\"flex w-full flex-col gap-1 empty:hidden first:pt-[3px]\">\n<div class=\"markdown prose w-full break-words dark:prose-invert light\">\n<p><strong>Le couteau pliant CRKT DRIFTER BLACK 6450K<\/strong> est un excellent choix pour le transport quotidien gr\u00e2ce \u00e0 sa combinaison <strong>de haute qualit\u00e9<\/strong> , <strong>d&rsquo;abordabilit\u00e9<\/strong> et <strong>de conception pratique<\/strong> . Ce mod\u00e8le est con\u00e7u pour offrir d&rsquo;excellentes fonctionnalit\u00e9s et une grande durabilit\u00e9, tout en \u00e9tant adapt\u00e9 \u00e0 un large \u00e9ventail d&rsquo;utilisateurs \u00e0 la recherche d&rsquo;un couteau fiable pour les t\u00e2ches quotidiennes. <\/p>\n<h3><strong>Caract\u00e9ristiques principales :<\/strong><\/h3>\n<ol>\n<li><strong>Mat\u00e9riaux de qualit\u00e9 :<\/strong>\n<ul>\n<li><strong>Acier de lame 8Cr14MoV<\/strong> : Cet acier est connu pour sa bonne r\u00e9sistance \u00e0 la corrosion, son tranchant de haute qualit\u00e9 et sa longue dur\u00e9e de vie. C&rsquo;est un choix id\u00e9al pour les couteaux de transport quotidiens car il tient bien et s&rsquo;aff\u00fbte bien. <\/li>\n<li><strong>Traitement de surface au nitrure de titane<\/strong> : Ce traitement assure non seulement <strong>une r\u00e9sistance \u00e9lev\u00e9e \u00e0 la corrosion<\/strong> , mais am\u00e9liore \u00e9galement la <strong>glisse<\/strong> de la lame, la rendant plus facile \u00e0 ouvrir et \u00e0 utiliser.<\/li>\n<li><strong>Manche G10<\/strong> : Ce mat\u00e9riau est tr\u00e8s durable, solide et en m\u00eame temps <strong>l\u00e9g\u00e8rement textur\u00e9<\/strong> , ce qui garantit <strong>une excellente adh\u00e9rence<\/strong> et une prise en main confortable m\u00eame dans les conditions les plus exigeantes.<\/li>\n<\/ul>\n<\/li>\n<li><strong>Conception pratique :<\/strong>\n<ul>\n<li><strong>Ouverture par le pouce<\/strong> : Ce m\u00e9canisme permet <strong>d&rsquo;ouvrir le couteau facilement et rapidement<\/strong> d&rsquo;une seule main, ce qui est tr\u00e8s utile au quotidien lorsque l&rsquo;on a une main occup\u00e9e.<\/li>\n<li><strong>Conception pliable<\/strong> avec m\u00e9canisme <strong>Liner Lock<\/strong> : ce verrouillage offre stabilit\u00e9 et s\u00e9curit\u00e9 lors de l&rsquo;utilisation du couteau, tout en permettant une fermeture rapide et facile de la lame d&rsquo;une seule main.<\/li>\n<\/ul>\n<\/li>\n<li><strong>Compact et portable<\/strong> :\n<ul>\n<li><strong>Longueur totale de 6,50&Prime; (165,10 mm)<\/strong> et <strong>longueur ferm\u00e9e de 3,66&Prime; (92,96 mm)<\/strong> : ce couteau est suffisamment grand pour une utilisation confortable, mais suffisamment compact pour tenir dans une poche ou sur un porte-cl\u00e9s.<\/li>\n<li><strong>Poids l\u00e9ger 2,40 oz (68,04 g)<\/strong> : Son poids l\u00e9ger rend ce couteau id\u00e9al pour un transport quotidien sans \u00eatre trop lourd ou visible.<\/li>\n<\/ul>\n<\/li>\n<\/ol>\n<h3><strong>Sp\u00e9cifications<\/strong> :<\/h3>\n<ul>\n<li><strong>Longueur de la lame<\/strong> : 2,88&Prime; (73,03 mm)<\/li>\n<li><strong>Lame<\/strong> : Lisse (coupe lisse classique)<\/li>\n<li><strong>Mat\u00e9riau de la lame<\/strong> : acier 8Cr14MoV<\/li>\n<li><strong>Traitement de surface de la lame<\/strong> : Nitrure de titane<\/li>\n<li><strong>\u00c9paisseur de la lame<\/strong> : 0,09&Prime; (2,31 mm)<\/li>\n<li><strong>Longueur totale<\/strong> : 6,50&Prime; (165,10 mm)<\/li>\n<li><strong>Longueur ferm\u00e9e<\/strong> : 3,66&Prime; (92,96 mm)<\/li>\n<li><strong>Poids<\/strong> : 2,40 oz (68,04 g)<\/li>\n<li><strong>Manche<\/strong> : G10<\/li>\n<li><strong>Style<\/strong> : Couteau pliant avec <strong>Liner Lock<\/strong><\/li>\n<\/ul>\n<h3><strong>\u00c0 quoi \u00e7a sert ?<\/strong><\/h3>\n<ol>\n<li><strong>Utilisation quotidienne (EDC)<\/strong> :<br \/>\n Ce couteau est id\u00e9al pour <strong>les t\u00e2ches quotidiennes<\/strong> telles que l&rsquo;ouverture de colis, de paquets et la r\u00e9solution de probl\u00e8mes mineurs \u00e0 la maison ou au travail.<\/li>\n<li><strong>Plein air et camping<\/strong> :<br \/>\n M\u00eame s&rsquo;il est plus petit et plus compact, il est toujours suffisamment robuste pour <strong>les t\u00e2ches de camping<\/strong> comme la pr\u00e9paration du bois, la coupe de ficelle et d&rsquo;autres petites t\u00e2ches en plein air.<\/li>\n<li><strong>Travailler avec des mat\u00e9riaux<\/strong> :<br \/>\n Ce couteau est id\u00e9al pour <strong>couper des mat\u00e9riaux plus tendres<\/strong> comme du carton, du ruban adh\u00e9sif ou m\u00eame <strong>couper des cordons<\/strong> , ce qui est une t\u00e2che courante pour les couteaux EDC.<\/li>\n<li><strong>Voyages et tourisme<\/strong> :<br \/>\n Gr\u00e2ce \u00e0 sa taille compacte, il est id\u00e9al pour <strong>les voyages<\/strong> , o\u00f9 il ne prend pas de place et vous pouvez toujours l&rsquo;avoir \u00e0 port\u00e9e de main pour des t\u00e2ches rapides et faciles pendant la journ\u00e9e.<\/li>\n<li><strong>Protection individuelle<\/strong> :<br \/>\n Bien que le couteau ne soit pas principalement destin\u00e9 \u00e0 l\u2019autod\u00e9fense, son <strong>ouverture rapide<\/strong> et sa <strong>taille compacte<\/strong> peuvent \u00eatre utiles dans les situations de crise.<\/li>\n<\/ol>\n<h3><strong>Avantages<\/strong> :<\/h3>\n<ul>\n<li><strong>Des mat\u00e9riaux de haute qualit\u00e9 et durables<\/strong> garantissent une longue dur\u00e9e de vie.<\/li>\n<li><strong>Taille compacte<\/strong> et <strong>poids l\u00e9ger<\/strong> pour un transport confortable.<\/li>\n<li><strong>Ouverture facile<\/strong> et <strong>fermeture s\u00e9curis\u00e9e<\/strong> gr\u00e2ce au m\u00e9canisme Liner Lock.<\/li>\n<li><strong>Le prix est abordable pour le grand public<\/strong> , ce qui signifie qu&rsquo;il est id\u00e9al pour ceux qui recherchent un couteau abordable mais de haute qualit\u00e9.<\/li>\n<li><strong>Convient \u00e0 la personnalisation<\/strong> gr\u00e2ce au grand espace sur la lame pour les gravures ou les logos.<\/li>\n<\/ul>\n<h3><strong>R\u00e9sum\u00e9<\/strong> :<\/h3>\n<p><strong>Le CRKT Drifter Black 6450K<\/strong> est un couteau abordable, compact et de haute qualit\u00e9 qui convient \u00e0 un large \u00e9ventail de t\u00e2ches, que ce soit dans la vie quotidienne, lors d&rsquo;activit\u00e9s de plein air ou comme outil de voyage. Il utilise <strong>des mat\u00e9riaux durables<\/strong> , tels que <strong>l&rsquo;acier 8Cr14MoV<\/strong> et <strong>une poign\u00e9e G10<\/strong> , et offre <strong>une ouverture facile<\/strong> et <strong>un verrouillage s\u00e9curis\u00e9<\/strong> , ce qui en fait un choix id\u00e9al pour le transport quotidien. <\/p>\n<\/div>\n<\/div>\n<\/div>\n<\/div>\n<div class=\"mb-2 flex gap-3 empty:hidden -ml-2\">\n<div class=\"items-center justify-start rounded-xl p-1 flex\">\n<div class=\"flex items-center\"><\/div>\n<\/div>\n<\/div>\n<div class=\"pr-2 lg:pr-0\"><\/div>\n<\/div>\n<\/div>\n<\/div>\n<\/div>\n<\/article>\n<\/div>\n<\/div>\n<\/div>\n<\/div>\n<\/div>\n","protected":false},"excerpt":{"rendered":"<p><strong>Le CRKT Drifter Black 6450K est un couteau abordable, compact et de haute qualit\u00e9 qui convient \u00e0 un large \u00e9ventail de t\u00e2ches, que ce soit dans la vie quotidienne, lors d&rsquo;activit\u00e9s de plein air ou comme outil de voyage. Il utilise des mat\u00e9riaux durables tels que l&rsquo;acier 8Cr14MoV et une poign\u00e9e G10, et offre une ouverture facile et un verrouillage s\u00e9curis\u00e9, ce qui en fait un choix id\u00e9al pour le transport quotidien. <\/strong><\/p>\n","protected":false},"featured_media":399672,"comment_status":"open","ping_status":"closed","template":"","meta":[],"pwb-brand":[3762],"product_brand":[],"product_cat":[3700,3696],"product_tag":[3754],"class_list":{"0":"post-399671","1":"product","2":"type-product","3":"status-publish","4":"has-post-thumbnail","6":"pwb-brand-crkt-fr","7":"product_cat-couteaux-de-fermeture","8":"product_cat-des-couteaux","9":"product_tag-b2b-fr","11":"first","12":"instock","13":"sale","14":"taxable","15":"shipping-taxable","16":"purchasable","17":"product-type-simple"},"brands":[{"id":3762,"name":"CRKT","slug":"crkt-fr"}],"_links":{"self":[{"href":"https:\/\/www.moskito.cz\/fr\/wp-json\/wp\/v2\/product\/399671","targetHints":{"allow":["GET"]}}],"collection":[{"href":"https:\/\/www.moskito.cz\/fr\/wp-json\/wp\/v2\/product"}],"about":[{"href":"https:\/\/www.moskito.cz\/fr\/wp-json\/wp\/v2\/types\/product"}],"replies":[{"embeddable":true,"href":"https:\/\/www.moskito.cz\/fr\/wp-json\/wp\/v2\/comments?post=399671"}],"wp:featuredmedia":[{"embeddable":true,"href":"https:\/\/www.moskito.cz\/fr\/wp-json\/wp\/v2\/media\/399672"}],"wp:attachment":[{"href":"https:\/\/www.moskito.cz\/fr\/wp-json\/wp\/v2\/media?parent=399671"}],"wp:term":[{"taxonomy":"pwb-brand","embeddable":true,"href":"https:\/\/www.moskito.cz\/fr\/wp-json\/wp\/v2\/pwb-brand?post=399671"},{"taxonomy":"product_brand","embeddable":true,"href":"https:\/\/www.moskito.cz\/fr\/wp-json\/wp\/v2\/product_brand?post=399671"},{"taxonomy":"product_cat","embeddable":true,"href":"https:\/\/www.moskito.cz\/fr\/wp-json\/wp\/v2\/product_cat?post=399671"},{"taxonomy":"product_tag","embeddable":true,"href":"https:\/\/www.moskito.cz\/fr\/wp-json\/wp\/v2\/product_tag?post=399671"}],"curies":[{"name":"wp","href":"https:\/\/api.w.org\/{rel}","templated":true}]}}