{"id":399710,"date":"2022-12-10T22:01:33","date_gmt":"2025-04-22T10:12:10","guid":{"rendered":"https:\/\/www.moskito.cz\/produkt\/couteau-ejecteur-cobratec-medium-ctk-1-rouge-avec-graphite-noir\/"},"modified":"2025-05-07T11:29:12","modified_gmt":"2025-05-07T10:29:12","slug":"couteau-ejecteur-cobratec-medium-ctk-1-rouge-avec-graphite-noir","status":"publish","type":"product","link":"https:\/\/www.moskito.cz\/fr\/produkt\/couteau-ejecteur-cobratec-medium-ctk-1-rouge-avec-graphite-noir\/","title":{"rendered":"Couteau \u00e9jecteur CobraTec MEDIUM CTK-1 ROUGE AVEC GRAPHITE NOIR"},"content":{"rendered":"<p>Couteau \u00e9jecteur <strong>CobraTec<\/strong> MEDIUM CTK-1 ROUGE AVEC GRAPHITE NOIR.<\/p>\n<p>Notre CTK-1 Cerakote \u00ae Red w\/ Graphite Black moyen est livr\u00e9 avec un manche en alliage d&rsquo;aluminium de haute qualit\u00e9 et une lame en acier D2. Le rev\u00eatement en c\u00e9ramique Cerakote augmente la r\u00e9sistance \u00e0 l&rsquo;abrasion\/\u00e0 l&rsquo;usure, la r\u00e9sistance \u00e0 la corrosion et la r\u00e9sistance chimique du manche. <\/p>\n<p>Tous les couteaux sont \u00e0 double action (l&rsquo;extension et la r\u00e9traction de la lame sont contr\u00f4l\u00e9es en appuyant ou en tirant sur le m\u00eame interrupteur de commande).<\/p>\n<p>Ce couteau est dot\u00e9 d&rsquo;un clip de poche, d&rsquo;un brise-vitre d&rsquo;urgence et comprend un \u00e9tui en nylon. Tous les couteaux CobraTec sont couverts par notre GARANTIE \u00c0 VIE <\/p>\n<p>Longueur totale : 20,30 cm<br \/>\n Longueur de la lame : 7,00 cm<br \/>\n Poids : 191,00 g<br \/>\n Mat\u00e9riau de la lame : D2<br \/>\n Mat\u00e9riau du manche : Aluminium<br \/>\n Ouvre-porte : Appuyez sur le bouton<br \/>\n Ouverture : Automatique<br \/>\n Type de serrure : OTF<\/p>\n<p><iframe title=\"CobraTec Medium CTK 1\" width=\"800\" height=\"450\" src=\"https:\/\/www.youtube.com\/embed\/fl-Lz9Hgy7o?feature=oembed\" frameborder=\"0\" allow=\"accelerometer; autoplay; clipboard-write; encrypted-media; gyroscope; picture-in-picture; web-share\" referrerpolicy=\"strict-origin-when-cross-origin\" allowfullscreen><\/iframe><\/p>\n<p>&nbsp;<\/p>\n","protected":false},"excerpt":{"rendered":"<p>Chaque couteau <strong>CobraTec\u00ae<\/strong> est livr\u00e9 avec une garantie \u00e0 vie.<\/p>\n<p> <strong>Livraison gratuite.<\/strong><\/p>\n","protected":false},"featured_media":399712,"comment_status":"open","ping_status":"closed","template":"","meta":[],"pwb-brand":[3938],"product_brand":[],"product_cat":[3699,3696],"product_tag":[],"class_list":{"0":"post-399710","1":"product","2":"type-product","3":"status-publish","4":"has-post-thumbnail","6":"pwb-brand-cobratec-fr","7":"product_cat-couteaux-de-tir","8":"product_cat-des-couteaux","10":"first","11":"outofstock","12":"taxable","13":"shipping-taxable","14":"purchasable","15":"product-type-simple"},"brands":[{"id":3938,"name":"CobraTec","slug":"cobratec-fr"}],"_links":{"self":[{"href":"https:\/\/www.moskito.cz\/fr\/wp-json\/wp\/v2\/product\/399710","targetHints":{"allow":["GET"]}}],"collection":[{"href":"https:\/\/www.moskito.cz\/fr\/wp-json\/wp\/v2\/product"}],"about":[{"href":"https:\/\/www.moskito.cz\/fr\/wp-json\/wp\/v2\/types\/product"}],"replies":[{"embeddable":true,"href":"https:\/\/www.moskito.cz\/fr\/wp-json\/wp\/v2\/comments?post=399710"}],"wp:featuredmedia":[{"embeddable":true,"href":"https:\/\/www.moskito.cz\/fr\/wp-json\/wp\/v2\/media\/399712"}],"wp:attachment":[{"href":"https:\/\/www.moskito.cz\/fr\/wp-json\/wp\/v2\/media?parent=399710"}],"wp:term":[{"taxonomy":"pwb-brand","embeddable":true,"href":"https:\/\/www.moskito.cz\/fr\/wp-json\/wp\/v2\/pwb-brand?post=399710"},{"taxonomy":"product_brand","embeddable":true,"href":"https:\/\/www.moskito.cz\/fr\/wp-json\/wp\/v2\/product_brand?post=399710"},{"taxonomy":"product_cat","embeddable":true,"href":"https:\/\/www.moskito.cz\/fr\/wp-json\/wp\/v2\/product_cat?post=399710"},{"taxonomy":"product_tag","embeddable":true,"href":"https:\/\/www.moskito.cz\/fr\/wp-json\/wp\/v2\/product_tag?post=399710"}],"curies":[{"name":"wp","href":"https:\/\/api.w.org\/{rel}","templated":true}]}}