{"id":399860,"date":"2022-09-12T20:21:57","date_gmt":"2025-04-22T13:23:58","guid":{"rendered":"https:\/\/www.moskito.cz\/produkt\/couteau-pliant-crkt-m16-03ss\/"},"modified":"2025-07-14T11:23:41","modified_gmt":"2025-07-14T10:23:41","slug":"couteau-pliant-crkt-m16-03ss","status":"publish","type":"product","link":"https:\/\/www.moskito.cz\/fr\/produkt\/couteau-pliant-crkt-m16-03ss\/","title":{"rendered":"Couteau pliant CRKT M16-03SS"},"content":{"rendered":"<div class=\"flex-1 overflow-hidden @container\/thread\">\n<div class=\"h-full\">\n<div class=\"react-scroll-to-bottom--css-vxybp-79elbk h-full\">\n<div class=\"react-scroll-to-bottom--css-vxybp-1n7m0yu\">\n<div class=\"flex flex-col text-sm md:pb-9\">\n<article class=\"w-full scroll-mb-[var(--thread-trailing-height,150px)] text-token-text-primary focus-visible:outline-2 focus-visible:outline-offset-[-4px]\" dir=\"auto\" data-testid=\"conversation-turn-153\" data-scroll-anchor=\"true\">\n<div class=\"m-auto text-base py-[18px] px-3 md:px-4 w-full md:px-5 lg:px-4 xl:px-5\">\n<div class=\"mx-auto flex flex-1 gap-4 text-base md:gap-5 lg:gap-6 md:max-w-3xl\">\n<div class=\"group\/conversation-turn relative flex w-full min-w-0 flex-col agent-turn\">\n<div class=\"flex-col gap-1 md:gap-3\">\n<div class=\"flex max-w-full flex-col flex-grow\">\n<div class=\"min-h-8 text-message flex w-full flex-col items-end gap-2 whitespace-normal break-words text-start [.text-message+&amp;]:mt-5\" dir=\"auto\" data-message-author-role=\"assistant\" data-message-id=\"bedf3733-6233-48af-b38a-5285e60055e5\" data-message-model-slug=\"gpt-4o-mini\">\n<div class=\"flex w-full flex-col gap-1 empty:hidden first:pt-[3px]\">\n<div class=\"markdown prose w-full break-words dark:prose-invert light\">\n<p><strong>Le couteau pliant CRKT M16-03SS<\/strong> est une version am\u00e9lior\u00e9e <strong>du design populaire de Kit Carson<\/strong> , qui est devenu une l\u00e9gende parmi les couteaux <strong>tactiques<\/strong> et <strong>quotidiens<\/strong> . Ce mod\u00e8le est con\u00e7u pour les utilisateurs \u00e0 la recherche de <strong>hautes performances<\/strong> et <strong>d&rsquo;une durabilit\u00e9<\/strong> au quotidien, tout en conservant <strong>les caract\u00e9ristiques classiques<\/strong> du design original. Avec des mat\u00e9riaux de qualit\u00e9 et des fonctionnalit\u00e9s am\u00e9lior\u00e9es, le M16-03SS offre une excellente combinaison <strong>d&rsquo;utilit\u00e9 pratique<\/strong> et <strong>d&rsquo;apparence tactique<\/strong> .  <\/p>\n<h3>Propri\u00e9t\u00e9s cl\u00e9s&nbsp;:<\/h3>\n<ol>\n<li><strong>Conception de la lame<\/strong> :\n<ul>\n<li><strong>Longueur de la lame<\/strong> : 3,54&Prime; (89,92 mm) \u2013 C&rsquo;est la longueur id\u00e9ale pour <strong>une utilisation polyvalente<\/strong> , du <strong>tranchage<\/strong> \u00e0 <strong>la coupe de mat\u00e9riaux plus durs<\/strong> .<\/li>\n<li><strong>Tranchant de la lame<\/strong> : Simple \u2013 <strong>Facile \u00e0 entretenir et \u00e0 aff\u00fbter<\/strong> , adapt\u00e9 aux <strong>t\u00e2ches courantes<\/strong> et <strong>\u00e0 la coupe de pr\u00e9cision<\/strong> .<\/li>\n<li><strong>Mat\u00e9riau de la lame<\/strong> : <strong>acier Sandvik 12C27<\/strong> \u2013 <strong>Acier inoxydable de haute qualit\u00e9<\/strong> , connu pour sa <strong>grande r\u00e9sistance \u00e0 la corrosion<\/strong> et <strong>sa longue dur\u00e9e de vie<\/strong> . Cet acier offre \u00e9galement une excellente <strong>r\u00e9tention des bords<\/strong> et est <strong>facile \u00e0 aff\u00fbter<\/strong> . <\/li>\n<li><strong>Finition de la lame<\/strong> : <strong>sablage \u00e0 billes<\/strong> \u2013 Une finition qui <strong>minimise l&rsquo;\u00e9blouissement<\/strong> et offre <strong>un aspect mat<\/strong> , ce qui est b\u00e9n\u00e9fique lorsqu&rsquo;il est utilis\u00e9 dans <strong>des environnements tactiques ou naturels<\/strong> .<\/li>\n<\/ul>\n<\/li>\n<li><strong>M\u00e9canisme tactique et s\u00e9curitaire<\/strong> :\n<ul>\n<li><strong>Verrouillage du cadre<\/strong> \u2013 Ce verrou offre <strong>une s\u00e9curit\u00e9 solide et stable<\/strong> pendant l\u2019utilisation et emp\u00eache le couteau de s\u2019ouvrir accidentellement.<\/li>\n<li><strong>S\u00e9curit\u00e9 AutoLAWKS\u2122<\/strong> \u2013 En plus du verrouillage du cadre, ce couteau utilise le syst\u00e8me <strong>AutoLAWKS\u2122<\/strong> , qui offre <strong>une s\u00e9curit\u00e9 suppl\u00e9mentaire<\/strong> pendant le transport et l&rsquo;utilisation, augmentant <strong>la fiabilit\u00e9<\/strong> du couteau.<\/li>\n<\/ul>\n<\/li>\n<li><strong>Poign\u00e9e<\/strong> :\n<ul>\n<li><strong>Acier inoxydable<\/strong> \u2013 La poign\u00e9e est en <strong>acier inoxydable<\/strong> , ce qui garantit <strong>solidit\u00e9<\/strong> et <strong>r\u00e9sistance<\/strong> \u00e0 l\u2019usure, ainsi qu\u2019une <strong>bonne ergonomie<\/strong> . La poign\u00e9e a une <strong>finition de surface<\/strong> suffisante qui emp\u00eache la main de glisser. <\/li>\n<li><strong>Forme ergonomique<\/strong> \u2013 La forme de la poign\u00e9e est <strong>confortable<\/strong> , assurant <strong>une bonne prise en main<\/strong> , m\u00eame lors de t\u00e2ches exigeantes.<\/li>\n<\/ul>\n<\/li>\n<li><strong>Conception compacte et l\u00e9g\u00e8re<\/strong> :\n<ul>\n<li><strong>Longueur totale<\/strong> : 8,19&Prime; (207,98 mm) \u2013 Assez long pour <strong>un travail efficace<\/strong> , mais toujours <strong>compact<\/strong> pour <strong>un transport d\u00e9contract\u00e9<\/strong> dans une poche ou sur une ceinture.<\/li>\n<li><strong>Longueur ferm\u00e9e<\/strong> : 4,65&Prime; (118,21 mm) \u2013 Ce mod\u00e8le est parfait pour <strong>un usage quotidien<\/strong> sans \u00eatre trop encombrant.<\/li>\n<li><strong>Poids<\/strong> : 3,60 oz. (102,06 g) \u2013 Ce couteau est toujours suffisamment <strong>l\u00e9ger<\/strong> pour \u00eatre <strong>confortable \u00e0 porter au quotidien<\/strong> , mais offre <strong>r\u00e9sistance<\/strong> et <strong>durabilit\u00e9<\/strong> pour les t\u00e2ches exigeantes.<\/li>\n<\/ul>\n<\/li>\n<li><strong>Utilisation universelle<\/strong> :\n<ul>\n<li>Ce couteau est <strong>polyvalent<\/strong> et convient au <strong>transport quotidien (EDC)<\/strong> , ainsi qu&rsquo;aux <strong>t\u00e2ches tactiques<\/strong> , <strong>au camping<\/strong> ou \u00e0 la <strong>manutention<\/strong> .<\/li>\n<li>C&rsquo;est \u00e9galement un excellent outil <strong>d&rsquo;autod\u00e9fense<\/strong> gr\u00e2ce \u00e0 sa <strong>lame puissante<\/strong> et son <strong>m\u00e9canisme d&rsquo;ouverture rapide<\/strong> .<\/li>\n<\/ul>\n<\/li>\n<\/ol>\n<h3>Caract\u00e9ristiques:<\/h3>\n<ul>\n<li><strong>Longueur de la lame<\/strong> : 3,54&Prime; (89,92 mm)<\/li>\n<li><strong>Tranchant de la lame<\/strong> : lisse<\/li>\n<li><strong>Mat\u00e9riau de la lame<\/strong> : acier inoxydable Sandvik 12C27<\/li>\n<li><strong>Finition de la lame<\/strong> : Microbillage<\/li>\n<li><strong>\u00c9paisseur de la lame<\/strong> : 0,12&Prime; (3,00 mm)<\/li>\n<li><strong>Longueur totale<\/strong> : 8,19&Prime; (207,98 mm)<\/li>\n<li><strong>Longueur ferm\u00e9e<\/strong> : 4,65&Prime; (118,21 mm)<\/li>\n<li><strong>Poids du couteau<\/strong> : 3,60 oz (102,06 g)<\/li>\n<li><strong>Poign\u00e9e<\/strong> : Acier inoxydable<\/li>\n<li><strong>Style<\/strong> : Couteau pliant avec verrouillage du cadre<\/li>\n<\/ul>\n<h3>Options d&rsquo;utilisation :<\/h3>\n<ul>\n<li><strong>Transport quotidien (EDC)<\/strong> : Le M16-03SS est id\u00e9al pour <strong>les t\u00e2ches quotidiennes<\/strong> telles que <strong>l&rsquo;ouverture de colis<\/strong> , <strong>le tranchage<\/strong> , <strong>la d\u00e9coupe de tissus<\/strong> ou <strong>la pr\u00e9paration de nourriture<\/strong> .<\/li>\n<li><strong>Utilisation tactique<\/strong> : Ce couteau est con\u00e7u pour <strong>les t\u00e2ches tactiques<\/strong> et <strong>l&rsquo;autod\u00e9fense<\/strong> , gr\u00e2ce \u00e0 <strong>sa lame solide<\/strong> et <strong>son m\u00e9canisme s\u00fbr<\/strong> .<\/li>\n<li><strong>Camping et activit\u00e9s de plein air<\/strong> : Id\u00e9al pour <strong>la d\u00e9coupe et le traitement pr\u00e9cis<\/strong> <strong>des mat\u00e9riaux<\/strong> en camping ou dans la nature.<\/li>\n<li><strong>Manutention<\/strong> : Avec une <strong>lame solide et durable,<\/strong> le M16-03SS est excellent pour <strong>s&rsquo;attaquer aux t\u00e2ches difficiles<\/strong> .<\/li>\n<\/ul>\n<h3>R\u00e9sum\u00e9:<\/h3>\n<p><strong>Le CRKT M16-03SS<\/strong> est <strong>une version am\u00e9lior\u00e9e<\/strong> du mod\u00e8le populaire <strong>Kit Carson M16<\/strong> , offrant des performances et <strong>une durabilit\u00e9<\/strong> <strong>accrues<\/strong> . Ce couteau est id\u00e9al pour <strong>une utilisation tactique<\/strong> et <strong>un transport quotidien<\/strong> , avec <strong>une lame de qualit\u00e9<\/strong> en <strong>acier Sandvik 12C27<\/strong> , <strong>un verrouillage de cadre s\u00e9curis\u00e9<\/strong> et <strong>le syst\u00e8me innovant AutoLAWKS\u2122<\/strong> pour une protection suppl\u00e9mentaire. C&rsquo;est <strong>un excellent outil universel<\/strong> qui sera <strong>une aide fiable<\/strong> dans diverses situations.  <\/p>\n<\/div>\n<\/div>\n<\/div>\n<\/div>\n<div class=\"mb-2 flex gap-3 empty:hidden -ml-2\">\n<div class=\"items-center justify-start rounded-xl p-1 flex\">\n<div class=\"flex items-center\"><\/div>\n<\/div>\n<\/div>\n<div class=\"pr-2 lg:pr-0\"><\/div>\n<div class=\"mt-3 w-full empty:hidden\">\n<div class=\"text-center\"><\/div>\n<\/div>\n<\/div>\n<\/div>\n<\/div>\n<\/div>\n<\/article>\n<\/div>\n<\/div>\n<\/div>\n<\/div>\n<\/div>\n<p><iframe title=\"CRKT M16\u00ae-03SS | Kit Carson Design\" width=\"800\" height=\"450\" src=\"https:\/\/www.youtube.com\/embed\/C2T1-yqXxcM?feature=oembed\" frameborder=\"0\" allow=\"accelerometer; autoplay; clipboard-write; encrypted-media; gyroscope; picture-in-picture; web-share\" referrerpolicy=\"strict-origin-when-cross-origin\" allowfullscreen><\/iframe><\/p>\n<p>&nbsp;<\/p>\n","protected":false},"excerpt":{"rendered":"<div class=\"flex max-w-full flex-col flex-grow\">\n<div class=\"min-h-8 text-message flex w-full flex-col items-end gap-2 whitespace-normal break-words text-start [.text-message+&amp;]:mt-5\" dir=\"auto\" data-message-author-role=\"assistant\" data-message-id=\"bedf3733-6233-48af-b38a-5285e60055e5\" data-message-model-slug=\"gpt-4o-mini\">\n<div class=\"flex w-full flex-col gap-1 empty:hidden first:pt-[3px]\">\n<div class=\"markdown prose w-full break-words dark:prose-invert light\">\n<p><strong>Le CRKT M16-03SS est une version am\u00e9lior\u00e9e du mod\u00e8le populaire Kit Carson M16, offrant des performances et une durabilit\u00e9 accrues. Ce couteau est id\u00e9al pour une utilisation tactique et un transport quotidien, avec une lame de qualit\u00e9 en acier Sandvik 12C27, un verrouillage de cadre s\u00e9curis\u00e9 et le syst\u00e8me innovant AutoLAWKS\u2122 pour une protection suppl\u00e9mentaire. C&rsquo;est un excellent outil universel qui sera une aide fiable dans diverses situations.  <\/strong><\/p>\n<\/div>\n<\/div>\n<\/div>\n<\/div>\n<div class=\"mb-2 flex gap-3 empty:hidden -ml-2\">\n<div class=\"items-center justify-start rounded-xl p-1 flex\">\n<div class=\"flex items-center\"><\/div>\n<\/div>\n<\/div>\n<div class=\"pr-2 lg:pr-0\"><\/div>\n","protected":false},"featured_media":399862,"comment_status":"open","ping_status":"closed","template":"","meta":[],"pwb-brand":[3762],"product_brand":[],"product_cat":[3700,3696],"product_tag":[3754],"class_list":{"0":"post-399860","1":"product","2":"type-product","3":"status-publish","4":"has-post-thumbnail","6":"pwb-brand-crkt-fr","7":"product_cat-couteaux-de-fermeture","8":"product_cat-des-couteaux","9":"product_tag-b2b-fr","11":"first","12":"outofstock","13":"taxable","14":"shipping-taxable","15":"purchasable","16":"product-type-simple"},"brands":[{"id":3762,"name":"CRKT","slug":"crkt-fr"}],"_links":{"self":[{"href":"https:\/\/www.moskito.cz\/fr\/wp-json\/wp\/v2\/product\/399860","targetHints":{"allow":["GET"]}}],"collection":[{"href":"https:\/\/www.moskito.cz\/fr\/wp-json\/wp\/v2\/product"}],"about":[{"href":"https:\/\/www.moskito.cz\/fr\/wp-json\/wp\/v2\/types\/product"}],"replies":[{"embeddable":true,"href":"https:\/\/www.moskito.cz\/fr\/wp-json\/wp\/v2\/comments?post=399860"}],"wp:featuredmedia":[{"embeddable":true,"href":"https:\/\/www.moskito.cz\/fr\/wp-json\/wp\/v2\/media\/399862"}],"wp:attachment":[{"href":"https:\/\/www.moskito.cz\/fr\/wp-json\/wp\/v2\/media?parent=399860"}],"wp:term":[{"taxonomy":"pwb-brand","embeddable":true,"href":"https:\/\/www.moskito.cz\/fr\/wp-json\/wp\/v2\/pwb-brand?post=399860"},{"taxonomy":"product_brand","embeddable":true,"href":"https:\/\/www.moskito.cz\/fr\/wp-json\/wp\/v2\/product_brand?post=399860"},{"taxonomy":"product_cat","embeddable":true,"href":"https:\/\/www.moskito.cz\/fr\/wp-json\/wp\/v2\/product_cat?post=399860"},{"taxonomy":"product_tag","embeddable":true,"href":"https:\/\/www.moskito.cz\/fr\/wp-json\/wp\/v2\/product_tag?post=399860"}],"curies":[{"name":"wp","href":"https:\/\/api.w.org\/{rel}","templated":true}]}}