{"id":399927,"date":"2024-11-29T11:59:51","date_gmt":"2025-04-22T14:05:21","guid":{"rendered":"https:\/\/www.moskito.cz\/produkt\/couteau-ejecteur-aga-campolin-f20ttd-n\/"},"modified":"2025-05-07T11:29:17","modified_gmt":"2025-05-07T10:29:17","slug":"couteau-ejecteur-aga-campolin-f20ttd-n","status":"publish","type":"product","link":"https:\/\/www.moskito.cz\/fr\/produkt\/couteau-ejecteur-aga-campolin-f20ttd-n\/","title":{"rendered":"Couteau \u00e9jecteur AGA CAMPOLIN F20TTD-N"},"content":{"rendered":"<p>Couteau \u00e9jecteur AGA CAMPOLIN F20TTD-N.<\/p>\n<p>Le couteau pliant AGA Campolin F20TTD-N est un couteau automatique \u00e9l\u00e9gant et de haute qualit\u00e9 fabriqu\u00e9 par la c\u00e9l\u00e8bre marque italienne AGA Campolin. Cette marque est connue pour son travail pr\u00e9cis et sa production de couteaux traditionnels et modernes \u00e0 haute valeur de collection et d&rsquo;utilit\u00e9. Voici les informations de base sur ce mod\u00e8le :<br \/>\n Caract\u00e9ristiques de l&rsquo;AGA Campolin F20TTD-N  <\/p>\n<p>M\u00e9canisme:<br \/>\n M\u00e9canisme automatique (de tir) qui permet d&rsquo;ouvrir rapidement la lame en appuyant sur un bouton.<br \/>\n M\u00e9canisme fiable et durable avec une longue dur\u00e9e de vie.<\/p>\n<p>Lame:<br \/>\n Mat\u00e9riau de la lame : acier inoxydable de haute qualit\u00e9, qui offre un excellent tranchant et une excellente r\u00e9sistance \u00e0 la corrosion.<br \/>\n Conception de la lame : style moderne, souvent avec une finition satin\u00e9e ou brillante.<br \/>\n Longueur de la lame : environ 9,3 cm<\/p>\n<p>Poign\u00e9e:<br \/>\n Mati\u00e8re : diverses variantes, notamment des mati\u00e8res naturelles (par exemple bois, corne) ou synth\u00e9tiques.<br \/>\n Ergonomie : prise en main confortable, adapt\u00e9e aux manipulations prolong\u00e9es.<\/p>\n<p>Conception et ex\u00e9cution :<br \/>\n Aspect moderne et en m\u00eame temps intemporel avec une finition pr\u00e9cise.<br \/>\n Convient aussi bien aux collectionneurs qu&rsquo;\u00e0 une utilisation pratique dans la vie quotidienne.<\/p>\n<p>Verrouillage:<br \/>\n Verrouillage de s\u00e9curit\u00e9 contre l&rsquo;ouverture accidentelle.<\/p>\n<p>Utiliser<\/p>\n<p>Id\u00e9al pour un transport quotidien (EDC).<br \/>\nId\u00e9al comme cadeau pour les collectionneurs en raison de son exclusivit\u00e9 et de sa finition.<br \/>\nUn outil pratique pour diverses activit\u00e9s de plein air, telles que le camping, la p\u00eache ou la survie.<\/p>\n","protected":false},"excerpt":{"rendered":"<p><strong>Le couteau pliant AGA Campolin F20TTD-N est un couteau automatique \u00e9l\u00e9gant et de haute qualit\u00e9 fabriqu\u00e9 par la c\u00e9l\u00e8bre marque italienne AGA Campolin.<\/strong><\/p>\n","protected":false},"featured_media":379227,"comment_status":"open","ping_status":"closed","template":"","meta":[],"pwb-brand":[4011],"product_brand":[],"product_cat":[3699,3696],"product_tag":[],"class_list":{"0":"post-399927","1":"product","2":"type-product","3":"status-publish","4":"has-post-thumbnail","6":"pwb-brand-aga-campolin-fr","7":"product_cat-couteaux-de-tir","8":"product_cat-des-couteaux","10":"first","11":"outofstock","12":"taxable","13":"shipping-taxable","14":"purchasable","15":"product-type-simple"},"brands":[{"id":4011,"name":"AGA CAMPOLIN","slug":"aga-campolin-fr"}],"_links":{"self":[{"href":"https:\/\/www.moskito.cz\/fr\/wp-json\/wp\/v2\/product\/399927","targetHints":{"allow":["GET"]}}],"collection":[{"href":"https:\/\/www.moskito.cz\/fr\/wp-json\/wp\/v2\/product"}],"about":[{"href":"https:\/\/www.moskito.cz\/fr\/wp-json\/wp\/v2\/types\/product"}],"replies":[{"embeddable":true,"href":"https:\/\/www.moskito.cz\/fr\/wp-json\/wp\/v2\/comments?post=399927"}],"wp:featuredmedia":[{"embeddable":true,"href":"https:\/\/www.moskito.cz\/fr\/wp-json\/wp\/v2\/media\/379227"}],"wp:attachment":[{"href":"https:\/\/www.moskito.cz\/fr\/wp-json\/wp\/v2\/media?parent=399927"}],"wp:term":[{"taxonomy":"pwb-brand","embeddable":true,"href":"https:\/\/www.moskito.cz\/fr\/wp-json\/wp\/v2\/pwb-brand?post=399927"},{"taxonomy":"product_brand","embeddable":true,"href":"https:\/\/www.moskito.cz\/fr\/wp-json\/wp\/v2\/product_brand?post=399927"},{"taxonomy":"product_cat","embeddable":true,"href":"https:\/\/www.moskito.cz\/fr\/wp-json\/wp\/v2\/product_cat?post=399927"},{"taxonomy":"product_tag","embeddable":true,"href":"https:\/\/www.moskito.cz\/fr\/wp-json\/wp\/v2\/product_tag?post=399927"}],"curies":[{"name":"wp","href":"https:\/\/api.w.org\/{rel}","templated":true}]}}