{"id":400192,"date":"2024-11-14T22:04:34","date_gmt":"2024-11-14T21:04:34","guid":{"rendered":"https:\/\/www.moskito.cz\/produkt\/couteau-pliant-benchmade-stryker-9101sbk\/"},"modified":"2025-05-07T11:29:28","modified_gmt":"2025-05-07T10:29:28","slug":"couteau-pliant-benchmade-stryker-9101sbk","status":"publish","type":"product","link":"https:\/\/www.moskito.cz\/fr\/produkt\/couteau-pliant-benchmade-stryker-9101sbk\/","title":{"rendered":"Couteau pliant Benchmade Stryker 9101SBK"},"content":{"rendered":"<p>Couteau pliant <strong>Benchmade<\/strong> Stryker 9101SBK.<\/p>\n<p>L&rsquo;Auto-Stryker 9101 de nouvelle g\u00e9n\u00e9ration est un mod\u00e8le am\u00e9lior\u00e9 de la populaire s\u00e9rie Auto Stryker, offrant plusieurs am\u00e9liorations cl\u00e9s pour de meilleures performances et un meilleur confort. Ce couteau est \u00e9quip\u00e9 d&rsquo;un m\u00e9canisme automatique \u00e0 bouton-poussoir qui permet une ouverture rapide et pratique de la lame, avec un verrou de s\u00e9curit\u00e9 int\u00e9gr\u00e9 pour une utilisation en toute s\u00e9curit\u00e9.<br \/>\nCaract\u00e9ristiques principales :<\/p>\n<p>M\u00e9canisme automatique \u00e0 bouton-poussoir avec verrouillage de s\u00e9curit\u00e9 int\u00e9gr\u00e9 pour assurer une ouverture s\u00fbre et rapide de la lame.<br \/>\n Lame de type tanto 154CM en acier inoxydable (duret\u00e9 58-61 HRC), reconnue pour sa durabilit\u00e9 et sa capacit\u00e9 \u00e0 conserver son tranchant.<br \/>\n Manche en aluminium 6061-T6 usin\u00e9 avec anodisation noire, garantissant une r\u00e9sistance \u00e9lev\u00e9e et une r\u00e9sistance \u00e0 la corrosion.<br \/>\n Clip de poche r\u00e9versible et rabattable pour un transport confortable pour les utilisateurs droitiers et gauchers.<br \/>\n Conception d&rsquo;espacement arri\u00e8re ouvert pour un entretien et un nettoyage faciles du couteau.<\/p>\n<p>Caract\u00e9ristiques:<\/p>\n<p>Longueur de la lame : 9,10 cm<br \/>\n \u00c9paisseur de la lame : 3,15 mm<br \/>\n Longueur totale du couteau ouvert : 21,08 cm<br \/>\n Longueur du couteau ferm\u00e9 : 11,94 cm<br \/>\n Poids : 110,56 g<br \/>\n \u00c9paisseur du manche : 12,70 mm<br \/>\n Classe : Noir<br \/>\n Fabriqu\u00e9 aux \u00c9tats-Unis<\/p>\n<p>Ce mod\u00e8le est id\u00e9al pour les utilisateurs \u00e0 la recherche d&rsquo;un couteau automatique de haute qualit\u00e9, solide et durable avec un excellent design et un entretien facile.<\/p>\n<p>&nbsp;<\/p>\n","protected":false},"excerpt":{"rendered":"<p><strong>L&rsquo;Auto-Stryker 9101 de nouvelle g\u00e9n\u00e9ration est un mod\u00e8le am\u00e9lior\u00e9 de la populaire s\u00e9rie Auto Stryker, offrant plusieurs am\u00e9liorations cl\u00e9s pour de meilleures performances et un meilleur confort. Ce couteau est \u00e9quip\u00e9 d&rsquo;un m\u00e9canisme automatique \u00e0 bouton-poussoir qui permet une ouverture rapide et pratique de la lame, avec un verrou de s\u00e9curit\u00e9 int\u00e9gr\u00e9 pour une utilisation en toute s\u00e9curit\u00e9. <\/strong><\/p>\n<p><strong>Livraison gratuite.<\/strong><\/p>\n","protected":false},"featured_media":372439,"comment_status":"open","ping_status":"closed","template":"","meta":[],"pwb-brand":[3981],"product_brand":[],"product_cat":[3699,3696],"product_tag":[],"class_list":{"0":"post-400192","1":"product","2":"type-product","3":"status-publish","4":"has-post-thumbnail","6":"pwb-brand-banc-de-travail","7":"product_cat-couteaux-de-tir","8":"product_cat-des-couteaux","10":"first","11":"instock","12":"taxable","13":"shipping-taxable","14":"purchasable","15":"product-type-simple"},"brands":[{"id":3981,"name":"Banc de travail","slug":"banc-de-travail"}],"_links":{"self":[{"href":"https:\/\/www.moskito.cz\/fr\/wp-json\/wp\/v2\/product\/400192","targetHints":{"allow":["GET"]}}],"collection":[{"href":"https:\/\/www.moskito.cz\/fr\/wp-json\/wp\/v2\/product"}],"about":[{"href":"https:\/\/www.moskito.cz\/fr\/wp-json\/wp\/v2\/types\/product"}],"replies":[{"embeddable":true,"href":"https:\/\/www.moskito.cz\/fr\/wp-json\/wp\/v2\/comments?post=400192"}],"wp:featuredmedia":[{"embeddable":true,"href":"https:\/\/www.moskito.cz\/fr\/wp-json\/wp\/v2\/media\/372439"}],"wp:attachment":[{"href":"https:\/\/www.moskito.cz\/fr\/wp-json\/wp\/v2\/media?parent=400192"}],"wp:term":[{"taxonomy":"pwb-brand","embeddable":true,"href":"https:\/\/www.moskito.cz\/fr\/wp-json\/wp\/v2\/pwb-brand?post=400192"},{"taxonomy":"product_brand","embeddable":true,"href":"https:\/\/www.moskito.cz\/fr\/wp-json\/wp\/v2\/product_brand?post=400192"},{"taxonomy":"product_cat","embeddable":true,"href":"https:\/\/www.moskito.cz\/fr\/wp-json\/wp\/v2\/product_cat?post=400192"},{"taxonomy":"product_tag","embeddable":true,"href":"https:\/\/www.moskito.cz\/fr\/wp-json\/wp\/v2\/product_tag?post=400192"}],"curies":[{"name":"wp","href":"https:\/\/api.w.org\/{rel}","templated":true}]}}