{"id":400494,"date":"2024-12-06T10:24:01","date_gmt":"2025-04-23T12:54:43","guid":{"rendered":"https:\/\/www.moskito.cz\/produkt\/couteau-fixe-muela-4410-m\/"},"modified":"2025-05-07T11:29:41","modified_gmt":"2025-05-07T10:29:41","slug":"couteau-fixe-muela-4410-m","status":"publish","type":"product","link":"https:\/\/www.moskito.cz\/fr\/produkt\/couteau-fixe-muela-4410-m\/","title":{"rendered":"Couteau fixe Muela 4410-M"},"content":{"rendered":"<p>Couteau fixe Muela 4410-M.<\/p>\n<p>Le couteau Muela 4410-M Brown Jute Micarta est un couteau compact haut de gamme, id\u00e9al pour les activit\u00e9s de plein air, la chasse et la survie. Ce mod\u00e8le se distingue par ses mat\u00e9riaux de haute qualit\u00e9, sa fabrication pr\u00e9cise et son design pratique. <\/p>\n<p>Ce couteau est la combinaison parfaite de fonctionnalit\u00e9 et d&rsquo;esth\u00e9tique, ce qui le rend id\u00e9al pour les utilisateurs exigeants \u00e0 la recherche d&rsquo;un outil fiable et pratique.<\/p>\n<p>Mat\u00e9riau : Acier inoxydable X50CrMoV15 (1.4116).<br \/>\n Composition : 15% chrome, 0,8% molybd\u00e8ne, 0,2% vanadium.<br \/>\n Caract\u00e9ristiques:<br \/>\n Haute r\u00e9sistance \u00e0 la corrosion et \u00e0 l&rsquo;usure.<br \/>\n Duret\u00e9 : 57\u201358 HRC, assure une excellente r\u00e9tention des bords.<br \/>\n Il est utilis\u00e9 dans les instruments chirurgicaux et les ustensiles de cuisine de haute qualit\u00e9.<br \/>\n Forme : Drop Point avec un ventre prononc\u00e9 pour une utilisation universelle.<br \/>\n Meulage : Meulage enti\u00e8rement plat (Flat Grind) pour une combinaison d&rsquo;efficacit\u00e9 de coupe et de r\u00e9sistance.<br \/>\n Finition de surface : Satin\u00e9e, donne \u00e0 la lame un aspect propre et \u00e9l\u00e9gant.<\/p>\n<p>Poign\u00e9e<\/p>\n<p>Mati\u00e8re : Micarta de jute imperm\u00e9able.<br \/>\n Conception : Forme ergonomique pour une prise en main s\u00fbre et confortable.<br \/>\n Caract\u00e9ristiques:<br \/>\n Surface polie pour plus de durabilit\u00e9 et d&rsquo;esth\u00e9tique.<br \/>\n Rivets en laiton \u00e0 haute teneur en nickel pour plus de r\u00e9sistance.<br \/>\n Trou de cordon pour une fixation facile du couteau.<\/p>\n<p>Utiliser<\/p>\n<p>Chasse et transformation du gibier.<br \/>\n Bushcraft et t\u00e2ches en ext\u00e9rieur.<br \/>\n Survie g\u00e9n\u00e9rale et utilisation universelle.<\/p>\n<p>Ce couteau se distingue par des mat\u00e9riaux haut de gamme et un design pratique, ce qui en fait un compagnon fiable pour les aventuriers et les amateurs de plein air.<\/p>\n<p>Logement<\/p>\n<p>Description : \u00c9tui en cuir allong\u00e9 qui prot\u00e8ge la lame et une partie du manche.<br \/>\n Mati\u00e8re : Cuir de vachette naturel de couleur marron, tann\u00e9 de haute qualit\u00e9.<br \/>\n Caract\u00e9ristiques:<br \/>\n Le logo du fabricant est grav\u00e9 en relief sur la surface.<br \/>\n Les bords sont matelass\u00e9s de mani\u00e8re d\u00e9corative.<br \/>\n Permet la fixation \u00e0 la ceinture ou \u00e0 l&rsquo;\u00e9quipement en position verticale.<\/p>\n<p>Donn\u00e9es techniques<\/p>\n<p>Num\u00e9ro de produit : 4410-M<br \/>\n Nom du produit : Muela 4410-M Micarta de jute marron, satin<\/p>\n<p>Dimensions<\/p>\n<p>Longueur totale : 205,0 mm<br \/>\n Longueur de la lame : 100,0 mm<br \/>\n \u00c9paisseur de la lame : n\/a<br \/>\n Longueur du manche : 105,0 mm<br \/>\n \u00c9paisseur du manche : n\/a<br \/>\n Poids : 131,0 g<\/p>\n<p>Lame<\/p>\n<p>Mat\u00e9riau : acier inoxydable X50CrMoV15<br \/>\n Duret\u00e9 : n\/a<br \/>\n Mouture : Mouture plate compl\u00e8te (Flat Grind)<br \/>\n Finition : Satin\u00e9e<\/p>\n<p>Concepteur : Muela<br \/>\n Marque : Muela<br \/>\n Fabricant: Manufacturas Muela, SA<br \/>\n Pays d&rsquo;origine : Espagne<\/p>\n<p>&nbsp;<\/p>\n","protected":false},"excerpt":{"rendered":"<p><strong>Le couteau Muela 4410-M Brown Jute Micarta est un couteau compact haut de gamme, id\u00e9al pour les activit\u00e9s de plein air, la chasse et la survie. Ce mod\u00e8le se distingue par ses mat\u00e9riaux de haute qualit\u00e9, sa fabrication pr\u00e9cise et son design pratique. <\/strong><\/p>\n","protected":false},"featured_media":380483,"comment_status":"open","ping_status":"closed","template":"","meta":[],"pwb-brand":[3909],"product_brand":[],"product_cat":[3697,3696],"product_tag":[],"class_list":{"0":"post-400494","1":"product","2":"type-product","3":"status-publish","4":"has-post-thumbnail","6":"pwb-brand-elle-a-du","7":"product_cat-couteaux-solides","8":"product_cat-des-couteaux","10":"first","11":"instock","12":"taxable","13":"shipping-taxable","14":"purchasable","15":"product-type-simple"},"brands":[{"id":3909,"name":"Elle a d\u00fb","slug":"elle-a-du"}],"_links":{"self":[{"href":"https:\/\/www.moskito.cz\/fr\/wp-json\/wp\/v2\/product\/400494","targetHints":{"allow":["GET"]}}],"collection":[{"href":"https:\/\/www.moskito.cz\/fr\/wp-json\/wp\/v2\/product"}],"about":[{"href":"https:\/\/www.moskito.cz\/fr\/wp-json\/wp\/v2\/types\/product"}],"replies":[{"embeddable":true,"href":"https:\/\/www.moskito.cz\/fr\/wp-json\/wp\/v2\/comments?post=400494"}],"wp:featuredmedia":[{"embeddable":true,"href":"https:\/\/www.moskito.cz\/fr\/wp-json\/wp\/v2\/media\/380483"}],"wp:attachment":[{"href":"https:\/\/www.moskito.cz\/fr\/wp-json\/wp\/v2\/media?parent=400494"}],"wp:term":[{"taxonomy":"pwb-brand","embeddable":true,"href":"https:\/\/www.moskito.cz\/fr\/wp-json\/wp\/v2\/pwb-brand?post=400494"},{"taxonomy":"product_brand","embeddable":true,"href":"https:\/\/www.moskito.cz\/fr\/wp-json\/wp\/v2\/product_brand?post=400494"},{"taxonomy":"product_cat","embeddable":true,"href":"https:\/\/www.moskito.cz\/fr\/wp-json\/wp\/v2\/product_cat?post=400494"},{"taxonomy":"product_tag","embeddable":true,"href":"https:\/\/www.moskito.cz\/fr\/wp-json\/wp\/v2\/product_tag?post=400494"}],"curies":[{"name":"wp","href":"https:\/\/api.w.org\/{rel}","templated":true}]}}