{"id":400536,"date":"2025-04-23T13:48:02","date_gmt":"2025-04-23T13:23:21","guid":{"rendered":"https:\/\/www.moskito.cz\/produkt\/couteau-pliant-crkt-straight-black-2670\/"},"modified":"2025-06-12T09:12:18","modified_gmt":"2025-06-12T08:12:18","slug":"couteau-pliant-crkt-straight-black-2670","status":"publish","type":"product","link":"https:\/\/www.moskito.cz\/fr\/produkt\/couteau-pliant-crkt-straight-black-2670\/","title":{"rendered":"Couteau pliant CRKT Straight Black 2670"},"content":{"rendered":"<p data-pm-slice=\"1 1 []\">\ud83d\udd2a Couteau pliant droit noir CRKT cr-2670 Minimaliste, \u00e9l\u00e9gant et toujours pr\u00eat &#8211; c&rsquo;est exactement ce que repr\u00e9sente le CRKT Straight\u2122 con\u00e7u par le designer Richard Rodgers du Nouveau-Mexique. Ce couteau est la preuve qu\u2019il y a de la force dans la simplicit\u00e9. Il offre des lignes \u00e9pur\u00e9es, une construction en acier solide et une ouverture en douceur gr\u00e2ce \u00e0 un m\u00e9canisme de flipper assist\u00e9.  <\/p>\n<p>\ud83e\uddf7 Description g\u00e9n\u00e9rale et caract\u00e9ristiques :<\/p>\n<ul data-spread=\"false\">\n<li>Longueur totale : 180 mm<\/li>\n<li>Longueur de la lame : 76 mm<\/li>\n<li>\u00c9paisseur de la lame : 2,5 mm<\/li>\n<li>Poids : 96g<\/li>\n<li>Mat\u00e9riau de la lame : acier inoxydable 8Cr13MoV<\/li>\n<li>Duret\u00e9 de l&rsquo;acier : environ 58\u201360 HRC<\/li>\n<li>Traitement de surface de la lame : Satin\u00e9<\/li>\n<li>Forme de la lame : Dos droit<\/li>\n<li>Mat\u00e9riau du manche : Acier, peint en noir<\/li>\n<li>Ouverture : Flipper avec assistance<\/li>\n<li>Verrouillage : verrouillage du cadre<\/li>\n<li>Clip : R\u00e9versible, \u00e0 port profond<\/li>\n<\/ul>\n<p>\ud83d\udee0\ufe0f Utilisation et fonction : Id\u00e9al pour le transport quotidien (EDC), les travaux de coupe plus l\u00e9gers, accessoire \u00e9l\u00e9gant. Il convient \u00e9galement \u00e0 ceux qui souhaitent un outil \u00e9l\u00e9gant mais fonctionnel pour un environnement urbain. <\/p>\n<p>\ud83d\udd27 Entretien et meulage :<\/p>\n<ul data-spread=\"false\">\n<li>Nous recommandons de meuler \u00e0 un angle de 20\u00b0 de chaque c\u00f4t\u00e9.<\/li>\n<li>Peut \u00eatre facilement aff\u00fbt\u00e9 avec des pierres \u00e0 aiguiser classiques, un fusil \u00e0 aiguiser ou un taille-crayon diamant\u00e9.<\/li>\n<li>Nettoyer r\u00e9guli\u00e8rement le joint et le verrou &#8211; huile recommand\u00e9e pour l&rsquo;entretien des lames et du m\u00e9canisme : Ballistol ou Nanoprotech Gun.<\/li>\n<\/ul>\n<p>\u2705 Avantages :<\/p>\n<ul data-spread=\"false\">\n<li>Design minimaliste \u00e9l\u00e9gant<\/li>\n<li>Ouverture assist\u00e9e pour un acc\u00e8s rapide<\/li>\n<li>Construction robuste enti\u00e8rement en m\u00e9tal<\/li>\n<li>Clip de transport profond pour un transport discret<\/li>\n<li>Excellent rapport qualit\u00e9\/prix<\/li>\n<\/ul>\n<p>\u26a0\ufe0f Inconv\u00e9nients :<\/p>\n<ul data-spread=\"false\">\n<li>Poids l\u00e9g\u00e8rement plus lourd en raison du corps enti\u00e8rement en m\u00e9tal<\/li>\n<li>Les dimensions plus petites peuvent ne pas convenir aux utilisateurs ayant de grandes mains<\/li>\n<\/ul>\n<p>\ud83d\udce6 Contenu du colis :<\/p>\n<ul data-spread=\"false\">\n<li>Couteau droit noir CRKT CR-2670<\/li>\n<li>Bo\u00eete CRKT originale<\/li>\n<li>Instructions d&rsquo;entretien<\/li>\n<\/ul>\n<p>\ud83d\uded2 Raisons d&rsquo;acheter maintenant :<\/p>\n<ul data-spread=\"false\">\n<li>\u2714\ufe0f Exp\u00e9dition rapide sous 24 heures<\/li>\n<li>\u2714\ufe0f Option de paiement \u00e0 la livraison<\/li>\n<li>\u2714\ufe0f Cadeau avec commande<\/li>\n<li>\u2714\ufe0f 100% original avec garantie<\/li>\n<\/ul>\n<p>\ud83d\udcac Avis clients : \u00ab \u00c9l\u00e9gant, rapide, simple. Un excellent petit couteau pour tous les jours. \u00bb \u2013 Michael R.<\/p>\n<p data-pm-slice=\"1 1 []\"><strong>Conclusion :<\/strong> Le CRKT Straight Black n&rsquo;est pas seulement un couteau, c&rsquo;est un compagnon \u00e9l\u00e9gant qui ne vous laissera pas tomber. Que vous soyez au travail, en r\u00e9union ou en voyage, ce couteau sera toujours pr\u00eat. Ajoutez une touche d&rsquo;\u00e9l\u00e9gance \u00e0 votre poche qui peut supporter plus que ce que vous attendez. N&rsquo;attendez pas, cette pi\u00e8ce exclusive de CRKT peut \u00eatre la v\u00f4tre d\u00e8s maintenant&nbsp;!   <\/p>\n","protected":false},"excerpt":{"rendered":"<p><strong>Le CRKT Straight Black n&rsquo;est pas seulement un couteau : c&rsquo;est un compagnon \u00e9l\u00e9gant qui ne vous laissera pas tomber. Que vous soyez au travail, en r\u00e9union ou en voyage, ce couteau sera toujours pr\u00eat. Ajoutez une touche d&rsquo;\u00e9l\u00e9gance \u00e0 votre poche qui peut supporter plus que ce que vous attendez. N&rsquo;attendez pas, cette pi\u00e8ce exclusive de CRKT peut \u00eatre la v\u00f4tre d\u00e8s maintenant&nbsp;!   <\/strong><\/p>\n","protected":false},"featured_media":400366,"comment_status":"open","ping_status":"closed","template":"","meta":[],"pwb-brand":[3762],"product_brand":[],"product_cat":[3700,3696],"product_tag":[],"class_list":{"0":"post-400536","1":"product","2":"type-product","3":"status-publish","4":"has-post-thumbnail","6":"pwb-brand-crkt-fr","7":"product_cat-couteaux-de-fermeture","8":"product_cat-des-couteaux","10":"first","11":"instock","12":"sale","13":"taxable","14":"shipping-taxable","15":"purchasable","16":"product-type-simple"},"brands":[{"id":3762,"name":"CRKT","slug":"crkt-fr"}],"_links":{"self":[{"href":"https:\/\/www.moskito.cz\/fr\/wp-json\/wp\/v2\/product\/400536","targetHints":{"allow":["GET"]}}],"collection":[{"href":"https:\/\/www.moskito.cz\/fr\/wp-json\/wp\/v2\/product"}],"about":[{"href":"https:\/\/www.moskito.cz\/fr\/wp-json\/wp\/v2\/types\/product"}],"replies":[{"embeddable":true,"href":"https:\/\/www.moskito.cz\/fr\/wp-json\/wp\/v2\/comments?post=400536"}],"wp:featuredmedia":[{"embeddable":true,"href":"https:\/\/www.moskito.cz\/fr\/wp-json\/wp\/v2\/media\/400366"}],"wp:attachment":[{"href":"https:\/\/www.moskito.cz\/fr\/wp-json\/wp\/v2\/media?parent=400536"}],"wp:term":[{"taxonomy":"pwb-brand","embeddable":true,"href":"https:\/\/www.moskito.cz\/fr\/wp-json\/wp\/v2\/pwb-brand?post=400536"},{"taxonomy":"product_brand","embeddable":true,"href":"https:\/\/www.moskito.cz\/fr\/wp-json\/wp\/v2\/product_brand?post=400536"},{"taxonomy":"product_cat","embeddable":true,"href":"https:\/\/www.moskito.cz\/fr\/wp-json\/wp\/v2\/product_cat?post=400536"},{"taxonomy":"product_tag","embeddable":true,"href":"https:\/\/www.moskito.cz\/fr\/wp-json\/wp\/v2\/product_tag?post=400536"}],"curies":[{"name":"wp","href":"https:\/\/api.w.org\/{rel}","templated":true}]}}