{"id":400616,"date":"2025-04-23T14:26:38","date_gmt":"2025-04-23T13:47:52","guid":{"rendered":"https:\/\/www.moskito.cz\/produkt\/couteau-pliant-crkt-bamboozled-brown-5720b\/"},"modified":"2025-05-07T11:29:44","modified_gmt":"2025-05-07T10:29:44","slug":"couteau-pliant-crkt-bamboozled-brown-5720b","status":"publish","type":"product","link":"https:\/\/www.moskito.cz\/fr\/produkt\/couteau-pliant-crkt-bamboozled-brown-5720b\/","title":{"rendered":"Couteau pliant CRKT Bamboozled Brown 5720B"},"content":{"rendered":"<p data-pm-slice=\"1 1 []\">\ud83d\udd2a <strong>CRKT Bamboozled\u2122 Brown CR-5720B<\/strong><\/p>\n<p>\u2728  <strong>Description g\u00e9n\u00e9rale :<\/strong>  \u00c9l\u00e9gant, moderne et pourtant classique, le CRKT Bamboozled\u2122 du designer Ken Onion est le choix parfait pour un usage quotidien. Son manche en G10 marron et son profil mince sont tr\u00e8s \u00e9l\u00e9gants, tandis que le verrouillage fiable de la doublure et l&rsquo;ouverture en douceur avec un flipper assist\u00e9 garantissent la fonctionnalit\u00e9 que vous attendez d&rsquo;un couteau. <\/p>\n<p>\ud83d\udcd0 <strong>Sp\u00e9cifications :<\/strong><\/p>\n<ul data-spread=\"false\">\n<li>Longueur totale : 203 mm<\/li>\n<li>Longueur de la lame : 89 mm<\/li>\n<li>\u00c9paisseur de la lame : 3 mm<\/li>\n<li>Mat\u00e9riau de la lame : 8Cr13MoV<\/li>\n<li>Duret\u00e9 : environ 58-59 HRC<\/li>\n<li>Finition de surface : Stonewashed<\/li>\n<li>Forme de la lame : Drop Point<\/li>\n<li>Mat\u00e9riau du manche : G10 (marron)<\/li>\n<li>Type de fusible : Liner Lock<\/li>\n<li>Ouverture : Flipper avec assistance<\/li>\n<li>Clip : Repositionnable (Tip-Up)<\/li>\n<li>Poids : 102 g<\/li>\n<\/ul>\n<p>\ud83e\uddf0 <strong>Aff\u00fbtage et entretien :<\/strong> La lame en acier 8Cr13MoV peut \u00eatre facilement aff\u00fbt\u00e9e avec des aiguiseurs ordinaires ou des aiguiseurs diamant\u00e9s. Il est recommand\u00e9 de nettoyer r\u00e9guli\u00e8rement la lame et de lubrifier le pivot avec de l&rsquo;huile pour couteau pour un fonctionnement fluide et une dur\u00e9e de vie plus longue. <\/p>\n<p>\ud83e\udded <strong>Utilisation et fonction :<\/strong> Excellent fermoir de loisirs pour un transport quotidien (EDC). Gr\u00e2ce \u00e0 son apparence \u00e9l\u00e9gante, il convient \u00e9galement comme accessoire pour la ville, mais il ne d\u00e9cevra pas lors d&rsquo;activit\u00e9s de plein air l\u00e9g\u00e8res. <\/p>\n<p>\u2694\ufe0f <strong>Avantages :<\/strong><\/p>\n<ul data-spread=\"false\">\n<li>Design \u00e9l\u00e9gant et unique par Ken Onion<\/li>\n<li>Ouverture facile et rapide gr\u00e2ce au flipper<\/li>\n<li>Verrouillage fiable de la doublure<\/li>\n<li>Construction l\u00e9g\u00e8re adapt\u00e9e \u00e0 un usage quotidien<\/li>\n<\/ul>\n<p>\u2696\ufe0f <strong>Inconv\u00e9nients :<\/strong><\/p>\n<ul data-spread=\"false\">\n<li>L&rsquo;acier 8Cr13MoV n\u00e9cessite un meulage plus fr\u00e9quent<\/li>\n<li>Clip non amovible de l&rsquo;autre c\u00f4t\u00e9 (port c\u00f4t\u00e9 droit uniquement)<\/li>\n<\/ul>\n<p><strong>Conclusion :<\/strong> Le couteau CRKT Bamboozled\u2122 n\u2019est pas seulement un outil pratique, c\u2019est une expression de personnalit\u00e9. Ses lignes \u00e9pur\u00e9es, sa poign\u00e9e marron en G10 et son ouverture rapide vous donneront une sensation de confiance et d&rsquo;\u00e9l\u00e9gance \u00e0 la fois. Si vous recherchez un couteau EDC alliant style, qualit\u00e9 et fonctionnalit\u00e9, vous venez de le trouver. Le CRKT Bamboozled\u2122 est un couteau qui ne vous laissera jamais tomber \u2013 et il est \u00e9galement \u00e9l\u00e9gant.   <\/p>\n<p>&nbsp;<\/p>\n","protected":false},"excerpt":{"rendered":"<p><strong>Le couteau CRKT Bamboozled\u2122 n&rsquo;est pas seulement un outil pratique, c&rsquo;est une expression de personnalit\u00e9. Ses lignes \u00e9pur\u00e9es, sa poign\u00e9e marron en G10 et son ouverture rapide vous donneront une sensation de confiance et d&rsquo;\u00e9l\u00e9gance \u00e0 la fois. Si vous recherchez un couteau EDC alliant style, qualit\u00e9 et fonctionnalit\u00e9, vous venez de le trouver. Le CRKT Bamboozled\u2122 est un couteau qui ne vous laissera jamais tomber \u2013 et il est \u00e9galement \u00e9l\u00e9gant.   <\/strong><\/p>\n<p>&nbsp;<\/p>\n","protected":false},"featured_media":400509,"comment_status":"open","ping_status":"closed","template":"","meta":[],"pwb-brand":[3762],"product_brand":[],"product_cat":[3700,3696],"product_tag":[4005],"class_list":{"0":"post-400616","1":"product","2":"type-product","3":"status-publish","4":"has-post-thumbnail","6":"pwb-brand-crkt-fr","7":"product_cat-couteaux-de-fermeture","8":"product_cat-des-couteaux","9":"product_tag-nouveau","11":"first","12":"instock","13":"sale","14":"taxable","15":"shipping-taxable","16":"purchasable","17":"product-type-simple"},"brands":[{"id":3762,"name":"CRKT","slug":"crkt-fr"}],"_links":{"self":[{"href":"https:\/\/www.moskito.cz\/fr\/wp-json\/wp\/v2\/product\/400616","targetHints":{"allow":["GET"]}}],"collection":[{"href":"https:\/\/www.moskito.cz\/fr\/wp-json\/wp\/v2\/product"}],"about":[{"href":"https:\/\/www.moskito.cz\/fr\/wp-json\/wp\/v2\/types\/product"}],"replies":[{"embeddable":true,"href":"https:\/\/www.moskito.cz\/fr\/wp-json\/wp\/v2\/comments?post=400616"}],"wp:featuredmedia":[{"embeddable":true,"href":"https:\/\/www.moskito.cz\/fr\/wp-json\/wp\/v2\/media\/400509"}],"wp:attachment":[{"href":"https:\/\/www.moskito.cz\/fr\/wp-json\/wp\/v2\/media?parent=400616"}],"wp:term":[{"taxonomy":"pwb-brand","embeddable":true,"href":"https:\/\/www.moskito.cz\/fr\/wp-json\/wp\/v2\/pwb-brand?post=400616"},{"taxonomy":"product_brand","embeddable":true,"href":"https:\/\/www.moskito.cz\/fr\/wp-json\/wp\/v2\/product_brand?post=400616"},{"taxonomy":"product_cat","embeddable":true,"href":"https:\/\/www.moskito.cz\/fr\/wp-json\/wp\/v2\/product_cat?post=400616"},{"taxonomy":"product_tag","embeddable":true,"href":"https:\/\/www.moskito.cz\/fr\/wp-json\/wp\/v2\/product_tag?post=400616"}],"curies":[{"name":"wp","href":"https:\/\/api.w.org\/{rel}","templated":true}]}}