{"id":400673,"date":"2025-04-23T14:47:58","date_gmt":"2025-04-23T14:04:05","guid":{"rendered":"https:\/\/www.moskito.cz\/produkt\/couteau-pliant-crkt-squid-black-2474\/"},"modified":"2025-05-07T11:29:45","modified_gmt":"2025-05-07T10:29:45","slug":"couteau-pliant-crkt-squid-black-2474","status":"publish","type":"product","link":"https:\/\/www.moskito.cz\/fr\/produkt\/couteau-pliant-crkt-squid-black-2474\/","title":{"rendered":"Couteau pliant CRKT Squid Black 2474"},"content":{"rendered":"<p data-pm-slice=\"1 1 []\">\ud83d\udd2a <strong>CRKT Squid\u2122 Button Lock noir CR-2474<\/strong><\/p>\n<p><strong>Longueur totale :<\/strong> 155 mm<br \/>\n<strong>Longueur de la lame :<\/strong> 60 mm<br \/>\n<strong>\u00c9paisseur de la lame :<\/strong> 2,5 mm<br \/>\n<strong>Longueur du couteau ferm\u00e9 :<\/strong> 95 mm<br \/>\n<strong>Poids :<\/strong> 85 g<br \/>\n<strong>Acier de la lame :<\/strong> 8Cr14MoV<br \/>\n<strong>Duret\u00e9 de l&rsquo;acier :<\/strong> 58-59 HRC<br \/>\n<strong>Mat\u00e9riau du manche :<\/strong> Acier inoxydable<br \/>\n<strong>Finition de surface de la lame :<\/strong> Stonewashed<br \/>\n<strong>Forme de la lame :<\/strong> Drop Point<br \/>\n<strong>Verrouillage :<\/strong> bouton de verrouillage<\/p>\n<div>\n<hr>\n<\/div>\n<h3>\ud83c\udf1f <strong>Description et caract\u00e9ristiques :<\/strong><\/h3>\n<p>Le bouton de verrouillage CRKT Squid\u2122 en noir est une version moderne du l\u00e9gendaire mod\u00e8le Squid, cette fois avec un m\u00e9canisme de verrouillage \u00e0 bouton intuitif pour une fermeture et une ouverture faciles et s\u00e9curis\u00e9es. Le design de Lucas Burnley allie un style minimaliste \u00e0 des performances maximales. Sa taille compacte et sa robustesse surprenante font de ce couteau un choix id\u00e9al pour le transport quotidien (EDC).  <\/p>\n<p>La lame en acier inoxydable 8Cr14MoV offre une durabilit\u00e9 fiable et un aff\u00fbtage facile. La forme de la lame Drop Point est universelle pour tous les usages courants. La surface d\u00e9lav\u00e9e augmente la r\u00e9sistance aux rayures et donne au couteau un aspect industriel. La poign\u00e9e en acier inoxydable s&rsquo;adapte parfaitement \u00e0 la main et semble solide et stable.   <\/p>\n<div>\n<hr>\n<\/div>\n<h3>\u2696\ufe0f <strong>Avantages et inconv\u00e9nients :<\/strong><\/h3>\n<p><strong>+<\/strong> Dimensions compactes adapt\u00e9es \u00e0 l&rsquo;EDC<br \/>\n<strong>+<\/strong> Construction en acier inoxydable de haute qualit\u00e9<br \/>\n<strong>+<\/strong> Le verrouillage des boutons assure une utilisation simple et s\u00fbre<br \/>\n<strong>+<\/strong> Excellent rapport qualit\u00e9\/prix<br \/>\n<strong>\u2212<\/strong> Une taille plus petite peut ne pas convenir \u00e0 des t\u00e2ches plus exigeantes<\/p>\n<div>\n<hr>\n<\/div>\n<h3>\ud83d\udcaa <strong>Utilisation et finalit\u00e9 :<\/strong><\/h3>\n<p>Le choix parfait pour un usage quotidien, l&rsquo;ouverture de colis, les petites coupures et tout ce qui se pr\u00e9sente \u00e0 vous au cours de la journ\u00e9e. Convient aux droitiers et aux gauchers. <\/p>\n<div>\n<hr>\n<\/div>\n<h3>\u2692\ufe0f <strong>Entretien et meulage :<\/strong><\/h3>\n<p>La lame en acier 8Cr14MoV peut \u00eatre facilement aff\u00fbt\u00e9e \u00e0 la maison \u00e0 l&rsquo;aide d&rsquo;un taille-crayon classique. Un nettoyage r\u00e9gulier du joint et du m\u00e9canisme est recommand\u00e9, id\u00e9alement avec une brosse s\u00e8che ou de l&rsquo;air comprim\u00e9. Utilisez de l\u2019huile min\u00e9rale ou de la graisse silicone pour lubrifier le m\u00e9canisme.  <\/p>\n<div>\n<hr>\n<\/div>\n<h3>\ud83c\udf1f <strong>:<\/strong><\/h3>\n<p>Si vous recherchez un couteau qui ne vous laissera pas tomber et qui a fi\u00e8re allure pour un transport quotidien, le CRKT Squid\u2122 Button Lock Black est le bon choix. Design minimaliste, fonctionnalit\u00e9 maximale. Obtenez un morceau d&rsquo;ing\u00e9nierie et de style am\u00e9ricain intelligent dans votre poche. Ce calmar vous soutiendra \u00e0 tout moment et en tout lieu.   <\/p>\n<p>&nbsp;<\/p>\n","protected":false},"excerpt":{"rendered":"<p><strong>Si vous recherchez un couteau qui ne vous laissera pas tomber et qui a fi\u00e8re allure pour un transport quotidien, le CRKT Squid\u2122 Button Lock Black est le bon choix. Design minimaliste, fonctionnalit\u00e9 maximale. Obtenez un morceau d&rsquo;ing\u00e9nierie et de style am\u00e9ricain intelligent dans votre poche. Ce calmar vous soutiendra \u00e0 tout moment et en tout lieu.   <\/strong><\/p>\n","protected":false},"featured_media":400565,"comment_status":"open","ping_status":"closed","template":"","meta":[],"pwb-brand":[3762],"product_brand":[],"product_cat":[3700,3696],"product_tag":[4005],"class_list":{"0":"post-400673","1":"product","2":"type-product","3":"status-publish","4":"has-post-thumbnail","6":"pwb-brand-crkt-fr","7":"product_cat-couteaux-de-fermeture","8":"product_cat-des-couteaux","9":"product_tag-nouveau","11":"first","12":"instock","13":"sale","14":"taxable","15":"shipping-taxable","16":"purchasable","17":"product-type-simple"},"brands":[{"id":3762,"name":"CRKT","slug":"crkt-fr"}],"_links":{"self":[{"href":"https:\/\/www.moskito.cz\/fr\/wp-json\/wp\/v2\/product\/400673","targetHints":{"allow":["GET"]}}],"collection":[{"href":"https:\/\/www.moskito.cz\/fr\/wp-json\/wp\/v2\/product"}],"about":[{"href":"https:\/\/www.moskito.cz\/fr\/wp-json\/wp\/v2\/types\/product"}],"replies":[{"embeddable":true,"href":"https:\/\/www.moskito.cz\/fr\/wp-json\/wp\/v2\/comments?post=400673"}],"wp:featuredmedia":[{"embeddable":true,"href":"https:\/\/www.moskito.cz\/fr\/wp-json\/wp\/v2\/media\/400565"}],"wp:attachment":[{"href":"https:\/\/www.moskito.cz\/fr\/wp-json\/wp\/v2\/media?parent=400673"}],"wp:term":[{"taxonomy":"pwb-brand","embeddable":true,"href":"https:\/\/www.moskito.cz\/fr\/wp-json\/wp\/v2\/pwb-brand?post=400673"},{"taxonomy":"product_brand","embeddable":true,"href":"https:\/\/www.moskito.cz\/fr\/wp-json\/wp\/v2\/product_brand?post=400673"},{"taxonomy":"product_cat","embeddable":true,"href":"https:\/\/www.moskito.cz\/fr\/wp-json\/wp\/v2\/product_cat?post=400673"},{"taxonomy":"product_tag","embeddable":true,"href":"https:\/\/www.moskito.cz\/fr\/wp-json\/wp\/v2\/product_tag?post=400673"}],"curies":[{"name":"wp","href":"https:\/\/api.w.org\/{rel}","templated":true}]}}