{"id":400834,"date":"2024-09-26T12:59:56","date_gmt":"2025-04-23T15:30:41","guid":{"rendered":"https:\/\/www.moskito.cz\/produkt\/noeud-papillon-boker-plus-faction-06ex115\/"},"modified":"2025-05-07T11:29:49","modified_gmt":"2025-05-07T10:29:49","slug":"noeud-papillon-boker-plus-faction-06ex115","status":"publish","type":"product","link":"https:\/\/www.moskito.cz\/fr\/produkt\/noeud-papillon-boker-plus-faction-06ex115\/","title":{"rendered":"Noeud papillon B\u00f6ker Plus Faction 06EX115"},"content":{"rendered":"<p>Noeud papillon <strong>B\u00f6ker Plus<\/strong> Faction 06EX115.<\/p>\n<p>Parmi les couteaux Balisong, le B\u00f6ker Plus Faction de Jakub Wieczorkiewicz occupe une place particuli\u00e8re. Une fois ouvert, il se pr\u00e9sente comme un couteau \u00e9l\u00e9gant pour gentleman, car les \u00e9videments habituels dans le manche pour ce type de couteau ont \u00e9t\u00e9 omis. Au lieu de cela, le concepteur de couteaux de Poltergeist Works s&rsquo;est concentr\u00e9 sur la solidit\u00e9 et la classe avec le mod\u00e8le B\u00f6ker Plus Faction. L&rsquo;\u00e9l\u00e9gant manche en titane avec une finition Bead Blast est \u00e9quilibr\u00e9 et fluide \u00e0 l&rsquo;usage et est attrayant dans n&rsquo;importe quelle position de la main. La lame en acier CPM-S-35VN g\u00e8re facilement m\u00eame les t\u00e2ches de coupe les plus exigeantes et est \u00e9quip\u00e9e d&rsquo;un ricas d\u00e9coratif \u00e0 l&rsquo;arri\u00e8re de la lame. Un clip de transport profond (Tip-Up\/r) et un \u00e9tui en feutre de haute qualit\u00e9 compl\u00e8tent l&rsquo;utilisation quotidienne du couteau papillon.     <\/p>\n<p>Marque : Boker Plus<br \/>\n Longueur de la lame : 10,20 cm<br \/>\n \u00c9paisseur de la lame : 3,50 mm<br \/>\n Poids : 133,00 g<br \/>\n Concepteur : Poltergeist Works<br \/>\n Mat\u00e9riau de la lame : S35VN<br \/>\n Mat\u00e9riau du manche : titane<br \/>\n Ouverture : Manuelle<br \/>\n Fermeture : Balisong<br \/>\n Couleur : Argent<br \/>\n Num\u00e9ro d&rsquo;article : 06EX115<\/p>\n<p>&nbsp;<\/p>\n","protected":false},"excerpt":{"rendered":"<p><strong>Parmi les couteaux Balisong, le B\u00f6ker Plus Faction de Jakub Wieczorkiewicz occupe une place particuli\u00e8re. Une fois ouvert, il se pr\u00e9sente comme un couteau \u00e9l\u00e9gant pour gentleman, car les \u00e9videments habituels dans le manche pour ce type de couteau ont \u00e9t\u00e9 omis.   <\/strong><\/p>\n<p><strong>Livraison gratuite.<\/strong><\/p>\n","protected":false},"featured_media":370721,"comment_status":"closed","ping_status":"closed","template":"","meta":[],"pwb-brand":[3799],"product_brand":[],"product_cat":[3700,3696,4026],"product_tag":[],"class_list":{"0":"post-400834","1":"product","2":"type-product","3":"status-publish","4":"has-post-thumbnail","6":"pwb-brand-boker-fr","7":"product_cat-couteaux-de-fermeture","8":"product_cat-des-couteaux","9":"product_cat-noeuds-papillon","11":"first","12":"outofstock","13":"taxable","14":"shipping-taxable","15":"purchasable","16":"product-type-simple"},"brands":[{"id":3799,"name":"Boker","slug":"boker-fr"}],"_links":{"self":[{"href":"https:\/\/www.moskito.cz\/fr\/wp-json\/wp\/v2\/product\/400834","targetHints":{"allow":["GET"]}}],"collection":[{"href":"https:\/\/www.moskito.cz\/fr\/wp-json\/wp\/v2\/product"}],"about":[{"href":"https:\/\/www.moskito.cz\/fr\/wp-json\/wp\/v2\/types\/product"}],"replies":[{"embeddable":true,"href":"https:\/\/www.moskito.cz\/fr\/wp-json\/wp\/v2\/comments?post=400834"}],"wp:featuredmedia":[{"embeddable":true,"href":"https:\/\/www.moskito.cz\/fr\/wp-json\/wp\/v2\/media\/370721"}],"wp:attachment":[{"href":"https:\/\/www.moskito.cz\/fr\/wp-json\/wp\/v2\/media?parent=400834"}],"wp:term":[{"taxonomy":"pwb-brand","embeddable":true,"href":"https:\/\/www.moskito.cz\/fr\/wp-json\/wp\/v2\/pwb-brand?post=400834"},{"taxonomy":"product_brand","embeddable":true,"href":"https:\/\/www.moskito.cz\/fr\/wp-json\/wp\/v2\/product_brand?post=400834"},{"taxonomy":"product_cat","embeddable":true,"href":"https:\/\/www.moskito.cz\/fr\/wp-json\/wp\/v2\/product_cat?post=400834"},{"taxonomy":"product_tag","embeddable":true,"href":"https:\/\/www.moskito.cz\/fr\/wp-json\/wp\/v2\/product_tag?post=400834"}],"curies":[{"name":"wp","href":"https:\/\/api.w.org\/{rel}","templated":true}]}}