{"id":400866,"date":"2024-11-22T09:21:03","date_gmt":"2025-04-24T05:58:54","guid":{"rendered":"https:\/\/www.moskito.cz\/produkt\/couteau-pliant-crkt-nucleus-5702\/"},"modified":"2025-05-07T11:29:51","modified_gmt":"2025-05-07T10:29:51","slug":"couteau-pliant-crkt-nucleus-5702","status":"publish","type":"product","link":"https:\/\/www.moskito.cz\/fr\/produkt\/couteau-pliant-crkt-nucleus-5702\/","title":{"rendered":"Couteau pliant CRKT Nucleus 5702"},"content":{"rendered":"<div class=\"flex-1 overflow-hidden @container\/thread\">\n<div class=\"h-full\">\n<div class=\"react-scroll-to-bottom--css-quzxw-79elbk h-full\">\n<div class=\"react-scroll-to-bottom--css-quzxw-1n7m0yu\">\n<div class=\"flex flex-col text-sm md:pb-9\">\n<article class=\"w-full scroll-mb-[var(--thread-trailing-height,150px)] text-token-text-primary focus-visible:outline-2 focus-visible:outline-offset-[-4px]\" dir=\"auto\" data-testid=\"conversation-turn-83\" data-scroll-anchor=\"true\">\n<div class=\"m-auto text-base py-[18px] px-3 md:px-4 w-full md:px-5 lg:px-4 xl:px-5\">\n<div class=\"mx-auto flex flex-1 gap-4 text-base md:gap-5 lg:gap-6 md:max-w-3xl\">\n<div class=\"group\/conversation-turn relative flex w-full min-w-0 flex-col agent-turn\">\n<div class=\"flex-col gap-1 md:gap-3\">\n<div class=\"flex max-w-full flex-col flex-grow\">\n<div class=\"min-h-8 text-message flex w-full flex-col items-end gap-2 whitespace-normal break-words text-start [.text-message+&amp;]:mt-5\" dir=\"auto\" data-message-author-role=\"assistant\" data-message-id=\"423f1961-ae63-4eb9-98ac-2adfd23f6c2c\" data-message-model-slug=\"gpt-4o-mini\">\n<div class=\"flex w-full flex-col gap-1 empty:hidden first:pt-[3px]\">\n<div class=\"markdown prose w-full break-words dark:prose-invert light\">\n<p><strong>Le couteau pliant CRKT Nucleus 5702<\/strong> est un couteau moderne et hautement fonctionnel, id\u00e9al pour le transport quotidien (EDC) et les petites activit\u00e9s de plein air. Ce mod\u00e8le est con\u00e7u par le c\u00e9l\u00e8bre designer Ken Onion et se distingue par <strong>son apparence moderne<\/strong> , <strong>ses mat\u00e9riaux de qualit\u00e9<\/strong> et <strong>ses propri\u00e9t\u00e9s m\u00e9caniques fiables<\/strong> . Il utilise le <strong>syst\u00e8me de roulement innovant IKBS<\/strong> pour une ouverture en douceur et poss\u00e8de une excellente <strong>ergonomie<\/strong> , ce qui en fait un compagnon tr\u00e8s agr\u00e9able pour les t\u00e2ches quotidiennes.  <\/p>\n<h3><strong>Principales caract\u00e9ristiques du CRKT Nucleus 5702&nbsp;:<\/strong><\/h3>\n<h4><strong>Lame:<\/strong><\/h4>\n<ul>\n<li><strong>Mat\u00e9riau :<\/strong> La lame est fabriqu\u00e9e en <strong>acier inoxydable 14C28N<\/strong> , un acier tr\u00e8s durable qui pr\u00e9sente une excellente <strong>r\u00e9sistance \u00e0 la corrosion<\/strong> et <strong>une bonne capacit\u00e9 \u00e0 conserver un tranchant<\/strong> . Ce mat\u00e9riau est tr\u00e8s appr\u00e9ci\u00e9 pour <strong>son \u00e9quilibre entre duret\u00e9<\/strong> et <strong>t\u00e9nacit\u00e9<\/strong> , qui assure une longue dur\u00e9e de vie et un entretien facile. <\/li>\n<li><strong>Forme de la lame :<\/strong> <strong>La forme de la lame \u00e0 pointe tombante<\/strong> est polyvalente, adapt\u00e9e \u00e0 <strong>la coupe g\u00e9n\u00e9rale<\/strong> ainsi qu&rsquo;aux t\u00e2ches plus exigeantes. Cette forme offre une pointe solide pour une coupe de pr\u00e9cision et est id\u00e9ale pour une large gamme d&rsquo;applications. <\/li>\n<li><strong>Traitement de surface :<\/strong> La lame est trait\u00e9e avec <strong>une finition par grenaillage<\/strong> , ce qui am\u00e9liore sa r\u00e9sistance aux rayures tout en lui donnant un aspect mat et \u00e9l\u00e9gant.<\/li>\n<\/ul>\n<h4><strong>Poign\u00e9e:<\/strong><\/h4>\n<ul>\n<li><strong>Mat\u00e9riau :<\/strong> La poign\u00e9e est en <strong>acier inoxydable<\/strong> avec <strong>une couche G10<\/strong> , ce qui assure <strong>une prise ferme et antid\u00e9rapante<\/strong> . La combinaison de ces mat\u00e9riaux apporte non seulement durabilit\u00e9 mais aussi esth\u00e9tique. <\/li>\n<li><strong>Design :<\/strong> Le couteau a un design minimaliste avec des lignes \u00e9pur\u00e9es, ce qui en fait un outil moderne et \u00e9l\u00e9gant. Le manche est con\u00e7u pour <strong>une prise en main confortable<\/strong> , m\u00eame lorsque le couteau est utilis\u00e9 pendant de longues p\u00e9riodes. <\/li>\n<\/ul>\n<h4><strong>M\u00e9canisme d&rsquo;ouverture :<\/strong><\/h4>\n<ul>\n<li><strong>Syst\u00e8me de roulement IKBS :<\/strong> Ce syst\u00e8me de roulement innovant permet une <strong>ouverture de la lame tr\u00e8s douce et rapide<\/strong> d&rsquo;une seule main. C\u2019est l\u2019un des principaux avantages de ce couteau, qui garantit une excellente exp\u00e9rience utilisateur. <\/li>\n<\/ul>\n<h4><strong>Verrouillage:<\/strong><\/h4>\n<ul>\n<li><strong>Verrouillage du cadre :<\/strong> Ce syst\u00e8me garantit que <strong>la lame est fermement verrouill\u00e9e<\/strong> en position ouverte. Le verrouillage du cadre est connu pour sa fiabilit\u00e9 et sa s\u00e9curit\u00e9, ce qui assure la confiance lors de l&rsquo;utilisation du couteau. <\/li>\n<\/ul>\n<h4><strong>Taille et poids :<\/strong><\/h4>\n<ul>\n<li><strong>Longueur de la lame :<\/strong> 80,98 mm (3,19&Prime;)<\/li>\n<li><strong>\u00c9paisseur de la lame :<\/strong> 3,20 mm (0,13&Prime;)<\/li>\n<li><strong>Longueur totale :<\/strong> 187,33 mm (7,38&Prime;)<\/li>\n<li><strong>Longueur pli\u00e9e :<\/strong> 106,35 mm (4,19&Prime;)<\/li>\n<li><strong>Poids :<\/strong> 87,88 g (3,10 oz), ce qui rend le couteau <strong>facilement transportable<\/strong> et <strong>confortable pour un transport quotidien<\/strong> .<\/li>\n<\/ul>\n<h4><strong>Clip de transport :<\/strong><\/h4>\n<ul>\n<li><strong>Clip de ceinture :<\/strong> Le couteau est \u00e9quip\u00e9 d&rsquo; <strong>un clip de transport rabattable<\/strong> qui permet un transport pratique dans une poche ou sur une ceinture, de sorte qu&rsquo;il est toujours \u00e0 port\u00e9e de main.<\/li>\n<\/ul>\n<h3><strong>Conception et utilisation :<\/strong><\/h3>\n<p><strong>Le CRKT Nucleus 5702<\/strong> est con\u00e7u pour \u00eatre <strong>un excellent outil de transport quotidien (EDC)<\/strong> . Il convient \u00e0 une large gamme d&rsquo;activit\u00e9s telles que <strong>la d\u00e9coupe, le tranchage<\/strong> ou <strong>la manutention de mat\u00e9riaux<\/strong> . Gr\u00e2ce \u00e0 sa conception et \u00e0 sa fabrication de qualit\u00e9, il est id\u00e9al pour <strong>les activit\u00e9s de plein air l\u00e9g\u00e8res<\/strong> et pour <strong>les t\u00e2ches quotidiennes<\/strong> , o\u00f9 vous appr\u00e9cierez sa facilit\u00e9 de manipulation et <strong>sa fiabilit\u00e9<\/strong> .  <\/p>\n<p>Le couteau convient \u00e9galement au <strong>camping<\/strong> , <strong>\u00e0 la randonn\u00e9e<\/strong> ou <strong>\u00e0 la chasse<\/strong> , o\u00f9 il peut servir non seulement d&rsquo;outil pour le traitement des mat\u00e9riaux, mais \u00e9galement d&rsquo;assistant fiable dans diverses activit\u00e9s de plein air.<\/p>\n<h3><strong>Caract\u00e9ristiques:<\/strong><\/h3>\n<ul>\n<li><strong>Mat\u00e9riau de la lame :<\/strong> acier inoxydable 14C28N<\/li>\n<li><strong>Forme de la lame :<\/strong> Pointe tombante<\/li>\n<li><strong>Finition de la lame :<\/strong> Bead Blast<\/li>\n<li><strong>Longueur de la lame :<\/strong> 80,98 mm (3,19&Prime;)<\/li>\n<li><strong>\u00c9paisseur de la lame :<\/strong> 3,20 mm (0,13&Prime;)<\/li>\n<li><strong>Longueur totale :<\/strong> 187,33 mm (7,38&Prime;)<\/li>\n<li><strong>Longueur pli\u00e9e :<\/strong> 106,35 mm (4,19&Prime;)<\/li>\n<li><strong>Poids :<\/strong> 87,88 g (3,10 oz)<\/li>\n<li><strong>Mat\u00e9riau du manche :<\/strong> Acier inoxydable avec couche G10<\/li>\n<li><strong>Style :<\/strong> Couteau pliant avec m\u00e9canisme <strong>de verrouillage du cadre<\/strong><\/li>\n<li><strong>Clip de transport :<\/strong> Oui, pour le transport <strong>rabattable<\/strong><\/li>\n<\/ul>\n<h3><strong>Conclusion:<\/strong><\/h3>\n<p><strong>Le CRKT Nucleus 5702<\/strong> est un <strong>couteau pliant<\/strong> de qualit\u00e9 qui offre <strong>une combinaison de design moderne<\/strong> , <strong>de mat\u00e9riaux fiables<\/strong> et <strong>de m\u00e9canismes innovants<\/strong> . Avec son <strong>syst\u00e8me de roulement IKBS<\/strong> , <strong>son m\u00e9canisme de verrouillage du cadre<\/strong> et <strong>son acier 14C28N de haute qualit\u00e9,<\/strong> ce couteau est un excellent choix pour le transport quotidien et un large \u00e9ventail de t\u00e2ches. Si vous recherchez un couteau <strong>ergonomique<\/strong> , <strong>fonctionnel<\/strong> et <strong>\u00e9l\u00e9gant<\/strong> , le CRKT Nucleus 5702 est un excellent choix.  <\/p>\n<\/div>\n<\/div>\n<\/div>\n<\/div>\n<div class=\"mb-2 flex gap-3 empty:hidden -ml-2\">\n<div class=\"items-center justify-start rounded-xl p-1 flex\">\n<div class=\"flex items-center\"><\/div>\n<\/div>\n<\/div>\n<div class=\"pr-2 lg:pr-0\"><\/div>\n<div class=\"mt-3 w-full empty:hidden\">\n<div class=\"text-center\"><\/div>\n<\/div>\n<\/div>\n<div class=\"absolute\">\n<div class=\"flex items-center justify-center\"><\/div>\n<\/div>\n<\/div>\n<\/div>\n<\/div>\n<\/article>\n<\/div>\n<\/div>\n<\/div>\n<\/div>\n<\/div>\n<div class=\"md:pt-0 dark:border-white\/20 md:border-transparent md:dark:border-transparent w-full\">\n<div>\n<div class=\"m-auto text-base px-3 md:px-4 w-full md:px-5 lg:px-4 xl:px-5\">\n<div class=\"mx-auto flex flex-1 gap-4 text-base md:gap-5 lg:gap-6 md:max-w-3xl\">\n<div class=\"flex justify-center\"><\/div>\n<\/div>\n<\/div>\n<\/div>\n<\/div>\n<p><iframe title=\"CRKT Nucleus | Princeton Wong Design\" width=\"800\" height=\"450\" src=\"https:\/\/www.youtube.com\/embed\/cBbYdfLNimQ?feature=oembed\" frameborder=\"0\" allow=\"accelerometer; autoplay; clipboard-write; encrypted-media; gyroscope; picture-in-picture; web-share\" referrerpolicy=\"strict-origin-when-cross-origin\" allowfullscreen><\/iframe><\/p>\n<p>&nbsp;<\/p>\n<p>&nbsp;<\/p>\n","protected":false},"excerpt":{"rendered":"<p><strong>Le CRKT Nucleus 5702 est un couteau pliant de qualit\u00e9 qui offre une combinaison de design moderne, de mat\u00e9riaux fiables et de m\u00e9canismes innovants. Avec son syst\u00e8me de roulement IKBS, son m\u00e9canisme de verrouillage du cadre et son acier 14C28N de haute qualit\u00e9, ce couteau est un excellent choix pour le transport quotidien et un large \u00e9ventail de t\u00e2ches. Si vous recherchez un couteau ergonomique, fonctionnel et \u00e9l\u00e9gant, le CRKT Nucleus 5702 est un excellent choix.  <\/strong><\/p>\n","protected":false},"featured_media":376289,"comment_status":"open","ping_status":"closed","template":"","meta":[],"pwb-brand":[3762],"product_brand":[],"product_cat":[3700,3696],"product_tag":[],"class_list":{"0":"post-400866","1":"product","2":"type-product","3":"status-publish","4":"has-post-thumbnail","6":"pwb-brand-crkt-fr","7":"product_cat-couteaux-de-fermeture","8":"product_cat-des-couteaux","10":"first","11":"instock","12":"sale","13":"taxable","14":"shipping-taxable","15":"purchasable","16":"product-type-simple"},"brands":[{"id":3762,"name":"CRKT","slug":"crkt-fr"}],"_links":{"self":[{"href":"https:\/\/www.moskito.cz\/fr\/wp-json\/wp\/v2\/product\/400866","targetHints":{"allow":["GET"]}}],"collection":[{"href":"https:\/\/www.moskito.cz\/fr\/wp-json\/wp\/v2\/product"}],"about":[{"href":"https:\/\/www.moskito.cz\/fr\/wp-json\/wp\/v2\/types\/product"}],"replies":[{"embeddable":true,"href":"https:\/\/www.moskito.cz\/fr\/wp-json\/wp\/v2\/comments?post=400866"}],"wp:featuredmedia":[{"embeddable":true,"href":"https:\/\/www.moskito.cz\/fr\/wp-json\/wp\/v2\/media\/376289"}],"wp:attachment":[{"href":"https:\/\/www.moskito.cz\/fr\/wp-json\/wp\/v2\/media?parent=400866"}],"wp:term":[{"taxonomy":"pwb-brand","embeddable":true,"href":"https:\/\/www.moskito.cz\/fr\/wp-json\/wp\/v2\/pwb-brand?post=400866"},{"taxonomy":"product_brand","embeddable":true,"href":"https:\/\/www.moskito.cz\/fr\/wp-json\/wp\/v2\/product_brand?post=400866"},{"taxonomy":"product_cat","embeddable":true,"href":"https:\/\/www.moskito.cz\/fr\/wp-json\/wp\/v2\/product_cat?post=400866"},{"taxonomy":"product_tag","embeddable":true,"href":"https:\/\/www.moskito.cz\/fr\/wp-json\/wp\/v2\/product_tag?post=400866"}],"curies":[{"name":"wp","href":"https:\/\/api.w.org\/{rel}","templated":true}]}}