{"id":401153,"date":"2025-04-30T13:54:26","date_gmt":"2025-04-30T12:54:26","guid":{"rendered":"https:\/\/www.moskito.cz\/?post_type=product&#038;p=401153"},"modified":"2025-05-07T11:29:52","modified_gmt":"2025-05-07T10:29:52","slug":"zaviraci-nuz-crkt-kinematic-provoke-karambit-stonewashed-4041gr","status":"publish","type":"product","link":"https:\/\/www.moskito.cz\/fr\/produkt\/zaviraci-nuz-crkt-kinematic-provoke-karambit-stonewashed-4041gr\/","title":{"rendered":"Zav\u00edrac\u00ed N\u016f\u017e CRKT Kinematic Provoke Karambit Stonewashed 4041GR"},"content":{"rendered":"<h1 data-pm-slice=\"1 1 []\">Zav\u00edrac\u00ed N\u016f\u017e CRKT Kinematic Provoke Karambit Stonewashed 4041GR<\/h1>\n<h2>V\u00fdkonn\u00fd morfovac\u00ed karambit s futuristick\u00fdm srdcem<\/h2>\n<p><strong>Provoke Karambit 4041GR<\/strong> nen\u00ed jen tak oby\u010dejn\u00fd n\u016f\u017e \u2013 je to technick\u00fd z\u00e1zrak, kter\u00fd spojuje d\u00e1vn\u00e9 bojov\u00e9 tradice s nejmodern\u011bj\u0161\u00ed technologi\u00ed. D\u00edky patentovan\u00e9 technologii <strong>Kinematic\u00ae<\/strong> se \u010depel otev\u00edr\u00e1 zcela jin\u00fdm zp\u016fsobem ne\u017e b\u011b\u017en\u00e9 zav\u00edrac\u00ed no\u017ee \u2013 <strong>morfuje<\/strong> do sv\u00e9 otev\u0159en\u00e9 podoby pouh\u00fdm tlakem palce.<\/p>\n<h2>Specifikace:<\/h2>\n<ul data-spread=\"false\">\n<li><strong>Celkov\u00e1 d\u00e9lka:<\/strong> 19,9 cm<\/li>\n<li><strong>D\u00e9lka \u010depele:<\/strong> 6,2 cm<\/li>\n<li><strong>Ocel \u010depele:<\/strong> Nerezov\u00e1 ocel 1.4116 (stonewashed)<\/li>\n<li><strong>Tvar \u010depele:<\/strong> Hawkbill (karambit styl)<\/li>\n<li><strong>Materi\u00e1l rukojeti:<\/strong> Grivory (kovov\u011b modr\u00fd termoplast)<\/li>\n<li><strong>Povrchov\u00e1 \u00faprava:<\/strong> Stonewashed<\/li>\n<li><strong>Hmotnost:<\/strong> 105 g<\/li>\n<li><strong>Mechanismus:<\/strong> Kinematic\u00ae s palcov\u00fdm ovl\u00e1d\u00e1n\u00edm<\/li>\n<li><strong>Kapesn\u00ed klip:<\/strong> N\u00edzkoprofilov\u00fd, patentovan\u00fd design<\/li>\n<\/ul>\n<h2>V\u00fdkonn\u00fd morfovac\u00ed karambit<\/h2>\n<p><strong>Slou\u017eit. Chr\u00e1nit.<\/strong> Morfovac\u00ed n\u016f\u017e <strong>Provoke Sage Green<\/strong> \u010derp\u00e1 ze starov\u011bk\u00e9ho designu, ale skr\u00fdv\u00e1 futuristick\u00e9 tajemstv\u00ed. V\u016fbec prvn\u00ed n\u016f\u017e s technologi\u00ed <strong>Kinematic\u00ae<\/strong>, p\u0159i p\u0159eprav\u011b z\u016fst\u00e1v\u00e1 \u00fahledn\u011b schovan\u00fd a o\u017e\u00edv\u00e1, kdy\u017e nastanou pot\u00ed\u017ee. Nyn\u00ed je vyroben z Grivory \u2013 pevn\u00e9ho, \u200b\u200blehk\u00e9ho, zkonstruovan\u00e9ho termoplastu \u2013 je leh\u010d\u00ed, obratn\u011bj\u0161\u00ed a vyroben tak, aby \u0161el kamkoli.<\/p>\n<h2>P\u0159\u00edb\u011bh a design<\/h2>\n<p>V <strong>CRKT<\/strong> pova\u017euj\u00ed design\u00e9ra <strong>Joe Caswella<\/strong> za pon\u011bkud \u0161\u00edlen\u00e9ho v\u011bdce. Kdy\u017e si prohl\u00e9dli jeho skici, kter\u00e9 se m\u011bly st\u00e1t Provokem \u2013 navr\u017een\u00fdm v <strong>Newbury Park v Kalifornii<\/strong> \u2013 v\u011bd\u011bli, \u017ee je p\u0159edur\u010den st\u00e1t se jedn\u00edm z <strong>nejinovativn\u011bj\u0161\u00edch n\u00e1vrh\u00e1\u0159\u016f<\/strong> v historii no\u017e\u016f. \u010cepel ve stylu hawkbill, inspirovan\u00e1 tradi\u010dn\u00edm karambitem, je vykov\u00e1na z kvalitn\u00ed <strong>nerezov\u00e9 oceli<\/strong> s povrchovou \u00fapravou <strong>stonewashed<\/strong> pro vysokou odolnost.<\/p>\n<h2>Mechanismus budoucnosti<\/h2>\n<p>Otev\u00edrac\u00ed mechanismus t\u00e1hne slo\u017eku do budoucnosti, a\u0165 u\u017e je p\u0159ipraven\u00e1 nebo ne. <strong>Tlak palce na horn\u00ed p\u0159\u00ed\u010dku<\/strong> uvede do pohybu \u0159et\u011bzovou reakci, kter\u00e1 vyst\u0159el\u00ed \u010depel do akce, zat\u00edmco rukoje\u0165 z\u016fst\u00e1v\u00e1 bezpe\u010dn\u011b v ruce. Vyrobeno z <strong>kovov\u011b modr\u00e9ho Grivory<\/strong>, super odoln\u00e9ho a lehk\u00e9ho termoplastu pro snadnou p\u0159epravu. Kapesn\u00ed spona v typick\u00e9m stylu Joe Caswella sed\u00ed t\u00e9m\u011b\u0159 <strong>zcela v jedn\u00e9 rovin\u011b s rukojet\u00ed<\/strong> a aktivuje se rovn\u011b\u017e lehk\u00fdm tlakem palce.<\/p>\n<h2>Jak funguje Kinematic\u00ae<\/h2>\n<p>Zatla\u010dte palcem do horn\u00ed p\u0159\u00ed\u010dky \u2013 zat\u00edmco ostatn\u00ed prsty pevn\u011b uchopte rukoje\u0165 \u2013 a \u010depel se o\u017eiv\u00ed a zapadne na m\u00edsto. Posu\u0148te diskr\u00e9tn\u00ed p\u00e1ku na z\u00e1kladn\u011b smy\u010dky pro prsty a \u010depel se st\u00e1hne do sv\u00e9 zav\u0159en\u00e9 polohy.<\/p>\n<h2>V\u00fdhody:<\/h2>\n<p>\u2705 Extr\u00e9mn\u011b rychl\u00e9 a intuitivn\u00ed otev\u00edr\u00e1n\u00ed d\u00edky syst\u00e9mu Kinematic\u00ae<br \/>\n\u2705 Karambit tvar \u010depele pro v\u00fdborn\u00e9 \u0159ezn\u00e9 schopnosti a taktickou pou\u017eitelnost<br \/>\n\u2705 Lehk\u00e1, ale odoln\u00e1 konstrukce z Grivory<br \/>\n\u2705 Origin\u00e1ln\u00ed design Joe Caswella \u2013 sv\u011btov\u00fd unik\u00e1t<br \/>\n\u2705 Patentovan\u00e1 kapesn\u00ed spona t\u00e9m\u011b\u0159 v rovin\u011b rukojeti<\/p>\n<h2>Nev\u00fdhody:<\/h2>\n<p>\u274c Nen\u00ed ide\u00e1ln\u00ed pro klasick\u00e9 EDC \u00fakony (nap\u0159. kr\u00e1jen\u00ed j\u00eddla)<br \/>\n\u274c Vy\u0161\u0161\u00ed cena za inovaci a pr\u00e9miov\u00fd design<\/p>\n<h2>\u00dadr\u017eba a brou\u0161en\u00ed:<\/h2>\n<ul data-spread=\"false\">\n<li>Doporu\u010dujeme <strong>brou\u0161en\u00ed pomoc\u00ed keramick\u00fdch kamen\u016f<\/strong> \u010di profesion\u00e1ln\u00edch sad pro karambitov\u00e9 \u010depele.<\/li>\n<li>Pro zachov\u00e1n\u00ed plynul\u00e9ho chodu mechanismu <strong>pravideln\u011b \u010dist\u011bte a lehce promaz\u00e1vejte<\/strong> spoje a \u010depy.<\/li>\n<li>Rukoje\u0165 lze snadno ot\u0159\u00edt vlhk\u00fdm had\u0159\u00edkem \u2013 Grivory odol\u00e1v\u00e1 v\u011bt\u0161in\u011b ne\u010distot.<\/li>\n<\/ul>\n<h2>Porovn\u00e1n\u00ed s jin\u00fdmi modely:<\/h2>\n<table>\n<tbody>\n<tr>\n<th>Model<\/th>\n<th>Otev\u00edr\u00e1n\u00ed<\/th>\n<th>Materi\u00e1l rukojeti<\/th>\n<th>Pou\u017eit\u00ed<\/th>\n<th>Hmotnost<\/th>\n<\/tr>\n<tr>\n<td><strong>Provoke 4041GR<\/strong><\/td>\n<td>Kinematic\u00ae<\/td>\n<td>Grivory<\/td>\n<td>Taktick\u00e9\/EDC<\/td>\n<td>105 g<\/td>\n<\/tr>\n<tr>\n<td>CRKT M16-12Z<\/td>\n<td>Flipper<\/td>\n<td>Zytel<\/td>\n<td>EDC<\/td>\n<td>110 g<\/td>\n<\/tr>\n<tr>\n<td>Extrema Ratio T911 Rescue<\/td>\n<td>Frame Lock<\/td>\n<td>Hlin\u00edk<\/td>\n<td>Z\u00e1chran\u00e1\u0159sk\u00fd<\/td>\n<td>220 g<\/td>\n<\/tr>\n<tr>\n<td>Benchmade SOCP Folder<\/td>\n<td>Axis Lock<\/td>\n<td>G10<\/td>\n<td>Bojov\u00fd<\/td>\n<td>130 g<\/td>\n<\/tr>\n<\/tbody>\n<\/table>\n<h2>Re\u00e1ln\u00e9 zku\u0161enosti u\u017eivatel\u016f:<\/h2>\n<p>\ud83d\udde8\ufe0f <em>\u00ab\u00a0Mechanismus Kinematic je naprosto n\u00e1vykov\u00fd! N\u016f\u017e vypad\u00e1 jako z budoucnosti, ale funguje s absolutn\u00ed p\u0159esnost\u00ed.\u00a0\u00bb<\/em> \u2013 Martin K.<br \/>\n\ud83d\udde8\ufe0f <em>\u00ab\u00a0Pou\u017e\u00edv\u00e1m ho pro tr\u00e9nink s karambity a je to rozhodn\u011b jeden z nejbezpe\u010dn\u011bj\u0161\u00edch a nejkvalitn\u011bj\u0161\u00edch model\u016f na trhu.\u00a0\u00bb<\/em> \u2013 Jakub P.<\/p>\n<h2>Emo\u010dn\u00ed apel a z\u00e1v\u011br:<\/h2>\n<p>Pokud hled\u00e1te <strong>n\u016f\u017e, kter\u00fd vy\u010dn\u00edv\u00e1 z davu<\/strong>, je <strong>funk\u010dn\u00ed i sb\u011bratelsky jedine\u010dn\u00fd<\/strong>, CRKT Provoke 4041GR je p\u0159esn\u011b pro v\u00e1s. Jeho <strong>technologick\u00fd p\u0159\u00edstup, bezpe\u010dnost a design<\/strong> z n\u011bj d\u011blaj\u00ed nezam\u011bniteln\u00fd kousek ve sv\u011bt\u011b taktick\u00fdch no\u017e\u016f. Ne\u010dekejte, a\u017e zmiz\u00ed z trhu \u2013 <strong>z\u00edskejte kousek budoucnosti u\u017e dnes<\/strong>.<\/p>\n<p><iframe title=\"CRKT Provoke\u00ae Grivory\u00ae | Joe Caswell Design\" width=\"800\" height=\"450\" src=\"https:\/\/www.youtube.com\/embed\/dumeeXaPnNA?feature=oembed\" frameborder=\"0\" allow=\"accelerometer; autoplay; clipboard-write; encrypted-media; gyroscope; picture-in-picture; web-share\" referrerpolicy=\"strict-origin-when-cross-origin\" allowfullscreen><\/iframe><\/p>\n<p>&nbsp;<\/p>\n","protected":false},"excerpt":{"rendered":"<p><strong>Pokud hled\u00e1te n\u016f\u017e, kter\u00fd vy\u010dn\u00edv\u00e1 z davu, je funk\u010dn\u00ed i sb\u011bratelsky jedine\u010dn\u00fd, CRKT Provoke 4041GR je p\u0159esn\u011b pro v\u00e1s. Jeho technologick\u00fd p\u0159\u00edstup, bezpe\u010dnost a design z n\u011bj d\u011blaj\u00ed nezam\u011bniteln\u00fd kousek ve sv\u011bt\u011b taktick\u00fdch no\u017e\u016f. Ne\u010dekejte, a\u017e zmiz\u00ed z trhu \u2013 z\u00edskejte kousek budoucnosti u\u017e dnes.<\/strong><\/p>\n<p>&nbsp;<\/p>\n","protected":false},"featured_media":401154,"comment_status":"open","ping_status":"closed","template":"","meta":[],"pwb-brand":[209],"product_brand":[],"product_cat":[22,2062,17],"product_tag":[],"class_list":{"0":"post-401153","1":"product","2":"type-product","3":"status-publish","4":"has-post-thumbnail","6":"pwb-brand-crkt","7":"product_cat-zaviraci-noze","8":"product_cat-karambity","9":"product_cat-noze","11":"first","12":"instock","13":"taxable","14":"shipping-taxable","15":"purchasable","16":"product-type-simple"},"brands":[{"id":209,"name":"CRKT","slug":"crkt"}],"_links":{"self":[{"href":"https:\/\/www.moskito.cz\/fr\/wp-json\/wp\/v2\/product\/401153","targetHints":{"allow":["GET"]}}],"collection":[{"href":"https:\/\/www.moskito.cz\/fr\/wp-json\/wp\/v2\/product"}],"about":[{"href":"https:\/\/www.moskito.cz\/fr\/wp-json\/wp\/v2\/types\/product"}],"replies":[{"embeddable":true,"href":"https:\/\/www.moskito.cz\/fr\/wp-json\/wp\/v2\/comments?post=401153"}],"wp:featuredmedia":[{"embeddable":true,"href":"https:\/\/www.moskito.cz\/fr\/wp-json\/wp\/v2\/media\/401154"}],"wp:attachment":[{"href":"https:\/\/www.moskito.cz\/fr\/wp-json\/wp\/v2\/media?parent=401153"}],"wp:term":[{"taxonomy":"pwb-brand","embeddable":true,"href":"https:\/\/www.moskito.cz\/fr\/wp-json\/wp\/v2\/pwb-brand?post=401153"},{"taxonomy":"product_brand","embeddable":true,"href":"https:\/\/www.moskito.cz\/fr\/wp-json\/wp\/v2\/product_brand?post=401153"},{"taxonomy":"product_cat","embeddable":true,"href":"https:\/\/www.moskito.cz\/fr\/wp-json\/wp\/v2\/product_cat?post=401153"},{"taxonomy":"product_tag","embeddable":true,"href":"https:\/\/www.moskito.cz\/fr\/wp-json\/wp\/v2\/product_tag?post=401153"}],"curies":[{"name":"wp","href":"https:\/\/api.w.org\/{rel}","templated":true}]}}