{"id":405894,"date":"2025-06-10T20:05:54","date_gmt":"2025-06-10T19:05:54","guid":{"rendered":"https:\/\/www.moskito.cz\/?post_type=product&#038;p=405894"},"modified":"2025-12-31T18:24:30","modified_gmt":"2025-12-31T17:24:30","slug":"pevny-nuz-spyderco-ark-salt-fb35pbk","status":"publish","type":"product","link":"https:\/\/www.moskito.cz\/fr\/produkt\/pevny-nuz-spyderco-ark-salt-fb35pbk\/","title":{"rendered":"Pevn\u00fd N\u016f\u017e Spyderco ARK Salt FB35PBK"},"content":{"rendered":"<h3 data-pm-slice=\"1 3 []\"><strong>Spyderco ARK Salt FB35PBK<\/strong> \u2013 Mal\u00fd n\u016f\u017e s velk\u00fdm posl\u00e1n\u00edm<\/h3>\n<p><strong>Spyderco ARK (Always Ready Knife) Salt FB35PBK<\/strong> nen\u00ed jen n\u00e1stroj \u2013 je to osobn\u00ed jistota v nejist\u00e9m sv\u011bt\u011b. Navr\u017een jako <strong>extr\u00e9mn\u011b lehk\u00fd sebeobrann\u00fd n\u016f\u017e<\/strong> pro ka\u017edodenn\u00ed no\u0161en\u00ed na t\u011ble, je neust\u00e1le p\u0159ipraven chr\u00e1nit sv\u00e9ho majitele, a to i v t\u011bch nejextr\u00e9mn\u011bj\u0161\u00edch podm\u00ednk\u00e1ch \u2013 v\u010detn\u011b trvale vlhk\u00e9ho, slan\u00e9ho a potn\u00edho prost\u0159ed\u00ed.<\/p>\n<p>Vznikl na z\u00e1klad\u011b re\u00e1ln\u00e9 pot\u0159eby: dv\u011bma voj\u00e1k\u016fm z n\u00e1mo\u0159n\u00ed p\u011bchoty USA chyb\u011bl spolehliv\u00fd, lehk\u00fd a vod\u011bodoln\u00fd n\u016f\u017e, kter\u00fd by mohli nosit na krku p\u0159i b\u011b\u017en\u00e9 slu\u017eb\u011b i v boji. V\u00fdsledkem je ARK \u2013 <strong>kompaktn\u00ed, odoln\u00fd a v\u017edy p\u0159ipraven\u00fd<\/strong>.<\/p>\n<p>\ud83d\udde1\ufe0f <strong>\u010cepel pro extr\u00e9mn\u00ed podm\u00ednky<\/strong><br \/>\n\u010cepel o d\u00e9lce 63 mm je vyrobena z <strong>oceli H-1<\/strong>, kter\u00e1 je <strong>zcela nerezov\u00e1<\/strong>, proto\u017ee m\u00edsto uhl\u00edku obsahuje dus\u00edk. Tato jedine\u010dn\u00e1 ocel je odoln\u00e1 proti korozi i v mo\u0159sk\u00e9 vod\u011b, a p\u0159itom si zachov\u00e1v\u00e1 dobrou retenci ost\u0159\u00ed \u2013 ide\u00e1ln\u00ed pro ka\u017edodenn\u00ed \u0159ez\u00e1n\u00ed i nouzov\u00e9 pou\u017eit\u00ed.<\/p>\n<p>Tvar \u010depele <strong>drop point<\/strong> s jemn\u00fdm b\u0159item <strong>PlainEdge<\/strong> zaji\u0161\u0165uje dobr\u00fd \u0159ezn\u00fd v\u00fdkon p\u0159i obran\u011b i jemn\u011bj\u0161\u00edch \u00fakolech.<\/p>\n<p>\ud83d\udcaa <strong>Lehk\u00fd, ale jist\u00fd \u00fachop<\/strong><br \/>\nRukoje\u0165 z <strong>FRN (fiberglass-reinforced nylon)<\/strong> s <strong>bi-direction\u00e1ln\u00ed texturou<\/strong> poskytuje bezpe\u010dn\u00fd a jist\u00fd \u00fachop i s mokr\u00fdma nebo zpocen\u00fdma rukama. D\u00edky zaoblen\u00e9mu tvaru padne do ka\u017ed\u00e9 ruky bez ohledu na velikost. Celkov\u00e1 konstrukce je pevn\u00e1, ale neuv\u011b\u0159iteln\u011b lehk\u00e1 \u2013 cel\u00fd n\u016f\u017e v\u00e1\u017e\u00ed <strong>pouze 57 gram\u016f<\/strong>, v\u010detn\u011b pouzdra!<\/p>\n<p>\u26ab <strong>No\u0161en\u00ed bez starost\u00ed<\/strong><br \/>\nSou\u010d\u00e1st\u00ed balen\u00ed je <strong>lehk\u00e9 polymerov\u00e9 pouzdro<\/strong> kompatibiln\u00ed s <strong>paracordem nebo kuli\u010dkov\u00fdm \u0159et\u00edzkem<\/strong> pro pohodln\u00e9 a skryt\u00e9 no\u0161en\u00ed na krku (neck knife). ARK Salt je navr\u017een tak, aby byl po ruce i v t\u011bch chv\u00edl\u00edch, kdy jin\u00e9 n\u00e1stroje nejsou dostupn\u00e9.<\/p>\n<p>\ud83e\uddfc <strong>\u00dadr\u017eba? T\u00e9m\u011b\u0159 \u017e\u00e1dn\u00e1<\/strong><br \/>\nD\u00edky oceli H-1 nepot\u0159ebuje ARK Salt prakticky \u017e\u00e1dnou p\u00e9\u010di. Po pou\u017eit\u00ed sta\u010d\u00ed opl\u00e1chnout a je p\u0159ipraven znovu slou\u017eit. Nerezne, ne\u0161pin\u00ed se a jeho \u010depel si dr\u017e\u00ed ost\u0159\u00ed p\u0159ekvapiv\u011b dlouho na to, jak je hou\u017eevnat\u00e1.<\/p>\n<p>\u2764\ufe0f <strong>S\u00edla, kterou c\u00edt\u00ed\u0161 na krku<\/strong><br \/>\nSpyderco ARK Salt je n\u00e1stroj, kter\u00fd ti p\u0159id\u00e1 klid. V\u00ed\u0161, \u017ee ho m\u00e1\u0161. V\u00ed\u0161, \u017ee funguje. A v\u00ed\u0161, \u017ee nezklame, kdy\u017e na tom bude z\u00e1le\u017eet nejv\u00edc. Je to ultim\u00e1tn\u00ed minimalistick\u00fd obrann\u00fd n\u016f\u017e \u2013 tak lehk\u00fd, \u017ee o n\u011bm zapomene\u0161, ale tak schopn\u00fd, \u017ee ho nikdy nebude\u0161 cht\u00edt d\u00e1t z ruky.<\/p>\n<p>\u2705 <strong>Z\u00e1v\u011br \u2013 Minimalismus, kter\u00e9mu m\u016f\u017ee\u0161 v\u011b\u0159it<\/strong><br \/>\n<strong>Spyderco ARK Salt FB35PBK<\/strong> je ide\u00e1ln\u00ed volbou pro ty, kdo hledaj\u00ed <strong>spolehliv\u00fd, odoln\u00fd a vod\u011bodoln\u00fd n\u016f\u017e<\/strong> pro ka\u017edodenn\u00ed no\u0161en\u00ed na t\u011ble \u2013 a\u0165 u\u017e z d\u016fvodu obrany, bezpe\u010dnosti nebo jako z\u00e1lo\u017en\u00ed n\u00e1stroj pro extr\u00e9mn\u00ed podm\u00ednky. Kdy\u017e pot\u0159ebuje\u0161 b\u00fdt p\u0159ipraven v\u017edy a v\u0161ude \u2013 ARK je odpov\u011b\u010f.<\/p>\n<div>\n<hr \/>\n<\/div>\n<p>\ud83d\udcd0 <strong>Technick\u00e9 parametry<\/strong><\/p>\n<table>\n<tbody>\n<tr>\n<th>Vlastnost<\/th>\n<th>Hodnota<\/th>\n<\/tr>\n<tr>\n<td><strong>Model<\/strong><\/td>\n<td>Spyderco ARK Salt FB35PBK<\/td>\n<\/tr>\n<tr>\n<td><strong>Design\u00e9\u0159i<\/strong><\/td>\n<td>John Shirley &amp; Sam Owens<\/td>\n<\/tr>\n<tr>\n<td><strong>Zem\u011b v\u00fdroby<\/strong><\/td>\n<td>Japonsko<\/td>\n<\/tr>\n<tr>\n<td><strong>D\u00e9lka \u010depele<\/strong><\/td>\n<td>63 mm<\/td>\n<\/tr>\n<tr>\n<td><strong>Celkov\u00e1 d\u00e9lka<\/strong><\/td>\n<td>127 mm<\/td>\n<\/tr>\n<tr>\n<td><strong>Tlou\u0161\u0165ka \u010depele<\/strong><\/td>\n<td>2,5 mm<\/td>\n<\/tr>\n<tr>\n<td><strong>Materi\u00e1l \u010depele<\/strong><\/td>\n<td>H-1 (zcela nerezov\u00e1 ocel)<\/td>\n<\/tr>\n<tr>\n<td><strong>Tvar \u010depele<\/strong><\/td>\n<td>Drop point<\/td>\n<\/tr>\n<tr>\n<td><strong>Ost\u0159\u00ed<\/strong><\/td>\n<td>PlainEdge (hladk\u00e9)<\/td>\n<\/tr>\n<tr>\n<td><strong>Rukoje\u0165<\/strong><\/td>\n<td>FRN s texturou (\u010dern\u00e1)<\/td>\n<\/tr>\n<tr>\n<td><strong>Pouzdro<\/strong><\/td>\n<td>Polymerov\u00e9, s otvory pro paracord<\/td>\n<\/tr>\n<tr>\n<td><strong>Z\u00e1mek<\/strong><\/td>\n<td>Ne \u2013 full-tang konstrukce (pevn\u00fd n\u016f\u017e)<\/td>\n<\/tr>\n<tr>\n<td><strong>Hmotnost<\/strong><\/td>\n<td>57 g (v\u010detn\u011b pouzdra)<\/td>\n<\/tr>\n<\/tbody>\n<\/table>\n","protected":false},"excerpt":{"rendered":"<p><strong>Spyderco ARK Salt je n\u00e1stroj, kter\u00fd ti p\u0159id\u00e1 klid. V\u00ed\u0161, \u017ee ho m\u00e1\u0161. V\u00ed\u0161, \u017ee funguje. A v\u00ed\u0161, \u017ee nezklame, kdy\u017e na tom bude z\u00e1le\u017eet nejv\u00edc. Je to ultim\u00e1tn\u00ed minimalistick\u00fd obrann\u00fd n\u016f\u017e \u2013 tak lehk\u00fd, \u017ee o n\u011bm zapomene\u0161, ale tak schopn\u00fd, \u017ee ho nikdy nebude\u0161 cht\u00edt d\u00e1t z ruky.<\/strong><\/p>\n<p>&nbsp;<\/p>\n","protected":false},"featured_media":405895,"comment_status":"open","ping_status":"closed","template":"","meta":[],"pwb-brand":[567],"product_brand":[],"product_cat":[17,23],"product_tag":[],"class_list":{"0":"post-405894","1":"product","2":"type-product","3":"status-publish","4":"has-post-thumbnail","6":"pwb-brand-spyderco","7":"product_cat-noze","8":"product_cat-pevne-noze","10":"first","11":"instock","12":"taxable","13":"shipping-taxable","14":"purchasable","15":"product-type-simple"},"brands":[{"id":567,"name":"Spyderco","slug":"spyderco"}],"_links":{"self":[{"href":"https:\/\/www.moskito.cz\/fr\/wp-json\/wp\/v2\/product\/405894","targetHints":{"allow":["GET"]}}],"collection":[{"href":"https:\/\/www.moskito.cz\/fr\/wp-json\/wp\/v2\/product"}],"about":[{"href":"https:\/\/www.moskito.cz\/fr\/wp-json\/wp\/v2\/types\/product"}],"replies":[{"embeddable":true,"href":"https:\/\/www.moskito.cz\/fr\/wp-json\/wp\/v2\/comments?post=405894"}],"wp:featuredmedia":[{"embeddable":true,"href":"https:\/\/www.moskito.cz\/fr\/wp-json\/wp\/v2\/media\/405895"}],"wp:attachment":[{"href":"https:\/\/www.moskito.cz\/fr\/wp-json\/wp\/v2\/media?parent=405894"}],"wp:term":[{"taxonomy":"pwb-brand","embeddable":true,"href":"https:\/\/www.moskito.cz\/fr\/wp-json\/wp\/v2\/pwb-brand?post=405894"},{"taxonomy":"product_brand","embeddable":true,"href":"https:\/\/www.moskito.cz\/fr\/wp-json\/wp\/v2\/product_brand?post=405894"},{"taxonomy":"product_cat","embeddable":true,"href":"https:\/\/www.moskito.cz\/fr\/wp-json\/wp\/v2\/product_cat?post=405894"},{"taxonomy":"product_tag","embeddable":true,"href":"https:\/\/www.moskito.cz\/fr\/wp-json\/wp\/v2\/product_tag?post=405894"}],"curies":[{"name":"wp","href":"https:\/\/api.w.org\/{rel}","templated":true}]}}