{"id":411260,"date":"2025-03-17T13:43:27","date_gmt":"2025-03-17T12:43:27","guid":{"rendered":"https:\/\/www.moskito.cz\/produkt\/couteau-beltrame-en-corne-de-buffle-28-cm\/"},"modified":"2025-06-27T10:46:09","modified_gmt":"2025-06-27T09:46:09","slug":"couteau-beltrame-en-corne-de-buffle-28-cm","status":"publish","type":"product","link":"https:\/\/www.moskito.cz\/fr\/produkt\/couteau-beltrame-en-corne-de-buffle-28-cm\/","title":{"rendered":"Couteau Beltrame en corne de buffle 28 cm"},"content":{"rendered":"<p data-start=\"67\" data-end=\"120\">\ud83d\udd25 <strong data-start=\"70\" data-end=\"118\">Couteau en corne de buffle Beltrame 28 cm<\/strong><\/p>\n<p data-start=\"122\" data-end=\"459\">\ud83d\udd2a <strong data-start=\"125\" data-end=\"156\">Beltrame en corne de buffle 28 cm<\/strong> est un <strong data-start=\"169\" data-end=\"208\">couteau \u00e0 lame italienne<\/strong> embl\u00e9matique alliant <strong data-start=\"226\" data-end=\"299\">savoir-faire traditionnel, design \u00e9l\u00e9gant et m\u00e9canisme pr\u00e9cis<\/strong> . Ce mod\u00e8le est dot\u00e9 d&rsquo; <strong data-start=\"324\" data-end=\"401\">une lame en acier inoxydable polie \u00e0 la main et d&rsquo;un manche en v\u00e9ritable corne de buffle<\/strong> , ce qui lui conf\u00e8re un look exclusif et un caract\u00e8re unique. <\/p>\n<hr data-start=\"461\" data-end=\"464\">\n<h2 data-start=\"466\" data-end=\"485\">\ud83d\udcd0 Sp\u00e9cifications<\/h2>\n<ul data-start=\"486\" data-end=\"835\">\n<li data-start=\"486\" data-end=\"514\"><strong data-start=\"488\" data-end=\"506\">Longueur totale :<\/strong> 28 cm<\/li>\n<li data-start=\"515\" data-end=\"544\"><strong data-start=\"517\" data-end=\"534\">Longueur de la lame :<\/strong> 11,5 cm<\/li>\n<li data-start=\"545\" data-end=\"574\"><strong data-start=\"547\" data-end=\"567\">\u00c9paisseur de la lame :<\/strong> 3 mm<\/li>\n<li data-start=\"575\" data-end=\"618\"><strong data-start=\"577\" data-end=\"597\">Mat\u00e9riau de la lame :<\/strong> AISI 420 MA5M<\/li>\n<li data-start=\"619\" data-end=\"653\"><strong data-start=\"621\" data-end=\"631\">Bord :<\/strong> Bord uni (lisse)<\/li>\n<li data-start=\"654\" data-end=\"683\"><strong data-start=\"656\" data-end=\"672\">Forme de la lame :<\/strong> Stiletto<\/li>\n<li data-start=\"684\" data-end=\"723\"><strong data-start=\"686\" data-end=\"707\">Finition de surface :<\/strong> Lame polie<\/li>\n<li data-start=\"724\" data-end=\"767\"><strong data-start=\"726\" data-end=\"748\">Mat\u00e9riau du manche :<\/strong> corne de buffle v\u00e9ritable<\/li>\n<li data-start=\"768\" data-end=\"811\"><strong data-start=\"770\" data-end=\"780\">Serrure :<\/strong> Lockback (s\u00e9curit\u00e9 traditionnelle)<\/li>\n<li data-start=\"812\" data-end=\"835\"><strong data-start=\"814\" data-end=\"827\">Poids :<\/strong> 150 g<\/li>\n<\/ul>\n<hr data-start=\"837\" data-end=\"840\">\n<h2 data-start=\"842\" data-end=\"868\">\ud83c\udfaf Principales caract\u00e9ristiques<\/h2>\n<p data-start=\"870\" data-end=\"1368\">\u2705 <strong data-start=\"872\" data-end=\"900\">Artisanat traditionnel italien<\/strong> &#8211; fabriqu\u00e9 \u00e0 la main en Italie par des ma\u00eetres couteliers.<br data-start=\"941\" data-end=\"944\"> \u2705 <strong data-start=\"946\" data-end=\"981\">Manche en v\u00e9ritable corne de buffle<\/strong> &#8211; chaque pi\u00e8ce est un original avec un motif unique du mat\u00e9riau.<br data-start=\"1037\" data-end=\"1040\"> \u2705 <strong data-start=\"1042\" data-end=\"1081\">Lame en acier inoxydable AISI 420 MA5M poli<\/strong> &#8211; excellente r\u00e9sistance \u00e0 la corrosion et aff\u00fbtage facile.<br data-start=\"1131\" data-end=\"1134\"> \u2705 <strong data-start=\"1136\" data-end=\"1171\">M\u00e9canisme de lib\u00e9ration rapide<\/strong> &#8211; ouverture instantan\u00e9e d&rsquo;une simple pression.<br data-start=\"1210\" data-end=\"1213\"> \u2705 <strong data-start=\"1215\" data-end=\"1239\">Forme de lame Stiletto<\/strong> &#8211; adapt\u00e9e aux coupes pr\u00e9cises et \u00e0 un look \u00e9l\u00e9gant.<br data-start=\"1286\" data-end=\"1289\"> \u2705 <strong data-start=\"1291\" data-end=\"1318\">Verrouillage classique<\/strong> &#8211; syst\u00e8me de verrouillage de lame s\u00fbr et fiable.<\/p>\n<hr data-start=\"1370\" data-end=\"1373\">\n<h2 data-start=\"1375\" data-end=\"1413\">\ud83d\udcdc Histoire de la marque Frank Beltrame<\/h2>\n<p data-start=\"1415\" data-end=\"1674\">Frank Beltrame est <strong data-start=\"1433\" data-end=\"1468\">un coutelier italien l\u00e9gendaire<\/strong> , connu pour son travail de pr\u00e9cision sur <strong data-start=\"1499\" data-end=\"1524\">les talons aiguilles traditionnels<\/strong> depuis les ann\u00e9es 1950. ann\u00e9es 20 si\u00e8cle. Ces couteaux ont gagn\u00e9 en popularit\u00e9 dans le monde entier gr\u00e2ce \u00e0 <strong data-start=\"1603\" data-end=\"1671\">leur design \u00e9l\u00e9gant, leur fabrication de qualit\u00e9 et leur m\u00e9canisme rapide<\/strong> .<\/p>\n<hr data-start=\"1676\" data-end=\"1679\">\n<h2 data-start=\"1681\" data-end=\"1713\">\u2696\ufe0f Comparaison avec d&rsquo;autres mod\u00e8les<\/h2>\n<p data-start=\"1715\" data-end=\"1881\">\ud83d\udd39 <strong data-start=\"1718\" data-end=\"1766\">Beltrame Buffalo Horn vs. Beltrame Stag Horn<\/strong> \u2013 <strong data-start=\"1775\" data-end=\"1788\">Le mod\u00e8le Stag Horn<\/strong> a un manche en bois de cerf, tandis que <strong data-start=\"1827\" data-end=\"1843\">le Buffalo Horn<\/strong> offre un look plus sombre et plus \u00e9l\u00e9gant.<\/p>\n<p data-start=\"1883\" data-end=\"2047\">\ud83d\udd39 <strong data-start=\"1886\" data-end=\"1929\">Beltrame Buffalo Horn vs. AKC Swinguard<\/strong> \u2013 AKC Swinguard a une lame plus large et une s\u00e9curit\u00e9 diff\u00e9rente, Beltrame est un choix plus traditionnel pour les amateurs <strong data-start=\"2022\" data-end=\"2044\">de talons aiguilles classiques<\/strong> .<\/p>\n<p data-start=\"2049\" data-end=\"2207\">\ud83d\udd39 <strong data-start=\"2052\" data-end=\"2099\">Beltrame Buffalo Horn vs. Benchmade Infidel<\/strong> \u2013 Le Benchmade Infidel est un <strong data-start=\"2131\" data-end=\"2142\">couteau OTF<\/strong> moderne, tandis que le Beltrame reste <strong data-start=\"2169\" data-end=\"2204\">un classique avec un design historique<\/strong> .<\/p>\n<hr data-start=\"2209\" data-end=\"2212\">\n<h2 data-start=\"2214\" data-end=\"2238\">\ud83d\udcdc Utilisation et finalit\u00e9<\/h2>\n<p data-start=\"2240\" data-end=\"2489\">\ud83d\udd38 <strong data-start=\"2243\" data-end=\"2265\">Un objet de collection<\/strong> &#8211; gr\u00e2ce au mat\u00e9riau et au savoir-faire uniques.<br data-start=\"2319\" data-end=\"2322\"> \ud83d\udd38 <strong data-start=\"2325\" data-end=\"2344\">Accessoire \u00e9l\u00e9gant<\/strong> &#8211; le design embl\u00e9matique du couteau convient \u00e0 tous les passionn\u00e9s.<br data-start=\"2399\" data-end=\"2402\"> \ud83d\udd38 <strong data-start=\"2405\" data-end=\"2432\">Everyday carry (EDC)<\/strong> &#8211; un couteau l\u00e9ger et facile \u00e0 transporter avec une ouverture \u00e9l\u00e9gante.<\/p>\n<hr data-start=\"2491\" data-end=\"2494\">\n<h2 data-start=\"2496\" data-end=\"2532\">\ud83c\udf92 Accessoires et contenu du colis<\/h2>\n<p data-start=\"2534\" data-end=\"2654\">\ud83d\udccc <strong data-start=\"2537\" data-end=\"2560\">Le forfait comprend :<\/strong><br data-start=\"2560\" data-end=\"2563\"> \u2714 Couteau de lancer <strong data-start=\"2582\" data-end=\"2613\">Beltrame en corne de buffle 28 cm<\/strong><br data-start=\"2613\" data-end=\"2616\"> \u2714 Housse de protection<\/p>\n<p data-start=\"2656\" data-end=\"2788\">\ud83d\udccc <strong data-start=\"2659\" data-end=\"2682\">Accessoires recommand\u00e9s :<\/strong><br data-start=\"2682\" data-end=\"2685\"> \ud83d\udd39 \u00c9tui luxueux en cuir v\u00e9ritable<br data-start=\"2716\" data-end=\"2719\"> \ud83d\udd39 Chiffon sp\u00e9cial pour polir le manche<br data-start=\"2758\" data-end=\"2761\"> \ud83d\udd39 Huile protectrice pour la lame<\/p>\n<hr data-start=\"2790\" data-end=\"2793\">\n<h2 data-start=\"2795\" data-end=\"2821\">\ud83d\udd27 Entretien et dur\u00e9e de vie<\/h2>\n<p data-start=\"2823\" data-end=\"3059\">\ud83d\udd39 <strong data-start=\"2826\" data-end=\"2838\">Nettoyage :<\/strong> Apr\u00e8s chaque utilisation, essuyez la lame avec un chiffon sec et appliquez une huile protectrice.<br data-start=\"2912\" data-end=\"2915\"> \ud83d\udd39 <strong data-start=\"2918\" data-end=\"2931\">Aff\u00fbtage :<\/strong> Nous recommandons des pierres \u00e0 aiguiser fines ou des aiguiseurs en c\u00e9ramique.<br data-start=\"2988\" data-end=\"2991\"> \ud83d\udd39 <strong data-start=\"2994\" data-end=\"3009\">Conservation :<\/strong> \u00c0 conserver dans un endroit sec, id\u00e9alement dans un \u00e9tui.<\/p>\n<hr data-start=\"3061\" data-end=\"3064\">\n<h2 data-start=\"3066\" data-end=\"3096\">\ud83d\udd25 Pourquoi acheter maintenant ?<\/h2>\n<p data-start=\"3098\" data-end=\"3302\">\u2b50 <strong data-start=\"3100\" data-end=\"3138\">Fabriqu\u00e9 \u00e0 la main et mat\u00e9riau exclusif<\/strong> &#8211; chaque pi\u00e8ce est originale.<br data-start=\"3163\" data-end=\"3166\"> \ud83c\udf96 <strong data-start=\"3239\" data-end=\"3267\">Qualit\u00e9 italienne traditionnelle<\/strong> &#8211; un investissement dans un couteau intemporel.<\/p>\n<hr data-start=\"3304\" data-end=\"3307\">\n<h2 data-start=\"3309\" data-end=\"3322\">\ud83d\udccc Conclusion<\/h2>\n<p data-start=\"3324\" data-end=\"3559\"><strong data-start=\"3324\" data-end=\"3355\">Le Beltrame en corne de buffle 28 cm<\/strong> est <strong data-start=\"3359\" data-end=\"3412\">un couteau pliant \u00e9l\u00e9gant, de collection et raffin\u00e9,<\/strong> <strong data-start=\"3415\" data-end=\"3460\">dot\u00e9 d&rsquo;un manche unique en corne de buffle v\u00e9ritable<\/strong> . Si vous recherchez <strong data-start=\"3476\" data-end=\"3521\">un couteau italien classique aux origines prestigieuses<\/strong> , ce mod\u00e8le est <strong data-start=\"3538\" data-end=\"3556\">un excellent choix<\/strong>&nbsp;! <\/p>\n<hr data-start=\"3561\" data-end=\"3564\">\n<p data-start=\"3566\" data-end=\"3636\">\ud83d\udd17 <strong data-start=\"3569\" data-end=\"3631\">Commandez votre Corne de Buffle Beltrame 28 cm d\u00e8s aujourd&rsquo;hui !<\/strong> \ud83d\udd25<\/p>\n","protected":false},"excerpt":{"rendered":"<p><strong>Le Beltrame Buffalo Horn 28 cm est un couteau pliant \u00e9l\u00e9gant, de collection et raffin\u00e9, dot\u00e9 d&rsquo;un manche unique en v\u00e9ritable corne de buffle. Si vous recherchez un couteau italien classique aux origines prestigieuses, ce mod\u00e8le est un excellent choix&nbsp;! <\/strong><\/p>\n<p>&nbsp;<\/p>\n","protected":false},"featured_media":397744,"comment_status":"open","ping_status":"closed","template":"","meta":[],"pwb-brand":[3779],"product_brand":[],"product_cat":[3699,3696],"product_tag":[4005],"class_list":{"0":"post-411260","1":"product","2":"type-product","3":"status-publish","4":"has-post-thumbnail","6":"pwb-brand-ceinture","7":"product_cat-couteaux-de-tir","8":"product_cat-des-couteaux","9":"product_tag-nouveau","11":"first","12":"instock","13":"taxable","14":"shipping-taxable","15":"purchasable","16":"product-type-simple"},"brands":[{"id":3779,"name":"Ceinture","slug":"ceinture"}],"_links":{"self":[{"href":"https:\/\/www.moskito.cz\/fr\/wp-json\/wp\/v2\/product\/411260","targetHints":{"allow":["GET"]}}],"collection":[{"href":"https:\/\/www.moskito.cz\/fr\/wp-json\/wp\/v2\/product"}],"about":[{"href":"https:\/\/www.moskito.cz\/fr\/wp-json\/wp\/v2\/types\/product"}],"replies":[{"embeddable":true,"href":"https:\/\/www.moskito.cz\/fr\/wp-json\/wp\/v2\/comments?post=411260"}],"wp:featuredmedia":[{"embeddable":true,"href":"https:\/\/www.moskito.cz\/fr\/wp-json\/wp\/v2\/media\/397744"}],"wp:attachment":[{"href":"https:\/\/www.moskito.cz\/fr\/wp-json\/wp\/v2\/media?parent=411260"}],"wp:term":[{"taxonomy":"pwb-brand","embeddable":true,"href":"https:\/\/www.moskito.cz\/fr\/wp-json\/wp\/v2\/pwb-brand?post=411260"},{"taxonomy":"product_brand","embeddable":true,"href":"https:\/\/www.moskito.cz\/fr\/wp-json\/wp\/v2\/product_brand?post=411260"},{"taxonomy":"product_cat","embeddable":true,"href":"https:\/\/www.moskito.cz\/fr\/wp-json\/wp\/v2\/product_cat?post=411260"},{"taxonomy":"product_tag","embeddable":true,"href":"https:\/\/www.moskito.cz\/fr\/wp-json\/wp\/v2\/product_tag?post=411260"}],"curies":[{"name":"wp","href":"https:\/\/api.w.org\/{rel}","templated":true}]}}