{"id":411884,"date":"2025-06-27T18:14:21","date_gmt":"2025-06-27T17:38:35","guid":{"rendered":"https:\/\/www.moskito.cz\/produkt\/couteau-pliant-chris-reeve-sebenza-31-grand-format-l31-1644\/"},"modified":"2025-06-27T18:38:35","modified_gmt":"2025-06-27T17:38:35","slug":"couteau-pliant-chris-reeve-sebenza-31-grand-format-l31-1644","status":"publish","type":"product","link":"https:\/\/www.moskito.cz\/fr\/produkt\/couteau-pliant-chris-reeve-sebenza-31-grand-format-l31-1644\/","title":{"rendered":"Couteau pliant Chris Reeve Sebenza 31, grand format, L31-1644"},"content":{"rendered":"<h3 data-pm-slice=\"1 1 []\">\ud83d\uddc2\ufe0f Chris Reeve Sebenza 31 \u2013 la pr\u00e9cision du titane qui n&rsquo;a pas peur du travail<\/h3>\n<p><strong>Sebenza<\/strong> signifie <strong>\u00ab&nbsp;travail&nbsp;\u00bb<\/strong> en zoulou, et c&rsquo;est pr\u00e9cis\u00e9ment pour cela que ce couteau est con\u00e7u. <strong>Le Chris Reeve Sebenza 31<\/strong> incarne le summum de l&rsquo;ing\u00e9nierie artisanale, r\u00e9put\u00e9 pour sa fiabilit\u00e9 \u00e0 toute \u00e9preuve et son savoir-faire irr\u00e9prochable. Avec une lame de pr\u00e8s de 92&nbsp;mm, un acier <strong>CPM-MagnaCut<\/strong> extr\u00eamement dur (63-64&nbsp;HRC) et l&#8217;embl\u00e9matique <strong>syst\u00e8me de verrouillage int\u00e9gral Reeve,<\/strong> le Sebenza 31 \u00e9tablit la norme dans le segment des couteaux pliants haut de gamme. <\/p>\n<p>La lame <strong>Drop Point<\/strong> \u00e0 aff\u00fbtage creux offre d&rsquo;excellentes performances de coupe, tandis que <strong>la finition d\u00e9lav\u00e9e<\/strong> augmente la r\u00e9sistance aux rayures. Le manche en titane, finement sabl\u00e9, \u00e9pouse parfaitement la main et r\u00e9siste aux sollicitations extr\u00eames. Le <strong>verrouillage en c\u00e9ramique<\/strong> am\u00e9lior\u00e9 et l&rsquo;\u00e9l\u00e9gant <strong>clip de poche d\u00e9cal\u00e9<\/strong> prouvent que le Sebenza 31 allie tradition et performances modernes.  <\/p>\n<div>\n<hr>\n<\/div>\n<h3>\ud83d\udcd0 Sp\u00e9cifications techniques :<\/h3>\n<ul data-spread=\"false\">\n<li><strong>Longueur de la lame :<\/strong> 91,7 mm<\/li>\n<li><strong>Longueur totale :<\/strong> 213,4 mm<\/li>\n<li><strong>Longueur du couteau ferm\u00e9 :<\/strong> 121,7 mm<\/li>\n<li><strong>\u00c9paisseur de la lame :<\/strong> 3,07 mm<\/li>\n<li><strong>Mat\u00e9riau de la lame :<\/strong> CPM-MagnaCut \u2013 acier inoxydable de qualit\u00e9 sup\u00e9rieure, haute t\u00e9nacit\u00e9 et r\u00e9sistance \u00e0 la corrosion<\/li>\n<li><strong>Duret\u00e9 de la lame :<\/strong> 63\u201364 HRC<\/li>\n<li><strong>Forme de la lame :<\/strong> Drop Point<\/li>\n<li><strong>Mouture :<\/strong> Mouture creuse<\/li>\n<li><strong>Surface :<\/strong> Stonewash<\/li>\n<li><strong>Mat\u00e9riau du manche :<\/strong> Titane 6Al4V, sabl\u00e9 au verre<\/li>\n<li><strong>\u00c9paisseur du manche :<\/strong> 3,81 mm<\/li>\n<li><strong>Serrure :<\/strong> Serrure int\u00e9grale Reeve avec contact en c\u00e9ramique<\/li>\n<li><strong>Clip de poche :<\/strong> Titane, d\u00e9cal\u00e9, pointe vers la droite<\/li>\n<li><strong>Pivot :<\/strong> Sur rondelles<\/li>\n<li><strong>Poids :<\/strong> environ 133 g<\/li>\n<li><strong>Concepteur :<\/strong> Chris Reeve<\/li>\n<li><strong>Pays d&rsquo;origine :<\/strong> \u00c9tats-Unis<\/li>\n<\/ul>\n<div>\n<hr>\n<\/div>\n<h3>\ud83d\udfe2 Principaux avantages :<\/h3>\n<p>\u2705 Acier <strong>MagnaCut<\/strong> de qualit\u00e9 sup\u00e9rieure \u2013 r\u00e9tention sup\u00e9rieure des bords, excellente r\u00e9sistance \u00e0 la corrosion<br \/>\n\u2705 Manche en titane &#8211; solide, l\u00e9ger et presque indestructible<br \/>\n\u2705 <strong>Verrouillage int\u00e9gral Reeve<\/strong> en c\u00e9ramique innovant &#8211; fonctionnement extr\u00eamement s\u00fbr et fluide<br \/>\n\u2705 Conception ergonomique &#8211; confortable \u00e0 tenir m\u00eame pendant un travail prolong\u00e9<br \/>\n\u2705 Esth\u00e9tique \u00e9l\u00e9gante \u2013 quincaillerie bleue, lame d\u00e9lav\u00e9e subtile et clip de poign\u00e9e d\u00e9centr\u00e9<\/p>\n<div>\n<hr>\n<\/div>\n<h3>\ud83d\udd34 Inconv\u00e9nients possibles :<\/h3>\n<p>\u26a0\ufe0f Prix plus \u00e9lev\u00e9 \u2013 refl\u00e8te des mat\u00e9riaux de qualit\u00e9 sup\u00e9rieure et un travail artisanal<br \/>\n\u26a0\ufe0f Pour les droitiers &#8211; le clip n&rsquo;est pas adapt\u00e9 \u00e0 une utilisation pour les gauchers<br \/>\n\u26a0\ufe0f Pas pour une ouverture rapide d&rsquo;une seule main comme certains mod\u00e8les EDC modernes<\/p>\n<div>\n<hr>\n<\/div>\n<h3>\ud83d\udee0\ufe0f Entretien et soins :<\/h3>\n<ul data-spread=\"false\">\n<li>L&rsquo;acier MagnaCut conserve son tranchant longtemps, mais un aff\u00fbtage fin r\u00e9gulier est recommand\u00e9<\/li>\n<li>Une lubrification occasionnelle du pivot et du verrou est recommand\u00e9e.<\/li>\n<li>Le manche en titane ne n\u00e9cessite presque aucun entretien, juste un essuyage occasionnel.<\/li>\n<li>Convient pour un stockage \u00e0 l&rsquo;abri de l&rsquo;humidit\u00e9 extr\u00eame<\/li>\n<\/ul>\n<div>\n<hr>\n<\/div>\n<h3>\u2764\ufe0f Pourquoi vous allez l&rsquo;adorer<\/h3>\n<p>Le Chris Reeve Sebenza 31 est plus qu&rsquo;un simple outil&nbsp;: c&rsquo;est l&rsquo;expression d&rsquo;une philosophie de pr\u00e9cision, de fonctionnalit\u00e9 et de durabilit\u00e9. Que vous soyez collectionneur, amateur de plein air ou \u00e0 la recherche <strong>du meilleur couteau EDC possible<\/strong> , le Sebenza offre une combinaison imbattable <strong>de qualit\u00e9, d&rsquo;\u00e9l\u00e9gance et de performance<\/strong> sur laquelle vous pourrez compter toute votre vie. <\/p>\n<div>\n<hr>\n<\/div>\n<h3>\u2705 \u00c9valuation finale<\/h3>\n<p><strong>Le Sebenza 31<\/strong> est une ic\u00f4ne parmi les couteaux&nbsp;: symbole de fiabilit\u00e9, de savoir-faire et d&rsquo;excellence technique. Ce couteau ne convient pas \u00e0 tous, mais pour ceux qui recherchent <strong>des performances sans compromis dans un design intemporel<\/strong> , il est le choix id\u00e9al.<br \/>\n Un outil parfait qui porte vraiment bien son nom : <strong>Sebenza \u2013 work<\/strong> . <\/p>\n<div><\/div>\n","protected":false},"excerpt":{"rendered":"<p><strong>Le Chris Reeve Sebenza 31 est plus qu&rsquo;un simple outil&nbsp;: c&rsquo;est l&rsquo;expression d&rsquo;une philosophie de pr\u00e9cision, de fonctionnalit\u00e9 et de durabilit\u00e9. Que vous soyez collectionneur, amateur de plein air ou \u00e0 la recherche du meilleur couteau EDC, le Sebenza offre une combinaison imbattable de qualit\u00e9, d&rsquo;\u00e9l\u00e9gance et de performance sur laquelle vous pourrez compter toute votre vie. <\/strong><\/p>\n<p><strong>Livraison gratuite.<\/strong><\/p>\n","protected":false},"featured_media":411813,"comment_status":"open","ping_status":"closed","template":"","meta":[],"pwb-brand":[4044],"product_brand":[],"product_cat":[3700,3696],"product_tag":[],"class_list":{"0":"post-411884","1":"product","2":"type-product","3":"status-publish","4":"has-post-thumbnail","6":"pwb-brand-couteaux-chris-reeve","7":"product_cat-couteaux-de-fermeture","8":"product_cat-des-couteaux","10":"first","11":"outofstock","12":"taxable","13":"shipping-taxable","14":"purchasable","15":"product-type-simple"},"brands":[{"id":4044,"name":"Couteaux Chris Reeve","slug":"couteaux-chris-reeve"}],"_links":{"self":[{"href":"https:\/\/www.moskito.cz\/fr\/wp-json\/wp\/v2\/product\/411884","targetHints":{"allow":["GET"]}}],"collection":[{"href":"https:\/\/www.moskito.cz\/fr\/wp-json\/wp\/v2\/product"}],"about":[{"href":"https:\/\/www.moskito.cz\/fr\/wp-json\/wp\/v2\/types\/product"}],"replies":[{"embeddable":true,"href":"https:\/\/www.moskito.cz\/fr\/wp-json\/wp\/v2\/comments?post=411884"}],"wp:featuredmedia":[{"embeddable":true,"href":"https:\/\/www.moskito.cz\/fr\/wp-json\/wp\/v2\/media\/411813"}],"wp:attachment":[{"href":"https:\/\/www.moskito.cz\/fr\/wp-json\/wp\/v2\/media?parent=411884"}],"wp:term":[{"taxonomy":"pwb-brand","embeddable":true,"href":"https:\/\/www.moskito.cz\/fr\/wp-json\/wp\/v2\/pwb-brand?post=411884"},{"taxonomy":"product_brand","embeddable":true,"href":"https:\/\/www.moskito.cz\/fr\/wp-json\/wp\/v2\/product_brand?post=411884"},{"taxonomy":"product_cat","embeddable":true,"href":"https:\/\/www.moskito.cz\/fr\/wp-json\/wp\/v2\/product_cat?post=411884"},{"taxonomy":"product_tag","embeddable":true,"href":"https:\/\/www.moskito.cz\/fr\/wp-json\/wp\/v2\/product_tag?post=411884"}],"curies":[{"name":"wp","href":"https:\/\/api.w.org\/{rel}","templated":true}]}}