{"id":411892,"date":"2025-06-27T18:38:29","date_gmt":"2025-06-27T18:02:52","guid":{"rendered":"https:\/\/www.moskito.cz\/produkt\/couteau-pliant-chris-reeve-sebenza-31-grand-format-l31-1200\/"},"modified":"2025-06-27T19:02:52","modified_gmt":"2025-06-27T18:02:52","slug":"couteau-pliant-chris-reeve-sebenza-31-grand-format-l31-1200","status":"publish","type":"product","link":"https:\/\/www.moskito.cz\/fr\/produkt\/couteau-pliant-chris-reeve-sebenza-31-grand-format-l31-1200\/","title":{"rendered":"Couteau pliant Chris Reeve Sebenza 31, grand format, L31-1200"},"content":{"rendered":"<h2 data-pm-slice=\"1 1 []\">\ud83d\uddc2\ufe0f Chris Reeve Large Sebenza 31 \u2013 Black Micarta | Force, style et fiabilit\u00e9 r\u00e9unis<\/h2>\n<p><strong>Sebenza<\/strong> signifie <strong>\u00ab travail \u00bb<\/strong> en zoulou \u2013 et c&rsquo;est pr\u00e9cis\u00e9ment pour cela que ce couteau a \u00e9t\u00e9 con\u00e7u d\u00e8s le d\u00e9part. Le <strong>Grand Sebenza 31, avec ses incrustations en Micarta noir,<\/strong> b\u00e9n\u00e9ficie d&rsquo;un savoir-faire de pointe alliant savoir-faire artisanal et technologie de fabrication de pr\u00e9cision. Il en r\u00e9sulte un couteau pliant d&rsquo;une r\u00e9sistance exceptionnelle, d&rsquo;une esth\u00e9tique raffin\u00e9e et d&rsquo;une fiabilit\u00e9 absolue, pr\u00eat \u00e0 affronter les rigueurs du quotidien et les conditions les plus exigeantes.  <\/p>\n<p>La lame en acier <strong>CPM-MagnaCut<\/strong> haut de gamme, tremp\u00e9e \u00e0 <strong>63-64 HRC<\/strong> , offre une excellente tenue du tranchant, un entretien facile et une r\u00e9sistance exceptionnelle \u00e0 la corrosion. <strong>Son \u00e9mouture creuse<\/strong> , <strong>son profil drop point<\/strong> et son \u00e9l\u00e9gante <strong>finition stonewash font<\/strong> du Sebenza 31 un couteau non seulement fonctionnel, mais aussi esth\u00e9tique. Son corps en titane avec incrustations <strong>en Micarta noir<\/strong> offre une prise en main confortable et chaleureuse, et am\u00e9liore le contr\u00f4le lors de la manipulation.  <\/p>\n<div>\n<hr>\n<\/div>\n<h3>\ud83d\udcd0 Sp\u00e9cifications techniques :<\/h3>\n<ul data-spread=\"false\">\n<li><strong>Longueur de la lame :<\/strong> 91,7 mm<\/li>\n<li><strong>Longueur totale :<\/strong> 213,4 mm<\/li>\n<li><strong>Longueur du couteau ferm\u00e9 :<\/strong> 121,7 mm<\/li>\n<li><strong>\u00c9paisseur de la lame :<\/strong> 3,07 mm<\/li>\n<li><strong>Mat\u00e9riau de la lame :<\/strong> CPM-MagnaCut \u2013 acier inoxydable haut de gamme de nouvelle g\u00e9n\u00e9ration<\/li>\n<li><strong>Duret\u00e9 de la lame :<\/strong> 63\u201364 HRC<\/li>\n<li><strong>Forme de la lame :<\/strong> Drop Point<\/li>\n<li><strong>Mouture :<\/strong> Mouture creuse<\/li>\n<li><strong>Surface de la lame :<\/strong> Stonewash \u2013 r\u00e9sistante aux rayures et aux traces de doigts<\/li>\n<li><strong>Mat\u00e9riau du manche :<\/strong> Titane 6Al4V (sabl\u00e9) avec incrustations en Micarta noir<\/li>\n<li><strong>\u00c9paisseur du manche :<\/strong> 3,81 mm<\/li>\n<li><strong>Serrure :<\/strong> Serrure int\u00e9grale Reeve avec point de contact en c\u00e9ramique<\/li>\n<li><strong>Clip de poche :<\/strong> Titane, d\u00e9cal\u00e9, pointe vers la droite<\/li>\n<li><strong>Pivot :<\/strong> Sur rondelles<\/li>\n<li><strong>Poids :<\/strong> environ 133 g<\/li>\n<li><strong>Concepteur :<\/strong> Chris Reeve<\/li>\n<li><strong>Pays de fabrication :<\/strong> \u00c9tats-Unis<\/li>\n<\/ul>\n<div>\n<hr>\n<\/div>\n<h3>\ud83d\udfe2 Principaux avantages :<\/h3>\n<p>\u2705  <strong>Acier MagnaCut de qualit\u00e9 sup\u00e9rieure<\/strong> \u2013 extr\u00eamement durable, conserve bien son tranchant et ne n\u00e9cessite pas d&rsquo;aff\u00fbtage fr\u00e9quent<br \/>\n\u2705  <strong>Incrustations en Micarta<\/strong> \u2013 am\u00e9liore la prise en main et donne au couteau une sensation naturelle et plus chaude<br \/>\n\u2705  <strong>Reeve Integral Lock<\/strong> \u2013 un syst\u00e8me de verrouillage de pointe avec contact en c\u00e9ramique pour une durabilit\u00e9 maximale<br \/>\n\u2705  <strong>Construction en titane<\/strong> \u2013 ultra-r\u00e9sistante mais \u00e9tonnamment l\u00e9g\u00e8re<br \/>\n\u2705  <strong>Design subtil<\/strong> \u2013 une combinaison d\u2019\u00e9l\u00e9gance technique et de minimalisme fonctionnel<\/p>\n<div>\n<hr>\n<\/div>\n<h3>\ud83d\udd34 Inconv\u00e9nients possibles :<\/h3>\n<p>\u26a0\ufe0f Prix plus \u00e9lev\u00e9 \u2013 correspond \u00e0 des mat\u00e9riaux de premi\u00e8re qualit\u00e9 et \u00e0 une fabrication artisanale<br \/>\n\u26a0\ufe0f Ne convient pas aux gauchers \u2013 le clip de poche ne peut pas \u00eatre invers\u00e9<br \/>\n\u26a0\ufe0f Moins frappant visuellement que certains couteaux \u00ab&nbsp;pi\u00e8ces d&rsquo;exposition&nbsp;\u00bb &#8211; volontairement discret et fonctionnel<\/p>\n<div>\n<hr>\n<\/div>\n<h3>\ud83d\udee0\ufe0f Entretien et soins :<\/h3>\n<ul data-spread=\"false\">\n<li><strong>MagnaCut<\/strong> reste tranchant tr\u00e8s longtemps \u2013 id\u00e9al pour un aff\u00fbtage l\u00e9ger r\u00e9gulier au lieu d&rsquo;un aff\u00fbtage fr\u00e9quent<\/li>\n<li>Le titane et le micarta ne n\u00e9cessitent pratiquement aucun entretien : ils sont faciles \u00e0 nettoyer et r\u00e9sistent \u00e0 l&rsquo;humidit\u00e9 et \u00e0 l&rsquo;usure.<\/li>\n<li>Il est recommand\u00e9 de graisser l\u00e9g\u00e8rement la goupille de temps en temps.<\/li>\n<li>Le Micarta acquiert une patine subtile au fil du temps \u2013 un effet esth\u00e9tique intentionnel<\/li>\n<\/ul>\n<div>\n<hr>\n<\/div>\n<h3>\u2764\ufe0f Pourquoi vous allez l&rsquo;adorer<\/h3>\n<p><strong>Le Sebenza 31 Large avec incrustations en Micarta<\/strong> est un couteau EDC exceptionnel : \u00e9l\u00e9gant, puissant et ergonomique. Il offre <strong>une fonctionnalit\u00e9 luxueuse<\/strong> sans fioritures superflues, privil\u00e9giant <strong>fiabilit\u00e9, praticit\u00e9 et durabilit\u00e9<\/strong> . Chaque d\u00e9tail, de la c\u00e9ramique de la serrure au Micarta parfaitement ins\u00e9r\u00e9, t\u00e9moigne de l&rsquo;absence totale de hasard.  <\/p>\n<div>\n<hr>\n<\/div>\n<h3>\u2705 \u00c9valuation finale<\/h3>\n<p>Cette version du <strong>Chris Reeve Large Sebenza 31<\/strong> allie \u00e0 la perfection excellence technique et design intemporel. Les incrustations <strong>en Micarta noir<\/strong> am\u00e9liorent l&rsquo;ergonomie et le style, tandis que la construction en acier et titane haut de gamme garantit durabilit\u00e9 et hautes performances. Si vous cherchez <strong>un couteau haut de gamme pour toute une vie<\/strong> , vous l&rsquo;avez trouv\u00e9.  <\/p>\n<div>\n<hr>\n<\/div>\n<p>&nbsp;<\/p>\n","protected":false},"excerpt":{"rendered":"<p><strong>Le Sebenza 31 Large avec incrustations en Micarta est un couteau EDC exceptionnel : \u00e9l\u00e9gant, puissant et ergonomique. Il offre une fonctionnalit\u00e9 luxueuse sans fioritures superflues, privil\u00e9giant fiabilit\u00e9, praticit\u00e9 et durabilit\u00e9. Chaque d\u00e9tail, de la c\u00e9ramique de la serrure au Micarta parfaitement ins\u00e9r\u00e9, t\u00e9moigne de l&rsquo;absence totale de hasard.  <\/strong><\/p>\n<p><strong>Livraison gratuite.<\/strong><\/p>\n","protected":false},"featured_media":411854,"comment_status":"open","ping_status":"closed","template":"","meta":[],"pwb-brand":[4044],"product_brand":[],"product_cat":[3700,3696],"product_tag":[],"class_list":{"0":"post-411892","1":"product","2":"type-product","3":"status-publish","4":"has-post-thumbnail","6":"pwb-brand-couteaux-chris-reeve","7":"product_cat-couteaux-de-fermeture","8":"product_cat-des-couteaux","10":"first","11":"outofstock","12":"taxable","13":"shipping-taxable","14":"purchasable","15":"product-type-simple"},"brands":[{"id":4044,"name":"Couteaux Chris Reeve","slug":"couteaux-chris-reeve"}],"_links":{"self":[{"href":"https:\/\/www.moskito.cz\/fr\/wp-json\/wp\/v2\/product\/411892","targetHints":{"allow":["GET"]}}],"collection":[{"href":"https:\/\/www.moskito.cz\/fr\/wp-json\/wp\/v2\/product"}],"about":[{"href":"https:\/\/www.moskito.cz\/fr\/wp-json\/wp\/v2\/types\/product"}],"replies":[{"embeddable":true,"href":"https:\/\/www.moskito.cz\/fr\/wp-json\/wp\/v2\/comments?post=411892"}],"wp:featuredmedia":[{"embeddable":true,"href":"https:\/\/www.moskito.cz\/fr\/wp-json\/wp\/v2\/media\/411854"}],"wp:attachment":[{"href":"https:\/\/www.moskito.cz\/fr\/wp-json\/wp\/v2\/media?parent=411892"}],"wp:term":[{"taxonomy":"pwb-brand","embeddable":true,"href":"https:\/\/www.moskito.cz\/fr\/wp-json\/wp\/v2\/pwb-brand?post=411892"},{"taxonomy":"product_brand","embeddable":true,"href":"https:\/\/www.moskito.cz\/fr\/wp-json\/wp\/v2\/product_brand?post=411892"},{"taxonomy":"product_cat","embeddable":true,"href":"https:\/\/www.moskito.cz\/fr\/wp-json\/wp\/v2\/product_cat?post=411892"},{"taxonomy":"product_tag","embeddable":true,"href":"https:\/\/www.moskito.cz\/fr\/wp-json\/wp\/v2\/product_tag?post=411892"}],"curies":[{"name":"wp","href":"https:\/\/api.w.org\/{rel}","templated":true}]}}