{"id":412218,"date":"2025-06-28T08:35:47","date_gmt":"2025-06-28T07:35:47","guid":{"rendered":"https:\/\/www.moskito.cz\/produkt\/couteau-pliant-chris-reeve-sebenza-31-grand-format-finition-delavee-l31-1000\/"},"modified":"2025-12-09T10:07:02","modified_gmt":"2025-12-09T09:07:02","slug":"couteau-pliant-chris-reeve-sebenza-31-grand-format-finition-delavee-l31-1000","status":"publish","type":"product","link":"https:\/\/www.moskito.cz\/fr\/produkt\/couteau-pliant-chris-reeve-sebenza-31-grand-format-finition-delavee-l31-1000\/","title":{"rendered":"Couteau pliant Chris Reeve Sebenza 31, grand format, finition d\u00e9lav\u00e9e, L31-1000"},"content":{"rendered":"<h2 data-pm-slice=\"1 1 []\">\ud83d\uddc2\ufe0f Chris Reeve Large Sebenza 31 \u2013 L31-1000 | Une ic\u00f4ne de pr\u00e9cision sans compromis<\/h2>\n<p><strong>Le grand Sebenza 31 L31-1000<\/strong> incarne plus de 30 ans de d\u00e9veloppement et d&rsquo;excellence dans le monde des couteaux pliants. En zoulou, <g id=\"gid_1\">\u00ab&nbsp;Sebenza&nbsp;\u00bb<\/g> signifie <g id=\"gid_2\">\u00ab&nbsp;travail&nbsp;\u00bb<\/g> \u2013 et c&rsquo;est pr\u00e9cis\u00e9ment pour cela que ce couteau a \u00e9t\u00e9 con\u00e7u. Son design \u00e9pur\u00e9, sa finition impeccable et son raffinement technique font de ce mod\u00e8le une l\u00e9gende dans la cat\u00e9gorie des couteaux EDC haut de gamme.  <\/p>\n<p>Cette version est \u00e9quip\u00e9e d&rsquo;une lame <strong>en acier inoxydable CPM MagnaCut<\/strong> , tr\u00e8s pris\u00e9, offrant un \u00e9quilibre parfait entre duret\u00e9, robustesse et r\u00e9sistance \u00e0 la corrosion. <strong>La finition d\u00e9lav\u00e9e<\/strong> conf\u00e8re \u00e0 la lame un aspect mat subtil tout en masquant les petites rayures dues \u00e0 l&rsquo;usage quotidien. Le manche ergonomique en <strong>titane 6Al4V sabl\u00e9<\/strong> est l\u00e9ger, robuste et confortable en main, tout en \u00e9tant \u00e9l\u00e9gant. <\/p>\n<p>Gr\u00e2ce au syst\u00e8me <strong>Reeve Integral Lock<\/strong> avec contact en c\u00e9ramique, travailler avec le couteau est s\u00fbr, fiable et doux comme de la soie.<\/p>\n<div>\n<hr>\n<\/div>\n<h3>\ud83d\udcd0 Sp\u00e9cifications techniques :<\/h3>\n<ul data-spread=\"false\">\n<li><strong>Longueur de la lame :<\/strong> 91,6 mm (3,61\u2033)<\/li>\n<li><strong>Longueur totale :<\/strong> 213 mm (8,40\u2033)<\/li>\n<li><strong>Longueur de la lame ferm\u00e9e :<\/strong> 121,7 mm (4,79\u2033)<\/li>\n<li><strong>\u00c9paisseur de la lame :<\/strong> 3,07 mm<\/li>\n<li><strong>Mat\u00e9riau de la lame :<\/strong> CPM MagnaCut \u2013 acier inoxydable de qualit\u00e9 sup\u00e9rieure (\u00c9tats-Unis)<\/li>\n<li><strong>Duret\u00e9 de la lame :<\/strong> 63\u201364 HRC<\/li>\n<li><strong>Forme de la lame :<\/strong> Drop Point<\/li>\n<li><strong>Mouture :<\/strong> Mouture creuse<\/li>\n<li><strong>Surface de la lame :<\/strong> Stonewashed<\/li>\n<li><strong>Mat\u00e9riau du manche :<\/strong> Titane 6Al4V \u2013 finition sabl\u00e9e au verre<\/li>\n<li><strong>Serrure :<\/strong> Serrure int\u00e9grale Reeve avec contact en c\u00e9ramique<\/li>\n<li><strong>Pivot :<\/strong> Rondelles en bronze phosphoreux<\/li>\n<li><strong>Clip de poche :<\/strong> Titane, droitier, pointe vers le haut (conception d\u00e9cal\u00e9e)<\/li>\n<li><strong>Poids :<\/strong> environ 133 g<\/li>\n<li><strong>Concepteur :<\/strong> Chris Reeve<\/li>\n<li><strong>Fabriqu\u00e9 aux \u00c9tats-Unis<\/strong><\/li>\n<\/ul>\n<div>\n<hr>\n<\/div>\n<h3>\ud83d\udfe2 Principaux avantages :<\/h3>\n<p>\u2705  <strong>Lame MagnaCut<\/strong> \u2013 capacit\u00e9 de coupe exceptionnelle, durabilit\u00e9 et longue dur\u00e9e de vie de la lame<br \/>\n\u2705  <strong>Manche en titane de pr\u00e9cision<\/strong> \u2013 durable, l\u00e9ger et magnifiquement con\u00e7u<br \/>\n\u2705  <strong>Contact en c\u00e9ramique dans la serrure<\/strong> \u2013 ouverture en douceur, usure minimale<br \/>\n\u2705  <strong>Design embl\u00e9matique de Sebenza<\/strong> \u2013 simple, intemporel et extr\u00eamement fonctionnel<br \/>\n\u2705  <strong>Fabriqu\u00e9 \u00e0 la main<\/strong> \u2013 chaque pi\u00e8ce est soumise \u00e0 une inspection individuelle<\/p>\n<div>\n<hr>\n<\/div>\n<h3>\ud83d\udd34 Inconv\u00e9nients possibles :<\/h3>\n<p>\u26a0\ufe0f <strong>Prix plus \u00e9lev\u00e9<\/strong> \u2013 correspond \u00e0 la qualit\u00e9 des mat\u00e9riaux et \u00e0 la fabrication artisanale<br \/>\n\u26a0\ufe0f <strong>Clip fixe<\/strong> &#8211; ne peut pas \u00eatre invers\u00e9 pour un port c\u00f4t\u00e9 gauche<br \/>\n\u26a0\ufe0f <strong>Look minimaliste<\/strong> \u2013 peut ne pas plaire aux amateurs de design tactique <\/p>\n<div>\n<hr>\n<\/div>\n<h3>\ud83d\udee0\ufe0f Entretien et soins :<\/h3>\n<ul data-spread=\"false\">\n<li>La lame <strong>MagnaCut<\/strong> n\u00e9cessite un entretien minimal et conserve bien son tranchant.<\/li>\n<li>Le titane sabl\u00e9 peut \u00eatre facilement nettoy\u00e9 avec un chiffon humide ou une brosse douce<\/li>\n<li>Lubrifiez r\u00e9guli\u00e8rement la goupille et v\u00e9rifiez le serrage des vis (le paquet comprend les outils et le lubrifiant)<\/li>\n<\/ul>\n<div>\n<hr>\n<\/div>\n<h3>\u2764\ufe0f Pourquoi l&rsquo;aimes-tu ?<\/h3>\n<p><strong>Le Grand Sebenza 31<\/strong> en titane basique incarne la praticit\u00e9, l&rsquo;\u00e9l\u00e9gance et l&rsquo;excellence technique. Ce couteau fiable au quotidien m\u00e9rite une place de choix dans votre collection gr\u00e2ce \u00e0 sa r\u00e9putation, son savoir-faire et sa durabilit\u00e9. C&rsquo;est un outil qui vous accompagnera toute une vie, et peut-\u00eatre plus encore.  <\/p>\n<div>\n<hr>\n<\/div>\n<h3>\u2705 \u00c9valuation finale<\/h3>\n<p><strong>Le Chris Reeve Large Sebenza 31 L31-1000<\/strong> est un couteau pliant qui d\u00e9finit la cat\u00e9gorie \u00ab&nbsp;EDC haut de gamme&nbsp;\u00bb. Minimaliste, fonctionnel, pr\u00e9cis&nbsp;: sans fioritures, la qualit\u00e9 \u00e0 l&rsquo;\u00e9tat pur. Si vous cherchez un couteau capable de r\u00e9sister \u00e0 toutes les situations, vous l&rsquo;avez trouv\u00e9.  <\/p>\n<div>\n<hr>\n<\/div>\n<p>&nbsp;<\/p>\n","protected":false},"excerpt":{"rendered":"<p>Le Grand Sebenza 31 en titane basique incarne la praticit\u00e9, l&rsquo;\u00e9l\u00e9gance et l&rsquo;excellence technique. Ce couteau fiable au quotidien m\u00e9rite une place de choix dans votre collection gr\u00e2ce \u00e0 sa r\u00e9putation, son savoir-faire et sa durabilit\u00e9. C&rsquo;est un outil qui vous accompagnera toute une vie, et peut-\u00eatre plus encore.  <\/p>\n<p>Livraison gratuite.<\/p>\n","protected":false},"featured_media":412120,"comment_status":"open","ping_status":"closed","template":"","meta":[],"pwb-brand":[4044],"product_brand":[],"product_cat":[3700,3696],"product_tag":[],"class_list":{"0":"post-412218","1":"product","2":"type-product","3":"status-publish","4":"has-post-thumbnail","6":"pwb-brand-couteaux-chris-reeve","7":"product_cat-couteaux-de-fermeture","8":"product_cat-des-couteaux","10":"first","11":"outofstock","12":"taxable","13":"shipping-taxable","14":"purchasable","15":"product-type-simple"},"brands":[{"id":4044,"name":"Couteaux Chris Reeve","slug":"couteaux-chris-reeve"}],"_links":{"self":[{"href":"https:\/\/www.moskito.cz\/fr\/wp-json\/wp\/v2\/product\/412218","targetHints":{"allow":["GET"]}}],"collection":[{"href":"https:\/\/www.moskito.cz\/fr\/wp-json\/wp\/v2\/product"}],"about":[{"href":"https:\/\/www.moskito.cz\/fr\/wp-json\/wp\/v2\/types\/product"}],"replies":[{"embeddable":true,"href":"https:\/\/www.moskito.cz\/fr\/wp-json\/wp\/v2\/comments?post=412218"}],"wp:featuredmedia":[{"embeddable":true,"href":"https:\/\/www.moskito.cz\/fr\/wp-json\/wp\/v2\/media\/412120"}],"wp:attachment":[{"href":"https:\/\/www.moskito.cz\/fr\/wp-json\/wp\/v2\/media?parent=412218"}],"wp:term":[{"taxonomy":"pwb-brand","embeddable":true,"href":"https:\/\/www.moskito.cz\/fr\/wp-json\/wp\/v2\/pwb-brand?post=412218"},{"taxonomy":"product_brand","embeddable":true,"href":"https:\/\/www.moskito.cz\/fr\/wp-json\/wp\/v2\/product_brand?post=412218"},{"taxonomy":"product_cat","embeddable":true,"href":"https:\/\/www.moskito.cz\/fr\/wp-json\/wp\/v2\/product_cat?post=412218"},{"taxonomy":"product_tag","embeddable":true,"href":"https:\/\/www.moskito.cz\/fr\/wp-json\/wp\/v2\/product_tag?post=412218"}],"curies":[{"name":"wp","href":"https:\/\/api.w.org\/{rel}","templated":true}]}}