{"id":412221,"date":"2025-06-28T08:21:12","date_gmt":"2025-06-28T16:09:20","guid":{"rendered":"https:\/\/www.moskito.cz\/produkt\/chris-reeve-grand-couteau-pliant-inkosi-tanto-lin-1042\/"},"modified":"2025-06-28T17:09:20","modified_gmt":"2025-06-28T16:09:20","slug":"chris-reeve-grand-couteau-pliant-inkosi-tanto-lin-1042","status":"publish","type":"product","link":"https:\/\/www.moskito.cz\/fr\/produkt\/chris-reeve-grand-couteau-pliant-inkosi-tanto-lin-1042\/","title":{"rendered":"Chris Reeve Grand couteau pliant Inkosi Tanto LIN-1042"},"content":{"rendered":"<h2 data-pm-slice=\"1 1 []\">\ud83d\uddc2\ufe0f Chris Reeve Large Inkosi Tanto \u2013 Doubles cornes bleues | La puissance de la pr\u00e9cision dans un bo\u00eetier moderne<\/h2>\n<p><strong>Le Chris Reeve Large Inkosi LIN-1042<\/strong> est un couteau pliant pour ceux qui ne veulent pas faire de compromis. \u00ab&nbsp;Inkosi&nbsp;\u00bb signifie <strong>\u00ab&nbsp;chef&nbsp;\u00bb<\/strong> en zoulou, et cette version le confirme pleinement. Sa robuste <strong>lame tanto en acier CPM MagnaCut<\/strong> , son <strong>manche en titane<\/strong> parfaitement \u00e9quilibr\u00e9 et <strong>ses doubles goupilles bleues<\/strong> pour une ouverture confortable \u00e0 deux mains en font un outil fiable pour le transport quotidien et les travaux lourds.  <\/p>\n<p>Au c\u0153ur de ce couteau se trouve une lame <strong>MagnaCut<\/strong> haut de gamme, d&rsquo;une duret\u00e9 de 63-64 HRC et <strong>d&rsquo;une finition d\u00e9lav\u00e9e<\/strong> , alliant durabilit\u00e9, tranchant et r\u00e9sistance \u00e0 la corrosion exceptionnels. Le profil Tanto am\u00e9liore la p\u00e9n\u00e9tration de la pointe et la r\u00e9sistance \u00e0 la casse en cas d&rsquo;utilisation intensive. Ce couteau est dot\u00e9 du l\u00e9gendaire <strong>syst\u00e8me de verrouillage int\u00e9gral Reeve<\/strong> avec contact c\u00e9ramique pour une longue dur\u00e9e de vie et un fonctionnement fluide.  <\/p>\n<div>\n<hr>\n<\/div>\n<h3>\ud83d\udcd0 Sp\u00e9cifications techniques :<\/h3>\n<ul data-spread=\"false\">\n<li><strong>Longueur de la lame :<\/strong> 91,4 mm (3,6\u2033)<\/li>\n<li><strong>Longueur totale :<\/strong> 210 mm (8,26\u2033)<\/li>\n<li><strong>Longueur du couteau ferm\u00e9 :<\/strong> environ 119 mm<\/li>\n<li><strong>\u00c9paisseur de la lame :<\/strong> environ 3,6 mm<\/li>\n<li><strong>Mat\u00e9riau de la lame :<\/strong> CPM MagnaCut \u2013 acier inoxydable de qualit\u00e9 sup\u00e9rieure (\u00c9tats-Unis)<\/li>\n<li><strong>Duret\u00e9 de la lame :<\/strong> 63\u201364 HRC<\/li>\n<li><strong>Forme de lame :<\/strong> Tanto \u2013 pointe solide et excellente p\u00e9n\u00e9tration<\/li>\n<li><strong>Pon\u00e7age :<\/strong> Pon\u00e7age plat combin\u00e9<\/li>\n<li><strong>Surface de la lame :<\/strong> Stonewash \u2013 r\u00e9sistant aux rayures, aspect mat<\/li>\n<li><strong>Mat\u00e9riau du manche : Titane 6Al4V, sabl\u00e9 au verre<\/strong><\/li>\n<li><strong>Serrure :<\/strong> Serrure int\u00e9grale Reeve avec interface en c\u00e9ramique<\/li>\n<li><strong>Ouverture :<\/strong> Double ergots bleus pour le pouce \u2013 pour droitiers et gauchers<\/li>\n<li><strong>Clip de poche :<\/strong> Titane, droitier, d\u00e9cal\u00e9 (pointe vers le haut)<\/li>\n<li><strong>Pivot :<\/strong> Rondelles en bronze phosphoreux<\/li>\n<li><strong>Poids :<\/strong> environ 125\u2013135 g<\/li>\n<li><strong>Concepteur :<\/strong> Chris Reeve<\/li>\n<li><strong>Fabriqu\u00e9 aux \u00c9tats-Unis<\/strong><\/li>\n<\/ul>\n<div>\n<hr>\n<\/div>\n<h3>\ud83d\udfe2 Principaux avantages :<\/h3>\n<p>\u2705  <strong>MagnaCut<\/strong> \u2013 durabilit\u00e9 exceptionnelle de la lame, haute t\u00e9nacit\u00e9 et r\u00e9sistance \u00e0 la corrosion<br \/>\n\u2705  <strong>Lame Tanto<\/strong> \u2013 g\u00e9om\u00e9trie puissante id\u00e9ale pour les coupes per\u00e7antes et les utilisations intensives<br \/>\n\u2705  <strong>Manche en titane<\/strong> \u2013 l\u00e9ger, extr\u00eamement solide et r\u00e9sistant \u00e0 la corrosion<br \/>\n\u2705  <strong>Doubles broches bleues<\/strong> \u2013 facilitent l&rsquo;ouverture \u00e0 deux mains, ajoutent une touche esth\u00e9tique<br \/>\n\u2705  <strong>Reeve Integral Lock<\/strong> \u2013 un antivol \u00e0 cadre s\u00fbr et m\u00e9caniquement pr\u00e9cis avec contact en c\u00e9ramique<\/p>\n<div>\n<hr>\n<\/div>\n<h3>\ud83d\udd34 Inconv\u00e9nients possibles :<\/h3>\n<p>\u26a0\ufe0f <strong>Profil Tanto<\/strong> \u2013 moins adapt\u00e9 aux coupes et aliments d\u00e9licats<br \/>\n\u26a0\ufe0f <strong>Prix plus \u00e9lev\u00e9<\/strong> \u2013 correspond \u00e0 des mat\u00e9riaux haut de gamme et \u00e0 une production artisanale<br \/>\n\u26a0\ufe0f <strong>Le clip ne peut pas \u00eatre invers\u00e9<\/strong> &#8211; position fixe pour un port c\u00f4t\u00e9 droit <\/p>\n<div>\n<hr>\n<\/div>\n<h3>\ud83d\udee0\ufe0f Entretien et soins :<\/h3>\n<ul data-spread=\"false\">\n<li>La lame <strong>MagnaCut<\/strong> n\u00e9cessite un entretien minimal : un l\u00e9ger aff\u00fbtage occasionnel suffit.<\/li>\n<li>Le manche en titane r\u00e9siste \u00e0 l&rsquo;humidit\u00e9 et \u00e0 l&rsquo;usure<\/li>\n<li>Pour un fonctionnement sans probl\u00e8me, nous recommandons une lubrification r\u00e9guli\u00e8re de la goupille et une inspection occasionnelle des vis.<\/li>\n<li>La surface sabl\u00e9e peut \u00eatre nettoy\u00e9e avec une brosse douce ou un chiffon.<\/li>\n<\/ul>\n<div>\n<hr>\n<\/div>\n<h3>\u2764\ufe0f Pourquoi l&rsquo;aimes-tu ?<\/h3>\n<p><strong>L&rsquo;Inkosi LIN-1042<\/strong> est le choix id\u00e9al pour les utilisateurs qui appr\u00e9cient <strong>l&rsquo;alliance de mat\u00e9riaux modernes, d&rsquo;un design robuste et d&rsquo;une m\u00e9canique parfaite<\/strong> . Sa fiabilit\u00e9 et sa durabilit\u00e9 le rendent adapt\u00e9 aux conditions les plus exigeantes, tout en restant un couteau \u00e9l\u00e9gant et pr\u00e9cis, agr\u00e9able \u00e0 l&rsquo;\u0153il et \u00e0 la main. <\/p>\n<div>\n<hr>\n<\/div>\n<h3>\u2705 \u00c9valuation finale<\/h3>\n<p><strong>Le Chris Reeve Large Inkosi Tanto LIN-1042<\/strong> est un couteau pliant haut de gamme con\u00e7u pour l&rsquo;utilisateur exigeant \u00e0 la recherche d&rsquo;un outil fiable. Id\u00e9al pour le transport quotidien et les t\u00e2ches les plus exigeantes, il est dot\u00e9 d&rsquo;un design \u00e9pur\u00e9 et d&rsquo;une fonctionnalit\u00e9 parfaite. <\/p>\n","protected":false},"excerpt":{"rendered":"<p><strong>L&rsquo;Inkosi LIN-1042 est le choix id\u00e9al pour les utilisateurs qui appr\u00e9cient l&rsquo;alliance de mat\u00e9riaux modernes, d&rsquo;un design robuste et d&rsquo;une m\u00e9canique parfaite. Sa fiabilit\u00e9 et sa durabilit\u00e9 le rendent adapt\u00e9 aux conditions les plus exigeantes, tout en restant un couteau \u00e9l\u00e9gant et pr\u00e9cis, agr\u00e9able \u00e0 l&rsquo;\u0153il et \u00e0 la main. <\/strong><\/p>\n<p><strong>Livraison gratuite.<\/strong><\/p>\n","protected":false},"featured_media":412079,"comment_status":"open","ping_status":"closed","template":"","meta":[],"pwb-brand":[4044],"product_brand":[],"product_cat":[3700,3696],"product_tag":[],"class_list":{"0":"post-412221","1":"product","2":"type-product","3":"status-publish","4":"has-post-thumbnail","6":"pwb-brand-couteaux-chris-reeve","7":"product_cat-couteaux-de-fermeture","8":"product_cat-des-couteaux","10":"first","11":"instock","12":"taxable","13":"shipping-taxable","14":"purchasable","15":"product-type-simple"},"brands":[{"id":4044,"name":"Couteaux Chris Reeve","slug":"couteaux-chris-reeve"}],"_links":{"self":[{"href":"https:\/\/www.moskito.cz\/fr\/wp-json\/wp\/v2\/product\/412221","targetHints":{"allow":["GET"]}}],"collection":[{"href":"https:\/\/www.moskito.cz\/fr\/wp-json\/wp\/v2\/product"}],"about":[{"href":"https:\/\/www.moskito.cz\/fr\/wp-json\/wp\/v2\/types\/product"}],"replies":[{"embeddable":true,"href":"https:\/\/www.moskito.cz\/fr\/wp-json\/wp\/v2\/comments?post=412221"}],"wp:featuredmedia":[{"embeddable":true,"href":"https:\/\/www.moskito.cz\/fr\/wp-json\/wp\/v2\/media\/412079"}],"wp:attachment":[{"href":"https:\/\/www.moskito.cz\/fr\/wp-json\/wp\/v2\/media?parent=412221"}],"wp:term":[{"taxonomy":"pwb-brand","embeddable":true,"href":"https:\/\/www.moskito.cz\/fr\/wp-json\/wp\/v2\/pwb-brand?post=412221"},{"taxonomy":"product_brand","embeddable":true,"href":"https:\/\/www.moskito.cz\/fr\/wp-json\/wp\/v2\/product_brand?post=412221"},{"taxonomy":"product_cat","embeddable":true,"href":"https:\/\/www.moskito.cz\/fr\/wp-json\/wp\/v2\/product_cat?post=412221"},{"taxonomy":"product_tag","embeddable":true,"href":"https:\/\/www.moskito.cz\/fr\/wp-json\/wp\/v2\/product_tag?post=412221"}],"curies":[{"name":"wp","href":"https:\/\/api.w.org\/{rel}","templated":true}]}}