{"id":412281,"date":"2025-05-22T13:03:06","date_gmt":"2025-06-29T07:42:22","guid":{"rendered":"https:\/\/www.moskito.cz\/produkt\/couteau-karambit-pliant-crkt-mcglaun-du-hoc-deadbolt-2635\/"},"modified":"2025-06-29T08:42:22","modified_gmt":"2025-06-29T07:42:22","slug":"couteau-karambit-pliant-crkt-mcglaun-du-hoc-deadbolt-2635","status":"publish","type":"product","link":"https:\/\/www.moskito.cz\/fr\/produkt\/couteau-karambit-pliant-crkt-mcglaun-du-hoc-deadbolt-2635\/","title":{"rendered":"Couteau Karambit pliant CRKT McGlaun Du Hoc Deadbolt 2635"},"content":{"rendered":"<p data-pm-slice=\"1 1 []\"><strong>Le couteau pliant CRKT Du Hoc Deadbolt 2635<\/strong> est un karambit unique con\u00e7u par Austin McGlaun. Il fait partie du programme <em>Forged by War<\/em> , qui rend hommage aux soldats, comme l&rsquo;oncle de McGlaun, qui ont particip\u00e9 au d\u00e9barquement de Normandie. Ce couteau allie la forme traditionnelle du karambit aux technologies et mat\u00e9riaux modernes.  <\/p>\n<div>\n<hr>\n<\/div>\n<h3>\ud83d\udd27 Param\u00e8tres cl\u00e9s<\/h3>\n<ul data-spread=\"false\">\n<li><strong>Longueur totale (ouvert)<\/strong> : 24,2 cm<\/li>\n<li><strong>Longueur de la lame<\/strong> : 9,2 cm<\/li>\n<li><strong>\u00c9paisseur de la lame<\/strong> : 4 mm<\/li>\n<li><strong>Mat\u00e9riau de la lame<\/strong> : D2 (acier \u00e0 outils)<\/li>\n<li><strong>Duret\u00e9 de la lame<\/strong> : 58\u201360 HRC<\/li>\n<li><strong>Forme de la lame<\/strong> : Bec-de-hawk modifi\u00e9<\/li>\n<li><strong>Finition de la lame<\/strong> : Rev\u00eatement en poudre noir<\/li>\n<li><strong>Mat\u00e9riau du manche<\/strong> : G10 (composite textur\u00e9)<\/li>\n<li><strong>Poids<\/strong> : 238 g<\/li>\n<li><strong>M\u00e9canisme de verrouillage<\/strong> : Serrure \u00e0 p\u00eane dormant<\/li>\n<li><strong>Syst\u00e8me d&rsquo;ouverture<\/strong> : Ouverture assist\u00e9e par flipper ou goupille de pouce<\/li>\n<li><strong>Clip ceinture<\/strong> : Oui, position rabattable pour les droitiers<\/li>\n<li><strong>Pays d&rsquo;origine<\/strong> : Chine<\/li>\n<li><strong>Concepteur<\/strong> : Austin McGlaun<\/li>\n<\/ul>\n<div>\n<hr>\n<\/div>\n<h3>\u2705 Avantages<\/h3>\n<ul data-spread=\"false\">\n<li><strong>M\u00e9canisme de verrouillage robuste<\/strong> : le verrou \u00e0 p\u00eane dormant offre une excellente r\u00e9sistance aux forces axiales, garantissant une utilisation s\u00fbre m\u00eame sous de lourdes charges.<\/li>\n<li><strong>Ouverture rapide et facile<\/strong> : L&rsquo;ouverture assist\u00e9e par un flipper ou une goupille de pouce permet un d\u00e9ploiement rapide du couteau.<\/li>\n<li><strong>Conception ergonomique<\/strong> : La poign\u00e9e G10 avec une surface textur\u00e9e assure une prise ferme et confortable, m\u00eame dans des situations stressantes ou lors de l&rsquo;utilisation de gants.<\/li>\n<li><strong>Mat\u00e9riaux durables<\/strong> : l&rsquo;acier D2 d&rsquo;une duret\u00e9 de 58 \u00e0 60 HRC offre d&rsquo;excellentes propri\u00e9t\u00e9s de coupe et une r\u00e9sistance \u00e0 l&rsquo;usure.<\/li>\n<li><strong>Soutien caritatif<\/strong> : Une partie des b\u00e9n\u00e9fices de la vente de ce couteau est destin\u00e9e \u00e0 soutenir l&rsquo;organisation Idaho Backcountry Veterans.<\/li>\n<\/ul>\n<div>\n<hr>\n<\/div>\n<h3>\u274c Inconv\u00e9nients<\/h3>\n<ul data-spread=\"false\">\n<li><strong>Forme de lame sp\u00e9cifique<\/strong> : La forme d&rsquo;un karambit peut \u00eatre moins polyvalente pour certaines t\u00e2ches o\u00f9 une coupe droite est n\u00e9cessaire.<\/li>\n<li><strong>Poids plus lourd<\/strong> : Le poids de 238 g peut \u00eatre trop lourd pour certains utilisateurs \u00e0 transporter au quotidien.<\/li>\n<li><strong>Options de transport limit\u00e9es<\/strong> : Le clip est con\u00e7u uniquement pour les utilisateurs droitiers et n&rsquo;offre qu&rsquo;une position basculante.<\/li>\n<\/ul>\n<div>\n<hr>\n<\/div>\n<h3>\ud83d\udee0\ufe0f Entretien et soins<\/h3>\n<ul data-spread=\"false\">\n<li><strong>Aff\u00fbtage<\/strong>&nbsp;: L&rsquo;acier D2 est r\u00e9sistant \u00e0 l&rsquo;usure, mais peut \u00eatre plus sensible \u00e0 la rouille. Il est recommand\u00e9 d&rsquo;entretenir r\u00e9guli\u00e8rement la lame et de la prot\u00e9ger de l&rsquo;humidit\u00e9. <\/li>\n<li><strong>Entretien du manche<\/strong> : Le manche en G10 est durable et facile \u00e0 nettoyer. Pour pr\u00e9server son aspect et sa fonctionnalit\u00e9, il est recommand\u00e9 de le d\u00e9graisser r\u00e9guli\u00e8rement. <\/li>\n<\/ul>\n<div>\n<hr>\n<\/div>\n<h3>\u2764\ufe0f Appel \u00e9motionnel<\/h3>\n<p><strong>Le CRKT Du Hoc Deadbolt 2635<\/strong> est plus qu&rsquo;un simple outil&nbsp;: c&rsquo;est un hommage \u00e0 l&rsquo;h\u00e9ro\u00efsme et au courage des soldats ayant particip\u00e9 au d\u00e9barquement de Normandie. Son design et sa fonctionnalit\u00e9 refl\u00e8tent la d\u00e9termination et la force n\u00e9cessaires pour survivre et r\u00e9ussir dans des conditions difficiles. Ce couteau est le compagnon id\u00e9al de ceux qui recherchent un outil fiable et puissant, empreint d&rsquo;une profonde signification historique.  <\/p>\n<div>\n<hr>\n<\/div>\n<h3>\ud83d\udd04 Comparaison avec d&rsquo;autres mod\u00e8les<\/h3>\n<table>\n<tbody>\n<tr>\n<th>Mod\u00e8le<\/th>\n<th>P\u00eane dormant CRKT Du Hoc 2635<\/th>\n<th>CRKT McGlaun Du Hoc corrig\u00e9<\/th>\n<th>CRKT McGlaun Du Hoc Mini<\/th>\n<\/tr>\n<tr>\n<td><strong>Type de couteau<\/strong><\/td>\n<td>Karambit pliable<\/td>\n<td>Karambit solide<\/td>\n<td>Karambit solide<\/td>\n<\/tr>\n<tr>\n<td><strong>Longueur de la lame<\/strong><\/td>\n<td>9,2 cm<\/td>\n<td>15,2 cm<\/td>\n<td>7,6 cm<\/td>\n<\/tr>\n<tr>\n<td><strong>Mat\u00e9riau de la lame<\/strong><\/td>\n<td>D2<\/td>\n<td>D2<\/td>\n<td>D2<\/td>\n<\/tr>\n<tr>\n<td><strong>Mat\u00e9riau du manche<\/strong><\/td>\n<td>G10<\/td>\n<td>G10<\/td>\n<td>G10<\/td>\n<\/tr>\n<tr>\n<td><strong>M\u00e9canisme de verrouillage<\/strong><\/td>\n<td>Serrure \u00e0 p\u00eane dormant<\/td>\n<td>Il n&rsquo;y a pas de<\/td>\n<td>Il n&rsquo;y a pas de<\/td>\n<\/tr>\n<tr>\n<td><strong>Poids<\/strong><\/td>\n<td>238 g<\/td>\n<td>283 g<\/td>\n<td>142 g<\/td>\n<\/tr>\n<tr>\n<td><strong>Prix<\/strong><\/td>\n<td>Moyen<\/td>\n<td>Haut<\/td>\n<td>Faible<\/td>\n<\/tr>\n<\/tbody>\n<\/table>\n<p><strong>Verdict<\/strong> : \u2026Pour ceux qui pr\u00e9f\u00e8rent une lame fixe ou une option plus compacte, <strong data-start=\"83\" data-end=\"112\">le CRKT McGlaun Du Hoc Fixed<\/strong> pour une robustesse maximale, ou <strong data-start=\"144\" data-end=\"159\">le Du Hoc Mini<\/strong> comme alternative plus l\u00e9g\u00e8re pour un transport discret, peuvent \u00eatre plus adapt\u00e9s.<\/p>\n","protected":false},"excerpt":{"rendered":"<p><strong>Pour ceux qui pr\u00e9f\u00e8rent une lame fixe ou une option plus compacte, le CRKT McGlaun Du Hoc Fixed pour une robustesse maximale, ou le Du Hoc Mini comme alternative plus l\u00e9g\u00e8re pour un transport discret, peuvent \u00eatre plus adapt\u00e9s.<\/strong><\/p>\n<p><strong>Livraison gratuite.<\/strong><\/p>\n","protected":false},"featured_media":403726,"comment_status":"open","ping_status":"closed","template":"","meta":[],"pwb-brand":[3762],"product_brand":[],"product_cat":[3700,3696,3794],"product_tag":[],"class_list":{"0":"post-412281","1":"product","2":"type-product","3":"status-publish","4":"has-post-thumbnail","6":"pwb-brand-crkt-fr","7":"product_cat-couteaux-de-fermeture","8":"product_cat-des-couteaux","9":"product_cat-karambits-fr","11":"first","12":"instock","13":"sale","14":"taxable","15":"shipping-taxable","16":"purchasable","17":"product-type-simple"},"brands":[{"id":3762,"name":"CRKT","slug":"crkt-fr"}],"_links":{"self":[{"href":"https:\/\/www.moskito.cz\/fr\/wp-json\/wp\/v2\/product\/412281","targetHints":{"allow":["GET"]}}],"collection":[{"href":"https:\/\/www.moskito.cz\/fr\/wp-json\/wp\/v2\/product"}],"about":[{"href":"https:\/\/www.moskito.cz\/fr\/wp-json\/wp\/v2\/types\/product"}],"replies":[{"embeddable":true,"href":"https:\/\/www.moskito.cz\/fr\/wp-json\/wp\/v2\/comments?post=412281"}],"wp:featuredmedia":[{"embeddable":true,"href":"https:\/\/www.moskito.cz\/fr\/wp-json\/wp\/v2\/media\/403726"}],"wp:attachment":[{"href":"https:\/\/www.moskito.cz\/fr\/wp-json\/wp\/v2\/media?parent=412281"}],"wp:term":[{"taxonomy":"pwb-brand","embeddable":true,"href":"https:\/\/www.moskito.cz\/fr\/wp-json\/wp\/v2\/pwb-brand?post=412281"},{"taxonomy":"product_brand","embeddable":true,"href":"https:\/\/www.moskito.cz\/fr\/wp-json\/wp\/v2\/product_brand?post=412281"},{"taxonomy":"product_cat","embeddable":true,"href":"https:\/\/www.moskito.cz\/fr\/wp-json\/wp\/v2\/product_cat?post=412281"},{"taxonomy":"product_tag","embeddable":true,"href":"https:\/\/www.moskito.cz\/fr\/wp-json\/wp\/v2\/product_tag?post=412281"}],"curies":[{"name":"wp","href":"https:\/\/api.w.org\/{rel}","templated":true}]}}