{"id":412547,"date":"2025-06-30T15:30:06","date_gmt":"2025-06-30T14:30:06","guid":{"rendered":"https:\/\/www.moskito.cz\/?post_type=product&#038;p=412547"},"modified":"2025-06-30T15:30:07","modified_gmt":"2025-06-30T14:30:07","slug":"zaviraci-nuz-spyderco-byrd-meadowlark-2-lightweight-by04pbkwc2","status":"publish","type":"product","link":"https:\/\/www.moskito.cz\/fr\/produkt\/zaviraci-nuz-spyderco-byrd-meadowlark-2-lightweight-by04pbkwc2\/","title":{"rendered":"Zav\u00edrac\u00ed N\u016f\u017e Spyderco Byrd Meadowlark 2 Lightweight BY04PBKWC2"},"content":{"rendered":"<p data-start=\"143\" data-end=\"527\"><strong data-start=\"143\" data-end=\"197\">Spyderco Byrd Meadowlark 2 Lightweight Wharncliffe<\/strong> (BY04PBKWC2) je lehk\u00fd, p\u0159esn\u00fd a cenov\u011b dostupn\u00fd zav\u00edrac\u00ed n\u016f\u017e ur\u010den\u00fd pro ka\u017edodenn\u00ed no\u0161en\u00ed. S \u010depel\u00ed typu <strong data-start=\"303\" data-end=\"318\">Wharncliffe<\/strong> \u2013 tedy s rovn\u00fdm ost\u0159\u00edm a prudce klesaj\u00edc\u00ed \u0161pi\u010dkou \u2013 nab\u00edz\u00ed maxim\u00e1ln\u00ed kontrolu nad \u0159ezem, co\u017e z n\u011bj \u010din\u00ed skv\u011bl\u00fd n\u00e1stroj pro detailn\u00ed pr\u00e1ci, \u0159ez\u00e1n\u00ed kartonu, textili\u00ed nebo p\u0159esn\u00e9 veden\u00ed \u010depele v rovn\u00fdch lini\u00edch.<\/p>\n<p data-start=\"529\" data-end=\"878\">Tato verze z \u0159ady <strong data-start=\"547\" data-end=\"575\">Meadowlark 2 Lightweight<\/strong> si zachov\u00e1v\u00e1 klasick\u00e9 v\u00fdhody p\u0159edch\u016fdc\u016f \u2013 n\u00edzkou hmotnost, ergonomickou <strong data-start=\"648\" data-end=\"663\">FRN rukoje\u0165<\/strong> a bezpe\u010dn\u00fd <strong data-start=\"675\" data-end=\"693\">Lockback z\u00e1mek<\/strong> \u2013 a p\u0159id\u00e1v\u00e1 \u010depel s modern\u00ed geometri\u00ed pro u\u017eivatele, kte\u0159\u00ed hledaj\u00ed funk\u010dnost bez kompromis\u016f. Pokud ti jde o efektivitu, kontrolu a spolehlivost, Wharncliffe verze t\u011b rozhodn\u011b nezklame.<\/p>\n<hr data-start=\"880\" data-end=\"883\" \/>\n<p data-start=\"885\" data-end=\"914\">\ud83d\udcd0 <strong data-start=\"888\" data-end=\"913\">Technick\u00e9 specifikace<\/strong>:<\/p>\n<ul data-start=\"915\" data-end=\"1719\">\n<li data-start=\"915\" data-end=\"950\">\n<p data-start=\"917\" data-end=\"950\"><strong data-start=\"917\" data-end=\"934\">D\u00e9lka \u010depele:<\/strong> 75 mm (2,96\u2033)<\/p>\n<\/li>\n<li data-start=\"951\" data-end=\"980\">\n<p data-start=\"953\" data-end=\"980\"><strong data-start=\"953\" data-end=\"971\">Celkov\u00e1 d\u00e9lka:<\/strong> 171 mm<\/p>\n<\/li>\n<li data-start=\"981\" data-end=\"1020\">\n<p data-start=\"983\" data-end=\"1020\"><strong data-start=\"983\" data-end=\"1008\">D\u00e9lka zav\u0159en\u00e9ho no\u017ee:<\/strong> cca 96 mm<\/p>\n<\/li>\n<li data-start=\"1021\" data-end=\"1056\">\n<p data-start=\"1023\" data-end=\"1056\"><strong data-start=\"1023\" data-end=\"1043\">Tlou\u0161\u0165ka \u010depele:<\/strong> cca 2,5 mm<\/p>\n<\/li>\n<li data-start=\"1057\" data-end=\"1106\">\n<p data-start=\"1059\" data-end=\"1106\"><strong data-start=\"1059\" data-end=\"1079\">Materi\u00e1l \u010depele:<\/strong> 8Cr13MoV \u2013 nerezov\u00e1 ocel<\/p>\n<\/li>\n<li data-start=\"1107\" data-end=\"1141\">\n<p data-start=\"1109\" data-end=\"1141\"><strong data-start=\"1109\" data-end=\"1128\">Tvrdost \u010depele:<\/strong> cca 58 HRC<\/p>\n<\/li>\n<li data-start=\"1142\" data-end=\"1224\">\n<p data-start=\"1144\" data-end=\"1224\"><strong data-start=\"1144\" data-end=\"1160\">Tvar \u010depele:<\/strong> Wharncliffe \u2013 rovn\u00e9 ost\u0159\u00ed, maxim\u00e1ln\u00ed kontrola a efektivn\u00ed \u0159ez<\/p>\n<\/li>\n<li data-start=\"1225\" data-end=\"1259\">\n<p data-start=\"1227\" data-end=\"1259\"><strong data-start=\"1227\" data-end=\"1237\">Ost\u0159\u00ed:<\/strong> Hladk\u00e9 (plain edge)<\/p>\n<\/li>\n<li data-start=\"1260\" data-end=\"1344\">\n<p data-start=\"1262\" data-end=\"1344\"><strong data-start=\"1262\" data-end=\"1271\">Brus:<\/strong> Ploch\u00fd v\u00fdbrus (full flat grind) \u2013 skv\u011bl\u00fd \u0159ezn\u00fd v\u00fdkon i snadn\u00e9 brou\u0161en\u00ed<\/p>\n<\/li>\n<li data-start=\"1345\" data-end=\"1383\">\n<p data-start=\"1347\" data-end=\"1383\"><strong data-start=\"1347\" data-end=\"1375\">Povrchov\u00e1 \u00faprava \u010depele:<\/strong> Sat\u00e9n<\/p>\n<\/li>\n<li data-start=\"1384\" data-end=\"1439\">\n<p data-start=\"1386\" data-end=\"1439\"><strong data-start=\"1386\" data-end=\"1398\">Rukoje\u0165:<\/strong> FRN \u2013 \u010dern\u00e1, s protiskluzovou texturou<\/p>\n<\/li>\n<li data-start=\"1440\" data-end=\"1486\">\n<p data-start=\"1442\" data-end=\"1486\"><strong data-start=\"1442\" data-end=\"1452\">Z\u00e1mek:<\/strong> Lockback \u2013 klasick\u00fd, spolehliv\u00fd<\/p>\n<\/li>\n<li data-start=\"1487\" data-end=\"1546\">\n<p data-start=\"1489\" data-end=\"1546\"><strong data-start=\"1489\" data-end=\"1502\">Otv\u00edr\u00e1n\u00ed:<\/strong> \u201eByrd hole\u201c \u2013 oboustrann\u00fd otvor pro palec<\/p>\n<\/li>\n<li data-start=\"1547\" data-end=\"1620\">\n<p data-start=\"1549\" data-end=\"1620\"><strong data-start=\"1549\" data-end=\"1558\">Klip:<\/strong> Ocelov\u00fd, 4polohov\u00fd (tip-up \/ tip-down, prav\u00e1 \/ lev\u00e1 strana)<\/p>\n<\/li>\n<li data-start=\"1621\" data-end=\"1647\">\n<p data-start=\"1623\" data-end=\"1647\"><strong data-start=\"1623\" data-end=\"1636\">Hmotnost:<\/strong> cca 65 g<\/p>\n<\/li>\n<li data-start=\"1648\" data-end=\"1696\">\n<p data-start=\"1650\" data-end=\"1696\"><strong data-start=\"1650\" data-end=\"1663\">Design\u00e9r:<\/strong> Byrd Knife Division (Spyderco)<\/p>\n<\/li>\n<\/ul>\n<hr data-start=\"1721\" data-end=\"1724\" \/>\n<p data-start=\"1726\" data-end=\"2076\">\ud83d\udfe2 <strong data-start=\"1729\" data-end=\"1746\">Hlavn\u00ed v\u00fdhody<\/strong>:<br \/>\n\u2705 Wharncliffe \u010depel \u2013 ide\u00e1ln\u00ed pro p\u0159esn\u00e9 \u0159ezy, skv\u011bl\u00e1 kontrola a bezpe\u010dnost<br data-start=\"1823\" data-end=\"1826\" \/>\u2705 Lehk\u00e1 konstrukce \u2013 vhodn\u00fd pro EDC, nen\u00e1padn\u00fd a pohodln\u00fd na no\u0161en\u00ed<br data-start=\"1893\" data-end=\"1896\" \/>\u2705 Texturovan\u00fd FRN \u2013 jist\u00fd \u00fachop i za mokra nebo v rukavic\u00edch<br data-start=\"1956\" data-end=\"1959\" \/>\u2705 4polohov\u00fd klip \u2013 pln\u011b p\u0159izp\u016fsobiteln\u00fd i pro lev\u00e1ky<br data-start=\"2011\" data-end=\"2014\" \/>\u2705 Lockback \u2013 bezpe\u010dn\u00fd, osv\u011bd\u010den\u00fd z\u00e1mek se spolehliv\u00fdm ji\u0161t\u011bn\u00edm<\/p>\n<hr data-start=\"2078\" data-end=\"2081\" \/>\n<p data-start=\"2083\" data-end=\"2370\">\ud83d\udd34 <strong data-start=\"2086\" data-end=\"2104\">Mo\u017en\u00e9 nev\u00fdhody<\/strong>:<br \/>\n\u26a0\ufe0f Rovn\u00e9 ost\u0159\u00ed nemus\u00ed b\u00fdt ide\u00e1ln\u00ed pro ta\u017een\u00e9 \u0159ezy do hloubky (nap\u0159. kr\u00e1jen\u00ed ovoce, n\u011bkter\u00e9 bushcraft \u010dinnosti)<br data-start=\"2216\" data-end=\"2219\" \/>\u26a0\ufe0f Lockback je mechanicky spolehliv\u00fd, ale m\u00e9n\u011b svi\u017en\u00fd ne\u017e liner nebo compression lock<br data-start=\"2304\" data-end=\"2307\" \/>\u26a0\ufe0f FRN m\u016f\u017ee p\u016fsobit m\u00e9n\u011b \u201epr\u00e9miov\u011b\u201c \u2013 ale je extr\u00e9mn\u011b praktick\u00fd<\/p>\n<hr data-start=\"2372\" data-end=\"2375\" \/>\n<p data-start=\"2377\" data-end=\"2545\">\ud83d\udee0\ufe0f <strong data-start=\"2381\" data-end=\"2398\">\u00dadr\u017eba a p\u00e9\u010de<\/strong>:<br \/>\n<strong data-start=\"2400\" data-end=\"2421\">\u010cepel z 8Cr13MoV:<\/strong><br \/>\n\u2013 Odoln\u00e1 v\u016f\u010di korozi, snadno se brous\u00ed<br data-start=\"2460\" data-end=\"2463\" \/>\u2013 Doporu\u010duje se pravideln\u00e9 ot\u00edr\u00e1n\u00ed a lehk\u00e9 olejov\u00e1n\u00ed (nap\u0159. Ballistol, Nano-oil)<\/p>\n<p data-start=\"2547\" data-end=\"2668\"><strong data-start=\"2547\" data-end=\"2565\">Rukoje\u0165 (FRN):<\/strong><br \/>\n\u2013 Snadn\u00e1 na \u00fadr\u017ebu \u2013 omyvateln\u00e1, neabsorbuje vlhkost<br data-start=\"2618\" data-end=\"2621\" \/>\u2013 Texturovan\u00fd povrch zaji\u0161\u0165uje bezpe\u010dn\u00fd \u00fachop<\/p>\n<p data-start=\"2670\" data-end=\"2802\"><strong data-start=\"2670\" data-end=\"2686\">Z\u00e1mek a \u010dep:<\/strong><br \/>\n\u2013 Ob\u010das pro\u010distit vnit\u0159n\u00ed prostor \u010depu a Lockbacku (prach, vl\u00e1kna)<br data-start=\"2753\" data-end=\"2756\" \/>\u2013 Doporu\u010deno ob\u010dasn\u00e9 promaz\u00e1n\u00ed pro hlad\u0161\u00ed chod<\/p>\n<hr data-start=\"2804\" data-end=\"2807\" \/>\n<p data-start=\"2809\" data-end=\"3134\">\ud83d\udd27 <strong data-start=\"2812\" data-end=\"2866\">Jak brousit Spyderco Byrd Meadowlark 2 Wharncliffe<\/strong>:<br \/>\n\u2705 Hladk\u00e1 \u010depel umo\u017e\u0148uje klasick\u00e9 brou\u0161en\u00ed \u2013 ide\u00e1ln\u00ed pro za\u010d\u00e1te\u010dn\u00edky i pokro\u010dil\u00e9<br data-start=\"2947\" data-end=\"2950\" \/>\u2705 Doporu\u010den\u00fd \u00fahel: 20\u00b0 na ka\u017edou stranu<br data-start=\"2989\" data-end=\"2992\" \/>\u2705 Ploch\u00fd v\u00fdbrus usnad\u0148uje udr\u017een\u00ed \u00fahlu a zaji\u0161\u0165uje skv\u011blou \u0159ezivost<br data-start=\"3059\" data-end=\"3062\" \/>\u2705 Doporu\u010den\u00e9 n\u00e1stroje: Spyderco Sharpmaker, DMT, Lansky, keramick\u00fd k\u00e1men<\/p>\n<hr data-start=\"3136\" data-end=\"3139\" \/>\n<p data-start=\"3141\" data-end=\"3506\">\u2764\ufe0f <strong data-start=\"3144\" data-end=\"3166\">Pro\u010d si ho obl\u00edb\u00ed\u0161<\/strong><br data-start=\"3166\" data-end=\"3169\" \/>Wharncliffe \u010depel v kombinaci s n\u00edzkou hmotnost\u00ed a praktick\u00fdm designem d\u011bl\u00e1 z Meadowlark 2 LW perfektn\u00ed EDC n\u016f\u017e pro ka\u017edodenn\u00ed \u017eivot. Vynik\u00e1 v precizn\u00edch \u0159ezech, snadno se udr\u017euje a d\u00edky FRN rukojeti skv\u011ble dr\u017e\u00ed i za mokra. Jeho jednoduchost, funk\u010dnost a bezpe\u010dnost z n\u011bj d\u011blaj\u00ed nen\u00e1padn\u00e9ho, ale spolehliv\u00e9ho spole\u010dn\u00edka pro ka\u017edou kapsu.<\/p>\n<hr data-start=\"3508\" data-end=\"3511\" \/>\n<p data-start=\"3513\" data-end=\"3842\">\u2705 <strong data-start=\"3515\" data-end=\"3538\">Z\u00e1v\u011bre\u010dn\u00e9 hodnocen\u00ed<\/strong><br data-start=\"3538\" data-end=\"3541\" \/><strong data-start=\"3541\" data-end=\"3595\">Spyderco Byrd Meadowlark 2 Lightweight Wharncliffe<\/strong> je vysoce funk\u010dn\u00ed a lehk\u00fd zav\u00edrac\u00ed n\u016f\u017e pro ka\u017edodenn\u00ed no\u0161en\u00ed, kter\u00fd pot\u011b\u0161\u00ed ka\u017ed\u00e9ho, kdo hled\u00e1 n\u00e1stroj s v\u00fdbornou kontrolou nad \u0159ezem a jednoduchou \u00fadr\u017ebou. Nab\u00edz\u00ed v\u00fdborn\u00fd pom\u011br cena\/v\u00fdkon a je skv\u011blou volbou jak pro pracovn\u00ed, tak civiln\u00ed pou\u017eit\u00ed.<\/p>\n<hr data-start=\"3844\" data-end=\"3847\" \/>\n","protected":false},"excerpt":{"rendered":"<p><strong>Wharncliffe \u010depel v kombinaci s n\u00edzkou hmotnost\u00ed a praktick\u00fdm designem d\u011bl\u00e1 z Meadowlark 2 LW perfektn\u00ed EDC n\u016f\u017e pro ka\u017edodenn\u00ed \u017eivot. Vynik\u00e1 v precizn\u00edch \u0159ezech, snadno se udr\u017euje a d\u00edky FRN rukojeti skv\u011ble dr\u017e\u00ed i za mokra. Jeho jednoduchost, funk\u010dnost a bezpe\u010dnost z n\u011bj d\u011blaj\u00ed nen\u00e1padn\u00e9ho, ale spolehliv\u00e9ho spole\u010dn\u00edka pro ka\u017edou kapsu.<\/strong><\/p>\n","protected":false},"featured_media":412548,"comment_status":"open","ping_status":"closed","template":"","meta":[],"pwb-brand":[166],"product_brand":[],"product_cat":[17,22],"product_tag":[],"class_list":{"0":"post-412547","1":"product","2":"type-product","3":"status-publish","4":"has-post-thumbnail","6":"pwb-brand-byrd","7":"product_cat-noze","8":"product_cat-zaviraci-noze","10":"first","11":"instock","12":"taxable","13":"shipping-taxable","14":"purchasable","15":"product-type-simple"},"brands":[{"id":166,"name":"Byrd","slug":"byrd"}],"_links":{"self":[{"href":"https:\/\/www.moskito.cz\/fr\/wp-json\/wp\/v2\/product\/412547","targetHints":{"allow":["GET"]}}],"collection":[{"href":"https:\/\/www.moskito.cz\/fr\/wp-json\/wp\/v2\/product"}],"about":[{"href":"https:\/\/www.moskito.cz\/fr\/wp-json\/wp\/v2\/types\/product"}],"replies":[{"embeddable":true,"href":"https:\/\/www.moskito.cz\/fr\/wp-json\/wp\/v2\/comments?post=412547"}],"wp:featuredmedia":[{"embeddable":true,"href":"https:\/\/www.moskito.cz\/fr\/wp-json\/wp\/v2\/media\/412548"}],"wp:attachment":[{"href":"https:\/\/www.moskito.cz\/fr\/wp-json\/wp\/v2\/media?parent=412547"}],"wp:term":[{"taxonomy":"pwb-brand","embeddable":true,"href":"https:\/\/www.moskito.cz\/fr\/wp-json\/wp\/v2\/pwb-brand?post=412547"},{"taxonomy":"product_brand","embeddable":true,"href":"https:\/\/www.moskito.cz\/fr\/wp-json\/wp\/v2\/product_brand?post=412547"},{"taxonomy":"product_cat","embeddable":true,"href":"https:\/\/www.moskito.cz\/fr\/wp-json\/wp\/v2\/product_cat?post=412547"},{"taxonomy":"product_tag","embeddable":true,"href":"https:\/\/www.moskito.cz\/fr\/wp-json\/wp\/v2\/product_tag?post=412547"}],"curies":[{"name":"wp","href":"https:\/\/api.w.org\/{rel}","templated":true}]}}