{"id":416531,"date":"2025-07-08T19:09:33","date_gmt":"2025-07-08T18:09:33","guid":{"rendered":"https:\/\/www.moskito.cz\/?post_type=product&#038;p=416531"},"modified":"2025-09-16T08:58:12","modified_gmt":"2025-09-16T07:58:12","slug":"vystrelovaci-nuz-hogue-exploit-otf-34047","status":"publish","type":"product","link":"https:\/\/www.moskito.cz\/fr\/produkt\/vystrelovaci-nuz-hogue-exploit-otf-34047\/","title":{"rendered":"Vyst\u0159elovac\u00ed N\u016f\u017e Hogue Exploit OTF 34047"},"content":{"rendered":"<div class=\"relative flex h-full w-full flex-row\">\n<div class=\"relative flex h-full max-w-full flex-1 flex-col\"><main id=\"main\" class=\"transition-width relative h-full w-full flex-1 overflow-auto\"><\/p>\n<div id=\"thread\" class=\"group\/thread @container\/thread h-full w-full\" role=\"main\" aria-label=\"Vl\u00e1kno\">\n<div class=\"composer-parent flex h-full flex-col focus-visible:outline-0 overflow-hidden\" role=\"presentation\">\n<div class=\"flex basis-auto flex-col -mb-(--composer-overlap-px) [--composer-overlap-px:55px] grow overflow-hidden\">\n<div class=\"relative h-full\">\n<div class=\"flex h-full flex-col overflow-y-auto [scrollbar-gutter:stable_both-edges] @[84rem]\/thread:pt-(--header-height)\">\n<div class=\"@thread-xl\/thread:pt-header-height flex flex-col text-sm\">\n<article class=\"text-token-text-primary w-full\" dir=\"auto\" data-testid=\"conversation-turn-6\" data-scroll-anchor=\"true\">\n<div class=\"text-base my-auto mx-auto py-5 [--thread-content-margin:--spacing(4)] @[37rem]:[--thread-content-margin:--spacing(6)] @[72rem]:[--thread-content-margin:--spacing(16)] px-(--thread-content-margin)\">\n<div class=\"[--thread-content-max-width:32rem] @[34rem]:[--thread-content-max-width:40rem] @[64rem]:[--thread-content-max-width:48rem] mx-auto flex max-w-(--thread-content-max-width) flex-1 text-base gap-4 md:gap-5 lg:gap-6 group\/turn-messages focus-visible:outline-hidden\" tabindex=\"-1\">\n<div class=\"group\/conversation-turn relative flex w-full min-w-0 flex-col agent-turn\">\n<div class=\"relative flex-col gap-1 md:gap-3\">\n<div class=\"flex max-w-full flex-col grow\">\n<div class=\"min-h-8 text-message relative flex w-full flex-col items-end gap-2 text-start break-words whitespace-normal [.text-message+&amp;]:mt-5\" dir=\"auto\" data-message-author-role=\"assistant\" data-message-id=\"8cc1c58e-fc07-496a-863f-947a71ab5fcc\" data-message-model-slug=\"gpt-4o\">\n<div class=\"flex w-full flex-col gap-1 empty:hidden first:pt-[3px]\">\n<div class=\"markdown prose dark:prose-invert w-full break-words light\">\n<p data-start=\"0\" data-end=\"142\">\ud83d\udd25 <strong data-start=\"3\" data-end=\"142\">Vyst\u0159elovac\u00ed N\u016f\u017e Hogue Exploit OTF AUTO 34047 \u2013 Taktick\u00fd OTF N\u016f\u017e s \u010cepel\u00ed S30V, Tritiem a Odolnou Konstrukc\u00ed pro Profesion\u00e1ln\u00ed Nasazen\u00ed<\/strong><\/p>\n<p data-start=\"144\" data-end=\"536\"><strong data-start=\"144\" data-end=\"171\">Hogue Exploit OTF 34047<\/strong> je robustn\u00ed vyst\u0159elovac\u00ed n\u016f\u017e s automatick\u00fdm syst\u00e9mem v\u00fdsuvu \u010depele <strong data-start=\"239\" data-end=\"262\">Out-The-Front (OTF)<\/strong>, navr\u017een\u00fd pro rychl\u00fd p\u0159\u00edstup, maxim\u00e1ln\u00ed odolnost a spolehliv\u00fd v\u00fdkon v extr\u00e9mn\u00edch podm\u00ednk\u00e1ch. \u010cepel z osv\u011bd\u010den\u00e9 americk\u00e9 <strong data-start=\"383\" data-end=\"401\">oceli CPM S30V<\/strong> v taktick\u00e9m tvaru <strong data-start=\"420\" data-end=\"429\">Tanto<\/strong> s \u010dernou PVD povrchovou \u00fapravou zaji\u0161\u0165uje vysokou tvrdost, v\u00fdbornou retenci ost\u0159\u00ed a vynikaj\u00edc\u00ed pr\u016fbojnost.<\/p>\n<p data-start=\"538\" data-end=\"832\">Rukoje\u0165 z <strong data-start=\"548\" data-end=\"579\">\u010dern\u00e9ho eloxovan\u00e9ho hlin\u00edku<\/strong> 6061-T6 je lehk\u00e1, ale extr\u00e9mn\u011b pevn\u00e1, navr\u017een\u00e1 pro pevn\u00fd \u00fachop i v rukavic\u00edch. Unik\u00e1tn\u00ed detail v podob\u011b <strong data-start=\"684\" data-end=\"713\">tritiem napu\u0161t\u011bn\u00e9 spou\u0161t\u011b<\/strong> umo\u017e\u0148uje rychl\u00e9 nalezen\u00ed ovl\u00e1dac\u00edho prvku i ve tm\u011b \u2013 ide\u00e1ln\u00ed pro taktick\u00e9 nasazen\u00ed, z\u00e1chran\u00e1\u0159e \u010di bezpe\u010dnostn\u00ed slo\u017eky.<\/p>\n<hr data-start=\"834\" data-end=\"837\" \/>\n<p data-start=\"839\" data-end=\"868\">\ud83d\udcd0 <strong data-start=\"842\" data-end=\"868\">Technick\u00e9 specifikace:<\/strong><\/p>\n<ul data-start=\"870\" data-end=\"1569\">\n<li data-start=\"870\" data-end=\"918\">\n<p data-start=\"872\" data-end=\"918\"><strong data-start=\"872\" data-end=\"882\">Model:<\/strong> Hogue Exploit OTF AUTO, SKU 34047<\/p>\n<\/li>\n<li data-start=\"919\" data-end=\"952\">\n<p data-start=\"921\" data-end=\"952\"><strong data-start=\"921\" data-end=\"939\">Celkov\u00e1 d\u00e9lka:<\/strong> cca 211 mm<\/p>\n<\/li>\n<li data-start=\"953\" data-end=\"993\">\n<p data-start=\"955\" data-end=\"993\"><strong data-start=\"955\" data-end=\"980\">D\u00e9lka zav\u0159en\u00e9ho no\u017ee:<\/strong> cca 124 mm<\/p>\n<\/li>\n<li data-start=\"994\" data-end=\"1032\">\n<p data-start=\"996\" data-end=\"1032\"><strong data-start=\"996\" data-end=\"1013\">D\u00e9lka \u010depele:<\/strong> cca 89 mm (3,5\u2033)<\/p>\n<\/li>\n<li data-start=\"1033\" data-end=\"1059\">\n<p data-start=\"1035\" data-end=\"1059\"><strong data-start=\"1035\" data-end=\"1051\">Tvar \u010depele:<\/strong> Tanto<\/p>\n<\/li>\n<li data-start=\"1060\" data-end=\"1099\">\n<p data-start=\"1062\" data-end=\"1099\"><strong data-start=\"1062\" data-end=\"1082\">Materi\u00e1l \u010depele:<\/strong> CPM S30V (USA)<\/p>\n<\/li>\n<li data-start=\"1100\" data-end=\"1133\">\n<p data-start=\"1102\" data-end=\"1133\"><strong data-start=\"1102\" data-end=\"1121\">Tvrdost \u010depele:<\/strong> 58\u201360 HRC<\/p>\n<\/li>\n<li data-start=\"1134\" data-end=\"1197\">\n<p data-start=\"1136\" data-end=\"1197\"><strong data-start=\"1136\" data-end=\"1157\">Povrchov\u00e1 \u00faprava:<\/strong> \u010dern\u00e1 PVD (Physical Vapor Deposition)<\/p>\n<\/li>\n<li data-start=\"1198\" data-end=\"1231\">\n<p data-start=\"1200\" data-end=\"1231\"><strong data-start=\"1200\" data-end=\"1220\">Tlou\u0161\u0165ka \u010depele:<\/strong> cca 3 mm<\/p>\n<\/li>\n<li data-start=\"1232\" data-end=\"1314\">\n<p data-start=\"1234\" data-end=\"1314\"><strong data-start=\"1234\" data-end=\"1250\">Mechanismus:<\/strong> automatick\u00fd OTF \u2013 dvoupolohov\u00fd posuvn\u00fd sp\u00edna\u010d (double action)<\/p>\n<\/li>\n<li data-start=\"1315\" data-end=\"1362\">\n<p data-start=\"1317\" data-end=\"1362\"><strong data-start=\"1317\" data-end=\"1329\">Rukoje\u0165:<\/strong> \u010dern\u00fd eloxovan\u00fd hlin\u00edk 6061-T6<\/p>\n<\/li>\n<li data-start=\"1363\" data-end=\"1428\">\n<p data-start=\"1365\" data-end=\"1428\"><strong data-start=\"1365\" data-end=\"1376\">Spou\u0161\u0165:<\/strong> posuvn\u00e1, napu\u0161t\u011bn\u00e1 tritiem pro viditelnost ve tm\u011b<\/p>\n<\/li>\n<li data-start=\"1429\" data-end=\"1478\">\n<p data-start=\"1431\" data-end=\"1478\"><strong data-start=\"1431\" data-end=\"1441\">Klips:<\/strong> reverzibiln\u00ed, deep-carry, titanov\u00fd<\/p>\n<\/li>\n<li data-start=\"1479\" data-end=\"1506\">\n<p data-start=\"1481\" data-end=\"1506\"><strong data-start=\"1481\" data-end=\"1494\">Hmotnost:<\/strong> cca 136 g<\/p>\n<\/li>\n<li data-start=\"1507\" data-end=\"1534\">\n<p data-start=\"1509\" data-end=\"1534\"><strong data-start=\"1509\" data-end=\"1521\">V\u00fdrobce:<\/strong> Hogue, USA<\/p>\n<\/li>\n<li data-start=\"1535\" data-end=\"1569\">\n<p data-start=\"1537\" data-end=\"1569\"><strong data-start=\"1537\" data-end=\"1550\">Design\u00e9r:<\/strong> Allen Elishewitz<\/p>\n<\/li>\n<\/ul>\n<hr data-start=\"1571\" data-end=\"1574\" \/>\n<p data-start=\"1576\" data-end=\"1597\">\ud83d\udfe2 <strong data-start=\"1579\" data-end=\"1597\">Hlavn\u00ed v\u00fdhody:<\/strong><\/p>\n<p data-start=\"1599\" data-end=\"2087\">\u2705 Spolehliv\u00fd OTF mechanismus \u2013 rychl\u00fd v\u00fdsuv i zasunut\u00ed jedn\u00edm pohybem<br data-start=\"1668\" data-end=\"1671\" \/>\u2705 Kvalitn\u00ed ocel CPM S30V \u2013 skv\u011bl\u00e1 retence ost\u0159\u00ed, vysok\u00e1 hou\u017eevnatost<br data-start=\"1739\" data-end=\"1742\" \/>\u2705 Taktick\u00e1 tanto \u010depel \u2013 ide\u00e1ln\u00ed pro pr\u016frazn\u00e9 a p\u0159esn\u00e9 \u0159ezy<br data-start=\"1801\" data-end=\"1804\" \/>\u2705 Tritiem napu\u0161t\u011bn\u00e1 spou\u0161\u0165 \u2013 v\u00fdborn\u00e1 viditelnost ve tm\u011b bez nutnosti osv\u011btlen\u00ed<br data-start=\"1882\" data-end=\"1885\" \/>\u2705 Eloxovan\u00fd hlin\u00edk \u2013 lehk\u00fd a z\u00e1rove\u0148 vysoce odoln\u00fd proti opot\u0159eben\u00ed<br data-start=\"1952\" data-end=\"1955\" \/>\u2705 Robustn\u00ed konstrukce a grip-friendly ergonomie \u2013 ide\u00e1ln\u00ed i pro n\u00e1ro\u010dn\u00e9 u\u017eivatele<br data-start=\"2036\" data-end=\"2039\" \/>\u2705 Vyrobeno v USA s d\u016frazem na detail a kvalitu<\/p>\n<hr data-start=\"2089\" data-end=\"2092\" \/>\n<p data-start=\"2094\" data-end=\"2116\">\ud83d\udd34 <strong data-start=\"2097\" data-end=\"2116\">Mo\u017en\u00e9 nev\u00fdhody:<\/strong><\/p>\n<p data-start=\"2118\" data-end=\"2406\">\u26a0\ufe0f Automatick\u00fd OTF mechanismus m\u016f\u017ee b\u00fdt v n\u011bkter\u00fdch zem\u00edch legislativn\u011b omezen<br data-start=\"2196\" data-end=\"2199\" \/>\u26a0\ufe0f Vy\u0161\u0161\u00ed cena odpov\u00edd\u00e1 profesion\u00e1ln\u00edmu zpracov\u00e1n\u00ed a kvalit\u011b materi\u00e1l\u016f<br data-start=\"2268\" data-end=\"2271\" \/>\u26a0\ufe0f Vy\u017eaduje pravidelnou \u00fadr\u017ebu a \u010di\u0161t\u011bn\u00ed (zejm\u00e9na p\u0159i pou\u017e\u00edv\u00e1n\u00ed v pra\u0161n\u00e9m prost\u0159ed\u00ed)<br data-start=\"2355\" data-end=\"2358\" \/>\u26a0\ufe0f V\u011bt\u0161\u00ed rozm\u011bry a hmotnost oproti b\u011b\u017en\u00e9mu EDC<\/p>\n<hr data-start=\"2408\" data-end=\"2411\" \/>\n<p data-start=\"2413\" data-end=\"2435\">\ud83d\udee0\ufe0f <strong data-start=\"2417\" data-end=\"2435\">\u00dadr\u017eba a p\u00e9\u010de:<\/strong><\/p>\n<ul data-start=\"2437\" data-end=\"2686\">\n<li data-start=\"2437\" data-end=\"2513\">\n<p data-start=\"2439\" data-end=\"2513\">Po pou\u017eit\u00ed ot\u0159ete \u010depel a p\u0159\u00edpadn\u011b o\u010dist\u011bte mechaniku stla\u010den\u00fdm vzduchem<\/p>\n<\/li>\n<li data-start=\"2514\" data-end=\"2589\">\n<p data-start=\"2516\" data-end=\"2589\">P\u0159i \u010dast\u00e9m pou\u017e\u00edv\u00e1n\u00ed doporu\u010dujeme maz\u00e1n\u00ed mechanismu olejem pro OTF no\u017ee<\/p>\n<\/li>\n<li data-start=\"2590\" data-end=\"2686\">\n<p data-start=\"2592\" data-end=\"2686\">Brou\u0161en\u00ed:<br data-start=\"2601\" data-end=\"2604\" \/>\ud83d\udd27 Doporu\u010den\u00fd brousek <strong data-start=\"2626\" data-end=\"2657\">Work Sharp Precision Adjust<\/strong> nebo <strong data-start=\"2663\" data-end=\"2686\">Spyderco Sharpmaker<\/strong><\/p>\n<\/li>\n<\/ul>\n<hr data-start=\"2688\" data-end=\"2691\" \/>\n<p data-start=\"2693\" data-end=\"2723\">\ud83d\udcca <strong data-start=\"2696\" data-end=\"2723\">Porovn\u00e1n\u00ed s konkurenc\u00ed:<\/strong><\/p>\n<p data-start=\"2725\" data-end=\"2947\">\ud83d\udd39 <strong data-start=\"2728\" data-end=\"2767\">Exploit OTF vs. Microtech Ultratech<\/strong><br data-start=\"2767\" data-end=\"2770\" \/>\u2705 Exploit nab\u00edz\u00ed tritiem osv\u011btlen\u00fd ovl\u00e1dac\u00ed prvek, kvalitn\u00ed ergonomii a americkou v\u00fdrobu za dostupn\u011bj\u0161\u00ed cenu<br data-start=\"2878\" data-end=\"2881\" \/>\ud83d\udd01 Microtech m\u00e1 kultovn\u00ed status, ale b\u00fdv\u00e1 dra\u017e\u0161\u00ed a h\u016f\u0159e dostupn\u00fd<\/p>\n<p data-start=\"2949\" data-end=\"3142\">\ud83d\udd39 <strong data-start=\"2952\" data-end=\"2985\">Exploit vs. Benchmade Infidel<\/strong><br data-start=\"2985\" data-end=\"2988\" \/>\u2705 Exploit m\u00e1 agresivn\u011bj\u0161\u00ed \u010depel, tritium, lep\u0161\u00ed p\u0159ilnavost a ni\u017e\u0161\u00ed cenu<br data-start=\"3059\" data-end=\"3062\" \/>\ud83d\udd01 Infidel je osv\u011bd\u010den\u00e1 klasika, robustn\u011bj\u0161\u00ed rukoje\u0165, ale bez sv\u011bteln\u00fdch prvk\u016f<\/p>\n<p data-start=\"3144\" data-end=\"3291\">\ud83d\udd39 <strong data-start=\"3147\" data-end=\"3182\">Exploit vs. Hogue Counterstrike<\/strong><br data-start=\"3182\" data-end=\"3185\" \/>\u2705 Exploit je kompaktn\u011bj\u0161\u00ed s takti\u010dt\u011bj\u0161\u00ed tanto \u010depel\u00ed<br data-start=\"3237\" data-end=\"3240\" \/>\ud83d\udd01 Counterstrike m\u00e1 del\u0161\u00ed \u010depel a jemn\u011bj\u0161\u00ed design<\/p>\n<hr data-start=\"3293\" data-end=\"3296\" \/>\n<p data-start=\"3298\" data-end=\"3324\">\u2764\ufe0f <strong data-start=\"3301\" data-end=\"3324\">Pro\u010d si ho obl\u00edb\u00ed\u0161:<\/strong><\/p>\n<p data-start=\"3326\" data-end=\"3660\">Pokud hled\u00e1\u0161 <strong data-start=\"3339\" data-end=\"3381\">robustn\u00ed a spolehliv\u00fd taktick\u00fd OTF n\u016f\u017e<\/strong>, kter\u00fd se neztrat\u00ed ani v t\u011bch nejtvrd\u0161\u00edch podm\u00ednk\u00e1ch, <strong data-start=\"3436\" data-end=\"3459\">Hogue Exploit 34047<\/strong> t\u011b nadchne. <strong data-start=\"3472\" data-end=\"3500\">Tritiem nasv\u00edcen\u00e1 spou\u0161\u0165<\/strong>, kvalitn\u00ed <strong data-start=\"3511\" data-end=\"3524\">S30V ocel<\/strong> a <strong data-start=\"3527\" data-end=\"3550\">americk\u00e1 preciznost<\/strong> z n\u011bj d\u011blaj\u00ed ide\u00e1ln\u00ed volbu pro ka\u017ed\u00e9ho, kdo pot\u0159ebuje funk\u010dn\u00ed a rychle p\u0159\u00edstupn\u00e9 ost\u0159\u00ed \u2013 kdykoliv a kdekoliv.<\/p>\n<hr data-start=\"3662\" data-end=\"3665\" \/>\n<p data-start=\"3667\" data-end=\"3693\">\u2705 <strong data-start=\"3669\" data-end=\"3693\">Z\u00e1v\u011bre\u010dn\u00e9 hodnocen\u00ed:<\/strong><\/p>\n<p data-start=\"3695\" data-end=\"3936\"><strong data-start=\"3695\" data-end=\"3718\">Hogue Exploit 34047<\/strong> je v\u00fdborn\u011b zpracovan\u00fd OTF n\u016f\u017e s d\u016frazem na v\u00fdkon, odolnost a bezpe\u010dnost. Tritium, kvalitn\u00ed materi\u00e1ly a precizn\u00ed OTF mechanika d\u011blaj\u00ed z tohoto no\u017ee <strong data-start=\"3866\" data-end=\"3894\">\u0161pi\u010dkov\u00e9 taktick\u00e9 n\u00e1\u0159ad\u00ed<\/strong> i <strong data-start=\"3897\" data-end=\"3935\">respektovan\u00fd kousek v ka\u017ed\u00e9 sb\u00edrce<\/strong>.<\/p>\n<p data-start=\"3938\" data-end=\"4118\">\ud83d\udce2 <strong data-start=\"3941\" data-end=\"3956\">Doporu\u010den\u00ed:<\/strong><br data-start=\"3956\" data-end=\"3959\" \/>Pro dlouhou \u017eivotnost a udr\u017een\u00ed ostrosti investuj do vhodn\u00e9ho brousku:<br data-start=\"4029\" data-end=\"4032\" \/>\ud83d\udc49 <strong data-start=\"4035\" data-end=\"4116\">Work Sharp Precision Adjust nebo Spyderco Sharpmaker \u2013 dostupn\u00e9 na moskito.cz<\/strong><\/p>\n<\/div>\n<\/div>\n<\/div>\n<\/div>\n<\/div>\n<\/div>\n<\/div>\n<\/div>\n<\/article>\n<\/div>\n<\/div>\n<\/div>\n<\/div>\n<\/div>\n<\/div>\n<p><\/main><\/div>\n<\/div>\n<div class=\"absolute start-0 z-20 h-full overflow-hidden transition-shadow\">\n<div class=\"dark:border-token-border-medium h-full overflow-hidden border-s border-gray-100\">\n<div class=\"h-full\">\n<section class=\"popover flex h-full w-full flex-col bg-token-main-surface-primary\">\n<section class=\"relative flex min-h-0 flex-auto grow flex-col\" role=\"complementary\" aria-label=\"Pracovn\u00ed plocha\">\n<div class=\"react-scroll-to-bottom--css-euunz-79elbk h-full\">\n<div class=\"react-scroll-to-bottom--css-euunz-1n7m0yu flex flex-col\">\n<div class=\"block h-auto\">\n<div class=\"flex h-full justify-center mt-4\">\n<div>\n<div class=\"bg-token-sidebar-surface-secondary dark:bg-token-border-default relative w-full overflow-hidden rounded-md h-4 my-2\">\n<div class=\"absolute start-0 top-0 h-full w-full rotate-45 bg-linear-to-r from-transparent via-black\/20 to-transparent opacity-50 dark:via-white\/5\"><\/div>\n<\/div>\n<\/div>\n<\/div>\n<\/div>\n<\/div>\n<\/div>\n<\/section>\n<\/section>\n<\/div>\n<\/div>\n<\/div>\n","protected":false},"excerpt":{"rendered":"<p data-start=\"3326\" data-end=\"3660\"><strong>Pokud hled\u00e1\u0161 robustn\u00ed a spolehliv\u00fd taktick\u00fd OTF n\u016f\u017e, kter\u00fd se neztrat\u00ed ani v t\u011bch nejtvrd\u0161\u00edch podm\u00ednk\u00e1ch, Hogue Exploit 34047 t\u011b nadchne. Tritiem nasv\u00edcen\u00e1 spou\u0161\u0165, kvalitn\u00ed S30V ocel a americk\u00e1 preciznost z n\u011bj d\u011blaj\u00ed ide\u00e1ln\u00ed volbu pro ka\u017ed\u00e9ho, kdo pot\u0159ebuje funk\u010dn\u00ed a rychle p\u0159\u00edstupn\u00e9 ost\u0159\u00ed \u2013 kdykoliv a kdekoliv.<\/strong><\/p>\n<p data-start=\"3326\" data-end=\"3660\"><strong>Doprava zdarma.<\/strong><\/p>\n<p data-start=\"3326\" data-end=\"3660\">\n","protected":false},"featured_media":416532,"comment_status":"open","ping_status":"closed","template":"","meta":[],"pwb-brand":[333],"product_brand":[],"product_cat":[17,2019],"product_tag":[],"class_list":{"0":"post-416531","1":"product","2":"type-product","3":"status-publish","4":"has-post-thumbnail","6":"pwb-brand-hogue","7":"product_cat-noze","8":"product_cat-vystrelovaci-noze","10":"first","11":"instock","12":"taxable","13":"shipping-taxable","14":"purchasable","15":"product-type-simple"},"brands":[{"id":333,"name":"Hogue","slug":"hogue"}],"_links":{"self":[{"href":"https:\/\/www.moskito.cz\/fr\/wp-json\/wp\/v2\/product\/416531","targetHints":{"allow":["GET"]}}],"collection":[{"href":"https:\/\/www.moskito.cz\/fr\/wp-json\/wp\/v2\/product"}],"about":[{"href":"https:\/\/www.moskito.cz\/fr\/wp-json\/wp\/v2\/types\/product"}],"replies":[{"embeddable":true,"href":"https:\/\/www.moskito.cz\/fr\/wp-json\/wp\/v2\/comments?post=416531"}],"wp:featuredmedia":[{"embeddable":true,"href":"https:\/\/www.moskito.cz\/fr\/wp-json\/wp\/v2\/media\/416532"}],"wp:attachment":[{"href":"https:\/\/www.moskito.cz\/fr\/wp-json\/wp\/v2\/media?parent=416531"}],"wp:term":[{"taxonomy":"pwb-brand","embeddable":true,"href":"https:\/\/www.moskito.cz\/fr\/wp-json\/wp\/v2\/pwb-brand?post=416531"},{"taxonomy":"product_brand","embeddable":true,"href":"https:\/\/www.moskito.cz\/fr\/wp-json\/wp\/v2\/product_brand?post=416531"},{"taxonomy":"product_cat","embeddable":true,"href":"https:\/\/www.moskito.cz\/fr\/wp-json\/wp\/v2\/product_cat?post=416531"},{"taxonomy":"product_tag","embeddable":true,"href":"https:\/\/www.moskito.cz\/fr\/wp-json\/wp\/v2\/product_tag?post=416531"}],"curies":[{"name":"wp","href":"https:\/\/api.w.org\/{rel}","templated":true}]}}