{"id":421997,"date":"2025-08-21T18:10:09","date_gmt":"2025-08-21T17:10:09","guid":{"rendered":"https:\/\/www.moskito.cz\/?post_type=product&#038;p=421997"},"modified":"2025-08-21T18:10:09","modified_gmt":"2025-08-21T17:10:09","slug":"vystrelovaci-nuz-cobratec-small-fs-3-pink-love-warrior","status":"publish","type":"product","link":"https:\/\/www.moskito.cz\/fr\/produkt\/vystrelovaci-nuz-cobratec-small-fs-3-pink-love-warrior\/","title":{"rendered":"Vyst\u0159elovac\u00ed N\u016f\u017e CobraTec Small FS-3 Pink Love Warrior"},"content":{"rendered":"<h2 data-start=\"165\" data-end=\"237\"><strong data-start=\"168\" data-end=\"237\">Vyst\u0159elovac\u00ed N\u016f\u017e CobraTec Small FS-3 Pink Love Warrior (Cerakote)<\/strong><\/h2>\n<p data-start=\"239\" data-end=\"607\"><strong data-start=\"239\" data-end=\"275\">CobraTec Small FS-3 Love Warrior<\/strong> je limitovan\u00e1 edice obl\u00edben\u00e9ho vyst\u0159elovac\u00edho no\u017ee ve v\u00fdrazn\u00e9m designu \u201e<strong data-start=\"348\" data-end=\"380\">Pink Cerakote \u2013 Love Warrior<\/strong>\u201c, kter\u00fd oslavuje s\u00edlu, odvahu a osobitost. Tento n\u016f\u017e kombinuje spolehliv\u00fd v\u00fdkon \u0159ady FS-3 s unik\u00e1tn\u00edm vzhledem, kter\u00fd p\u0159itahuje pozornost, ale z\u00e1rove\u0148 si zachov\u00e1v\u00e1 v\u0161echny praktick\u00e9 vlastnosti pot\u0159ebn\u00e9 pro EDC nebo sebeobranu.<\/p>\n<p data-start=\"609\" data-end=\"845\"><strong data-start=\"609\" data-end=\"617\">FS-3<\/strong> znamen\u00e1 \u00ab\u00a0Fixed Scale 3rd generation\u00a0\u00bb \u2013 jde o vysp\u011bl\u00fd <strong data-start=\"671\" data-end=\"701\">OTF n\u016f\u017e s dvojit\u00fdm \u00fa\u010dinkem<\/strong>, tedy automatick\u00fdm vysunut\u00edm i zasunut\u00edm \u010depele pomoc\u00ed bo\u010dn\u00edho posuvn\u00e9ho tla\u010d\u00edtka. Model <strong data-start=\"791\" data-end=\"800\">Small<\/strong> je kompaktn\u00ed a ide\u00e1ln\u00ed pro diskr\u00e9tn\u00ed no\u0161en\u00ed.<\/p>\n<hr data-start=\"847\" data-end=\"850\" \/>\n<h3 data-start=\"852\" data-end=\"882\"><strong data-start=\"856\" data-end=\"882\">Konstrukce a proveden\u00ed<\/strong><\/h3>\n<p data-start=\"884\" data-end=\"1191\">Rukoje\u0165 no\u017ee je vyrobena z <strong data-start=\"911\" data-end=\"942\">eloxovan\u00e9ho hlin\u00edku 6061 T6<\/strong>, pota\u017een\u00e9ho <strong data-start=\"955\" data-end=\"976\">Cerakote povlakem<\/strong> ve v\u00fdrazn\u00e9m r\u016f\u017eov\u00e9m odst\u00ednu, kter\u00fd je nejen vizu\u00e1ln\u011b atraktivn\u00ed, ale tak\u00e9 odoln\u00fd proti od\u011bru a korozi. \u010cepel z osv\u011bd\u010den\u00e9 <strong data-start=\"1098\" data-end=\"1110\">D2 oceli<\/strong> poskytuje ostr\u00fd, pevn\u00fd a spolehliv\u00fd \u0159ez, ide\u00e1ln\u00ed pro b\u011b\u017en\u00e9 i n\u00e1ro\u010dn\u011bj\u0161\u00ed pou\u017eit\u00ed.<\/p>\n<p data-start=\"1193\" data-end=\"1377\">Nechyb\u00ed <strong data-start=\"1201\" data-end=\"1218\">rozb\u00edje\u010d skla<\/strong> a <strong data-start=\"1221\" data-end=\"1249\">oboustrann\u00fd kapesn\u00ed klip<\/strong>, tak\u017ee je n\u016f\u017e vhodn\u00fd pro prav\u00e1ky i lev\u00e1ky. A stejn\u011b jako v\u0161echny modely CobraTec, je i Love Warrior kryt <strong data-start=\"1355\" data-end=\"1376\">do\u017eivotn\u00ed z\u00e1rukou<\/strong>.<\/p>\n<hr data-start=\"1379\" data-end=\"1382\" \/>\n<h3 data-start=\"1384\" data-end=\"1413\"><strong data-start=\"1388\" data-end=\"1413\">Technick\u00e9 specifikace<\/strong><\/h3>\n<div class=\"_tableContainer_sk2ct_1\">\n<div class=\"_tableWrapper_sk2ct_13 group flex w-fit flex-col-reverse\" tabindex=\"-1\">\n<table class=\"w-fit min-w-(--thread-content-width)\" data-start=\"1415\" data-end=\"2312\">\n<thead data-start=\"1415\" data-end=\"1483\">\n<tr data-start=\"1415\" data-end=\"1483\">\n<th data-start=\"1415\" data-end=\"1440\" data-col-size=\"sm\">Parametr<\/th>\n<th data-start=\"1440\" data-end=\"1483\" data-col-size=\"sm\">Hodnota<\/th>\n<\/tr>\n<\/thead>\n<tbody data-start=\"1554\" data-end=\"2312\">\n<tr data-start=\"1554\" data-end=\"1622\">\n<td data-start=\"1554\" data-end=\"1579\" data-col-size=\"sm\">Hmotnost<\/td>\n<td data-col-size=\"sm\" data-start=\"1579\" data-end=\"1622\">cca 85 g (3 oz)<\/td>\n<\/tr>\n<tr data-start=\"1623\" data-end=\"1691\">\n<td data-start=\"1623\" data-end=\"1648\" data-col-size=\"sm\">Typ mechanismu<\/td>\n<td data-col-size=\"sm\" data-start=\"1648\" data-end=\"1691\">OTF (double action)<\/td>\n<\/tr>\n<tr data-start=\"1692\" data-end=\"1760\">\n<td data-start=\"1692\" data-end=\"1717\" data-col-size=\"sm\">\u010cepel<\/td>\n<td data-col-size=\"sm\" data-start=\"1717\" data-end=\"1760\">2,75\u2033 (cca 70 mm), D2 tool steel<\/td>\n<\/tr>\n<tr data-start=\"1761\" data-end=\"1829\">\n<td data-start=\"1761\" data-end=\"1786\" data-col-size=\"sm\">Povrch \u010depele<\/td>\n<td data-col-size=\"sm\" data-start=\"1786\" data-end=\"1829\">Stonewashed<\/td>\n<\/tr>\n<tr data-start=\"1830\" data-end=\"1898\">\n<td data-start=\"1830\" data-end=\"1855\" data-col-size=\"sm\">Rukoje\u0165<\/td>\n<td data-col-size=\"sm\" data-start=\"1855\" data-end=\"1898\">3,875\u2033 (cca 98 mm), hlin\u00edk 6061 T6<\/td>\n<\/tr>\n<tr data-start=\"1899\" data-end=\"1967\">\n<td data-start=\"1899\" data-end=\"1924\" data-col-size=\"sm\">Povrch rukojeti<\/td>\n<td data-col-size=\"sm\" data-start=\"1924\" data-end=\"1967\">Cerakote Pink \u2013 Love Warrior<\/td>\n<\/tr>\n<tr data-start=\"1968\" data-end=\"2036\">\n<td data-start=\"1968\" data-end=\"1993\" data-col-size=\"sm\">Celkov\u00e1 d\u00e9lka<\/td>\n<td data-col-size=\"sm\" data-start=\"1993\" data-end=\"2036\">7\u2033 (cca 178 mm)<\/td>\n<\/tr>\n<tr data-start=\"2037\" data-end=\"2105\">\n<td data-start=\"2037\" data-end=\"2062\" data-col-size=\"sm\">Kapesn\u00ed klip<\/td>\n<td data-col-size=\"sm\" data-start=\"2062\" data-end=\"2105\">Oboustrann\u00fd (prav\u00e1 \/ lev\u00e1 ruka)<\/td>\n<\/tr>\n<tr data-start=\"2106\" data-end=\"2174\">\n<td data-start=\"2106\" data-end=\"2131\" data-col-size=\"sm\">Rozb\u00edje\u010d skla<\/td>\n<td data-col-size=\"sm\" data-start=\"2131\" data-end=\"2174\">Ano<\/td>\n<\/tr>\n<tr data-start=\"2175\" data-end=\"2243\">\n<td data-start=\"2175\" data-end=\"2200\" data-col-size=\"sm\">Z\u00e1ruka<\/td>\n<td data-col-size=\"sm\" data-start=\"2200\" data-end=\"2243\">Do\u017eivotn\u00ed<\/td>\n<\/tr>\n<tr data-start=\"2244\" data-end=\"2312\">\n<td data-start=\"2244\" data-end=\"2269\" data-col-size=\"sm\">V\u00fdroba<\/td>\n<td data-col-size=\"sm\" data-start=\"2269\" data-end=\"2312\">USA<\/td>\n<\/tr>\n<\/tbody>\n<\/table>\n<\/div>\n<\/div>\n<hr data-start=\"2314\" data-end=\"2317\" \/>\n<h3 data-start=\"2319\" data-end=\"2341\"><strong data-start=\"2323\" data-end=\"2341\">Kl\u00ed\u010dov\u00e9 v\u00fdhody<\/strong><\/h3>\n<ul data-start=\"2343\" data-end=\"2738\">\n<li data-start=\"2343\" data-end=\"2427\">\n<p data-start=\"2345\" data-end=\"2427\"><strong data-start=\"2345\" data-end=\"2378\">Limitovan\u00e1 edice Love Warrior<\/strong> \u2013 stylov\u00fd a v\u00fdrazn\u00fd vzhled s hlub\u0161\u00edm v\u00fdznamem.<\/p>\n<\/li>\n<li data-start=\"2428\" data-end=\"2493\">\n<p data-start=\"2430\" data-end=\"2493\"><strong data-start=\"2430\" data-end=\"2449\">Cerakote povrch<\/strong> \u2013 extr\u00e9mn\u00ed odolnost proti od\u011bru a korozi.<\/p>\n<\/li>\n<li data-start=\"2494\" data-end=\"2557\">\n<p data-start=\"2496\" data-end=\"2557\"><strong data-start=\"2496\" data-end=\"2507\">D2 ocel<\/strong> \u2013 tvrd\u00e1 n\u00e1strojov\u00e1 ocel s dlouhou v\u00fddr\u017e\u00ed ost\u0159\u00ed.<\/p>\n<\/li>\n<li data-start=\"2558\" data-end=\"2613\">\n<p data-start=\"2560\" data-end=\"2613\"><strong data-start=\"2560\" data-end=\"2580\">Oboustrann\u00fd klip<\/strong> \u2013 vhodn\u00e9 pro prav\u00e1ky i lev\u00e1ky.<\/p>\n<\/li>\n<li data-start=\"2614\" data-end=\"2670\">\n<p data-start=\"2616\" data-end=\"2670\"><strong data-start=\"2616\" data-end=\"2633\">Rozb\u00edje\u010d skla<\/strong> \u2013 praktick\u00fd v krizov\u00fdch situac\u00edch.<\/p>\n<\/li>\n<li data-start=\"2671\" data-end=\"2738\">\n<p data-start=\"2673\" data-end=\"2738\"><strong data-start=\"2673\" data-end=\"2694\">Double action OTF<\/strong> \u2013 rychl\u00e9 a intuitivn\u00ed pou\u017eit\u00ed jednou rukou.<\/p>\n<\/li>\n<\/ul>\n<hr data-start=\"2740\" data-end=\"2743\" \/>\n<h3 data-start=\"2745\" data-end=\"2770\"><strong data-start=\"2749\" data-end=\"2770\">\u00dadr\u017eba a brou\u0161en\u00ed<\/strong><\/h3>\n<p data-start=\"2772\" data-end=\"2978\">Pro udr\u017een\u00ed \u0161pi\u010dkov\u00e9ho v\u00fdkonu D2 oceli je d\u016fle\u017eit\u00e9 udr\u017eovat \u010depel <strong data-start=\"2838\" data-end=\"2875\">suchou, \u010distou a lehce promazanou<\/strong>, zejm\u00e9na pokud se n\u016f\u017e nepou\u017e\u00edv\u00e1 dlouhodob\u011b. OTF mechanismus ob\u010das vy\u010disti od prachu \u010di vl\u00e1ken z kapsy.<\/p>\n<p data-start=\"2980\" data-end=\"3150\"><strong data-start=\"2980\" data-end=\"3150\">Pro udr\u017een\u00ed ost\u0159\u00ed doporu\u010dujeme Spyderco Tri-Angle Sharpmaker Complete Sharpening System 204MF \u2013 ide\u00e1ln\u00ed i pro hladk\u00e1 ost\u0159\u00ed. \ud83d\uded2 Koup\u00edte na na\u0161ich str\u00e1nk\u00e1ch Moskito.cz.<\/strong><\/p>\n<hr data-start=\"3152\" data-end=\"3155\" \/>\n<h3 data-start=\"3157\" data-end=\"3182\"><strong data-start=\"3161\" data-end=\"3182\">Pro koho je ur\u010den<\/strong><\/h3>\n<ul data-start=\"3184\" data-end=\"3461\">\n<li data-start=\"3184\" data-end=\"3254\">\n<p data-start=\"3186\" data-end=\"3254\">Pro ka\u017ed\u00e9ho, kdo ocen\u00ed funk\u010dn\u00ed n\u016f\u017e s v\u00fdrazn\u00fdm a osobit\u00fdm designem.<\/p>\n<\/li>\n<li data-start=\"3255\" data-end=\"3330\">\n<p data-start=\"3257\" data-end=\"3330\">Pro \u017eeny a mu\u017ee, kte\u0159\u00ed cht\u011bj\u00ed stylov\u00fd, ale pln\u011b pou\u017eiteln\u00fd <strong data-start=\"3316\" data-end=\"3327\">EDC n\u016f\u017e<\/strong>.<\/p>\n<\/li>\n<li data-start=\"3331\" data-end=\"3388\">\n<p data-start=\"3333\" data-end=\"3388\">Pro sb\u011bratele <strong data-start=\"3347\" data-end=\"3369\">limitovan\u00fdch edic\u00ed<\/strong> zna\u010dky CobraTec.<\/p>\n<\/li>\n<li data-start=\"3389\" data-end=\"3461\">\n<p data-start=\"3391\" data-end=\"3461\">Pro u\u017eivatele, kte\u0159\u00ed vy\u017eaduj\u00ed <strong data-start=\"3421\" data-end=\"3460\">kompaktn\u00ed a rychle dostupn\u00fd n\u00e1stroj<\/strong>.<\/p>\n<\/li>\n<\/ul>\n<hr data-start=\"3463\" data-end=\"3466\" \/>\n<h3 data-start=\"3468\" data-end=\"3495\"><strong data-start=\"3472\" data-end=\"3495\">Z\u00e1v\u011bre\u010dn\u00e9 hodnocen\u00ed<\/strong><\/h3>\n<p data-start=\"3497\" data-end=\"3810\"><strong data-start=\"3497\" data-end=\"3533\">CobraTec Small FS-3 Love Warrior<\/strong> je v\u00edc ne\u017e jen n\u016f\u017e \u2013 je to prohl\u00e1\u0161en\u00ed. Spojuje atraktivn\u00ed r\u016f\u017eov\u00fd design s profesion\u00e1ln\u00edm v\u00fdkonem, d\u00edky \u010demu\u017e je ide\u00e1ln\u00ed volbou pro ty, kte\u0159\u00ed cht\u011bj\u00ed v kapse n\u00e1stroj, na kter\u00fd se mohou spolehnout, a p\u0159itom vyj\u00e1d\u0159it svou individualitu. Skv\u011bl\u00e1 kombinace stylu, funkce a odolnosti.<\/p>\n","protected":false},"excerpt":{"rendered":"<p><strong>CobraTec Small FS-3 Love Warrior je v\u00edc ne\u017e jen n\u016f\u017e \u2013 je to prohl\u00e1\u0161en\u00ed. Spojuje atraktivn\u00ed r\u016f\u017eov\u00fd design s profesion\u00e1ln\u00edm v\u00fdkonem, d\u00edky \u010demu\u017e je ide\u00e1ln\u00ed volbou pro ty, kte\u0159\u00ed cht\u011bj\u00ed v kapse n\u00e1stroj, na kter\u00fd se mohou spolehnout, a p\u0159itom vyj\u00e1d\u0159it svou individualitu. <\/strong><\/p>\n<p><strong>Doprava zdarma.<\/strong><\/p>\n","protected":false},"featured_media":421998,"comment_status":"open","ping_status":"closed","template":"","meta":[],"pwb-brand":[3241],"product_brand":[],"product_cat":[17,2019],"product_tag":[],"class_list":{"0":"post-421997","1":"product","2":"type-product","3":"status-publish","4":"has-post-thumbnail","6":"pwb-brand-cobratec-2","7":"product_cat-noze","8":"product_cat-vystrelovaci-noze","10":"first","11":"instock","12":"taxable","13":"shipping-taxable","14":"purchasable","15":"product-type-simple"},"brands":[{"id":3241,"name":"CobraTec","slug":"cobratec-2"}],"_links":{"self":[{"href":"https:\/\/www.moskito.cz\/fr\/wp-json\/wp\/v2\/product\/421997","targetHints":{"allow":["GET"]}}],"collection":[{"href":"https:\/\/www.moskito.cz\/fr\/wp-json\/wp\/v2\/product"}],"about":[{"href":"https:\/\/www.moskito.cz\/fr\/wp-json\/wp\/v2\/types\/product"}],"replies":[{"embeddable":true,"href":"https:\/\/www.moskito.cz\/fr\/wp-json\/wp\/v2\/comments?post=421997"}],"wp:featuredmedia":[{"embeddable":true,"href":"https:\/\/www.moskito.cz\/fr\/wp-json\/wp\/v2\/media\/421998"}],"wp:attachment":[{"href":"https:\/\/www.moskito.cz\/fr\/wp-json\/wp\/v2\/media?parent=421997"}],"wp:term":[{"taxonomy":"pwb-brand","embeddable":true,"href":"https:\/\/www.moskito.cz\/fr\/wp-json\/wp\/v2\/pwb-brand?post=421997"},{"taxonomy":"product_brand","embeddable":true,"href":"https:\/\/www.moskito.cz\/fr\/wp-json\/wp\/v2\/product_brand?post=421997"},{"taxonomy":"product_cat","embeddable":true,"href":"https:\/\/www.moskito.cz\/fr\/wp-json\/wp\/v2\/product_cat?post=421997"},{"taxonomy":"product_tag","embeddable":true,"href":"https:\/\/www.moskito.cz\/fr\/wp-json\/wp\/v2\/product_tag?post=421997"}],"curies":[{"name":"wp","href":"https:\/\/api.w.org\/{rel}","templated":true}]}}