{"id":423239,"date":"2025-09-13T09:36:26","date_gmt":"2025-09-13T08:36:26","guid":{"rendered":"https:\/\/www.moskito.cz\/?post_type=product&#038;p=423239"},"modified":"2025-09-13T09:36:26","modified_gmt":"2025-09-13T08:36:26","slug":"leatherman-931032","status":"publish","type":"product","link":"https:\/\/www.moskito.cz\/fr\/produkt\/leatherman-931032\/","title":{"rendered":"Leatherman 931032"},"content":{"rendered":"<p data-start=\"134\" data-end=\"599\">Kdy\u017e vezme\u0161 do ruky <strong data-start=\"154\" data-end=\"190\">Leatherman Ratchet Driver 931032<\/strong>, hned pozn\u00e1\u0161, \u017ee to nen\u00ed oby\u010dejn\u00fd dr\u017e\u00e1k bit\u016f. Je navr\u017een tak, aby \u0161roubov\u00e1n\u00ed bylo rychl\u00e9, pohodln\u00e9 a efektivn\u00ed. T\u0159\u00edpolohov\u00e1 r\u00e1\u010dna umo\u017e\u0148uje utahovat i povolovat \u0161rouby bez zbyte\u010dn\u00e9ho p\u0159ekl\u00e1d\u00e1n\u00ed ruky, magnetick\u00fd dr\u017e\u00e1k bit\u016f udr\u017e\u00ed bity pevn\u011b na m\u00edst\u011b a kompaktn\u00ed proveden\u00ed zaru\u010duje, \u017ee se vejde do kapsy multitoolu. Tento n\u00e1stroj je perfektn\u00edm dopl\u0148kem pro ka\u017ed\u00e9ho, kdo chce ze sv\u00e9ho multitoolu dostat maximum.<\/p>\n<hr data-start=\"601\" data-end=\"604\" \/>\n<p data-start=\"606\" data-end=\"671\">\ud83d\udd27 <strong data-start=\"609\" data-end=\"669\">Technick\u00e9 specifikace (Leatherman Ratchet Driver 931032)<\/strong><\/p>\n<ul data-start=\"673\" data-end=\"921\">\n<li data-start=\"673\" data-end=\"699\">\n<p data-start=\"675\" data-end=\"699\"><strong data-start=\"675\" data-end=\"688\">Hmotnost:<\/strong> cca 36 g<\/p>\n<\/li>\n<li data-start=\"700\" data-end=\"725\">\n<p data-start=\"702\" data-end=\"725\"><strong data-start=\"702\" data-end=\"712\">D\u00e9lka:<\/strong> cca 8,3 cm<\/p>\n<\/li>\n<li data-start=\"726\" data-end=\"757\">\n<p data-start=\"728\" data-end=\"757\"><strong data-start=\"728\" data-end=\"741\">Materi\u00e1l:<\/strong> nerezov\u00e1 ocel<\/p>\n<\/li>\n<li data-start=\"758\" data-end=\"823\">\n<p data-start=\"760\" data-end=\"823\"><strong data-start=\"760\" data-end=\"776\">Mechanismus:<\/strong> t\u0159\u00edpolohov\u00e1 r\u00e1\u010dna \u2013 vp\u0159ed, vzad, zablokov\u00e1no<\/p>\n<\/li>\n<li data-start=\"824\" data-end=\"854\">\n<p data-start=\"826\" data-end=\"854\"><strong data-start=\"826\" data-end=\"841\">Dr\u017e\u00e1k bit\u016f:<\/strong> magnetick\u00fd<\/p>\n<\/li>\n<li data-start=\"855\" data-end=\"921\">\n<p data-start=\"857\" data-end=\"921\"><strong data-start=\"857\" data-end=\"875\">Kompatibilita:<\/strong> standardn\u00ed \u00bc\u2033 bity i Leatherman ploch\u00e9 bity<\/p>\n<\/li>\n<\/ul>\n<hr data-start=\"923\" data-end=\"926\" \/>\n<p data-start=\"928\" data-end=\"949\">\u2705 <strong data-start=\"930\" data-end=\"947\">Hlavn\u00ed v\u00fdhody<\/strong><\/p>\n<ul data-start=\"951\" data-end=\"1230\">\n<li data-start=\"951\" data-end=\"995\">\n<p data-start=\"953\" data-end=\"995\">R\u00e1\u010dnov\u00fd mechanismus \u0161et\u0159\u00ed \u010das i energii.<\/p>\n<\/li>\n<li data-start=\"996\" data-end=\"1045\">\n<p data-start=\"998\" data-end=\"1045\">Magnetick\u00fd dr\u017e\u00e1k pevn\u011b dr\u017e\u00ed bity b\u011bhem pr\u00e1ce.<\/p>\n<\/li>\n<li data-start=\"1046\" data-end=\"1099\">\n<p data-start=\"1048\" data-end=\"1099\">\u0160irok\u00e1 kompatibilita s b\u011b\u017en\u00fdmi i Leatherman bity.<\/p>\n<\/li>\n<li data-start=\"1100\" data-end=\"1162\">\n<p data-start=\"1102\" data-end=\"1162\">Lehk\u00fd a kompaktn\u00ed \u2013 snadno se vejde do pouzdra multitoolu.<\/p>\n<\/li>\n<li data-start=\"1163\" data-end=\"1230\">\n<p data-start=\"1165\" data-end=\"1230\">Odoln\u00e1 konstrukce z nerezov\u00e9 oceli zaji\u0161\u0165uje dlouhou \u017eivotnost.<\/p>\n<\/li>\n<\/ul>\n<hr data-start=\"1232\" data-end=\"1235\" \/>\n<p data-start=\"1237\" data-end=\"1259\">\u26a0\ufe0f <strong data-start=\"1240\" data-end=\"1257\">Mo\u017en\u00e1 omezen\u00ed<\/strong><\/p>\n<ul data-start=\"1261\" data-end=\"1461\">\n<li data-start=\"1261\" data-end=\"1322\">\n<p data-start=\"1263\" data-end=\"1322\">Neobsahuje dal\u0161\u00ed n\u00e1stroje \u2013 slou\u017e\u00ed pouze jako bit driver.<\/p>\n<\/li>\n<li data-start=\"1323\" data-end=\"1396\">\n<p data-start=\"1325\" data-end=\"1396\">Pro spr\u00e1vn\u00e9 pou\u017eit\u00ed je pot\u0159eba multitool s odpov\u00eddaj\u00edc\u00edm bit\u2011otvorem.<\/p>\n<\/li>\n<li data-start=\"1397\" data-end=\"1461\">\n<p data-start=\"1399\" data-end=\"1461\">V n\u011bkter\u00fdch st\u00edsn\u011bn\u00fdch prostor\u00e1ch m\u016f\u017ee b\u00fdt d\u00e9lka limituj\u00edc\u00ed.<\/p>\n<\/li>\n<\/ul>\n<hr data-start=\"1463\" data-end=\"1466\" \/>\n<p data-start=\"1468\" data-end=\"1491\">\ud83d\udee0\ufe0f <strong data-start=\"1472\" data-end=\"1489\">\u00dadr\u017eba a p\u00e9\u010de<\/strong><\/p>\n<ul data-start=\"1493\" data-end=\"1903\">\n<li data-start=\"1493\" data-end=\"1547\">\n<p data-start=\"1495\" data-end=\"1547\">Po pou\u017eit\u00ed ot\u0159i such\u00fdm had\u0159\u00edkem a skladuj v suchu.<\/p>\n<\/li>\n<li data-start=\"1548\" data-end=\"1608\">\n<p data-start=\"1550\" data-end=\"1608\">R\u00e1\u010dnov\u00fd mechanismus ob\u010das proma\u017e olejem pro hladk\u00fd chod.<\/p>\n<\/li>\n<li data-start=\"1609\" data-end=\"1661\">\n<p data-start=\"1611\" data-end=\"1661\">Magnetick\u00fd dr\u017e\u00e1k udr\u017euj \u010dist\u00fd od kovov\u00fdch pilin.<\/p>\n<\/li>\n<li data-start=\"1662\" data-end=\"1728\">\n<p data-start=\"1664\" data-end=\"1728\">Uchov\u00e1vej v pouzd\u0159e multitoolu, aby se mechanismus nepo\u0161kodil.<\/p>\n<\/li>\n<li data-start=\"1729\" data-end=\"1903\">\n<p data-start=\"1731\" data-end=\"1903\"><strong data-start=\"1731\" data-end=\"1901\">Pro udr\u017een\u00ed ost\u0159\u00ed doporu\u010dujeme Spyderco Tri-Angle Sharpmaker Complete Sharpening System 204MF \u2013 ide\u00e1ln\u00ed i pro hladk\u00e1 ost\u0159\u00ed. \ud83d\uded2 Koup\u00edte na na\u0161ich str\u00e1nk\u00e1ch Moskito.cz.<\/strong><\/p>\n<\/li>\n<\/ul>\n<hr data-start=\"1905\" data-end=\"1908\" \/>\n<p data-start=\"1910\" data-end=\"1933\">\ud83c\udfaf <strong data-start=\"1913\" data-end=\"1931\">Doporu\u010deno pro<\/strong><\/p>\n<ul data-start=\"1935\" data-end=\"2203\">\n<li data-start=\"1935\" data-end=\"1997\">\n<p data-start=\"1937\" data-end=\"1997\">Kutilov\u00e9 a oprav\u00e1\u0159e, kte\u0159\u00ed \u010dasto pracuj\u00ed se \u0161rouby a bity.<\/p>\n<\/li>\n<li data-start=\"1998\" data-end=\"2076\">\n<p data-start=\"2000\" data-end=\"2076\">Majitele multitool\u016f Leatherman, kte\u0159\u00ed cht\u011bj\u00ed zv\u00fd\u0161it efektivitu \u0161roubov\u00e1n\u00ed.<\/p>\n<\/li>\n<li data-start=\"2077\" data-end=\"2141\">\n<p data-start=\"2079\" data-end=\"2141\">Outdoor nad\u0161ence a ka\u017edodenn\u00ed no\u0161en\u00ed jako praktick\u00fd dopln\u011bk.<\/p>\n<\/li>\n<li data-start=\"2142\" data-end=\"2203\">\n<p data-start=\"2144\" data-end=\"2203\">Ka\u017ed\u00e9ho, kdo ocen\u00ed lehk\u00fd, kompaktn\u00ed a spolehliv\u00fd n\u00e1stroj.<\/p>\n<\/li>\n<\/ul>\n<hr data-start=\"2205\" data-end=\"2208\" \/>\n<p data-start=\"2210\" data-end=\"2237\">\u2b50 <strong data-start=\"2212\" data-end=\"2235\">Z\u00e1v\u011bre\u010dn\u00e9 hodnocen\u00ed<\/strong><\/p>\n<p data-start=\"2239\" data-end=\"2564\"><strong data-start=\"2239\" data-end=\"2275\">Leatherman Ratchet Driver 931032<\/strong> je chytr\u00fd dopln\u011bk pro multitool, kter\u00fd v\u00fdrazn\u011b usnadn\u00ed pr\u00e1ci se \u0161rouby. R\u00e1\u010dnov\u00fd mechanismus, magnetick\u00fd dr\u017e\u00e1k a kompaktn\u00ed proveden\u00ed z n\u011bj d\u011blaj\u00ed spolehliv\u00fd a pohodln\u00fd n\u00e1stroj pro ka\u017edodenn\u00ed pou\u017eit\u00ed. Pokud hled\u00e1\u0161 efektivitu, pohodl\u00ed a praktick\u00fd bit\u2011driver, tento model je ide\u00e1ln\u00ed volbou.<\/p>\n<hr data-start=\"2566\" data-end=\"2569\" \/>\n","protected":false},"excerpt":{"rendered":"<p><strong>Leatherman Ratchet Driver 931032 je chytr\u00fd dopln\u011bk pro multitool, kter\u00fd v\u00fdrazn\u011b usnadn\u00ed pr\u00e1ci se \u0161rouby.<\/strong><\/p>\n","protected":false},"featured_media":423240,"comment_status":"open","ping_status":"closed","template":"","meta":[],"pwb-brand":[404],"product_brand":[],"product_cat":[50],"product_tag":[],"class_list":{"0":"post-423239","1":"product","2":"type-product","3":"status-publish","4":"has-post-thumbnail","6":"pwb-brand-leatherman","7":"product_cat-multi-tool","9":"first","10":"instock","11":"taxable","12":"shipping-taxable","13":"purchasable","14":"product-type-simple"},"brands":[{"id":404,"name":"Leatherman","slug":"leatherman"}],"_links":{"self":[{"href":"https:\/\/www.moskito.cz\/fr\/wp-json\/wp\/v2\/product\/423239","targetHints":{"allow":["GET"]}}],"collection":[{"href":"https:\/\/www.moskito.cz\/fr\/wp-json\/wp\/v2\/product"}],"about":[{"href":"https:\/\/www.moskito.cz\/fr\/wp-json\/wp\/v2\/types\/product"}],"replies":[{"embeddable":true,"href":"https:\/\/www.moskito.cz\/fr\/wp-json\/wp\/v2\/comments?post=423239"}],"wp:featuredmedia":[{"embeddable":true,"href":"https:\/\/www.moskito.cz\/fr\/wp-json\/wp\/v2\/media\/423240"}],"wp:attachment":[{"href":"https:\/\/www.moskito.cz\/fr\/wp-json\/wp\/v2\/media?parent=423239"}],"wp:term":[{"taxonomy":"pwb-brand","embeddable":true,"href":"https:\/\/www.moskito.cz\/fr\/wp-json\/wp\/v2\/pwb-brand?post=423239"},{"taxonomy":"product_brand","embeddable":true,"href":"https:\/\/www.moskito.cz\/fr\/wp-json\/wp\/v2\/product_brand?post=423239"},{"taxonomy":"product_cat","embeddable":true,"href":"https:\/\/www.moskito.cz\/fr\/wp-json\/wp\/v2\/product_cat?post=423239"},{"taxonomy":"product_tag","embeddable":true,"href":"https:\/\/www.moskito.cz\/fr\/wp-json\/wp\/v2\/product_tag?post=423239"}],"curies":[{"name":"wp","href":"https:\/\/api.w.org\/{rel}","templated":true}]}}