{"id":423566,"date":"2025-09-14T15:17:58","date_gmt":"2025-09-14T14:17:58","guid":{"rendered":"https:\/\/www.moskito.cz\/?post_type=product&#038;p=423566"},"modified":"2025-09-14T15:18:55","modified_gmt":"2025-09-14T14:18:55","slug":"multitool-leatherman-rebar-burnt-sienna-833313","status":"publish","type":"product","link":"https:\/\/www.moskito.cz\/fr\/produkt\/multitool-leatherman-rebar-burnt-sienna-833313\/","title":{"rendered":"MultiTool Leatherman Rebar Burnt Sienna 833313"},"content":{"rendered":"<p data-start=\"122\" data-end=\"224\"><strong data-start=\"122\" data-end=\"222\">Leatherman Rebar Burnt Sienna 833313 \u2013 v\u0161estrann\u00fd multitool pro n\u00e1ro\u010dn\u00e9 \u00fakoly i ka\u017edodenn\u00ed v\u00fdzvy<\/strong><\/p>\n<p data-start=\"226\" data-end=\"564\">Kdy\u017e poprv\u00e9 vezme\u0161 do ruky <strong data-start=\"253\" data-end=\"293\">Leatherman Rebar Burnt Sienna 833313<\/strong>, okam\u017eit\u011b poc\u00edt\u00ed\u0161 kvalitu a robustnost, kter\u00e1 je v\u00fdsledkem dek\u00e1d zku\u0161enost\u00ed Leathermanu s v\u00fdrobou multitool\u016f. Tento model nen\u00ed jen n\u00e1strojem \u2013 je to spole\u010dn\u00edk, kter\u00fd t\u011b nikdy nenech\u00e1 ve \u0161tychu, a\u0165 u\u017e \u0159e\u0161\u00ed\u0161 ne\u010dekanou opravu doma, na zahrad\u011b, nebo se vyd\u00e1v\u00e1\u0161 do p\u0159\u00edrody.<\/p>\n<p data-start=\"566\" data-end=\"1029\">Rebar kombinuje tradi\u010dn\u00ed design s modern\u00edmi materi\u00e1ly a povrchovou \u00fapravou Cerakote\u00ae, kter\u00e1 zvy\u0161uje odolnost proti korozi a dod\u00e1v\u00e1 multitoolu elegantn\u00ed vzhled. I p\u0159es svou kompaktn\u00ed velikost a n\u00edzkou hmotnost je tento n\u00e1stroj p\u0159ipraven zvl\u00e1dnout t\u011b\u017ek\u00e9 \u00fakoly \u2013 od \u0159ez\u00e1n\u00ed a \u0161roubov\u00e1n\u00ed po otev\u00edr\u00e1n\u00ed lahv\u00ed a drobn\u00e9 opravy. Ka\u017ed\u00fd n\u00e1stroj je pe\u010dliv\u011b navr\u017een, zamyk\u00e1 se pro bezpe\u010dn\u00e9 pou\u017eit\u00ed a je p\u0159\u00edstupn\u00fd jednou rukou, co\u017e zaru\u010duje maxim\u00e1ln\u00ed pohodl\u00ed a rychlost pr\u00e1ce.<\/p>\n<p data-start=\"1031\" data-end=\"1339\">Burnt Sienna nen\u00ed jen praktick\u00fd, ale tak\u00e9 stylov\u00fd. Syt\u00e1 barva rukojeti a precizn\u00ed zpracov\u00e1n\u00ed \u010din\u00ed z Rebaru n\u00e1stroj, kter\u00fd si r\u00e1d uk\u00e1\u017ee\u0161 \u2013 a\u0165 u\u017e v d\u00edln\u011b, na t\u00fa\u0159e, nebo p\u0159i ka\u017edodenn\u00edm no\u0161en\u00ed. Tento multitool je d\u016fkazem, \u017ee odolnost, prakti\u010dnost a design mohou j\u00edt ruku v ruce a \u017ee ka\u017ed\u00fd detail m\u00e1 sv\u00e9 m\u00edsto.<\/p>\n<hr data-start=\"343\" data-end=\"346\" \/>\n<h3 data-start=\"348\" data-end=\"376\">\ud83d\udd27 Technick\u00e9 specifikace<\/h3>\n<ul data-start=\"378\" data-end=\"885\">\n<li data-start=\"378\" data-end=\"404\">\n<p data-start=\"380\" data-end=\"404\"><strong data-start=\"380\" data-end=\"398\">Po\u010det n\u00e1stroj\u016f<\/strong>: 17<\/p>\n<\/li>\n<li data-start=\"405\" data-end=\"449\">\n<p data-start=\"407\" data-end=\"449\"><strong data-start=\"407\" data-end=\"437\">D\u00e9lka zav\u0159en\u00e9ho multitoolu<\/strong>: 10,16 cm<\/p>\n<\/li>\n<li data-start=\"450\" data-end=\"476\">\n<p data-start=\"452\" data-end=\"476\"><strong data-start=\"452\" data-end=\"464\">Hmotnost<\/strong>: 189,94 g<\/p>\n<\/li>\n<li data-start=\"477\" data-end=\"521\">\n<p data-start=\"479\" data-end=\"521\"><strong data-start=\"479\" data-end=\"498\">Materi\u00e1l \u010depele<\/strong>: nerezov\u00e1 ocel 420HC<\/p>\n<\/li>\n<li data-start=\"522\" data-end=\"614\">\n<p data-start=\"524\" data-end=\"614\"><strong data-start=\"524\" data-end=\"545\">Materi\u00e1l rukojeti<\/strong>: nerezov\u00e1 ocel s povrchovou \u00fapravou Cerakote\u00ae v barv\u011b Burnt Sienna<\/p>\n<\/li>\n<li data-start=\"615\" data-end=\"696\">\n<p data-start=\"617\" data-end=\"696\"><strong data-start=\"617\" data-end=\"638\">Zamyk\u00e1n\u00ed n\u00e1stroj\u016f<\/strong>: ano, v\u0161echny n\u00e1stroje se zamykaj\u00ed pro bezpe\u010dn\u00e9 pou\u017eit\u00ed<\/p>\n<\/li>\n<li data-start=\"697\" data-end=\"780\">\n<p data-start=\"699\" data-end=\"780\"><strong data-start=\"699\" data-end=\"719\">Povrchov\u00e1 \u00faprava<\/strong>: Cerakote\u00ae pro zv\u00fd\u0161en\u00ed odolnosti proti korozi a opot\u0159eben\u00ed<\/p>\n<\/li>\n<li data-start=\"781\" data-end=\"817\">\n<p data-start=\"783\" data-end=\"817\"><strong data-start=\"783\" data-end=\"806\">D\u00e9lka hlavn\u00ed \u010depele<\/strong>: 7,37 cm<\/p>\n<\/li>\n<li data-start=\"818\" data-end=\"860\">\n<p data-start=\"820\" data-end=\"860\"><strong data-start=\"820\" data-end=\"847\">Povrchov\u00e1 \u00faprava \u010depele<\/strong>: Cerakote\u00ae<\/p>\n<\/li>\n<li data-start=\"861\" data-end=\"885\">\n<p data-start=\"863\" data-end=\"885\"><strong data-start=\"863\" data-end=\"878\">Zem\u011b v\u00fdroby<\/strong>: USA<\/p>\n<\/li>\n<\/ul>\n<hr data-start=\"887\" data-end=\"890\" \/>\n<h3 data-start=\"892\" data-end=\"911\">\u2705 Hlavn\u00ed v\u00fdhody<\/h3>\n<ul data-start=\"913\" data-end=\"1597\">\n<li data-start=\"913\" data-end=\"1057\">\n<p data-start=\"915\" data-end=\"1057\"><strong data-start=\"915\" data-end=\"943\">Vysok\u00e1 kvalita materi\u00e1l\u016f<\/strong>: Pou\u017eit\u00ed nerezov\u00e9 oceli 420HC a povrchov\u00e9 \u00fapravy Cerakote\u00ae zaji\u0161\u0165uje dlouhou \u017eivotnost a odolnost proti korozi.<\/p>\n<\/li>\n<li data-start=\"1058\" data-end=\"1169\">\n<p data-start=\"1060\" data-end=\"1169\"><strong data-start=\"1060\" data-end=\"1076\">V\u0161estrannost<\/strong>: 17 n\u00e1stroj\u016f pokr\u00fdv\u00e1 \u0161irok\u00e9 spektrum pot\u0159eb \u2013 od \u0159ez\u00e1n\u00ed, \u0161roubov\u00e1n\u00ed a\u017e po otev\u00edr\u00e1n\u00ed lahv\u00ed.<\/p>\n<\/li>\n<li data-start=\"1170\" data-end=\"1300\">\n<p data-start=\"1172\" data-end=\"1300\"><strong data-start=\"1172\" data-end=\"1192\">Pohodln\u00e9 pou\u017eit\u00ed<\/strong>: V\u0161echny n\u00e1stroje se zamykaj\u00ed a jsou p\u0159\u00edstupn\u00e9 zven\u010d\u00ed, co\u017e umo\u017e\u0148uje snadn\u00e9 a rychl\u00e9 pou\u017eit\u00ed jednou rukou.<\/p>\n<\/li>\n<li data-start=\"1301\" data-end=\"1411\">\n<p data-start=\"1303\" data-end=\"1411\"><strong data-start=\"1303\" data-end=\"1321\">Stylov\u00fd design<\/strong>: Barva Burnt Sienna a povrchov\u00e1 \u00faprava Cerakote\u00ae dod\u00e1vaj\u00ed multitoolu atraktivn\u00ed vzhled.<\/p>\n<\/li>\n<li data-start=\"1412\" data-end=\"1500\">\n<p data-start=\"1414\" data-end=\"1500\"><strong data-start=\"1414\" data-end=\"1426\">Odolnost<\/strong>: Povrchov\u00e1 \u00faprava Cerakote\u00ae zvy\u0161uje odolnost proti po\u0161kr\u00e1b\u00e1n\u00ed a korozi.<\/p>\n<\/li>\n<li data-start=\"1501\" data-end=\"1597\">\n<p data-start=\"1503\" data-end=\"1597\"><strong data-start=\"1503\" data-end=\"1517\">P\u0159enosnost<\/strong>: N\u00edzk\u00e1 hmotnost a kompaktn\u00ed rozm\u011bry usnad\u0148uj\u00ed no\u0161en\u00ed na opasku nebo v batohu.<\/p>\n<\/li>\n<\/ul>\n<hr data-start=\"1599\" data-end=\"1602\" \/>\n<h3 data-start=\"1604\" data-end=\"1624\">\u26a0\ufe0f Mo\u017en\u00e1 omezen\u00ed<\/h3>\n<ul data-start=\"1626\" data-end=\"1934\">\n<li data-start=\"1626\" data-end=\"1692\">\n<p data-start=\"1628\" data-end=\"1692\"><strong data-start=\"1628\" data-end=\"1636\">Cena<\/strong>: Vy\u0161\u0161\u00ed cena m\u016f\u017ee b\u00fdt pro n\u011bkter\u00e9 u\u017eivatele p\u0159ek\u00e1\u017ekou.<\/p>\n<\/li>\n<li data-start=\"1693\" data-end=\"1799\">\n<p data-start=\"1695\" data-end=\"1799\"><strong data-start=\"1695\" data-end=\"1707\">Hmotnost<\/strong>: P\u0159esto\u017ee je multitool kompaktn\u00ed, hmotnost 189,94 g m\u016f\u017ee b\u00fdt pro n\u011bkter\u00e9 u\u017eivatele vy\u0161\u0161\u00ed.<\/p>\n<\/li>\n<li data-start=\"1800\" data-end=\"1934\">\n<p data-start=\"1802\" data-end=\"1934\"><strong data-start=\"1802\" data-end=\"1825\">Specifick\u00e9 n\u00e1stroje<\/strong>: N\u011bkter\u00e9 n\u00e1stroje, jako je pilka nebo \u0159ez\u00e1k na dr\u00e1ty, mohou b\u00fdt pro p\u0159\u00edle\u017eitostn\u00e9 u\u017eivatele m\u00e9n\u011b pot\u0159ebn\u00e9.<\/p>\n<\/li>\n<\/ul>\n<hr data-start=\"1936\" data-end=\"1939\" \/>\n<h3 data-start=\"1941\" data-end=\"1962\">\ud83d\udee0\ufe0f \u00dadr\u017eba a p\u00e9\u010de<\/h3>\n<ul data-start=\"1964\" data-end=\"2318\">\n<li data-start=\"1964\" data-end=\"2049\">\n<p data-start=\"1966\" data-end=\"2049\"><strong data-start=\"1966\" data-end=\"1977\">\u010cistota<\/strong>: Po ka\u017ed\u00e9m pou\u017eit\u00ed multitool o\u010dist\u011bte od ne\u010distot a zbytk\u016f materi\u00e1l\u016f.<\/p>\n<\/li>\n<li data-start=\"2050\" data-end=\"2142\">\n<p data-start=\"2052\" data-end=\"2142\"><strong data-start=\"2052\" data-end=\"2062\">Maz\u00e1n\u00ed<\/strong>: Pravideln\u011b promaz\u00e1vejte pohybliv\u00e9 \u010d\u00e1sti olejem pro zaji\u0161t\u011bn\u00ed hladk\u00e9ho chodu.<\/p>\n<\/li>\n<li data-start=\"2143\" data-end=\"2223\">\n<p data-start=\"2145\" data-end=\"2223\"><strong data-start=\"2145\" data-end=\"2157\">Brou\u0161en\u00ed<\/strong>: Pou\u017e\u00edvejte kvalitn\u00ed brousek pro udr\u017een\u00ed ostrosti no\u017e\u016f a pilky.<\/p>\n<\/li>\n<li data-start=\"2224\" data-end=\"2318\">\n<p data-start=\"2226\" data-end=\"2318\"><strong data-start=\"2226\" data-end=\"2244\">\u00dadr\u017eba povrchu<\/strong>: Povrchovou \u00fapravu Cerakote\u00ae chra\u0148te p\u0159ed siln\u00fdm od\u011brem a chemik\u00e1liemi.<\/p>\n<\/li>\n<\/ul>\n<hr data-start=\"2320\" data-end=\"2323\" \/>\n<h3 data-start=\"2325\" data-end=\"2346\">\ud83c\udfaf Doporu\u010deno pro<\/h3>\n<ul data-start=\"2348\" data-end=\"2715\">\n<li data-start=\"2348\" data-end=\"2412\">\n<p data-start=\"2350\" data-end=\"2412\"><strong data-start=\"2350\" data-end=\"2367\">Dom\u00e1c\u00ed kutily<\/strong>: Ide\u00e1ln\u00ed pro opravy a \u00fadr\u017ebu v dom\u00e1cnosti.<\/p>\n<\/li>\n<li data-start=\"2413\" data-end=\"2515\">\n<p data-start=\"2415\" data-end=\"2515\"><strong data-start=\"2415\" data-end=\"2431\">Profesion\u00e1ly<\/strong>: Vhodn\u00fd pro techniky, elektrik\u00e1\u0159e a dal\u0161\u00ed odborn\u00edky vy\u017eaduj\u00edc\u00ed kvalitn\u00ed n\u00e1stroje.<\/p>\n<\/li>\n<li data-start=\"2516\" data-end=\"2613\">\n<p data-start=\"2518\" data-end=\"2613\"><strong data-start=\"2518\" data-end=\"2541\">Outdoorov\u00e9 nad\u0161ence<\/strong>: Skv\u011bl\u00fd spole\u010dn\u00edk pro kempov\u00e1n\u00ed, turistiku a dal\u0161\u00ed venkovn\u00ed aktivity.<\/p>\n<\/li>\n<li data-start=\"2614\" data-end=\"2715\">\n<p data-start=\"2616\" data-end=\"2715\"><strong data-start=\"2616\" data-end=\"2638\">Ka\u017edodenn\u00ed pou\u017eit\u00ed<\/strong>: D\u00edky kompaktn\u00edm rozm\u011br\u016fm a v\u0161estrannosti je vhodn\u00fd pro ka\u017edodenn\u00ed no\u0161en\u00ed.<\/p>\n<\/li>\n<\/ul>\n<hr data-start=\"2717\" data-end=\"2720\" \/>\n<h3 data-start=\"2722\" data-end=\"2747\">\u2b50 Z\u00e1v\u011bre\u010dn\u00e9 hodnocen\u00ed<\/h3>\n<p data-start=\"2749\" data-end=\"3105\">Leatherman Rebar Burnt Sienna 833313 je multitool, kter\u00fd spojuje \u0161pi\u010dkovou kvalitu, odolnost a v\u0161estrannost. D\u00edky \u0161irok\u00e9mu spektru n\u00e1stroj\u016f a kvalitn\u00edmu zpracov\u00e1n\u00ed je ide\u00e1ln\u00ed volbou pro ka\u017ed\u00e9ho, kdo hled\u00e1 spolehliv\u00fd n\u00e1stroj pro ka\u017edodenn\u00ed pou\u017eit\u00ed i n\u00e1ro\u010dn\u00e9 \u00fakoly. A\u0165 u\u017e jste dom\u00e1c\u00ed kutil, profesion\u00e1l nebo outdoorov\u00fd nad\u0161enec, tento multitool v\u00e1s nezklame.<\/p>\n<hr data-start=\"3107\" data-end=\"3110\" \/>\n","protected":false},"excerpt":{"rendered":"<p><strong>Leatherman Rebar Burnt Sienna 833313 je multitool, kter\u00fd spojuje \u0161pi\u010dkovou kvalitu, odolnost a v\u0161estrannost.<\/strong><\/p>\n","protected":false},"featured_media":423567,"comment_status":"open","ping_status":"closed","template":"","meta":[],"pwb-brand":[404],"product_brand":[],"product_cat":[50],"product_tag":[],"class_list":{"0":"post-423566","1":"product","2":"type-product","3":"status-publish","4":"has-post-thumbnail","6":"pwb-brand-leatherman","7":"product_cat-multi-tool","9":"first","10":"instock","11":"taxable","12":"shipping-taxable","13":"purchasable","14":"product-type-simple"},"brands":[{"id":404,"name":"Leatherman","slug":"leatherman"}],"_links":{"self":[{"href":"https:\/\/www.moskito.cz\/fr\/wp-json\/wp\/v2\/product\/423566","targetHints":{"allow":["GET"]}}],"collection":[{"href":"https:\/\/www.moskito.cz\/fr\/wp-json\/wp\/v2\/product"}],"about":[{"href":"https:\/\/www.moskito.cz\/fr\/wp-json\/wp\/v2\/types\/product"}],"replies":[{"embeddable":true,"href":"https:\/\/www.moskito.cz\/fr\/wp-json\/wp\/v2\/comments?post=423566"}],"wp:featuredmedia":[{"embeddable":true,"href":"https:\/\/www.moskito.cz\/fr\/wp-json\/wp\/v2\/media\/423567"}],"wp:attachment":[{"href":"https:\/\/www.moskito.cz\/fr\/wp-json\/wp\/v2\/media?parent=423566"}],"wp:term":[{"taxonomy":"pwb-brand","embeddable":true,"href":"https:\/\/www.moskito.cz\/fr\/wp-json\/wp\/v2\/pwb-brand?post=423566"},{"taxonomy":"product_brand","embeddable":true,"href":"https:\/\/www.moskito.cz\/fr\/wp-json\/wp\/v2\/product_brand?post=423566"},{"taxonomy":"product_cat","embeddable":true,"href":"https:\/\/www.moskito.cz\/fr\/wp-json\/wp\/v2\/product_cat?post=423566"},{"taxonomy":"product_tag","embeddable":true,"href":"https:\/\/www.moskito.cz\/fr\/wp-json\/wp\/v2\/product_tag?post=423566"}],"curies":[{"name":"wp","href":"https:\/\/api.w.org\/{rel}","templated":true}]}}