{"id":424005,"date":"2025-09-19T09:18:46","date_gmt":"2025-09-19T08:18:46","guid":{"rendered":"https:\/\/www.moskito.cz\/?post_type=product&#038;p=424005"},"modified":"2026-02-11T11:09:55","modified_gmt":"2026-02-11T10:09:55","slug":"zaviraci-nuz-benchmade-lowden-491gy-01","status":"publish","type":"product","link":"https:\/\/www.moskito.cz\/fr\/produkt\/zaviraci-nuz-benchmade-lowden-491gy-01\/","title":{"rendered":"Zav\u00edrac\u00ed N\u016f\u017e Benchmade Lowden 491GY-01"},"content":{"rendered":"<h1 data-start=\"242\" data-end=\"318\">Zav\u00edrac\u00ed n\u016f\u017e Benchmade Lowden 491GY-01 \u2013 PVD M390, Phoenix Red Aluminium<\/h1>\n<p data-start=\"320\" data-end=\"717\">Ka\u017ed\u00fd n\u016f\u017e m\u00e1 sv\u016fj p\u0159\u00edb\u011bh \u2013 a Lowden 491GY-01 je p\u0159\u00edb\u011bhem o spojen\u00ed tradice, modern\u00ed technologie a vizion\u00e1\u0159sk\u00e9ho designu. Benchmade jej stvo\u0159il jako poctu klasick\u00fdm st\u0159edomo\u0159sk\u00fdm no\u017e\u016fm typu <strong data-start=\"509\" data-end=\"519\">navaja<\/strong>, kter\u00e9 po stalet\u00ed symbolizovaly eleganci a spolehlivost. V tomto modelu se v\u0161ak historie potk\u00e1v\u00e1 s budoucnost\u00ed \u2013 d\u00edky pr\u00e9miov\u00e9 oceli M390, modern\u00edm povrchov\u00fdm \u00faprav\u00e1m a odv\u00e1\u017en\u00e9 barevn\u00e9 kombinaci.<\/p>\n<p data-start=\"719\" data-end=\"1122\">\u010cepel z pr\u00e1\u0161kov\u00e9 oceli <strong data-start=\"742\" data-end=\"757\">B\u00f6hler M390<\/strong> pat\u0159\u00ed k tomu nejlep\u0161\u00edmu, co sou\u010dasn\u00fd no\u017e\u00ed\u0159sk\u00fd pr\u016fmysl nab\u00edz\u00ed: dr\u017e\u00ed ost\u0159\u00ed extr\u00e9mn\u011b dlouho, m\u00e1 vysokou odolnost proti opot\u0159eben\u00ed a korozi. \u00daprava <strong data-start=\"902\" data-end=\"926\">PVD Stonewashed Grey<\/strong> j\u00ed dod\u00e1v\u00e1 jak odolnost, tak decentn\u00ed, drsn\u00fd vzhled. Rukoje\u0165 z <strong data-start=\"989\" data-end=\"1026\">Phoenix Red anodizovan\u00e9ho hlin\u00edku<\/strong> p\u0159in\u00e1\u0161\u00ed nejen pevnost a lehkost, ale tak\u00e9 v\u00fdrazn\u00fd design, kter\u00fd Lowden odli\u0161uje od ostatn\u00edch.<\/p>\n<p data-start=\"1124\" data-end=\"1378\">Mechanismus <strong data-start=\"1136\" data-end=\"1150\">AXIS\u00ae lock<\/strong> zaru\u010duje hladk\u00fd chod a bezpe\u010dnost p\u0159i pr\u00e1ci, zat\u00edmco reverzibiln\u00ed kapesn\u00ed klip d\u011bl\u00e1 z Lowdenu praktick\u00fd n\u016f\u017e pro ka\u017edodenn\u00ed no\u0161en\u00ed. Tento model nen\u00ed jen n\u00e1strojem \u2013 je to stylov\u00fd spole\u010dn\u00edk, kter\u00fd spojuje funk\u010dnost s estetikou.<\/p>\n<hr data-start=\"1380\" data-end=\"1383\" \/>\n<p data-start=\"1385\" data-end=\"1415\">\ud83d\udd27 <strong data-start=\"1388\" data-end=\"1413\">Technick\u00e9 specifikace<\/strong><\/p>\n<ul data-start=\"1417\" data-end=\"1863\">\n<li data-start=\"1417\" data-end=\"1461\">\n<p data-start=\"1419\" data-end=\"1461\">Celkov\u00e1 d\u00e9lka (otev\u0159en\u00fd): 8,12\u2033 (206 mm)<\/p>\n<\/li>\n<li data-start=\"1462\" data-end=\"1493\">\n<p data-start=\"1464\" data-end=\"1493\">D\u00e9lka \u010depele: 3,38\u2033 (86 mm)<\/p>\n<\/li>\n<li data-start=\"1494\" data-end=\"1534\">\n<p data-start=\"1496\" data-end=\"1534\">D\u00e9lka zav\u0159en\u00e9ho no\u017ee: 4,74\u2033 (120 mm)<\/p>\n<\/li>\n<li data-start=\"1535\" data-end=\"1570\">\n<p data-start=\"1537\" data-end=\"1570\">Tlou\u0161\u0165ka \u010depele: 0,11\u2033 (2,8 mm)<\/p>\n<\/li>\n<li data-start=\"1571\" data-end=\"1622\">\n<p data-start=\"1573\" data-end=\"1622\">Materi\u00e1l \u010depele: B\u00f6hler M390, tvrdost 60\u201362 HRC<\/p>\n<\/li>\n<li data-start=\"1623\" data-end=\"1672\">\n<p data-start=\"1625\" data-end=\"1672\">Povrchov\u00e1 \u00faprava \u010depele: PVD Stonewashed Grey<\/p>\n<\/li>\n<li data-start=\"1673\" data-end=\"1709\">\n<p data-start=\"1675\" data-end=\"1709\">Tvar \u010depele: Modified Clip-point<\/p>\n<\/li>\n<li data-start=\"1710\" data-end=\"1763\">\n<p data-start=\"1712\" data-end=\"1763\">Materi\u00e1l rukojeti: Phoenix Red anodizovan\u00fd hlin\u00edk<\/p>\n<\/li>\n<li data-start=\"1764\" data-end=\"1785\">\n<p data-start=\"1766\" data-end=\"1785\">Z\u00e1mek: AXIS\u00ae lock<\/p>\n<\/li>\n<li data-start=\"1786\" data-end=\"1816\">\n<p data-start=\"1788\" data-end=\"1816\">Klip: Reverzibiln\u00ed, tip-up<\/p>\n<\/li>\n<li data-start=\"1817\" data-end=\"1844\">\n<p data-start=\"1819\" data-end=\"1844\">Hmotnost: 3,4 oz (96 g)<\/p>\n<\/li>\n<li data-start=\"1845\" data-end=\"1863\">\n<p data-start=\"1847\" data-end=\"1863\">Vyrobeno v USA<\/p>\n<\/li>\n<\/ul>\n<hr data-start=\"1865\" data-end=\"1868\" \/>\n<p data-start=\"1870\" data-end=\"1884\">\u2705 <strong data-start=\"1872\" data-end=\"1882\">V\u00fdhody<\/strong><\/p>\n<ul data-start=\"1886\" data-end=\"2271\">\n<li data-start=\"1886\" data-end=\"1947\">\n<p data-start=\"1888\" data-end=\"1947\">Pr\u00e9miov\u00e1 ocel <strong data-start=\"1902\" data-end=\"1910\">M390<\/strong> \u2013 \u0161pi\u010dkov\u00e1 odolnost a v\u00fddr\u017e ost\u0159\u00ed.<\/p>\n<\/li>\n<li data-start=\"1948\" data-end=\"2018\">\n<p data-start=\"1950\" data-end=\"2018\">Design inspirovan\u00fd navajou \u2013 propojen\u00ed tradice a modern\u00edho pojet\u00ed.<\/p>\n<\/li>\n<li data-start=\"2019\" data-end=\"2099\">\n<p data-start=\"2021\" data-end=\"2099\">Povrchov\u00e1 \u00faprava <strong data-start=\"2038\" data-end=\"2057\">PVD Stonewashed<\/strong> \u2013 chr\u00e1n\u00ed a dod\u00e1v\u00e1 charismatick\u00fd vzhled.<\/p>\n<\/li>\n<li data-start=\"2100\" data-end=\"2153\">\n<p data-start=\"2102\" data-end=\"2153\">AXIS\u00ae lock \u2013 hladk\u00e9 otev\u00edr\u00e1n\u00ed a bezpe\u010dn\u00e9 pou\u017eit\u00ed.<\/p>\n<\/li>\n<li data-start=\"2154\" data-end=\"2208\">\n<p data-start=\"2156\" data-end=\"2208\">Pevn\u00e1 a lehk\u00e1 hlin\u00edkov\u00e1 rukoje\u0165 s v\u00fdraznou barvou.<\/p>\n<\/li>\n<li data-start=\"2209\" data-end=\"2271\">\n<p data-start=\"2211\" data-end=\"2271\">Univerz\u00e1ln\u00ed velikost \u2013 vhodn\u00e1 pro EDC i seri\u00f3zn\u011bj\u0161\u00ed pr\u00e1ci.<\/p>\n<\/li>\n<\/ul>\n<hr data-start=\"2273\" data-end=\"2276\" \/>\n<p data-start=\"2278\" data-end=\"2295\">\u26a0\ufe0f <strong data-start=\"2281\" data-end=\"2293\">Nev\u00fdhody<\/strong><\/p>\n<ul data-start=\"2297\" data-end=\"2519\">\n<li data-start=\"2297\" data-end=\"2360\">\n<p data-start=\"2299\" data-end=\"2360\">Hlin\u00edkov\u00e1 rukoje\u0165 m\u016f\u017ee b\u00fdt v chladu m\u00e9n\u011b p\u0159\u00edjemn\u00e1 na dotek.<\/p>\n<\/li>\n<li data-start=\"2361\" data-end=\"2439\">\n<p data-start=\"2363\" data-end=\"2439\">Vy\u0161\u0161\u00ed cena odpov\u00edd\u00e1 pr\u00e9miov\u00fdm materi\u00e1l\u016fm, ale nemus\u00ed b\u00fdt dostupn\u00e1 ka\u017ed\u00e9mu.<\/p>\n<\/li>\n<li data-start=\"2440\" data-end=\"2519\">\n<p data-start=\"2442\" data-end=\"2519\">\u010cepel s tlou\u0161\u0165kou 2,8 mm je sp\u00ed\u0161e na precizn\u00ed \u0159ez\u00e1n\u00ed, ne na extr\u00e9mn\u00ed z\u00e1t\u011b\u017e.<\/p>\n<\/li>\n<\/ul>\n<hr data-start=\"2521\" data-end=\"2524\" \/>\n<p data-start=\"2526\" data-end=\"2549\">\ud83d\udee0\ufe0f <strong data-start=\"2530\" data-end=\"2547\">\u00dadr\u017eba a p\u00e9\u010de<\/strong><\/p>\n<ul data-start=\"2551\" data-end=\"2778\">\n<li data-start=\"2551\" data-end=\"2654\">\n<p data-start=\"2553\" data-end=\"2654\">\u010cepel M390 m\u00e1 vysokou odolnost, ale pro udr\u017een\u00ed maxim\u00e1ln\u00ed ostrosti doporu\u010dujeme pravidelnou \u00fadr\u017ebu.<\/p>\n<\/li>\n<li data-start=\"2655\" data-end=\"2714\">\n<p data-start=\"2657\" data-end=\"2714\">Mechanismus AXIS\u00ae lock ob\u010das proma\u017ete pro plynul\u00fd chod.<\/p>\n<\/li>\n<li data-start=\"2715\" data-end=\"2778\">\n<p data-start=\"2717\" data-end=\"2778\">Po pou\u017eit\u00ed v n\u00e1ro\u010dn\u00e9m prost\u0159ed\u00ed n\u016f\u017e v\u017edy o\u010dist\u011bte a osu\u0161te.<\/p>\n<\/li>\n<\/ul>\n<p data-start=\"2780\" data-end=\"2982\">\ud83d\udc49 Pro udr\u017een\u00ed ost\u0159\u00ed doporu\u010dujeme <strong data-start=\"2814\" data-end=\"2880\">Spyderco Tri-Angle Sharpmaker Complete Sharpening System 204MF<\/strong> \u2013 ide\u00e1ln\u00ed i pro hladk\u00e1 ost\u0159\u00ed. \ud83d\uded2 Koup\u00edte na na\u0161ich str\u00e1nk\u00e1ch <a class=\"decorated-link cursor-pointer\" target=\"_new\" rel=\"noopener\" data-start=\"2942\" data-end=\"2979\">Moskito.cz<\/a><\/p>\n<p data-start=\"2989\" data-end=\"3012\">\ud83c\udfaf <strong data-start=\"2992\" data-end=\"3010\">Doporu\u010deno pro<\/strong><\/p>\n<ul data-start=\"3014\" data-end=\"3303\">\n<li data-start=\"3014\" data-end=\"3083\">\n<p data-start=\"3016\" data-end=\"3083\"><strong data-start=\"3016\" data-end=\"3029\">Sb\u011bratele<\/strong>, kte\u0159\u00ed ocen\u00ed kombinaci tradice a modern\u00edho designu.<\/p>\n<\/li>\n<li data-start=\"3084\" data-end=\"3168\">\n<p data-start=\"3086\" data-end=\"3168\"><strong data-start=\"3086\" data-end=\"3111\">N\u00e1ro\u010dn\u00e9 EDC u\u017eivatele<\/strong>, hledaj\u00edc\u00ed pr\u00e9miov\u00fd materi\u00e1l a spolehliv\u00fd mechanismus.<\/p>\n<\/li>\n<li data-start=\"3169\" data-end=\"3234\">\n<p data-start=\"3171\" data-end=\"3234\"><strong data-start=\"3171\" data-end=\"3194\">Outdoorov\u00e9 nad\u0161ence<\/strong>, kte\u0159\u00ed cht\u011bj\u00ed n\u016f\u017e do p\u0159\u00edrody i m\u011bsta.<\/p>\n<\/li>\n<li data-start=\"3235\" data-end=\"3303\">\n<p data-start=\"3237\" data-end=\"3303\"><strong data-start=\"3237\" data-end=\"3258\">Milovn\u00edky designu<\/strong>, kte\u0159\u00ed cht\u011bj\u00ed vyniknout v\u00fdrazn\u00fdm vzhledem.<\/p>\n<\/li>\n<\/ul>\n<hr data-start=\"3305\" data-end=\"3308\" \/>\n<p data-start=\"3310\" data-end=\"3337\">\u2b50 <strong data-start=\"3312\" data-end=\"3335\">Z\u00e1v\u011bre\u010dn\u00e9 hodnocen\u00ed<\/strong><\/p>\n<p data-start=\"3339\" data-end=\"3648\">Benchmade Lowden 491GY-01 je v\u00edce ne\u017e jen zav\u00edrac\u00ed n\u016f\u017e \u2013 je to stylov\u00fd a funk\u010dn\u00ed artefakt. P\u0159in\u00e1\u0161\u00ed s\u00edlu modern\u00ed oceli M390, osv\u011bd\u010denou konstrukci AXIS\u00ae locku a jedine\u010dn\u00fd design inspirovan\u00fd tradi\u010dn\u00ed navajou. Pokud hled\u00e1te n\u016f\u017e, kter\u00fd spojuje spolehlivost, \u0161pi\u010dkov\u00e9 materi\u00e1ly a estetiku, Lowden je jasn\u00e1 volba.<\/p>\n<hr data-start=\"3650\" data-end=\"3653\" \/>\n","protected":false},"excerpt":{"rendered":"<p><strong>Benchmade Lowden 491GY-01 je v\u00edce ne\u017e jen zav\u00edrac\u00ed n\u016f\u017e \u2013 je to stylov\u00fd a funk\u010dn\u00ed artefakt. P\u0159in\u00e1\u0161\u00ed s\u00edlu modern\u00ed oceli M390, osv\u011bd\u010denou konstrukci AXIS\u00ae locku a jedine\u010dn\u00fd design inspirovan\u00fd tradi\u010dn\u00ed navajou. Pokud hled\u00e1te n\u016f\u017e, kter\u00fd spojuje spolehlivost, \u0161pi\u010dkov\u00e9 materi\u00e1ly a estetiku, Lowden je jasn\u00e1 volba.<\/strong><\/p>\n<p><strong>Doprava zdarma.<\/strong><\/p>\n","protected":false},"featured_media":424006,"comment_status":"open","ping_status":"closed","template":"","meta":[],"pwb-brand":[3960],"product_brand":[],"product_cat":[22,17],"product_tag":[],"class_list":{"0":"post-424005","1":"product","2":"type-product","3":"status-publish","4":"has-post-thumbnail","6":"pwb-brand-benchmade","7":"product_cat-zaviraci-noze","8":"product_cat-noze","10":"first","11":"instock","12":"taxable","13":"shipping-taxable","14":"purchasable","15":"product-type-simple"},"brands":[{"id":3960,"name":"Benchmade","slug":"benchmade"}],"_links":{"self":[{"href":"https:\/\/www.moskito.cz\/fr\/wp-json\/wp\/v2\/product\/424005","targetHints":{"allow":["GET"]}}],"collection":[{"href":"https:\/\/www.moskito.cz\/fr\/wp-json\/wp\/v2\/product"}],"about":[{"href":"https:\/\/www.moskito.cz\/fr\/wp-json\/wp\/v2\/types\/product"}],"replies":[{"embeddable":true,"href":"https:\/\/www.moskito.cz\/fr\/wp-json\/wp\/v2\/comments?post=424005"}],"wp:featuredmedia":[{"embeddable":true,"href":"https:\/\/www.moskito.cz\/fr\/wp-json\/wp\/v2\/media\/424006"}],"wp:attachment":[{"href":"https:\/\/www.moskito.cz\/fr\/wp-json\/wp\/v2\/media?parent=424005"}],"wp:term":[{"taxonomy":"pwb-brand","embeddable":true,"href":"https:\/\/www.moskito.cz\/fr\/wp-json\/wp\/v2\/pwb-brand?post=424005"},{"taxonomy":"product_brand","embeddable":true,"href":"https:\/\/www.moskito.cz\/fr\/wp-json\/wp\/v2\/product_brand?post=424005"},{"taxonomy":"product_cat","embeddable":true,"href":"https:\/\/www.moskito.cz\/fr\/wp-json\/wp\/v2\/product_cat?post=424005"},{"taxonomy":"product_tag","embeddable":true,"href":"https:\/\/www.moskito.cz\/fr\/wp-json\/wp\/v2\/product_tag?post=424005"}],"curies":[{"name":"wp","href":"https:\/\/api.w.org\/{rel}","templated":true}]}}