{"id":424129,"date":"2025-09-19T12:52:35","date_gmt":"2025-09-19T11:52:35","guid":{"rendered":"https:\/\/www.moskito.cz\/?post_type=product&#038;p=424129"},"modified":"2026-03-07T16:36:00","modified_gmt":"2026-03-07T15:36:00","slug":"zaviraci-nuz-benchmade-940bk-2502-limited-edition-osborne","status":"publish","type":"product","link":"https:\/\/www.moskito.cz\/fr\/produkt\/zaviraci-nuz-benchmade-940bk-2502-limited-edition-osborne\/","title":{"rendered":"Zav\u00edrac\u00ed N\u016f\u017e Benchmade 940BK-2502 Limited Edition Osborne"},"content":{"rendered":"<h1 data-start=\"280\" data-end=\"336\">\ud83d\udd2a Zav\u00edrac\u00ed n\u016f\u017e Benchmade 940BK-2502 \u2013 Limited Edition<\/h1>\n<h2 data-start=\"338\" data-end=\"368\">\ud83c\udf0b Historicko-poetick\u00fd \u00favod<\/h2>\n<p data-start=\"331\" data-end=\"749\">V hlubin\u00e1ch sopek a d\u00e1vn\u00fdch sope\u010dn\u00fdch pol\u00ed vznik\u00e1 magma, kter\u00e9 se pomalu ochlazuje a tvo\u0159\u00ed vzory tak jedine\u010dn\u00e9, \u017ee je ka\u017ed\u00fd kus origin\u00e1ln\u00ed. Stejn\u011b jako tato p\u0159\u00edrodn\u00ed kr\u00e1sa, i design <strong data-start=\"513\" data-end=\"545\">Benchmade Osborne 940BK-2502<\/strong> vznik\u00e1 z pe\u010dliv\u00e9ho \u0159emesla, dlouholet\u00e9ho know-how a v\u00e1\u0161n\u00ed pro dokonalost. Tento n\u016f\u017e nen\u00ed jen n\u00e1strojem \u2013 je to symfonie materi\u00e1l\u016f, ergonomie a technologie, kde ka\u017ed\u00fd detail vypr\u00e1v\u00ed sv\u016fj vlastn\u00ed p\u0159\u00edb\u011bh.<\/p>\n<p data-start=\"751\" data-end=\"1197\">L\u00e1va, kter\u00e1 inspirovala rukoje\u0165 z <strong data-start=\"785\" data-end=\"809\">Lava Flow FatCarbon\u00ae<\/strong>, je symbolem s\u00edly a nezkrotn\u00e9 energie p\u0159\u00edrody, zat\u00edmco \u010depel z oceli <strong data-start=\"879\" data-end=\"895\">CPM-MagnaCut<\/strong> s povrchovou \u00fapravou <strong data-start=\"917\" data-end=\"941\">Black DLC Battlewash<\/strong> p\u0159edstavuje mistrovskou kombinaci odolnosti a preciznosti. Limitovan\u00e1 edice tohoto modelu spojuje minulost i budoucnost no\u017e\u00ed\u0159stv\u00ed a umo\u017e\u0148uje dr\u017eet v ruce n\u00e1stroj, kter\u00fd je stejn\u011b tak sb\u011bratelsk\u00fdm skvostem, jako praktick\u00fdm n\u00e1strojem pro ka\u017edodenn\u00ed \u017eivot.<\/p>\n<p data-start=\"1199\" data-end=\"1494\">Ka\u017ed\u00fd pohyb AXIS\u00ae lock mechanismu, ka\u017ed\u00fd dotek rukojeti a ka\u017ed\u00fd \u0159ez \u010depele p\u0159ipom\u00edn\u00e1, \u017ee n\u016f\u017e je v\u00edc ne\u017e kov a karbon \u2013 je to p\u0159\u00edb\u011bh, kter\u00fd m\u016f\u017eete dr\u017eet v ruce, a zku\u0161enost, kter\u00e1 p\u0159etrv\u00e1 generace. Tento model je tedy poctou historii, um\u011bn\u00ed a dokonal\u00e9mu \u0159emeslu, kter\u00e9 se skr\u00fdv\u00e1 v ka\u017ed\u00e9m detailu.<\/p>\n<hr data-start=\"1496\" data-end=\"1499\" \/>\n<hr data-start=\"1112\" data-end=\"1115\" \/>\n<h2 data-start=\"1117\" data-end=\"1144\">\ud83d\udd27 Technick\u00e9 specifikace<\/h2>\n<ul data-start=\"1146\" data-end=\"1692\">\n<li data-start=\"1146\" data-end=\"1194\">\n<p data-start=\"1148\" data-end=\"1194\"><strong data-start=\"1148\" data-end=\"1177\">Celkov\u00e1 d\u00e9lka (otev\u0159en\u00fd):<\/strong> 7,87&Prime; (19,99 cm)<\/p>\n<\/li>\n<li data-start=\"1195\" data-end=\"1230\">\n<p data-start=\"1197\" data-end=\"1230\"><strong data-start=\"1197\" data-end=\"1214\">D\u00e9lka \u010depele:<\/strong> 3,40&Prime; (8,64 cm)<\/p>\n<\/li>\n<li data-start=\"1231\" data-end=\"1275\">\n<p data-start=\"1233\" data-end=\"1275\"><strong data-start=\"1233\" data-end=\"1258\">D\u00e9lka zav\u0159en\u00e9ho no\u017ee:<\/strong> 4,47&Prime; (11,35 cm)<\/p>\n<\/li>\n<li data-start=\"1276\" data-end=\"1315\">\n<p data-start=\"1278\" data-end=\"1315\"><strong data-start=\"1278\" data-end=\"1298\">Tlou\u0161\u0165ka \u010depele:<\/strong> 0,115&Prime; (2,92 mm)<\/p>\n<\/li>\n<li data-start=\"1316\" data-end=\"1377\">\n<p data-start=\"1318\" data-end=\"1377\"><strong data-start=\"1318\" data-end=\"1338\">Materi\u00e1l \u010depele:<\/strong> CPM-MagnaCut nerezov\u00e1 ocel (58\u201360 HRC)<\/p>\n<\/li>\n<li data-start=\"1378\" data-end=\"1410\">\n<p data-start=\"1380\" data-end=\"1410\"><strong data-start=\"1380\" data-end=\"1396\">Tvar \u010depele:<\/strong> Reverse Tanto<\/p>\n<\/li>\n<li data-start=\"1411\" data-end=\"1456\">\n<p data-start=\"1413\" data-end=\"1456\"><strong data-start=\"1413\" data-end=\"1441\">Povrchov\u00e1 \u00faprava \u010depele:<\/strong> DLC Battlewash<\/p>\n<\/li>\n<li data-start=\"1457\" data-end=\"1502\">\n<p data-start=\"1459\" data-end=\"1502\"><strong data-start=\"1459\" data-end=\"1481\">Materi\u00e1l rukojeti:<\/strong> Lava Flow FatCarbon\u00ae<\/p>\n<\/li>\n<li data-start=\"1503\" data-end=\"1526\">\n<p data-start=\"1505\" data-end=\"1526\"><strong data-start=\"1505\" data-end=\"1515\">Z\u00e1mek:<\/strong> AXIS\u00ae lock<\/p>\n<\/li>\n<li data-start=\"1527\" data-end=\"1592\">\n<p data-start=\"1529\" data-end=\"1592\"><strong data-start=\"1529\" data-end=\"1555\">Mechanismus otev\u00edr\u00e1n\u00ed:<\/strong> Manu\u00e1ln\u00ed s dvojit\u00fdm palcov\u00fdm kol\u00edkem<\/p>\n<\/li>\n<li data-start=\"1593\" data-end=\"1641\">\n<p data-start=\"1595\" data-end=\"1641\"><strong data-start=\"1595\" data-end=\"1613\">Klip na kapsu:<\/strong> Reverzibiln\u00ed, tip-up pozice<\/p>\n<\/li>\n<li data-start=\"1642\" data-end=\"1671\">\n<p data-start=\"1644\" data-end=\"1671\"><strong data-start=\"1644\" data-end=\"1657\">Hmotnost:<\/strong> 2,9 oz (82 g)<\/p>\n<\/li>\n<li data-start=\"1672\" data-end=\"1692\">\n<p data-start=\"1674\" data-end=\"1692\"><strong data-start=\"1674\" data-end=\"1692\">Vyrobeno v USA<\/strong><\/p>\n<\/li>\n<\/ul>\n<hr data-start=\"1694\" data-end=\"1697\" \/>\n<h2 data-start=\"1699\" data-end=\"1710\">\u2705 V\u00fdhody<\/h2>\n<ul data-start=\"1712\" data-end=\"2174\">\n<li data-start=\"1712\" data-end=\"1769\">\n<p data-start=\"1714\" data-end=\"1769\"><strong data-start=\"1714\" data-end=\"1730\">Exkluzivita:<\/strong> Limitovan\u00e1 edice s unik\u00e1tn\u00edm designem.<\/p>\n<\/li>\n<li data-start=\"1770\" data-end=\"1865\">\n<p data-start=\"1772\" data-end=\"1865\"><strong data-start=\"1772\" data-end=\"1797\">Vysokokvalitn\u00ed \u010depel:<\/strong> Ocel CPM-MagnaCut s vynikaj\u00edc\u00ed odolnost\u00ed proti opot\u0159eben\u00ed a korozi.<\/p>\n<\/li>\n<li data-start=\"1866\" data-end=\"1947\">\n<p data-start=\"1868\" data-end=\"1947\"><strong data-start=\"1868\" data-end=\"1892\">Ergonomick\u00e1 rukoje\u0165:<\/strong> Lava Flow FatCarbon\u00ae zaji\u0161\u0165uje pevn\u00fd a pohodln\u00fd \u00fachop.<\/p>\n<\/li>\n<li data-start=\"1948\" data-end=\"2025\">\n<p data-start=\"1950\" data-end=\"2025\"><strong data-start=\"1950\" data-end=\"1980\">Unik\u00e1tn\u00ed povrchov\u00e1 \u00faprava:<\/strong> DLC Battlewash dod\u00e1v\u00e1 no\u017ei elegantn\u00ed vzhled.<\/p>\n<\/li>\n<li data-start=\"2026\" data-end=\"2104\">\n<p data-start=\"2028\" data-end=\"2104\"><strong data-start=\"2028\" data-end=\"2049\">Spolehliv\u00fd z\u00e1mek:<\/strong> AXIS\u00ae lock mechanismus pro snadn\u00e9 a bezpe\u010dn\u00e9 ovl\u00e1d\u00e1n\u00ed.<\/p>\n<\/li>\n<li data-start=\"2105\" data-end=\"2174\">\n<p data-start=\"2107\" data-end=\"2174\"><strong data-start=\"2107\" data-end=\"2133\">Lehkost a kompaktnost:<\/strong> Ide\u00e1ln\u00ed pro ka\u017edodenn\u00ed no\u0161en\u00ed a pou\u017eit\u00ed.<\/p>\n<\/li>\n<\/ul>\n<hr data-start=\"2176\" data-end=\"2179\" \/>\n<h2 data-start=\"2181\" data-end=\"2195\">\u26a0\ufe0f Nev\u00fdhody<\/h2>\n<ul data-start=\"2197\" data-end=\"2439\">\n<li data-start=\"2197\" data-end=\"2272\">\n<p data-start=\"2199\" data-end=\"2272\"><strong data-start=\"2199\" data-end=\"2214\">Vy\u0161\u0161\u00ed cena:<\/strong> Pr\u00e9miov\u00e9 materi\u00e1ly a exkluzivita se odr\u00e1\u017eej\u00ed v cen\u011b no\u017ee.<\/p>\n<\/li>\n<li data-start=\"2273\" data-end=\"2365\">\n<p data-start=\"2275\" data-end=\"2365\"><strong data-start=\"2275\" data-end=\"2286\">\u00dadr\u017eba:<\/strong> Pravideln\u00e1 \u00fadr\u017eba a \u010di\u0161t\u011bn\u00ed mechanismu je nezbytn\u00e9 pro dlouhou \u017eivotnost no\u017ee.<\/p>\n<\/li>\n<li data-start=\"2366\" data-end=\"2439\">\n<p data-start=\"2368\" data-end=\"2439\"><strong data-start=\"2368\" data-end=\"2383\">Dostupnost:<\/strong> Omezen\u00fd po\u010det kus\u016f m\u016f\u017ee znamenat obt\u00ed\u017en\u011bj\u0161\u00ed dostupnost.<\/p>\n<\/li>\n<\/ul>\n<hr data-start=\"2441\" data-end=\"2444\" \/>\n<h2 data-start=\"2446\" data-end=\"2466\">\ud83d\udee0\ufe0f \u00dadr\u017eba a p\u00e9\u010de<\/h2>\n<ul data-start=\"2468\" data-end=\"2770\">\n<li data-start=\"2468\" data-end=\"2561\">\n<p data-start=\"2470\" data-end=\"2561\"><strong data-start=\"2470\" data-end=\"2482\">\u010cistota:<\/strong> Po ka\u017ed\u00e9m pou\u017eit\u00ed n\u016f\u017e o\u010dist\u011bte od ne\u010distot a vlhkosti, aby se p\u0159ede\u0161lo korozi.<\/p>\n<\/li>\n<li data-start=\"2562\" data-end=\"2667\">\n<p data-start=\"2564\" data-end=\"2667\"><strong data-start=\"2564\" data-end=\"2575\">Maz\u00e1n\u00ed:<\/strong> Pravideln\u011b promaz\u00e1vejte mechanismus AXIS\u00ae lock vhodn\u00fdm olejem pro zaji\u0161t\u011bn\u00ed hladk\u00e9ho chodu.<\/p>\n<\/li>\n<li data-start=\"2668\" data-end=\"2770\">\n<p data-start=\"2670\" data-end=\"2770\"><strong data-start=\"2670\" data-end=\"2683\">Brou\u0161en\u00ed:<\/strong> Pro udr\u017een\u00ed optim\u00e1ln\u00ed ostrosti pou\u017eijte kvalitn\u00ed brousek vhodn\u00fd pro ocel CPM-MagnaCut.<\/p>\n<\/li>\n<\/ul>\n<p data-start=\"2772\" data-end=\"2972\">\ud83d\udc49 Pro udr\u017een\u00ed ost\u0159\u00ed doporu\u010dujeme <strong data-start=\"2806\" data-end=\"2872\">Spyderco Tri-Angle Sharpmaker Complete Sharpening System 204MF<\/strong> \u2013 ide\u00e1ln\u00ed i pro hladk\u00e1 ost\u0159\u00ed. \ud83d\uded2 Koup\u00edte na na\u0161ich str\u00e1nk\u00e1ch <a class=\"decorated-link cursor-pointer\" target=\"_new\" rel=\"noopener\" data-start=\"2934\" data-end=\"2971\">Moskito.cz<\/a><\/p>\n<h2 data-start=\"2979\" data-end=\"2999\">\ud83c\udfaf Doporu\u010deno pro<\/h2>\n<ul data-start=\"3001\" data-end=\"3276\">\n<li data-start=\"3001\" data-end=\"3099\">\n<p data-start=\"3003\" data-end=\"3099\"><strong data-start=\"3003\" data-end=\"3017\">Sb\u011bratele:<\/strong> D\u00edky limitovan\u00e9 edici a unik\u00e1tn\u00edmu designu je tento n\u016f\u017e atraktivn\u00ed pro sb\u011bratele.<\/p>\n<\/li>\n<li data-start=\"3100\" data-end=\"3190\">\n<p data-start=\"3102\" data-end=\"3190\"><strong data-start=\"3102\" data-end=\"3130\">Ka\u017edodenn\u00ed no\u0161en\u00ed (EDC):<\/strong> Lehk\u00fd a kompaktn\u00ed design je ide\u00e1ln\u00ed pro ka\u017edodenn\u00ed pou\u017eit\u00ed.<\/p>\n<\/li>\n<li data-start=\"3191\" data-end=\"3276\">\n<p data-start=\"3193\" data-end=\"3276\"><strong data-start=\"3193\" data-end=\"3217\">Outdoorov\u00e9 aktivity:<\/strong> Vhodn\u00fd pro kempov\u00e1n\u00ed, turistiku a dal\u0161\u00ed venkovn\u00ed aktivity.<\/p>\n<\/li>\n<\/ul>\n<hr data-start=\"3278\" data-end=\"3281\" \/>\n<h2 data-start=\"3283\" data-end=\"3307\">\u2b50 Z\u00e1v\u011bre\u010dn\u00e9 hodnocen\u00ed<\/h2>\n<p data-start=\"3309\" data-end=\"3639\"><strong data-start=\"3309\" data-end=\"3333\">Benchmade 940BK-2502<\/strong> je mistrovsk\u00fdm d\u00edlem, kter\u00e9 spojuje spolehlivost, ergonomii a design do jedine\u010dn\u00e9ho no\u017ee. Limitovan\u00e1 edice nab\u00edz\u00ed sb\u011bratelskou hodnotu, pr\u00e9miov\u00e9 materi\u00e1ly a komfortn\u00ed ka\u017edodenn\u00ed pou\u017e\u00edv\u00e1n\u00ed. Pro ka\u017ed\u00e9ho, kdo hled\u00e1 n\u016f\u017e s v\u00fdjime\u010dnou estetikou, v\u00fdkonem a histori\u00ed, je Osborne 940BK-2502 volbou, kter\u00e1 nezklame.<\/p>\n","protected":false},"excerpt":{"rendered":"<p><strong>Benchmade 940BK-2502 je mistrovsk\u00fdm d\u00edlem, kter\u00e9 spojuje spolehlivost, ergonomii a design do jedine\u010dn\u00e9ho no\u017ee. Limitovan\u00e1 edice nab\u00edz\u00ed sb\u011bratelskou hodnotu, pr\u00e9miov\u00e9 materi\u00e1ly a komfortn\u00ed ka\u017edodenn\u00ed pou\u017e\u00edv\u00e1n\u00ed. Pro ka\u017ed\u00e9ho, kdo hled\u00e1 n\u016f\u017e s v\u00fdjime\u010dnou estetikou, v\u00fdkonem a histori\u00ed, je Osborne 940BK-2502 volbou, kter\u00e1 nezklame.<\/strong><\/p>\n<p><strong>Doprava zdarma.<\/strong><\/p>\n","protected":false},"featured_media":424130,"comment_status":"open","ping_status":"closed","template":"","meta":[],"pwb-brand":[3960],"product_brand":[],"product_cat":[22,17],"product_tag":[],"class_list":{"0":"post-424129","1":"product","2":"type-product","3":"status-publish","4":"has-post-thumbnail","6":"pwb-brand-benchmade","7":"product_cat-zaviraci-noze","8":"product_cat-noze","10":"first","11":"instock","12":"taxable","13":"shipping-taxable","14":"purchasable","15":"product-type-simple"},"brands":[{"id":3960,"name":"Benchmade","slug":"benchmade"}],"_links":{"self":[{"href":"https:\/\/www.moskito.cz\/fr\/wp-json\/wp\/v2\/product\/424129","targetHints":{"allow":["GET"]}}],"collection":[{"href":"https:\/\/www.moskito.cz\/fr\/wp-json\/wp\/v2\/product"}],"about":[{"href":"https:\/\/www.moskito.cz\/fr\/wp-json\/wp\/v2\/types\/product"}],"replies":[{"embeddable":true,"href":"https:\/\/www.moskito.cz\/fr\/wp-json\/wp\/v2\/comments?post=424129"}],"wp:featuredmedia":[{"embeddable":true,"href":"https:\/\/www.moskito.cz\/fr\/wp-json\/wp\/v2\/media\/424130"}],"wp:attachment":[{"href":"https:\/\/www.moskito.cz\/fr\/wp-json\/wp\/v2\/media?parent=424129"}],"wp:term":[{"taxonomy":"pwb-brand","embeddable":true,"href":"https:\/\/www.moskito.cz\/fr\/wp-json\/wp\/v2\/pwb-brand?post=424129"},{"taxonomy":"product_brand","embeddable":true,"href":"https:\/\/www.moskito.cz\/fr\/wp-json\/wp\/v2\/product_brand?post=424129"},{"taxonomy":"product_cat","embeddable":true,"href":"https:\/\/www.moskito.cz\/fr\/wp-json\/wp\/v2\/product_cat?post=424129"},{"taxonomy":"product_tag","embeddable":true,"href":"https:\/\/www.moskito.cz\/fr\/wp-json\/wp\/v2\/product_tag?post=424129"}],"curies":[{"name":"wp","href":"https:\/\/api.w.org\/{rel}","templated":true}]}}