{"id":424595,"date":"2023-10-24T14:22:23","date_gmt":"2023-10-24T13:22:23","guid":{"rendered":"https:\/\/www.moskito.cz\/produkt\/couteau-pliant-akc-world-roma-swinguard-23-cm\/"},"modified":"2025-09-26T08:17:35","modified_gmt":"2025-09-26T07:17:35","slug":"couteau-pliant-akc-world-roma-swinguard-23-cm","status":"publish","type":"product","link":"https:\/\/www.moskito.cz\/fr\/produkt\/couteau-pliant-akc-world-roma-swinguard-23-cm\/","title":{"rendered":"Couteau pliant AKC WORLD Roma Swinguard 23 cm"},"content":{"rendered":"<p>Couteau pliant <strong>AKC WORLD<\/strong> Roma Swinguard 23 cm<\/p>\n<p>Le couteau pliant AKC WORLD Roma Swinguard 23 cm est un couteau italien \u00e9l\u00e9gant et de fabrication soign\u00e9e qui s\u00e9duira aussi bien les collectionneurs que ceux qui recherchent un couteau de poche de luxe. Voici les d\u00e9tails de ce produit&nbsp;:<br \/>\n Caract\u00e9ristiques: <\/p>\n<p>Longueur totale : 23 cm<br \/>\n Longueur de la lame : 9,5 cm<br \/>\n \u00c9paisseur de la lame : 0,3 cm<br \/>\n Poids : 128 g<\/p>\n<p>Mat\u00e9riaux:<\/p>\n<p>Lame : acier inoxydable AISI 420, reconnu pour sa r\u00e9sistance \u00e0 la corrosion et son entretien facile.<br \/>\n Manche : Bois, qui donne au couteau un aspect classique et \u00e9l\u00e9gant.<br \/>\n Cadre : acier inoxydable AISI 420, garantissant r\u00e9sistance et stabilit\u00e9.<\/p>\n<p>Propri\u00e9t\u00e9s:<\/p>\n<p>M\u00e9canisme Swinguard : Un design distinctif avec protection de lame qui ajoute s\u00e9curit\u00e9 et style au couteau.<br \/>\n Style italien : design traditionnel combin\u00e9 \u00e0 des techniques de fabrication modernes.<br \/>\n Aspect luxueux : Id\u00e9al comme objet de collection ou couteau de poche repr\u00e9sentatif.<\/p>\n<p>Ce couteau est non seulement pratique, mais aussi esth\u00e9tique, ce qui en fait un excellent choix pour tout amateur de couteaux de qualit\u00e9. Si vous recherchez l&rsquo;alliance de l&rsquo;\u00e9l\u00e9gance, de la tradition et de la fonctionnalit\u00e9, ce mod\u00e8le m\u00e9rite amplement d&rsquo;\u00eatre consid\u00e9r\u00e9. <\/p>\n<p>&nbsp;<\/p>\n","protected":false},"excerpt":{"rendered":"<p><strong>Ce couteau est non seulement pratique, mais aussi esth\u00e9tique, ce qui en fait un excellent choix pour tout amateur de couteaux de qualit\u00e9. Si vous recherchez l&rsquo;alliance de l&rsquo;\u00e9l\u00e9gance, de la tradition et de la fonctionnalit\u00e9, ce mod\u00e8le m\u00e9rite amplement d&rsquo;\u00eatre consid\u00e9r\u00e9. <\/strong><\/p>\n","protected":false},"featured_media":424597,"comment_status":"open","ping_status":"closed","template":"","meta":[],"pwb-brand":[4011],"product_brand":[],"product_cat":[3699,3696],"product_tag":[],"class_list":{"0":"post-424595","1":"product","2":"type-product","3":"status-publish","4":"has-post-thumbnail","6":"pwb-brand-aga-campolin-fr","7":"product_cat-couteaux-de-tir","8":"product_cat-des-couteaux","10":"first","11":"outofstock","12":"taxable","13":"shipping-taxable","14":"purchasable","15":"product-type-simple"},"brands":[{"id":4011,"name":"AGA CAMPOLIN","slug":"aga-campolin-fr"}],"_links":{"self":[{"href":"https:\/\/www.moskito.cz\/fr\/wp-json\/wp\/v2\/product\/424595","targetHints":{"allow":["GET"]}}],"collection":[{"href":"https:\/\/www.moskito.cz\/fr\/wp-json\/wp\/v2\/product"}],"about":[{"href":"https:\/\/www.moskito.cz\/fr\/wp-json\/wp\/v2\/types\/product"}],"replies":[{"embeddable":true,"href":"https:\/\/www.moskito.cz\/fr\/wp-json\/wp\/v2\/comments?post=424595"}],"wp:featuredmedia":[{"embeddable":true,"href":"https:\/\/www.moskito.cz\/fr\/wp-json\/wp\/v2\/media\/424597"}],"wp:attachment":[{"href":"https:\/\/www.moskito.cz\/fr\/wp-json\/wp\/v2\/media?parent=424595"}],"wp:term":[{"taxonomy":"pwb-brand","embeddable":true,"href":"https:\/\/www.moskito.cz\/fr\/wp-json\/wp\/v2\/pwb-brand?post=424595"},{"taxonomy":"product_brand","embeddable":true,"href":"https:\/\/www.moskito.cz\/fr\/wp-json\/wp\/v2\/product_brand?post=424595"},{"taxonomy":"product_cat","embeddable":true,"href":"https:\/\/www.moskito.cz\/fr\/wp-json\/wp\/v2\/product_cat?post=424595"},{"taxonomy":"product_tag","embeddable":true,"href":"https:\/\/www.moskito.cz\/fr\/wp-json\/wp\/v2\/product_tag?post=424595"}],"curies":[{"name":"wp","href":"https:\/\/api.w.org\/{rel}","templated":true}]}}