{"id":424653,"date":"2025-09-26T08:54:01","date_gmt":"2025-09-26T07:54:01","guid":{"rendered":"https:\/\/www.moskito.cz\/produkt\/couteau-pliant-benchmade-custom-barrage-cu580-ss-154cm\/"},"modified":"2025-09-26T09:03:02","modified_gmt":"2025-09-26T08:03:02","slug":"couteau-pliant-benchmade-custom-barrage-cu580-ss-154cm","status":"publish","type":"product","link":"https:\/\/www.moskito.cz\/fr\/produkt\/couteau-pliant-benchmade-custom-barrage-cu580-ss-154cm\/","title":{"rendered":"Couteau pliant Benchmade Custom Barrage CU580-SS-154CM"},"content":{"rendered":"<h3 data-start=\"0\" data-end=\"45\">Benchmade Custom Barrage CU580-SS-154CM<\/h3>\n<h4 data-start=\"47\" data-end=\"78\">Introduction historico-po\u00e9tique<\/h4>\n<p data-start=\"79\" data-end=\"459\">Lorsque Benchmade a lanc\u00e9 le Barrage, il est entr\u00e9 dans l&rsquo;histoire en devenant le premier couteau de la marque \u00e0 proposer une ouverture assist\u00e9e. L&rsquo;association du syst\u00e8me AXIS\u00ae Lock et de l&rsquo;assistance \u00e0 ressort \u00e9tait r\u00e9volutionnaire&nbsp;: un couteau \u00e0 ouverture rapide et fiable, tout en \u00e9tant s\u00fbr. Le designer l\u00e9gendaire Mel Pardue a dot\u00e9 le Barrage d&rsquo;une forme parfaitement adapt\u00e9e \u00e0 la paume de la main, et Benchmade a ajout\u00e9 la technologie qui en a fait un pionnier.  <\/p>\n<p data-start=\"461\" data-end=\"900\"><strong data-start=\"467\" data-end=\"492\">L&rsquo;\u00e9dition Custom CU580-SS-154CM<\/strong> perp\u00e9tue cette tradition, tout en y ajoutant personnalit\u00e9 et style. La lame en acier <strong data-start=\"571\" data-end=\"580\">154CM<\/strong> \u2013 un classique am\u00e9ricain de l&rsquo;acier inoxydable \u2013 offre un excellent compromis entre tranchant, durabilit\u00e9 et facilit\u00e9 d&rsquo;entretien. La finition satin\u00e9e est \u00e9l\u00e9gante, mais surtout, elle assure une coupe lisse du mat\u00e9riau. Le manche personnalis\u00e9 (souvent en G-10 ou en micarta) conf\u00e8re au couteau un look unique et une prise en main fiable, r\u00e9sistant \u00e0 l&rsquo;humidit\u00e9 et aux longues utilisations.   <\/p>\n<p data-start=\"902\" data-end=\"1052\">Barrage n&rsquo;est pas seulement un compagnon tactique &#8211; c&rsquo;est un couteau pour ceux qui veulent avoir dans leur poche une r\u00e9ponse rapide, une ergonomie et une qualit\u00e9 prouv\u00e9es par des ann\u00e9es d&rsquo;utilisation.<\/p>\n<hr data-start=\"1054\" data-end=\"1057\">\n<h4 data-start=\"1059\" data-end=\"1090\">\ud83d\udd27 Sp\u00e9cifications techniques<\/h4>\n<ul data-start=\"1091\" data-end=\"1542\">\n<li data-start=\"1091\" data-end=\"1133\">\n<p data-start=\"1093\" data-end=\"1133\"><strong data-start=\"1093\" data-end=\"1122\">Longueur totale (ouvert) :<\/strong> ~ 210 mm<\/p>\n<\/li>\n<li data-start=\"1134\" data-end=\"1163\">\n<p data-start=\"1136\" data-end=\"1163\"><strong data-start=\"1136\" data-end=\"1153\">Longueur de la lame :<\/strong> ~ 90 mm<\/p>\n<\/li>\n<li data-start=\"1164\" data-end=\"1197\">\n<p data-start=\"1166\" data-end=\"1197\"><strong data-start=\"1166\" data-end=\"1186\">\u00c9paisseur de la lame :<\/strong> ~ 3,2 mm<\/p>\n<\/li>\n<li data-start=\"1198\" data-end=\"1249\">\n<p data-start=\"1200\" data-end=\"1249\"><strong data-start=\"1200\" data-end=\"1220\">Mat\u00e9riau de la lame :<\/strong> 154CM (acier inoxydable, USA)<\/p>\n<\/li>\n<li data-start=\"1250\" data-end=\"1288\">\n<p data-start=\"1252\" data-end=\"1288\"><strong data-start=\"1252\" data-end=\"1270\">Surface de la lame :<\/strong> finition satin\u00e9e<\/p>\n<\/li>\n<li data-start=\"1289\" data-end=\"1320\">\n<p data-start=\"1291\" data-end=\"1320\"><strong data-start=\"1291\" data-end=\"1307\">Forme de la lame :<\/strong> Drop-Point<\/p>\n<\/li>\n<li data-start=\"1321\" data-end=\"1380\">\n<p data-start=\"1323\" data-end=\"1380\"><strong data-start=\"1323\" data-end=\"1345\">Mat\u00e9riau du manche :<\/strong> Variante personnalis\u00e9e \u2013 G-10 \/ Micarta<\/p>\n<\/li>\n<li data-start=\"1381\" data-end=\"1438\">\n<p data-start=\"1383\" data-end=\"1438\"><strong data-start=\"1383\" data-end=\"1400\">Type de verrouillage :<\/strong> AXIS\u00ae Assist (ouverture assist\u00e9e)<\/p>\n<\/li>\n<li data-start=\"1439\" data-end=\"1489\">\n<p data-start=\"1441\" data-end=\"1489\"><strong data-start=\"1441\" data-end=\"1458\">Clip de poche :<\/strong> acier, double face, pointe vers le haut<\/p>\n<\/li>\n<li data-start=\"1490\" data-end=\"1517\">\n<p data-start=\"1492\" data-end=\"1517\"><strong data-start=\"1492\" data-end=\"1505\">Poids :<\/strong> environ 130 g<\/p>\n<\/li>\n<li data-start=\"1518\" data-end=\"1542\">\n<p data-start=\"1520\" data-end=\"1542\"><strong data-start=\"1520\" data-end=\"1536\">Pays de fabrication :<\/strong> \u00c9tats-Unis<\/p>\n<\/li>\n<\/ul>\n<hr data-start=\"1544\" data-end=\"1547\">\n<h4 data-start=\"1549\" data-end=\"1564\">\u2705 Avantages<\/h4>\n<ul data-start=\"1565\" data-end=\"2020\">\n<li data-start=\"1565\" data-end=\"1621\">\n<p data-start=\"1567\" data-end=\"1621\">Ouverture assist\u00e9e rapide \u2013 toujours pr\u00eat \u00e0 l\u2019action.<\/p>\n<\/li>\n<li data-start=\"1622\" data-end=\"1729\">\n<p data-start=\"1624\" data-end=\"1729\">Acier 154CM \u2013 conserve bien son tranchant, r\u00e9siste \u00e0 la corrosion et est plus facile \u00e0 aff\u00fbter que les aciers \u00e0 outils plus durs.<\/p>\n<\/li>\n<li data-start=\"1730\" data-end=\"1793\">\n<p data-start=\"1732\" data-end=\"1793\">Lame satin\u00e9e \u2013 \u00e9l\u00e9gante, fonctionnelle et antireflet.<\/p>\n<\/li>\n<li data-start=\"1794\" data-end=\"1875\">\n<p data-start=\"1796\" data-end=\"1875\">Poign\u00e9es personnalis\u00e9es (G-10, Micarta) \u2013 solides, durables, stables dans n\u2019importe quel environnement.<\/p>\n<\/li>\n<li data-start=\"1876\" data-end=\"1959\">\n<p data-start=\"1878\" data-end=\"1959\">AXIS\u00ae Lock \u2013 le m\u00e9canisme l\u00e9gendaire Benchmade, fiable et facile \u00e0 utiliser.<\/p>\n<\/li>\n<li data-start=\"1960\" data-end=\"2020\">\n<p data-start=\"1962\" data-end=\"2020\">Ergonomie Mel Pardue \u2013 prise en main confortable m\u00eame lors de travaux prolong\u00e9s.<\/p>\n<\/li>\n<\/ul>\n<hr data-start=\"2022\" data-end=\"2025\">\n<h4 data-start=\"2027\" data-end=\"2045\">\u26a0\ufe0f Inconv\u00e9nients<\/h4>\n<ul data-start=\"2046\" data-end=\"2333\">\n<li data-start=\"2046\" data-end=\"2113\">\n<p data-start=\"2048\" data-end=\"2113\">Poids environ 130 g \u2013 on voit dans sa poche qu\u2019il ne s\u2019agit pas d\u2019un EDC ultral\u00e9ger.<\/p>\n<\/li>\n<li data-start=\"2114\" data-end=\"2179\">\n<p data-start=\"2116\" data-end=\"2179\">Le m\u00e9canisme assist\u00e9 n\u00e9cessite un entretien et une lubrification occasionnels.<\/p>\n<\/li>\n<li data-start=\"2180\" data-end=\"2260\">\n<p data-start=\"2182\" data-end=\"2260\">L&rsquo;option personnalis\u00e9e implique des diff\u00e9rences dans les poign\u00e9es : tout le monde ne conviendra pas au m\u00eame style.<\/p>\n<\/li>\n<li data-start=\"2261\" data-end=\"2333\">\n<p data-start=\"2263\" data-end=\"2333\">L&rsquo;acier 154CM, bien que durable, n&rsquo;est pas le haut de gamme actuel (S30V, 20CV).<\/p>\n<\/li>\n<\/ul>\n<hr data-start=\"2335\" data-end=\"2338\">\n<h4 data-start=\"2340\" data-end=\"2364\">\ud83d\udee0\ufe0f Entretien et soins<\/h4>\n<ul data-start=\"2365\" data-end=\"2688\">\n<li data-start=\"2365\" data-end=\"2462\">\n<p data-start=\"2367\" data-end=\"2462\">Essuyez la lame avec un chiffon sec apr\u00e8s chaque utilisation, en particulier apr\u00e8s un contact avec l&rsquo;humidit\u00e9 ou des aliments.<\/p>\n<\/li>\n<li data-start=\"2463\" data-end=\"2545\">\n<p data-start=\"2465\" data-end=\"2545\">Lubrifiez occasionnellement le m\u00e9canisme d\u2019assistance AXIS\u00ae avec une huile l\u00e9g\u00e8re pour assurer son bon fonctionnement.<\/p>\n<\/li>\n<li data-start=\"2546\" data-end=\"2620\">\n<p data-start=\"2548\" data-end=\"2620\">Nettoyez la poign\u00e9e avec une brosse douce pour \u00e9liminer la salet\u00e9 des rainures.<\/p>\n<\/li>\n<li data-start=\"2621\" data-end=\"2688\">\n<p data-start=\"2623\" data-end=\"2688\">Aff\u00fbtez la lame avec un syst\u00e8me de qualit\u00e9 \u2013 id\u00e9alement avec des tiges en c\u00e9ramique.<\/p>\n<\/li>\n<\/ul>\n<p data-start=\"2690\" data-end=\"2915\">\ud83d\udc49 Pour conserver le tranchant, nous recommandons <a class=\"decorated-link cursor-pointer\" target=\"_new\" rel=\"noopener\" data-start=\"2724\" data-end=\"2813\">le syst\u00e8me d&rsquo;aff\u00fbtage complet Spyderco Tri-Angle Sharpmaker 204MF<\/a><\/p>\n<h4 data-start=\"2922\" data-end=\"2946\">\ud83c\udfaf Recommand\u00e9 pour<\/h4>\n<ul data-start=\"2947\" data-end=\"3213\">\n<li data-start=\"2947\" data-end=\"3006\">\n<p data-start=\"2949\" data-end=\"3006\">Les passionn\u00e9s d&rsquo;EDC qui souhaitent un ferme-porte rapide et fiable.<\/p>\n<\/li>\n<li data-start=\"3007\" data-end=\"3068\">\n<p data-start=\"3009\" data-end=\"3068\">Ext\u00e9rieur et randonn\u00e9e \u2013 un couteau capable de r\u00e9sister \u00e0 une manipulation plus brutale.<\/p>\n<\/li>\n<li data-start=\"3069\" data-end=\"3151\">\n<p data-start=\"3071\" data-end=\"3151\">Les professionnels qui appr\u00e9cient la combinaison d\u2019acc\u00e8s rapide et de s\u00e9curit\u00e9 du verrou AXIS\u00ae.<\/p>\n<\/li>\n<li data-start=\"3152\" data-end=\"3213\">\n<p data-start=\"3154\" data-end=\"3213\">Les fans de Benchmade qui veulent l&rsquo;\u00e9dition Custom originale.<\/p>\n<\/li>\n<\/ul>\n<hr data-start=\"3215\" data-end=\"3218\">\n<h4 data-start=\"3220\" data-end=\"3248\">\u2b50 Note finale<\/h4>\n<p data-start=\"3249\" data-end=\"3723\"><strong data-start=\"3249\" data-end=\"3292\">Le Benchmade Custom Barrage CU580-SS-154CM<\/strong> est un classique moderne avec la valeur ajout\u00e9e d&rsquo;un design personnalis\u00e9. L&rsquo;acier 154CM offre un \u00e9quilibre id\u00e9al entre durabilit\u00e9 et entretien, l&rsquo;ouverture assist\u00e9e ajoute du dynamisme et l&rsquo;ergonomie assure un confort optimal \u00e0 chaque prise en main. Ce n&rsquo;est pas le couteau le plus l\u00e9ger ni le plus original, mais sa fiabilit\u00e9 et sa qualit\u00e9 en font un incontournable EDC. Si vous recherchez un couteau alliant tradition Benchmade, innovation et style personnalis\u00e9, le Barrage CU580 est le choix id\u00e9al.   <\/p>\n","protected":false},"excerpt":{"rendered":"<div class=\"elementor-element elementor-element-bbb542b elementor-widget elementor-widget-woocommerce-product-short-description\" data-id=\"bbb542b\" data-element_type=\"widget\" data-widget_type=\"woocommerce-product-short-description.default\">\n<div class=\"elementor-widget-container\">\n<div class=\"woocommerce-product-details__short-description\">\n<div class=\"elementor-element elementor-element-bbb542b elementor-widget elementor-widget-woocommerce-product-short-description\" data-id=\"bbb542b\" data-element_type=\"widget\" data-widget_type=\"woocommerce-product-short-description.default\">\n<div class=\"elementor-widget-container\">\n<div class=\"woocommerce-product-details__short-description\">\n<div class=\"elementor-element elementor-element-bbb542b elementor-widget elementor-widget-woocommerce-product-short-description\" data-id=\"bbb542b\" data-element_type=\"widget\" data-widget_type=\"woocommerce-product-short-description.default\">\n<div class=\"elementor-widget-container\">\n<div class=\"woocommerce-product-details__short-description\">\n<div class=\"elementor-element elementor-element-bbb542b elementor-widget elementor-widget-woocommerce-product-short-description\" data-id=\"bbb542b\" data-element_type=\"widget\" data-widget_type=\"woocommerce-product-short-description.default\">\n<div class=\"elementor-widget-container\">\n<div class=\"woocommerce-product-details__short-description\">\n<p><strong>Le Benchmade Custom Barrage CU580-SS-154CM est un classique moderne dot\u00e9 de la valeur ajout\u00e9e d&rsquo;un design personnalis\u00e9. L&rsquo;acier 154CM offre un \u00e9quilibre id\u00e9al entre durabilit\u00e9 et entretien, l&rsquo;ouverture assist\u00e9e ajoute du dynamisme et l&rsquo;ergonomie assure un confort optimal \u00e0 chaque prise en main. <\/strong><\/p>\n<p><strong>Livraison gratuite.<\/strong><\/p>\n<\/div>\n<\/div>\n<\/div>\n<\/div>\n<\/div>\n<\/div>\n<\/div>\n<\/div>\n<\/div>\n<\/div>\n<\/div>\n<\/div>\n","protected":false},"featured_media":424638,"comment_status":"open","ping_status":"closed","template":"","meta":[],"pwb-brand":[3981],"product_brand":[],"product_cat":[3700,3696],"product_tag":[],"class_list":{"0":"post-424653","1":"product","2":"type-product","3":"status-publish","4":"has-post-thumbnail","6":"pwb-brand-banc-de-travail","7":"product_cat-couteaux-de-fermeture","8":"product_cat-des-couteaux","10":"first","11":"instock","12":"taxable","13":"shipping-taxable","14":"purchasable","15":"product-type-simple"},"brands":[{"id":3981,"name":"Banc de travail","slug":"banc-de-travail"}],"_links":{"self":[{"href":"https:\/\/www.moskito.cz\/fr\/wp-json\/wp\/v2\/product\/424653","targetHints":{"allow":["GET"]}}],"collection":[{"href":"https:\/\/www.moskito.cz\/fr\/wp-json\/wp\/v2\/product"}],"about":[{"href":"https:\/\/www.moskito.cz\/fr\/wp-json\/wp\/v2\/types\/product"}],"replies":[{"embeddable":true,"href":"https:\/\/www.moskito.cz\/fr\/wp-json\/wp\/v2\/comments?post=424653"}],"wp:featuredmedia":[{"embeddable":true,"href":"https:\/\/www.moskito.cz\/fr\/wp-json\/wp\/v2\/media\/424638"}],"wp:attachment":[{"href":"https:\/\/www.moskito.cz\/fr\/wp-json\/wp\/v2\/media?parent=424653"}],"wp:term":[{"taxonomy":"pwb-brand","embeddable":true,"href":"https:\/\/www.moskito.cz\/fr\/wp-json\/wp\/v2\/pwb-brand?post=424653"},{"taxonomy":"product_brand","embeddable":true,"href":"https:\/\/www.moskito.cz\/fr\/wp-json\/wp\/v2\/product_brand?post=424653"},{"taxonomy":"product_cat","embeddable":true,"href":"https:\/\/www.moskito.cz\/fr\/wp-json\/wp\/v2\/product_cat?post=424653"},{"taxonomy":"product_tag","embeddable":true,"href":"https:\/\/www.moskito.cz\/fr\/wp-json\/wp\/v2\/product_tag?post=424653"}],"curies":[{"name":"wp","href":"https:\/\/api.w.org\/{rel}","templated":true}]}}