{"id":424819,"date":"2025-09-26T10:28:21","date_gmt":"2025-09-26T09:28:21","guid":{"rendered":"https:\/\/www.moskito.cz\/produkt\/couteau-pliant-benchmade-custom-mini-barrage-cu585-ss-154cm-2\/"},"modified":"2025-09-26T10:48:37","modified_gmt":"2025-09-26T09:48:37","slug":"couteau-pliant-benchmade-custom-mini-barrage-cu585-ss-154cm-2","status":"publish","type":"product","link":"https:\/\/www.moskito.cz\/fr\/produkt\/couteau-pliant-benchmade-custom-mini-barrage-cu585-ss-154cm-2\/","title":{"rendered":"Couteau pliant Benchmade Custom Mini-Barrage CU585-SS-154CM"},"content":{"rendered":"<h3 data-start=\"0\" data-end=\"48\">Mini-barrage personnalis\u00e9 Benchmade CU585-SS-154CM<\/h3>\n<h4 data-start=\"50\" data-end=\"79\">Introduction historico-po\u00e9tique<\/h4>\n<p data-start=\"81\" data-end=\"425\">Lorsque Benchmade a lanc\u00e9 le Barrage en 2009, il a r\u00e9volutionn\u00e9 le design des couteaux pliants. Associant le l\u00e9gendaire m\u00e9canisme <strong data-start=\"232\" data-end=\"246\">AXIS\u00ae Lock<\/strong> \u00e0 une ouverture assist\u00e9e, il offrait vitesse, fiabilit\u00e9 et s\u00e9curit\u00e9. Le designer <strong data-start=\"343\" data-end=\"361\">Warren Osborne<\/strong> a cr\u00e9\u00e9 un couteau devenu synonyme d&rsquo;outils EDC de qualit\u00e9.  <\/p>\n<p data-start=\"427\" data-end=\"817\">Le mod\u00e8le <strong data-start=\"433\" data-end=\"449\">Mini-Barrage<\/strong> offre une version compacte de ce succ\u00e8s. Avec une lame d&rsquo;environ 74 mm (2,91 pouces), il est id\u00e9al au quotidien sans encombrer inutilement votre poche. L&rsquo;\u00e9dition personnalis\u00e9e <strong data-start=\"619\" data-end=\"637\">CU585-SS-154CM<\/strong> excelle non seulement par ses performances, mais aussi par son esth\u00e9tique&nbsp;: sa lame en acier inoxydable 154CM \u00e0 finition satin\u00e9e et son manche en G-10 ou en Micarta lui conf\u00e8rent une allure et une sensation uniques en main.  <\/p>\n<hr data-start=\"819\" data-end=\"822\">\n<h4 data-start=\"824\" data-end=\"853\">\ud83d\udd27 Sp\u00e9cifications techniques<\/h4>\n<ul data-start=\"855\" data-end=\"1283\">\n<li data-start=\"855\" data-end=\"895\">\n<p data-start=\"857\" data-end=\"895\"><strong data-start=\"857\" data-end=\"886\">Longueur totale (ouvert) :<\/strong> ~ 175 mm<\/p>\n<\/li>\n<li data-start=\"896\" data-end=\"923\">\n<p data-start=\"898\" data-end=\"923\"><strong data-start=\"898\" data-end=\"915\">Longueur de la lame :<\/strong> ~ 74 mm<\/p>\n<\/li>\n<li data-start=\"924\" data-end=\"955\">\n<p data-start=\"926\" data-end=\"955\"><strong data-start=\"926\" data-end=\"946\">\u00c9paisseur de la lame :<\/strong> ~ 2,5 mm<\/p>\n<\/li>\n<li data-start=\"956\" data-end=\"1005\">\n<p data-start=\"958\" data-end=\"1005\"><strong data-start=\"958\" data-end=\"978\">Mat\u00e9riau de la lame :<\/strong> 154CM (acier inoxydable, USA)<\/p>\n<\/li>\n<li data-start=\"1006\" data-end=\"1042\">\n<p data-start=\"1008\" data-end=\"1042\"><strong data-start=\"1008\" data-end=\"1026\">Surface de la lame :<\/strong> finition satin\u00e9e<\/p>\n<\/li>\n<li data-start=\"1043\" data-end=\"1072\">\n<p data-start=\"1045\" data-end=\"1072\"><strong data-start=\"1045\" data-end=\"1061\">Forme de la lame :<\/strong> Drop-Point<\/p>\n<\/li>\n<li data-start=\"1073\" data-end=\"1130\">\n<p data-start=\"1075\" data-end=\"1130\"><strong data-start=\"1075\" data-end=\"1097\">Mat\u00e9riau du manche :<\/strong> Variante personnalis\u00e9e \u2013 G-10 \/ Micarta<\/p>\n<\/li>\n<li data-start=\"1131\" data-end=\"1186\">\n<p data-start=\"1133\" data-end=\"1186\"><strong data-start=\"1133\" data-end=\"1150\">Type de verrouillage :<\/strong> AXIS\u00ae Assist (ouverture assist\u00e9e)<\/p>\n<\/li>\n<li data-start=\"1187\" data-end=\"1235\">\n<p data-start=\"1189\" data-end=\"1235\"><strong data-start=\"1189\" data-end=\"1206\">Clip de poche :<\/strong> Acier, double face, pointe vers le haut<\/p>\n<\/li>\n<li data-start=\"1236\" data-end=\"1260\">\n<p data-start=\"1238\" data-end=\"1260\"><strong data-start=\"1238\" data-end=\"1251\">Poids :<\/strong> environ 85 g<\/p>\n<\/li>\n<li data-start=\"1261\" data-end=\"1283\">\n<p data-start=\"1263\" data-end=\"1283\"><strong data-start=\"1263\" data-end=\"1279\">Pays de fabrication :<\/strong> \u00c9tats-Unis<\/p>\n<\/li>\n<\/ul>\n<hr data-start=\"1285\" data-end=\"1288\">\n<h4 data-start=\"1290\" data-end=\"1303\">\u2705 Avantages<\/h4>\n<ul data-start=\"1305\" data-end=\"1744\">\n<li data-start=\"1305\" data-end=\"1384\">\n<p data-start=\"1307\" data-end=\"1384\"><strong data-start=\"1307\" data-end=\"1329\">Dimensions compactes :<\/strong> Id\u00e9al pour un transport quotidien sans encombrement inutile.<\/p>\n<\/li>\n<li data-start=\"1385\" data-end=\"1469\">\n<p data-start=\"1387\" data-end=\"1469\"><strong data-start=\"1387\" data-end=\"1402\">Acier 154CM :<\/strong> Bonne r\u00e9sistance \u00e0 la corrosion, entretien facile et excellente tenue des bords.<\/p>\n<\/li>\n<li data-start=\"1470\" data-end=\"1531\">\n<p data-start=\"1472\" data-end=\"1531\"><strong data-start=\"1472\" data-end=\"1491\">Lame satin\u00e9e :<\/strong> aspect \u00e9l\u00e9gant avec un minimum d&rsquo;\u00e9blouissement.<\/p>\n<\/li>\n<li data-start=\"1532\" data-end=\"1611\">\n<p data-start=\"1534\" data-end=\"1611\"><strong data-start=\"1534\" data-end=\"1553\">Manche personnalis\u00e9 :<\/strong> Choix de G-10 et Micarta selon vos pr\u00e9f\u00e9rences personnelles.<\/p>\n<\/li>\n<li data-start=\"1612\" data-end=\"1688\">\n<p data-start=\"1614\" data-end=\"1688\"><strong data-start=\"1614\" data-end=\"1629\">AXIS\u00ae Lock :<\/strong> M\u00e9canisme fiable et rapide pour une ouverture double face.<\/p>\n<\/li>\n<li data-start=\"1689\" data-end=\"1744\">\n<p data-start=\"1691\" data-end=\"1744\"><strong data-start=\"1691\" data-end=\"1705\">Ergonomie :<\/strong> Prise en main confortable m\u00eame en utilisation prolong\u00e9e.<\/p>\n<\/li>\n<\/ul>\n<hr data-start=\"1746\" data-end=\"1749\">\n<h4 data-start=\"1751\" data-end=\"1767\">\u26a0\ufe0f Inconv\u00e9nients<\/h4>\n<ul data-start=\"1769\" data-end=\"2062\">\n<li data-start=\"1769\" data-end=\"1884\">\n<p data-start=\"1771\" data-end=\"1884\"><strong data-start=\"1771\" data-end=\"1784\">Poids :<\/strong> Bien que plus l\u00e9ger que le Barrage standard, il peut n\u00e9anmoins \u00eatre consid\u00e9r\u00e9 comme plus lourd pour certains utilisateurs.<\/p>\n<\/li>\n<li data-start=\"1885\" data-end=\"1992\">\n<p data-start=\"1887\" data-end=\"1992\"><strong data-start=\"1887\" data-end=\"1909\">Entretien du m\u00e9canisme :<\/strong> L&rsquo;ouverture assist\u00e9e n\u00e9cessite un entretien et une lubrification r\u00e9guliers pour un fonctionnement optimal.<\/p>\n<\/li>\n<li data-start=\"1993\" data-end=\"2062\">\n<p data-start=\"1995\" data-end=\"2062\"><strong data-start=\"1995\" data-end=\"2004\">Prix \u200b\u200b:<\/strong> Les \u00e9ditions personnalis\u00e9es peuvent avoir un prix plus \u00e9lev\u00e9 que les mod\u00e8les standard.<\/p>\n<\/li>\n<\/ul>\n<hr data-start=\"2064\" data-end=\"2067\">\n<h4 data-start=\"2069\" data-end=\"2091\">\ud83d\udee0\ufe0f Entretien et soins<\/h4>\n<ul data-start=\"2093\" data-end=\"2432\">\n<li data-start=\"2093\" data-end=\"2201\">\n<p data-start=\"2095\" data-end=\"2201\"><strong data-start=\"2095\" data-end=\"2107\">Propret\u00e9 :<\/strong> Essuyer la lame avec un chiffon sec apr\u00e8s chaque utilisation, notamment apr\u00e8s contact avec l&rsquo;humidit\u00e9 ou des aliments.<\/p>\n<\/li>\n<li data-start=\"2202\" data-end=\"2274\">\n<p data-start=\"2204\" data-end=\"2274\"><strong data-start=\"2204\" data-end=\"2220\">M\u00e9canisme :<\/strong> Lubrifier de temps en temps avec une huile l\u00e9g\u00e8re pour assurer son bon fonctionnement.<\/p>\n<\/li>\n<li data-start=\"2275\" data-end=\"2352\">\n<p data-start=\"2277\" data-end=\"2352\"><strong data-start=\"2277\" data-end=\"2289\">Manche :<\/strong> Nettoyer avec une brosse douce pour enlever la salet\u00e9 des rainures.<\/p>\n<\/li>\n<li data-start=\"2353\" data-end=\"2432\">\n<p data-start=\"2355\" data-end=\"2432\"><strong data-start=\"2355\" data-end=\"2368\">Aff\u00fbtage :<\/strong> Aff\u00fbter la lame avec un syst\u00e8me de qualit\u00e9 \u2013 id\u00e9alement avec des barres en c\u00e9ramique.<\/p>\n<\/li>\n<\/ul>\n<p data-start=\"2434\" data-end=\"2530\">\ud83d\udc49 Pour conserver le tranchant, nous recommandons le syst\u00e8me d&rsquo;aff\u00fbtage complet Spyderco Tri-Angle Sharpmaker 204MF<\/p>\n<hr data-start=\"2532\" data-end=\"2535\">\n<h4 data-start=\"2537\" data-end=\"2559\">\ud83c\udfaf Recommand\u00e9 pour<\/h4>\n<ul data-start=\"2561\" data-end=\"2900\">\n<li data-start=\"2561\" data-end=\"2645\">\n<p data-start=\"2563\" data-end=\"2645\"><strong data-start=\"2563\" data-end=\"2580\">Passionn\u00e9s d&rsquo;EDC :<\/strong> qui recherchent un couteau compact mais puissant pour un usage quotidien.<\/p>\n<\/li>\n<li data-start=\"2646\" data-end=\"2731\">\n<p data-start=\"2648\" data-end=\"2731\"><strong data-start=\"2648\" data-end=\"2672\">Plein air et randonn\u00e9e :<\/strong> Un couteau qui r\u00e9siste aux manipulations brutales et qui ne prend pas beaucoup de place.<\/p>\n<\/li>\n<li data-start=\"2732\" data-end=\"2816\">\n<p data-start=\"2734\" data-end=\"2816\"><strong data-start=\"2734\" data-end=\"2751\">Professionnels :<\/strong> qui appr\u00e9cient la combinaison d\u2019acc\u00e8s rapide et de s\u00e9curit\u00e9 du verrou AXIS\u00ae.<\/p>\n<\/li>\n<li data-start=\"2817\" data-end=\"2900\">\n<p data-start=\"2819\" data-end=\"2900\"><strong data-start=\"2819\" data-end=\"2842\">Fans de Benchmade :<\/strong> qui veulent une \u00e9dition Custom originale avec un look distinctif.<\/p>\n<\/li>\n<\/ul>\n<hr data-start=\"2902\" data-end=\"2905\">\n<h4 data-start=\"2907\" data-end=\"2933\">\u2b50 Note finale<\/h4>\n<p data-start=\"2935\" data-end=\"3256\"><strong data-start=\"2935\" data-end=\"2983\">Le Benchmade Custom Mini-Barrage CU585-SS-154CM<\/strong> est le choix id\u00e9al pour ceux qui recherchent un couteau de qualit\u00e9, compact et performant. Il allie la tradition de la marque Benchmade, une technologie innovante et l&rsquo;esth\u00e9tique d&rsquo;un design sur mesure. Si vous recherchez un couteau qui ne vous laissera pas tomber en toutes circonstances, le Mini-Barrage est fait pour vous.  <\/p>\n","protected":false},"excerpt":{"rendered":"<div class=\"elementor-element elementor-element-bbb542b elementor-widget elementor-widget-woocommerce-product-short-description\" data-id=\"bbb542b\" data-element_type=\"widget\" data-widget_type=\"woocommerce-product-short-description.default\">\n<div class=\"elementor-widget-container\">\n<div class=\"woocommerce-product-details__short-description\">\n<p><strong>Le Benchmade Custom Mini-Barrage CU585-SS-154CM est le choix id\u00e9al pour ceux qui recherchent un couteau de qualit\u00e9, compact et performant. Il allie la tradition de la marque Benchmade, une technologie innovante et l&rsquo;esth\u00e9tique d&rsquo;un design sur mesure. Si vous recherchez un couteau qui ne vous laissera pas tomber en toutes circonstances, le Mini-Barrage est fait pour vous.  <\/strong><\/p>\n<p><strong>Livraison gratuite.<\/strong><\/p>\n<\/div>\n<\/div>\n<\/div>\n","protected":false},"featured_media":424771,"comment_status":"open","ping_status":"closed","template":"","meta":[],"pwb-brand":[3981],"product_brand":[],"product_cat":[3700,3696],"product_tag":[],"class_list":{"0":"post-424819","1":"product","2":"type-product","3":"status-publish","4":"has-post-thumbnail","6":"pwb-brand-banc-de-travail","7":"product_cat-couteaux-de-fermeture","8":"product_cat-des-couteaux","10":"first","11":"instock","12":"taxable","13":"shipping-taxable","14":"purchasable","15":"product-type-simple"},"brands":[{"id":3981,"name":"Banc de travail","slug":"banc-de-travail"}],"_links":{"self":[{"href":"https:\/\/www.moskito.cz\/fr\/wp-json\/wp\/v2\/product\/424819","targetHints":{"allow":["GET"]}}],"collection":[{"href":"https:\/\/www.moskito.cz\/fr\/wp-json\/wp\/v2\/product"}],"about":[{"href":"https:\/\/www.moskito.cz\/fr\/wp-json\/wp\/v2\/types\/product"}],"replies":[{"embeddable":true,"href":"https:\/\/www.moskito.cz\/fr\/wp-json\/wp\/v2\/comments?post=424819"}],"wp:featuredmedia":[{"embeddable":true,"href":"https:\/\/www.moskito.cz\/fr\/wp-json\/wp\/v2\/media\/424771"}],"wp:attachment":[{"href":"https:\/\/www.moskito.cz\/fr\/wp-json\/wp\/v2\/media?parent=424819"}],"wp:term":[{"taxonomy":"pwb-brand","embeddable":true,"href":"https:\/\/www.moskito.cz\/fr\/wp-json\/wp\/v2\/pwb-brand?post=424819"},{"taxonomy":"product_brand","embeddable":true,"href":"https:\/\/www.moskito.cz\/fr\/wp-json\/wp\/v2\/product_brand?post=424819"},{"taxonomy":"product_cat","embeddable":true,"href":"https:\/\/www.moskito.cz\/fr\/wp-json\/wp\/v2\/product_cat?post=424819"},{"taxonomy":"product_tag","embeddable":true,"href":"https:\/\/www.moskito.cz\/fr\/wp-json\/wp\/v2\/product_tag?post=424819"}],"curies":[{"name":"wp","href":"https:\/\/api.w.org\/{rel}","templated":true}]}}