{"id":425063,"date":"2024-09-26T12:57:27","date_gmt":"2024-09-26T11:57:27","guid":{"rendered":"https:\/\/www.moskito.cz\/produkt\/noeud-papillon-boker-plus-balisong-tactical-small-06ex004\/"},"modified":"2025-09-29T10:18:30","modified_gmt":"2025-09-29T09:18:30","slug":"noeud-papillon-boker-plus-balisong-tactical-small-06ex004","status":"publish","type":"product","link":"https:\/\/www.moskito.cz\/fr\/produkt\/noeud-papillon-boker-plus-balisong-tactical-small-06ex004\/","title":{"rendered":"N\u0153ud papillon B\u00f6ker Plus Balisong Tactical Small 06EX004"},"content":{"rendered":"<p>Noeud papillon <strong>B\u00f6ker Plus<\/strong> Balisong Tactical Small 06EX004.<\/p>\n<p>Le Boker Plus Balisong Tactical Small, compact, est \u00e9quip\u00e9 d&rsquo;un manche en G10 textur\u00e9. La lame, en acier 440C, est dot\u00e9e d&rsquo;un \u00e9mouture composite sophistiqu\u00e9e. Une fois ferm\u00e9e, elle est enti\u00e8rement enrob\u00e9e par les deux parties du manche. Pour l&rsquo;ouvrir, un simple mouvement du poignet suffit.   <\/p>\n<p>Longueur totale : 19,60 cm<br \/>\n Longueur de la lame : 8,80 cm<br \/>\n \u00c9paisseur de la lame : 2,50 mm<br \/>\n Poids : 87,00 g<br \/>\n Mat\u00e9riau de la lame : 440C<br \/>\n Mat\u00e9riau du manche : G10<br \/>\n Ouverture : Manuelle<br \/>\n Type de serrure : Balisong<br \/>\n Couleur : Noir<br \/>\n Num\u00e9ro d&rsquo;article : 06EX004<\/p>\n<p>&nbsp;<\/p>\n","protected":false},"excerpt":{"rendered":"<p><strong>Noeud papillon classique.<\/strong><\/p>\n","protected":false},"featured_media":364528,"comment_status":"closed","ping_status":"closed","template":"","meta":[],"pwb-brand":[3799],"product_brand":[],"product_cat":[3696,4026],"product_tag":[],"class_list":{"0":"post-425063","1":"product","2":"type-product","3":"status-publish","4":"has-post-thumbnail","6":"pwb-brand-boker-fr","7":"product_cat-des-couteaux","8":"product_cat-noeuds-papillon","10":"first","11":"outofstock","12":"taxable","13":"shipping-taxable","14":"purchasable","15":"product-type-simple"},"brands":[{"id":3799,"name":"Boker","slug":"boker-fr"}],"_links":{"self":[{"href":"https:\/\/www.moskito.cz\/fr\/wp-json\/wp\/v2\/product\/425063","targetHints":{"allow":["GET"]}}],"collection":[{"href":"https:\/\/www.moskito.cz\/fr\/wp-json\/wp\/v2\/product"}],"about":[{"href":"https:\/\/www.moskito.cz\/fr\/wp-json\/wp\/v2\/types\/product"}],"replies":[{"embeddable":true,"href":"https:\/\/www.moskito.cz\/fr\/wp-json\/wp\/v2\/comments?post=425063"}],"wp:featuredmedia":[{"embeddable":true,"href":"https:\/\/www.moskito.cz\/fr\/wp-json\/wp\/v2\/media\/364528"}],"wp:attachment":[{"href":"https:\/\/www.moskito.cz\/fr\/wp-json\/wp\/v2\/media?parent=425063"}],"wp:term":[{"taxonomy":"pwb-brand","embeddable":true,"href":"https:\/\/www.moskito.cz\/fr\/wp-json\/wp\/v2\/pwb-brand?post=425063"},{"taxonomy":"product_brand","embeddable":true,"href":"https:\/\/www.moskito.cz\/fr\/wp-json\/wp\/v2\/product_brand?post=425063"},{"taxonomy":"product_cat","embeddable":true,"href":"https:\/\/www.moskito.cz\/fr\/wp-json\/wp\/v2\/product_cat?post=425063"},{"taxonomy":"product_tag","embeddable":true,"href":"https:\/\/www.moskito.cz\/fr\/wp-json\/wp\/v2\/product_tag?post=425063"}],"curies":[{"name":"wp","href":"https:\/\/api.w.org\/{rel}","templated":true}]}}