{"id":425101,"date":"2025-09-29T14:47:48","date_gmt":"2025-09-29T13:47:48","guid":{"rendered":"https:\/\/www.moskito.cz\/produkt\/couteau-pliant-medford-prae-slim-flipper-s35vn\/"},"modified":"2025-09-30T08:19:50","modified_gmt":"2025-09-30T07:19:50","slug":"couteau-pliant-medford-prae-slim-flipper-s35vn","status":"publish","type":"product","link":"https:\/\/www.moskito.cz\/fr\/produkt\/couteau-pliant-medford-prae-slim-flipper-s35vn\/","title":{"rendered":"Couteau pliant Medford Prae Slim Flipper S35VN"},"content":{"rendered":"<p>D\u00e8s la premi\u00e8re prise en main du Medford Prae Slim Flipper, vous savez imm\u00e9diatement que vous tenez entre vos mains un couteau synonyme de pr\u00e9cision am\u00e9ricaine et d&rsquo;\u00e9l\u00e9gance robuste. Ce mod\u00e8le en acier S35VN, dot\u00e9 d&rsquo;un manche en titane (FIM), d&rsquo;un m\u00e9canisme \u00e0 ressort et d&rsquo;accessoires en bronze, allie parfaitement fonctionnalit\u00e9, esth\u00e9tique et luxe dans un design compact. Ce Slim Flipper d\u00e9montre que Medford sait allier l\u00e9g\u00e8ret\u00e9 et rapidit\u00e9 \u00e0 la robustesse et \u00e0 la durabilit\u00e9.  <\/p>\n<p>Le Prae Slim Flipper est con\u00e7u pour \u00eatre rapide, pr\u00e9cis et fiable \u2013 id\u00e9al au quotidien et pour les situations exigeant un outil de pr\u00e9cision. Chaque d\u00e9tail est soign\u00e9&nbsp;: de la conception du m\u00e9canisme du flipper \u00e0 la finition du manche, en passant par les \u00e9l\u00e9ments en bronze qui conf\u00e8rent au couteau son caract\u00e8re unique. <\/p>\n<p>Ce couteau n&rsquo;est pas seulement un outil &#8211; c&rsquo;est une expression de go\u00fbt, de force et de d\u00e9termination, ce qui en fait un excellent ajout \u00e0 toute collection et un partenaire fiable dans les d\u00e9fis quotidiens.<\/p>\n<p>\ud83d\udd27 Sp\u00e9cifications techniques<\/p>\n<p>Valeur du param\u00e8tre<br \/>\n Longueur totale (ouvert) environ 20,3 cm (8\u2033)<br \/>\n Longueur de la lame environ 8,9 cm (3,5\u2033)<br \/>\n \u00c9paisseur de la lame environ 0,16\u2033 (~4,1 mm)<br \/>\n Mat\u00e9riau de la lame CPM-S35VN \u2013 acier inoxydable de qualit\u00e9 sup\u00e9rieure, durable et tranchant longue dur\u00e9e<br \/>\n Type de lame Drop point \u2013 polyvalent et pr\u00e9cis<br \/>\n Surface de lame avec finition satin\u00e9e\/tambourin\u00e9e \u2013 aspect durable et attrayant<br \/>\n Manche en titane\/FIM \u2013 l\u00e9ger, robuste, avec une finition \u00e9l\u00e9gante<br \/>\n M\u00e9canisme \u00e0 ressort en bronze \u2013 mouvement de battement fiable et fluide<br \/>\n \u00c9l\u00e9ments de quincaillerie en bronze \u2013 accessoires esth\u00e9tiques et durables<br \/>\n Cadenas Framelock en titane \u2013 robuste et fiable<br \/>\n Poids environ 6,8 oz (\u2248 193 g)<\/p>\n<p data-start=\"1810\" data-end=\"1829\">\u2705 <strong data-start=\"1812\" data-end=\"1829\">Principaux avantages<\/strong><\/p>\n<ul data-start=\"1831\" data-end=\"2224\">\n<li data-start=\"1831\" data-end=\"1913\">\n<p data-start=\"1833\" data-end=\"1913\">Acier S35VN de qualit\u00e9 sup\u00e9rieure : tranchant durable, r\u00e9sistance \u00e0 la corrosion et \u00e0 l&rsquo;usure.<\/p>\n<\/li>\n<li data-start=\"1914\" data-end=\"1989\">\n<p data-start=\"1916\" data-end=\"1989\">Manche en titane : l\u00e9ger, haute r\u00e9sistance et finition FIM pr\u00e9cise.<\/p>\n<\/li>\n<li data-start=\"1990\" data-end=\"2060\">\n<p data-start=\"1992\" data-end=\"2060\">M\u00e9canisme flipper \u00e9l\u00e9gant : ouverture rapide avec un fonctionnement en douceur.<\/p>\n<\/li>\n<li data-start=\"2061\" data-end=\"2138\">\n<p data-start=\"2063\" data-end=\"2138\">\u00c9l\u00e9ments en bronze : visuellement attrayants et durables \u2013 ils soulignent le caract\u00e8re du couteau.<\/p>\n<\/li>\n<li data-start=\"2139\" data-end=\"2224\">\n<p data-start=\"2141\" data-end=\"2224\">Compact et rapide : id\u00e9al pour l&rsquo;EDC, tout en conservant une qualit\u00e9 am\u00e9ricaine robuste.<\/p>\n<\/li>\n<\/ul>\n<p data-start=\"2226\" data-end=\"2246\">\u26a0\ufe0f <strong data-start=\"2229\" data-end=\"2246\">Restrictions possibles<\/strong><\/p>\n<ul data-start=\"2248\" data-end=\"2504\">\n<li data-start=\"2248\" data-end=\"2329\">\n<p data-start=\"2250\" data-end=\"2329\">Prix \u200b\u200bplus \u00e9lev\u00e9 : les mat\u00e9riaux haut de gamme et la fabrication de pr\u00e9cision se refl\u00e8tent dans le prix d&rsquo;achat.<\/p>\n<\/li>\n<li data-start=\"2330\" data-end=\"2419\">\n<p data-start=\"2332\" data-end=\"2419\">Pas pour une utilisation intensive : Slim Flipper est l\u00e9ger et rapide, pas aussi massif que Praetorian.<\/p>\n<\/li>\n<li data-start=\"2420\" data-end=\"2504\">\n<p data-start=\"2422\" data-end=\"2504\">Il n\u00e9cessite un entretien plus d\u00e9licat : les \u00e9l\u00e9ments en bronze doivent \u00eatre prot\u00e9g\u00e9s de l&rsquo;abrasion excessive.<\/p>\n<\/li>\n<\/ul>\n<hr data-start=\"2506\" data-end=\"2509\">\n<p data-start=\"2511\" data-end=\"2532\">\ud83d\udee0\ufe0f <strong data-start=\"2515\" data-end=\"2532\">Entretien et soins<\/strong><\/p>\n<ul data-start=\"2534\" data-end=\"2924\">\n<li data-start=\"2534\" data-end=\"2600\">\n<p data-start=\"2536\" data-end=\"2600\">Essuyez la lame avec un chiffon sec pour la garder propre et brillante.<\/p>\n<\/li>\n<li data-start=\"2601\" data-end=\"2668\">\n<p data-start=\"2603\" data-end=\"2668\">Lubrifiez r\u00e9guli\u00e8rement le m\u00e9canisme du flipper et le verrou avec de l&rsquo;huile de qualit\u00e9.<\/p>\n<\/li>\n<li data-start=\"2669\" data-end=\"2749\">\n<p data-start=\"2671\" data-end=\"2749\">Le manche en titane doit simplement \u00eatre nettoy\u00e9 &#8211; le traitement FIM prot\u00e8ge contre les dommages mineurs.<\/p>\n<\/li>\n<li data-start=\"2750\" data-end=\"2924\">\n<p data-start=\"2752\" data-end=\"2924\">Pour l&rsquo;entretien des lames, nous recommandons <strong data-start=\"2782\" data-end=\"2848\">le syst\u00e8me d&rsquo;aff\u00fbtage complet Spyderco Tri-Angle Sharpmaker 204MF<\/strong> &#8211; fiable m\u00eame pour les aciers modernes durs. \ud83d\uded2 Vous pouvez acheter facilement sur Moskito.cz. <\/p>\n<\/li>\n<\/ul>\n<hr data-start=\"2926\" data-end=\"2929\">\n<p data-start=\"2931\" data-end=\"2952\">\ud83c\udfaf <strong data-start=\"2934\" data-end=\"2952\">Recommand\u00e9 pour<\/strong><\/p>\n<ul data-start=\"2954\" data-end=\"3236\">\n<li data-start=\"2954\" data-end=\"3010\">\n<p data-start=\"2956\" data-end=\"3010\">Amateurs de couteaux EDC l\u00e9gers, rapides mais robustes.<\/p>\n<\/li>\n<li data-start=\"3011\" data-end=\"3087\">\n<p data-start=\"3013\" data-end=\"3087\">Collectionneurs de couteaux am\u00e9ricains \u00e0 l&rsquo;esth\u00e9tique \u00e9l\u00e9gante et \u00e0 la finition pr\u00e9cise.<\/p>\n<\/li>\n<li data-start=\"3088\" data-end=\"3163\">\n<p data-start=\"3090\" data-end=\"3163\">Les utilisateurs \u00e0 la recherche d&rsquo;une combinaison de flipper rapide et de mat\u00e9riaux haut de gamme.<\/p>\n<\/li>\n<li data-start=\"3164\" data-end=\"3236\">\n<p data-start=\"3166\" data-end=\"3236\">Amateurs de designs techniques et modernes avec de beaux d\u00e9tails luxueux.<\/p>\n<\/li>\n<\/ul>\n<hr data-start=\"3238\" data-end=\"3241\">\n<p data-start=\"3243\" data-end=\"3268\">\u2b50 <strong data-start=\"3245\" data-end=\"3268\">Note finale<\/strong><\/p>\n<p data-start=\"3270\" data-end=\"3550\">Le Medford Prae Slim Flipper S35VN allie \u00e0 la perfection vitesse, pr\u00e9cision et robustesse am\u00e9ricaine dans un format compact. Si vous recherchez un couteau l\u00e9ger, rapide et durable, aux finitions soign\u00e9es, ce Slim Flipper ne vous d\u00e9cevra pas et deviendra l&rsquo;un de vos pr\u00e9f\u00e9r\u00e9s. <\/p>\n","protected":false},"excerpt":{"rendered":"<p><strong>Le Medford Prae Slim Flipper S35VN allie \u00e0 la perfection vitesse, pr\u00e9cision et robustesse am\u00e9ricaine dans un format compact. Si vous recherchez un couteau l\u00e9ger, rapide et durable, aux finitions soign\u00e9es, ce Slim Flipper ne vous d\u00e9cevra pas et deviendra l&rsquo;un de vos pr\u00e9f\u00e9r\u00e9s. <\/strong><\/p>\n<p><strong>Livraison gratuite.<\/strong><\/p>\n","protected":false},"featured_media":425085,"comment_status":"open","ping_status":"closed","template":"","meta":[],"pwb-brand":[4020],"product_brand":[],"product_cat":[3700,3696],"product_tag":[],"class_list":{"0":"post-425101","1":"product","2":"type-product","3":"status-publish","4":"has-post-thumbnail","6":"pwb-brand-medford-fr","7":"product_cat-couteaux-de-fermeture","8":"product_cat-des-couteaux","10":"first","11":"instock","12":"taxable","13":"shipping-taxable","14":"purchasable","15":"product-type-simple"},"brands":[{"id":4020,"name":"Medford","slug":"medford-fr"}],"_links":{"self":[{"href":"https:\/\/www.moskito.cz\/fr\/wp-json\/wp\/v2\/product\/425101","targetHints":{"allow":["GET"]}}],"collection":[{"href":"https:\/\/www.moskito.cz\/fr\/wp-json\/wp\/v2\/product"}],"about":[{"href":"https:\/\/www.moskito.cz\/fr\/wp-json\/wp\/v2\/types\/product"}],"replies":[{"embeddable":true,"href":"https:\/\/www.moskito.cz\/fr\/wp-json\/wp\/v2\/comments?post=425101"}],"wp:featuredmedia":[{"embeddable":true,"href":"https:\/\/www.moskito.cz\/fr\/wp-json\/wp\/v2\/media\/425085"}],"wp:attachment":[{"href":"https:\/\/www.moskito.cz\/fr\/wp-json\/wp\/v2\/media?parent=425101"}],"wp:term":[{"taxonomy":"pwb-brand","embeddable":true,"href":"https:\/\/www.moskito.cz\/fr\/wp-json\/wp\/v2\/pwb-brand?post=425101"},{"taxonomy":"product_brand","embeddable":true,"href":"https:\/\/www.moskito.cz\/fr\/wp-json\/wp\/v2\/product_brand?post=425101"},{"taxonomy":"product_cat","embeddable":true,"href":"https:\/\/www.moskito.cz\/fr\/wp-json\/wp\/v2\/product_cat?post=425101"},{"taxonomy":"product_tag","embeddable":true,"href":"https:\/\/www.moskito.cz\/fr\/wp-json\/wp\/v2\/product_tag?post=425101"}],"curies":[{"name":"wp","href":"https:\/\/api.w.org\/{rel}","templated":true}]}}