{"id":425112,"date":"2025-09-29T14:17:42","date_gmt":"2025-09-29T13:17:42","guid":{"rendered":"https:\/\/www.moskito.cz\/produkt\/couteau-pliant-medford-swift-mk206spt-42ab-tpcp-q4\/"},"modified":"2025-09-29T15:01:59","modified_gmt":"2025-09-29T14:01:59","slug":"couteau-pliant-medford-swift-mk206spt-42ab-tpcp-q4","status":"publish","type":"product","link":"https:\/\/www.moskito.cz\/fr\/produkt\/couteau-pliant-medford-swift-mk206spt-42ab-tpcp-q4\/","title":{"rendered":"Couteau pliant Medford Swift MK206SPT-42AB-TPCP-Q4"},"content":{"rendered":"<p data-start=\"127\" data-end=\"518\">En prenant en main le Medford Swift, vous avez imm\u00e9diatement l&rsquo;impression de tenir bien plus qu&rsquo;un simple couteau de poche. Le Swift MK206SPT-42AB-TPCP-Q4 incarne le savoir-faire am\u00e9ricain&nbsp;: un manche en titane, une lame S35VN haut de gamme et un design alliant \u00e9l\u00e9gance agressive et durabilit\u00e9 extr\u00eame. Ce mod\u00e8le noir \u00e0 lame tanto est un v\u00e9ritable bijou, petit mais redoutable, pour un usage quotidien exigeant.  <\/p>\n<p data-start=\"520\" data-end=\"787\">Le Medford Swift a \u00e9t\u00e9 con\u00e7u pour la vitesse, la pr\u00e9cision et la fiabilit\u00e9. Chaque d\u00e9tail, de la lame brute au robuste cadre en titane, a \u00e9t\u00e9 soigneusement \u00e9tudi\u00e9. Il offre un sentiment de s\u00e9curit\u00e9 et de style, ce qui en fait non seulement un outil, mais aussi un ajout distinctif \u00e0 votre collection.  <\/p>\n<p data-start=\"789\" data-end=\"929\">Ce couteau ne convient pas \u00e0 tout le monde. Il exige respect et ma\u00eetrise, mais il vous r\u00e9compense par une fiabilit\u00e9 et une fonctionnalit\u00e9 exceptionnelles, difficiles \u00e0 trouver ailleurs. <\/p>\n<hr data-start=\"931\" data-end=\"934\">\n<p data-start=\"936\" data-end=\"964\">\ud83d\udd27 <strong data-start=\"939\" data-end=\"964\">Sp\u00e9cifications techniques<\/strong><\/p>\n<div class=\"_tableContainer_1rjym_1\">\n<div class=\"group _tableWrapper_1rjym_13 flex w-fit flex-col-reverse\" tabindex=\"-1\">\n<table class=\"w-fit min-w-(--thread-content-width)\" data-start=\"966\" data-end=\"1513\">\n<thead data-start=\"966\" data-end=\"988\">\n<tr data-start=\"966\" data-end=\"988\">\n<th data-start=\"966\" data-end=\"977\" data-col-size=\"sm\">Param\u00e8tre<\/th>\n<th data-start=\"977\" data-end=\"988\" data-col-size=\"md\">Valeur<\/th>\n<\/tr>\n<\/thead>\n<tbody data-start=\"1012\" data-end=\"1513\">\n<tr data-start=\"1012\" data-end=\"1061\">\n<td data-start=\"1012\" data-end=\"1039\" data-col-size=\"sm\">Longueur totale (ouverte)<\/td>\n<td data-start=\"1039\" data-end=\"1061\" data-col-size=\"md\">environ 21 cm (8,5\u2033)<\/td>\n<\/tr>\n<tr data-start=\"1062\" data-end=\"1099\">\n<td data-start=\"1062\" data-end=\"1077\" data-col-size=\"sm\">Longueur de la lame<\/td>\n<td data-start=\"1077\" data-end=\"1099\" data-col-size=\"md\">environ 9 cm (3,85\u2033)<\/td>\n<\/tr>\n<tr data-start=\"1100\" data-end=\"1141\">\n<td data-start=\"1100\" data-end=\"1118\" data-col-size=\"sm\">\u00c9paisseur de la lame<\/td>\n<td data-start=\"1118\" data-end=\"1141\" data-col-size=\"md\">environ 0,18\u2033 (~4,6 mm)<\/td>\n<\/tr>\n<tr data-start=\"1142\" data-end=\"1239\">\n<td data-start=\"1142\" data-end=\"1160\" data-col-size=\"sm\">Mat\u00e9riau de la lame<\/td>\n<td data-start=\"1160\" data-end=\"1239\" data-col-size=\"md\">CPM-S35VN \u2013 acier inoxydable de qualit\u00e9 sup\u00e9rieure, excellente durabilit\u00e9 et bord durable<\/td>\n<\/tr>\n<tr data-start=\"1240\" data-end=\"1290\">\n<td data-start=\"1240\" data-end=\"1253\" data-col-size=\"sm\">Type de lame<\/td>\n<td data-start=\"1253\" data-end=\"1290\" data-col-size=\"md\">Tanto \u2013 pointe agressive et durable<\/td>\n<\/tr>\n<tr data-start=\"1291\" data-end=\"1356\">\n<td data-start=\"1291\" data-end=\"1307\" data-col-size=\"sm\">Surface de la lame<\/td>\n<td data-start=\"1307\" data-end=\"1356\" data-col-size=\"md\">Finition vieillie \u2013 robuste et esth\u00e9tiquement distinctive<\/td>\n<\/tr>\n<tr data-start=\"1357\" data-end=\"1422\">\n<td data-start=\"1357\" data-end=\"1367\" data-col-size=\"sm\">Poign\u00e9e<\/td>\n<td data-start=\"1367\" data-end=\"1422\" data-col-size=\"md\">Cadre en titane (antivol de cadre) \u2013 r\u00e9sistance, faible poids<\/td>\n<\/tr>\n<tr data-start=\"1423\" data-end=\"1477\">\n<td data-start=\"1423\" data-end=\"1431\" data-col-size=\"sm\">Verrouillage<\/td>\n<td data-start=\"1431\" data-end=\"1477\" data-col-size=\"md\">Titanium Framelock \u2013 fiable et robuste<\/td>\n<\/tr>\n<tr data-start=\"1478\" data-end=\"1513\">\n<td data-start=\"1478\" data-end=\"1489\" data-col-size=\"sm\">Poids<\/td>\n<td data-start=\"1489\" data-end=\"1513\" data-col-size=\"md\">environ 8,5 oz (\u2248 241 g)<\/td>\n<\/tr>\n<\/tbody>\n<\/table>\n<\/div>\n<\/div>\n<div class=\"group _tableWrapper_1rjym_13 flex w-fit flex-col-reverse\" tabindex=\"-1\"><\/div>\n<div tabindex=\"-1\">\n<p data-start=\"1520\" data-end=\"1539\">\u2705 <strong data-start=\"1522\" data-end=\"1539\">Principaux avantages<\/strong><\/p>\n<ul data-start=\"1541\" data-end=\"1960\">\n<li data-start=\"1541\" data-end=\"1629\">\n<p data-start=\"1543\" data-end=\"1629\">Acier S35VN de qualit\u00e9 sup\u00e9rieure : r\u00e9sistant \u00e0 l&rsquo;usure, tranchant longue dur\u00e9e et entretien facile.<\/p>\n<\/li>\n<li data-start=\"1630\" data-end=\"1715\">\n<p data-start=\"1632\" data-end=\"1715\">Construction en titane : l\u00e9g\u00e8re mais extr\u00eamement solide &#8211; une sensation de qualit\u00e9 \u00e0 chaque prise.<\/p>\n<\/li>\n<li data-start=\"1716\" data-end=\"1793\">\n<p data-start=\"1718\" data-end=\"1793\">Lame Tanto : id\u00e9ale pour le per\u00e7age et la coupe lourde, r\u00e9sistante \u00e0 la d\u00e9formation.<\/p>\n<\/li>\n<li data-start=\"1794\" data-end=\"1889\">\n<p data-start=\"1796\" data-end=\"1889\">Fabrication am\u00e9ricaine de pr\u00e9cision : chaque pi\u00e8ce finie \u00e0 la main en Arizona, un design avec \u00e2me et caract\u00e8re.<\/p>\n<\/li>\n<li data-start=\"1890\" data-end=\"1960\">\n<p data-start=\"1892\" data-end=\"1960\">Surface polie : esth\u00e9tique et en m\u00eame temps r\u00e9sistante \u00e0 l&rsquo;abrasion.<\/p>\n<\/li>\n<\/ul>\n<p data-start=\"1962\" data-end=\"1982\">\u26a0\ufe0f <strong data-start=\"1965\" data-end=\"1982\">Restrictions possibles<\/strong><\/p>\n<ul data-start=\"1984\" data-end=\"2202\">\n<li data-start=\"1984\" data-end=\"2073\">\n<p data-start=\"1986\" data-end=\"2073\">Poids : plus de 240 g ressentis \u2013 plus adapt\u00e9 aux travaux lourds ou EDC en termes de poids.<\/p>\n<\/li>\n<li data-start=\"2074\" data-end=\"2131\">\n<p data-start=\"2076\" data-end=\"2131\">Prix \u200b\u200b: la qualit\u00e9 sup\u00e9rieure des mat\u00e9riaux et de la fabrication se refl\u00e8te dans l&rsquo;\u00e9tiquette de prix.<\/p>\n<\/li>\n<li data-start=\"2132\" data-end=\"2202\">\n<p data-start=\"2134\" data-end=\"2202\">Design : agressif et technique \u2013 plus un outil qu\u2019un cadeau \u00e9l\u00e9gant.<\/p>\n<\/li>\n<\/ul>\n<hr data-start=\"2204\" data-end=\"2207\">\n<p data-start=\"2209\" data-end=\"2230\">\ud83d\udee0\ufe0f <strong data-start=\"2213\" data-end=\"2230\">Entretien et soins<\/strong><\/p>\n<ul data-start=\"2232\" data-end=\"2616\">\n<li data-start=\"2232\" data-end=\"2305\">\n<p data-start=\"2234\" data-end=\"2305\">Essuyez r\u00e9guli\u00e8rement la lame avec un chiffon sec pour maintenir la surface et le tranchant.<\/p>\n<\/li>\n<li data-start=\"2306\" data-end=\"2375\">\n<p data-start=\"2308\" data-end=\"2375\">Lubrifiez les pi\u00e8ces mobiles cl\u00e9s (serrure, goupille) avec de l&rsquo;huile de qualit\u00e9.<\/p>\n<\/li>\n<li data-start=\"2376\" data-end=\"2444\">\n<p data-start=\"2378\" data-end=\"2444\">La poign\u00e9e en titane est durable, mais prot\u00e8ge la surface des frottements violents.<\/p>\n<\/li>\n<li data-start=\"2445\" data-end=\"2616\">\n<p data-start=\"2447\" data-end=\"2616\">Pour l&rsquo;entretien des lames, nous recommandons <strong data-start=\"2477\" data-end=\"2543\">le syst\u00e8me d&rsquo;aff\u00fbtage complet Spyderco Tri-Angle Sharpmaker 204MF<\/strong> , id\u00e9al m\u00eame pour les aciers modernes durs. \ud83d\uded2 Vous pouvez acheter facilement sur Moskito.cz. <\/p>\n<\/li>\n<\/ul>\n<hr data-start=\"2618\" data-end=\"2621\">\n<p data-start=\"2623\" data-end=\"2644\">\ud83c\udfaf <strong data-start=\"2626\" data-end=\"2644\">Recommand\u00e9 pour<\/strong><\/p>\n<ul data-start=\"2646\" data-end=\"2902\">\n<li data-start=\"2646\" data-end=\"2697\">\n<p data-start=\"2648\" data-end=\"2697\">Fans de couteaux EDC robustes et de fabrication am\u00e9ricaine.<\/p>\n<\/li>\n<li data-start=\"2698\" data-end=\"2765\">\n<p data-start=\"2700\" data-end=\"2765\">Utilisateurs \u00e0 la recherche d&rsquo;un couteau rapide, pr\u00e9cis et durable avec une lame tanto.<\/p>\n<\/li>\n<li data-start=\"2766\" data-end=\"2842\">\n<p data-start=\"2768\" data-end=\"2842\">Collectionneurs qui souhaitent une pi\u00e8ce distinctive mais fonctionnelle pour leur collection.<\/p>\n<\/li>\n<li data-start=\"2843\" data-end=\"2902\">\n<p data-start=\"2845\" data-end=\"2902\">Amateurs de designs techniques au caract\u00e8re agressif.<\/p>\n<\/li>\n<\/ul>\n<hr data-start=\"2904\" data-end=\"2907\">\n<p data-start=\"2909\" data-end=\"2934\">\u2b50 <strong data-start=\"2911\" data-end=\"2934\">Note finale<\/strong><\/p>\n<p data-start=\"2936\" data-end=\"3187\">Le Medford Swift MK206SPT-42AB-TPCP-Q4 allie design et performance \u00e0 la perfection. Ce couteau est \u00e0 la hauteur des t\u00e2ches quotidiennes, des situations difficiles et des moments critiques. Si vous recherchez la pr\u00e9cision am\u00e9ricaine, la durabilit\u00e9 et la robustesse visuelle r\u00e9unies, le Swift est le choix id\u00e9al.  <\/p>\n<hr data-start=\"3189\" data-end=\"3192\">\n<\/div>\n","protected":false},"excerpt":{"rendered":"<p><strong>Le Medford Swift MK206SPT-42AB-TPCP-Q4 allie design et performance \u00e0 la perfection. Ce couteau est \u00e0 la hauteur des t\u00e2ches quotidiennes, des situations difficiles et des moments critiques. Si vous recherchez la pr\u00e9cision am\u00e9ricaine, la durabilit\u00e9 et la robustesse visuelle r\u00e9unies, le Swift est le choix id\u00e9al.  <\/strong><\/p>\n<p><strong>Livraison gratuite.<\/strong><\/p>\n","protected":false},"featured_media":425068,"comment_status":"open","ping_status":"closed","template":"","meta":[],"pwb-brand":[4020],"product_brand":[],"product_cat":[3700,3696],"product_tag":[],"class_list":{"0":"post-425112","1":"product","2":"type-product","3":"status-publish","4":"has-post-thumbnail","6":"pwb-brand-medford-fr","7":"product_cat-couteaux-de-fermeture","8":"product_cat-des-couteaux","10":"first","11":"outofstock","12":"taxable","13":"shipping-taxable","14":"purchasable","15":"product-type-simple"},"brands":[{"id":4020,"name":"Medford","slug":"medford-fr"}],"_links":{"self":[{"href":"https:\/\/www.moskito.cz\/fr\/wp-json\/wp\/v2\/product\/425112","targetHints":{"allow":["GET"]}}],"collection":[{"href":"https:\/\/www.moskito.cz\/fr\/wp-json\/wp\/v2\/product"}],"about":[{"href":"https:\/\/www.moskito.cz\/fr\/wp-json\/wp\/v2\/types\/product"}],"replies":[{"embeddable":true,"href":"https:\/\/www.moskito.cz\/fr\/wp-json\/wp\/v2\/comments?post=425112"}],"wp:featuredmedia":[{"embeddable":true,"href":"https:\/\/www.moskito.cz\/fr\/wp-json\/wp\/v2\/media\/425068"}],"wp:attachment":[{"href":"https:\/\/www.moskito.cz\/fr\/wp-json\/wp\/v2\/media?parent=425112"}],"wp:term":[{"taxonomy":"pwb-brand","embeddable":true,"href":"https:\/\/www.moskito.cz\/fr\/wp-json\/wp\/v2\/pwb-brand?post=425112"},{"taxonomy":"product_brand","embeddable":true,"href":"https:\/\/www.moskito.cz\/fr\/wp-json\/wp\/v2\/product_brand?post=425112"},{"taxonomy":"product_cat","embeddable":true,"href":"https:\/\/www.moskito.cz\/fr\/wp-json\/wp\/v2\/product_cat?post=425112"},{"taxonomy":"product_tag","embeddable":true,"href":"https:\/\/www.moskito.cz\/fr\/wp-json\/wp\/v2\/product_tag?post=425112"}],"curies":[{"name":"wp","href":"https:\/\/api.w.org\/{rel}","templated":true}]}}