{"id":425197,"date":"2025-09-29T15:18:33","date_gmt":"2025-09-29T14:18:33","guid":{"rendered":"https:\/\/www.moskito.cz\/produkt\/couteau-pliant-medford-prae-slim-mkf208std-38a3-tfcf-q4\/"},"modified":"2025-09-30T08:19:35","modified_gmt":"2025-09-30T07:19:35","slug":"couteau-pliant-medford-prae-slim-mkf208std-38a3-tfcf-q4","status":"publish","type":"product","link":"https:\/\/www.moskito.cz\/fr\/produkt\/couteau-pliant-medford-prae-slim-mkf208std-38a3-tfcf-q4\/","title":{"rendered":"Couteau pliant Medford Prae Slim MKF208STD-38A3-TFCF-Q4"},"content":{"rendered":"<p>En choisissant le Medford Prae Slim MKF208STD-38A3-TFCF-Q4, vous savez imm\u00e9diatement que vous tenez entre vos mains un couteau alliant \u00e9l\u00e9gance, rapidit\u00e9 et durabilit\u00e9, dans des proportions parfaites. Ce mod\u00e8le est \u00e9quip\u00e9 d&rsquo;une lame en acier S35VN haut de gamme, d&rsquo;un manche en titane Violet Show Lights et d&rsquo;un clip FLM pratique qui lui conf\u00e8re un look moderne et une fonctionnalit\u00e9 optimale. Le Prae Slim est parfaitement \u00e9quilibr\u00e9&nbsp;: l\u00e9ger, rapide et pourtant robuste, il est id\u00e9al au quotidien et pour ceux qui recherchent un outil de pr\u00e9cision en toute situation.  <\/p>\n<p>Chaque d\u00e9tail de ce couteau a \u00e9t\u00e9 soigneusement \u00e9tudi\u00e9&nbsp;: du m\u00e9canisme sophistiqu\u00e9 du flipper \u00e0 la finition du manche, en passant par le robuste cadre en titane. Le Prae Slim MKF208STD est non seulement un outil, mais aussi un v\u00e9ritable atout design qui s\u00e9duira aussi bien les collectionneurs que les utilisateurs exp\u00e9riment\u00e9s. <\/p>\n<p>Ce couteau est con\u00e7u pour ceux qui veulent un outil rapide et fiable sans compromis &#8211; l\u00e9ger mais solide, \u00e9l\u00e9gant mais pr\u00eat pour un usage quotidien.<\/p>\n<p>\ud83d\udd27 Sp\u00e9cifications techniques<\/p>\n<p>Valeur du param\u00e8tre<br \/>\n Longueur totale (ouvert) environ 20,3 cm (8\u2033)<br \/>\n Longueur de la lame environ 8,9 cm (3,5\u2033)<br \/>\n \u00c9paisseur de la lame environ 0,16\u2033 (~4,1 mm)<br \/>\n Mat\u00e9riau de la lame CPM-S35VN \u2013 acier inoxydable de qualit\u00e9 sup\u00e9rieure, haute durabilit\u00e9 et tranchant longue dur\u00e9e<br \/>\n Type de lame Drop point \u2013 polyvalent et pr\u00e9cis<br \/>\n Surface de lame avec finition satin\u00e9e\/tambourin\u00e9e \u2013 aspect durable et attrayant<br \/>\n Poign\u00e9e Titan TFCF, Violet Show Lights \u2013 l\u00e9g\u00e8re, solide et visuellement frappante<br \/>\n M\u00e9canisme \u00e0 bascule Oui \u2013 ouverture rapide et en douceur<br \/>\n Cadenas Framelock en titane \u2013 fiable et robuste<br \/>\n Clip FLM \u2013 pratique et robuste pour le transport dans votre poche<br \/>\n Poids environ 6,8 oz (\u2248 193 g)<\/p>\n<p data-start=\"1761\" data-end=\"1780\">\u2705 <strong data-start=\"1763\" data-end=\"1780\">Principaux avantages<\/strong><\/p>\n<ul data-start=\"1782\" data-end=\"2184\">\n<li data-start=\"1782\" data-end=\"1854\">\n<p data-start=\"1784\" data-end=\"1854\">Acier S35VN de qualit\u00e9 sup\u00e9rieure : r\u00e9sistant \u00e0 l&rsquo;usure, tranchant longue dur\u00e9e.<\/p>\n<\/li>\n<li data-start=\"1855\" data-end=\"1942\">\n<p data-start=\"1857\" data-end=\"1942\">Manche en titane TFCF : l\u00e9ger, haute r\u00e9sistance et surface visuellement attrayante.<\/p>\n<\/li>\n<li data-start=\"1943\" data-end=\"2017\">\n<p data-start=\"1945\" data-end=\"2017\">M\u00e9canisme flipper \u00e9l\u00e9gant : ouverture rapide, fiable et en douceur.<\/p>\n<\/li>\n<li data-start=\"2018\" data-end=\"2107\">\n<p data-start=\"2020\" data-end=\"2107\">Violet Show Lights : un effet de couleur unique sur le manche qui met en valeur le caract\u00e8re du couteau.<\/p>\n<\/li>\n<li data-start=\"2108\" data-end=\"2184\">\n<p data-start=\"2110\" data-end=\"2184\">Compact et pratique : id\u00e9al pour l&rsquo;EDC, alliant rapidit\u00e9 et durabilit\u00e9.<\/p>\n<\/li>\n<\/ul>\n<p data-start=\"2186\" data-end=\"2206\">\u26a0\ufe0f <strong data-start=\"2189\" data-end=\"2206\">Restrictions possibles<\/strong><\/p>\n<ul data-start=\"2208\" data-end=\"2470\">\n<li data-start=\"2208\" data-end=\"2280\">\n<p data-start=\"2210\" data-end=\"2280\">Prix \u200b\u200b: les mat\u00e9riaux haut de gamme et la fabrication artisanale se refl\u00e8tent dans le prix d&rsquo;achat.<\/p>\n<\/li>\n<li data-start=\"2281\" data-end=\"2387\">\n<p data-start=\"2283\" data-end=\"2387\">Pas pour les travaux intensifs : le Slim Flipper est con\u00e7u pour une utilisation rapide et pr\u00e9cise plut\u00f4t que pour des travaux intensifs.<\/p>\n<\/li>\n<li data-start=\"2388\" data-end=\"2470\">\n<p data-start=\"2390\" data-end=\"2470\">N\u00e9cessite un entretien : la surface du manche et du clip doit \u00eatre prot\u00e9g\u00e9e de toute abrasion excessive.<\/p>\n<\/li>\n<\/ul>\n<hr data-start=\"2472\" data-end=\"2475\">\n<p data-start=\"2477\" data-end=\"2498\">\ud83d\udee0\ufe0f <strong data-start=\"2481\" data-end=\"2498\">Entretien et soins<\/strong><\/p>\n<ul data-start=\"2500\" data-end=\"2944\">\n<li data-start=\"2500\" data-end=\"2573\">\n<p data-start=\"2502\" data-end=\"2573\">Essuyez r\u00e9guli\u00e8rement la lame avec un chiffon sec pour la garder propre et brillante.<\/p>\n<\/li>\n<li data-start=\"2574\" data-end=\"2664\">\n<p data-start=\"2576\" data-end=\"2664\">Lubrifiez le m\u00e9canisme du flipper, le verrou et la goupille avec de l&rsquo;huile de qualit\u00e9 pour une fiabilit\u00e9 \u00e0 long terme.<\/p>\n<\/li>\n<li data-start=\"2665\" data-end=\"2769\">\n<p data-start=\"2667\" data-end=\"2769\">Il suffit de nettoyer le manche en titane et les \u00e9l\u00e9ments color\u00e9s : la surface est durable, mais elle est prot\u00e9g\u00e9e des frottements violents.<\/p>\n<\/li>\n<li data-start=\"2770\" data-end=\"2944\">\n<p data-start=\"2772\" data-end=\"2944\">Pour l&rsquo;entretien des lames, nous recommandons <strong data-start=\"2802\" data-end=\"2868\">le syst\u00e8me d&rsquo;aff\u00fbtage complet Spyderco Tri-Angle Sharpmaker 204MF<\/strong> &#8211; fiable m\u00eame pour les aciers modernes durs. \ud83d\uded2 Vous pouvez acheter facilement sur Moskito.cz. <\/p>\n<\/li>\n<\/ul>\n<hr data-start=\"2946\" data-end=\"2949\">\n<p data-start=\"2951\" data-end=\"2972\">\ud83c\udfaf <strong data-start=\"2954\" data-end=\"2972\">Recommand\u00e9 pour<\/strong><\/p>\n<ul data-start=\"2974\" data-end=\"3249\">\n<li data-start=\"2974\" data-end=\"3031\">\n<p data-start=\"2976\" data-end=\"3031\">Amateurs de couteaux EDC rapides, \u00e9l\u00e9gants et pr\u00e9cis.<\/p>\n<\/li>\n<li data-start=\"3032\" data-end=\"3111\">\n<p data-start=\"3034\" data-end=\"3111\">Collectionneurs de couteaux am\u00e9ricains au design unique et effet manche color\u00e9.<\/p>\n<\/li>\n<li data-start=\"3112\" data-end=\"3184\">\n<p data-start=\"3114\" data-end=\"3184\">Les utilisateurs \u00e0 la recherche d&rsquo;un outil l\u00e9ger mais durable pour un transport quotidien.<\/p>\n<\/li>\n<li data-start=\"3185\" data-end=\"3249\">\n<p data-start=\"3187\" data-end=\"3249\">Amateurs de designs techniques avec une identit\u00e9 visuelle distinctive.<\/p>\n<\/li>\n<\/ul>\n<hr data-start=\"3251\" data-end=\"3254\">\n<p data-start=\"3256\" data-end=\"3281\">\u2b50 <strong data-start=\"3258\" data-end=\"3281\">Note finale<\/strong><\/p>\n<p data-start=\"3283\" data-end=\"3548\">Combinant vitesse, \u00e9l\u00e9gance et pr\u00e9cision de fabrication am\u00e9ricaine, le Medford Prae Slim MKF208STD-38A3-TFCF-Q4 offre une fiabilit\u00e9 quotidienne, un attrait visuel et du caract\u00e8re qui en font un choix id\u00e9al pour les collectionneurs et les utilisateurs exp\u00e9riment\u00e9s. <\/p>\n<hr data-start=\"3550\" data-end=\"3553\">\n<div class=\"_tableContainer_1rjym_1\">\n<div class=\"group _tableWrapper_1rjym_13 flex w-fit flex-col-reverse\" tabindex=\"-1\"><\/div>\n<\/div>\n","protected":false},"excerpt":{"rendered":"<p><strong>Combinant vitesse, \u00e9l\u00e9gance et pr\u00e9cision de fabrication am\u00e9ricaine, le Medford Prae Slim MKF208STD-38A3-TFCF-Q4 offre une fiabilit\u00e9 quotidienne, un attrait visuel et du caract\u00e8re qui en font un choix id\u00e9al pour les collectionneurs et les utilisateurs exp\u00e9riment\u00e9s. <\/strong><\/p>\n<p><strong>Livraison gratuite.<\/strong><\/p>\n","protected":false},"featured_media":425120,"comment_status":"open","ping_status":"closed","template":"","meta":[],"pwb-brand":[4020],"product_brand":[],"product_cat":[3700,3696],"product_tag":[],"class_list":{"0":"post-425197","1":"product","2":"type-product","3":"status-publish","4":"has-post-thumbnail","6":"pwb-brand-medford-fr","7":"product_cat-couteaux-de-fermeture","8":"product_cat-des-couteaux","10":"first","11":"instock","12":"taxable","13":"shipping-taxable","14":"purchasable","15":"product-type-simple"},"brands":[{"id":4020,"name":"Medford","slug":"medford-fr"}],"_links":{"self":[{"href":"https:\/\/www.moskito.cz\/fr\/wp-json\/wp\/v2\/product\/425197","targetHints":{"allow":["GET"]}}],"collection":[{"href":"https:\/\/www.moskito.cz\/fr\/wp-json\/wp\/v2\/product"}],"about":[{"href":"https:\/\/www.moskito.cz\/fr\/wp-json\/wp\/v2\/types\/product"}],"replies":[{"embeddable":true,"href":"https:\/\/www.moskito.cz\/fr\/wp-json\/wp\/v2\/comments?post=425197"}],"wp:featuredmedia":[{"embeddable":true,"href":"https:\/\/www.moskito.cz\/fr\/wp-json\/wp\/v2\/media\/425120"}],"wp:attachment":[{"href":"https:\/\/www.moskito.cz\/fr\/wp-json\/wp\/v2\/media?parent=425197"}],"wp:term":[{"taxonomy":"pwb-brand","embeddable":true,"href":"https:\/\/www.moskito.cz\/fr\/wp-json\/wp\/v2\/pwb-brand?post=425197"},{"taxonomy":"product_brand","embeddable":true,"href":"https:\/\/www.moskito.cz\/fr\/wp-json\/wp\/v2\/product_brand?post=425197"},{"taxonomy":"product_cat","embeddable":true,"href":"https:\/\/www.moskito.cz\/fr\/wp-json\/wp\/v2\/product_cat?post=425197"},{"taxonomy":"product_tag","embeddable":true,"href":"https:\/\/www.moskito.cz\/fr\/wp-json\/wp\/v2\/product_tag?post=425197"}],"curies":[{"name":"wp","href":"https:\/\/api.w.org\/{rel}","templated":true}]}}