{"id":425225,"date":"2025-09-30T10:03:01","date_gmt":"2025-09-30T09:03:01","guid":{"rendered":"https:\/\/www.moskito.cz\/produkt\/couteau-pliant-medford-swift-fl-mkf206std-41tm-tfcf-q4\/"},"modified":"2025-09-30T10:12:40","modified_gmt":"2025-09-30T09:12:40","slug":"couteau-pliant-medford-swift-fl-mkf206std-41tm-tfcf-q4","status":"publish","type":"product","link":"https:\/\/www.moskito.cz\/fr\/produkt\/couteau-pliant-medford-swift-fl-mkf206std-41tm-tfcf-q4\/","title":{"rendered":"Couteau pliant Medford Swift FL MKF206STD-41TM-TFCF-Q4"},"content":{"rendered":"<p>Medford Swift FL MKF206STD-41TM-TFCF-Q4 \u2013 vitesse, puissance et style r\u00e9unis<\/p>\n<p>En choisissant le Medford Swift FL MKF206STD-41TM-TFCF-Q4, vous comprendrez imm\u00e9diatement qu&rsquo;il ne s&rsquo;agit pas d&rsquo;un couteau de poche ordinaire. Ce couteau allie robustesse, durabilit\u00e9 au quotidien et esth\u00e9tique robuste, ce qui en fait un outil exceptionnel. Le nom Swift n&rsquo;est pas un hasard&nbsp;: ce mod\u00e8le a \u00e9t\u00e9 con\u00e7u pour \u00eatre rapide, pr\u00e9cis et fiable, que vous l&rsquo;utilisiez au travail, sur le terrain ou comme outil EDC en ville.  <\/p>\n<p>La base est une lame en acier am\u00e9ricain CPM-S35VN haut de gamme, synonyme de durabilit\u00e9 et de tranchant durable. \u00c0 cela s&rsquo;ajoute un syst\u00e8me Framelock en titane qui maintient la lame en toute s\u00e9curit\u00e9, et un manche en TFCF rouge qui conf\u00e8re au couteau un aspect visuel audacieux. Le Swift FL n&rsquo;est pas seulement un couteau fonctionnel, il exprime la personnalit\u00e9 de son propri\u00e9taire.  <\/p>\n<p>Medford Knife &amp; Tool s&rsquo;est forg\u00e9 au fil des ans une r\u00e9putation de fabricant de couteaux extr\u00eamement robustes, capables de r\u00e9sister l\u00e0 o\u00f9 d&rsquo;autres \u00e9chouent. Le Swift FL transpose cette philosophie en version pliante, offrant les performances d&rsquo;un couteau robuste dans un format EDC pratique. Il est con\u00e7u pour ceux qui recherchent un couteau pr\u00eat \u00e0 tout, tout en conservant un design moderne, une technicit\u00e9 raffin\u00e9e et des mat\u00e9riaux haut de gamme.  <\/p>\n<p>Chaque d\u00e9tail \u2013 des courbes de la lame \u00e0 la finition du manche en passant par le mat\u00e9riel FLM \u2013 est con\u00e7u dans un souci de fonctionnalit\u00e9 et de durabilit\u00e9, faisant du Swift FL un outil qui peut servir non seulement dans les t\u00e2ches quotidiennes mais aussi dans les situations exigeantes o\u00f9 une coupe pr\u00e9cise et fiable est appr\u00e9ci\u00e9e. <\/p>\n<p>\ud83d\udd27 Sp\u00e9cifications techniques<\/p>\n<p>Valeur du param\u00e8tre<br \/>\n Longueur totale (ouvert) environ 21,5 cm (8,5\u2033)<br \/>\n Longueur de la lame environ 9,0 cm (3,55\u2033)<br \/>\n \u00c9paisseur de la lame environ 0,16\u2033 (~4,1 mm)<br \/>\n Mat\u00e9riau de la lame CPM-S35VN \u2013 acier inoxydable de qualit\u00e9 sup\u00e9rieure avec une grande durabilit\u00e9<br \/>\n Type de lame Drop point \u2013 forme universelle pour une large utilisation<br \/>\n Surface de lame polie\/satin\u00e9e \u2013 finition attrayante et durable<br \/>\n Titan TFCF Manche rouge \u2013 solide, l\u00e9ger, color\u00e9<br \/>\n Mat\u00e9riel FLM \u2013 \u00e9l\u00e9ments robustes et pratiques<br \/>\n Cadenas Framelock en titane \u2013 s\u00e9curit\u00e9 maximale<br \/>\n Poids environ 6,9 oz (\u2248 195 g)<\/p>\n<p data-start=\"2318\" data-end=\"2337\">\u2705 <strong data-start=\"2320\" data-end=\"2337\">Principaux avantages<\/strong><\/p>\n<ul data-start=\"2339\" data-end=\"2699\">\n<li data-start=\"2339\" data-end=\"2424\">\n<p data-start=\"2341\" data-end=\"2424\"><strong data-start=\"2341\" data-end=\"2368\">Acier CPM-S35VN de qualit\u00e9 sup\u00e9rieure<\/strong> \u2013 tranchant durable et r\u00e9sistance \u00e0 l\u2019usure.<\/p>\n<\/li>\n<li data-start=\"2425\" data-end=\"2491\">\n<p data-start=\"2427\" data-end=\"2491\"><strong data-start=\"2427\" data-end=\"2449\">Antivol de cadre en titane<\/strong> \u2013 s\u00e9curit\u00e9 et r\u00e9sistance \u00e0 chaque utilisation.<\/p>\n<\/li>\n<li data-start=\"2492\" data-end=\"2555\">\n<p data-start=\"2494\" data-end=\"2555\"><strong data-start=\"2494\" data-end=\"2518\">Manche TFCF rouge<\/strong> \u2013 visuellement frappant, l\u00e9ger et solide.<\/p>\n<\/li>\n<li data-start=\"2556\" data-end=\"2621\">\n<p data-start=\"2558\" data-end=\"2621\"><strong data-start=\"2558\" data-end=\"2574\">Quincaillerie FLM<\/strong> \u2013 pratique, durable et facile \u00e0 entretenir.<\/p>\n<\/li>\n<li data-start=\"2622\" data-end=\"2699\">\n<p data-start=\"2624\" data-end=\"2699\"><strong data-start=\"2624\" data-end=\"2644\">Lame Drop Point<\/strong> \u2013 forme universelle adapt\u00e9e au travail et \u00e0 l&rsquo;EDC.<\/p>\n<\/li>\n<\/ul>\n<hr data-start=\"2701\" data-end=\"2704\">\n<p data-start=\"2706\" data-end=\"2726\">\u26a0\ufe0f <strong data-start=\"2709\" data-end=\"2726\">Restrictions possibles<\/strong><\/p>\n<ul data-start=\"2728\" data-end=\"2993\">\n<li data-start=\"2728\" data-end=\"2808\">\n<p data-start=\"2730\" data-end=\"2808\"><strong data-start=\"2730\" data-end=\"2744\">Prix \u200b\u200bplus \u00e9lev\u00e9<\/strong> \u2013 correspond \u00e0 l\u2019utilisation de mat\u00e9riaux de premi\u00e8re qualit\u00e9 et \u00e0 une production artisanale aux \u00c9tats-Unis.<\/p>\n<\/li>\n<li data-start=\"2809\" data-end=\"2910\">\n<p data-start=\"2811\" data-end=\"2910\"><strong data-start=\"2811\" data-end=\"2855\">Ne convient pas aux travaux \u00e0 effet de levier extr\u00eame ou aux travaux lourds<\/strong> : le Swift est rapide et pr\u00e9cis, il ne remplace pas une machette.<\/p>\n<\/li>\n<li data-start=\"2911\" data-end=\"2993\">\n<p data-start=\"2913\" data-end=\"2993\"><strong data-start=\"2913\" data-end=\"2933\">Manche en titane<\/strong> \u2013 durable, mais sa surface doit \u00eatre prot\u00e9g\u00e9e de l\u2019abrasion.<\/p>\n<\/li>\n<\/ul>\n<hr data-start=\"2995\" data-end=\"2998\">\n<ul data-start=\"3023\" data-end=\"3503\">\n<li data-start=\"3283\" data-end=\"3503\">\n<p data-start=\"3510\" data-end=\"3531\">\ud83c\udfaf <strong data-start=\"3513\" data-end=\"3531\">Recommand\u00e9 pour<\/strong><\/p>\n<ul data-start=\"3533\" data-end=\"3843\">\n<li data-start=\"3533\" data-end=\"3604\">\n<p data-start=\"3535\" data-end=\"3604\">Passionn\u00e9s de volets am\u00e9ricains modernes qui recherchent \u00e0 la fois style et performance.<\/p>\n<\/li>\n<li data-start=\"3605\" data-end=\"3698\">\n<p data-start=\"3607\" data-end=\"3698\">Les collectionneurs qui souhaitent un mod\u00e8le distinctif et haut de gamme avec une poign\u00e9e \u00e0 code couleur pour leur collection.<\/p>\n<\/li>\n<li data-start=\"3699\" data-end=\"3776\">\n<p data-start=\"3701\" data-end=\"3776\">Utilisateurs EDC qui appr\u00e9cient la fiabilit\u00e9 et l&rsquo;acc\u00e8s rapide \u00e0 un outil tranchant.<\/p>\n<\/li>\n<li data-start=\"3777\" data-end=\"3843\">\n<p data-start=\"3779\" data-end=\"3843\">Ceux qui recherchent une combinaison de puissance, d&rsquo;\u00e9l\u00e9gance et de pr\u00e9cision technique.<\/p>\n<\/li>\n<\/ul>\n<hr data-start=\"3845\" data-end=\"3848\">\n<p data-start=\"3850\" data-end=\"3875\">\u2b50 <strong data-start=\"3852\" data-end=\"3875\">Note finale<\/strong><\/p>\n<p data-start=\"3877\" data-end=\"4270\"><strong data-start=\"3877\" data-end=\"3920\">Le Medford Swift FL MKF206STD-41TM-TFCF-Q4<\/strong> est un couteau pliant alliant robustesse, rapidit\u00e9 et esth\u00e9tique. Son acier S35VN haut de gamme, son syst\u00e8me de verrouillage Framelock en titane et son manche rouge offrent une combinaison id\u00e9ale, id\u00e9ale pour les conditions difficiles ou comme objet de collection. Le Swift FL est le choix id\u00e9al pour tous ceux qui recherchent la qualit\u00e9 am\u00e9ricaine, un design unique et des performances fiables dans un seul couteau EDC.  <\/p>\n<hr data-start=\"4272\" data-end=\"4275\">\n<\/li>\n<\/ul>\n","protected":false},"excerpt":{"rendered":"<p><strong>Le Swift FL est le choix \u00e9vident pour tous ceux qui recherchent la qualit\u00e9 am\u00e9ricaine, un design distinctif et des performances fiables dans un seul couteau EDC.<\/strong><\/p>\n<p> <strong>Livraison gratuite.<\/strong><\/p>\n","protected":false},"featured_media":425210,"comment_status":"open","ping_status":"closed","template":"","meta":[],"pwb-brand":[4020],"product_brand":[],"product_cat":[3700,3696],"product_tag":[],"class_list":{"0":"post-425225","1":"product","2":"type-product","3":"status-publish","4":"has-post-thumbnail","6":"pwb-brand-medford-fr","7":"product_cat-couteaux-de-fermeture","8":"product_cat-des-couteaux","10":"first","11":"instock","12":"taxable","13":"shipping-taxable","14":"purchasable","15":"product-type-simple"},"brands":[{"id":4020,"name":"Medford","slug":"medford-fr"}],"_links":{"self":[{"href":"https:\/\/www.moskito.cz\/fr\/wp-json\/wp\/v2\/product\/425225","targetHints":{"allow":["GET"]}}],"collection":[{"href":"https:\/\/www.moskito.cz\/fr\/wp-json\/wp\/v2\/product"}],"about":[{"href":"https:\/\/www.moskito.cz\/fr\/wp-json\/wp\/v2\/types\/product"}],"replies":[{"embeddable":true,"href":"https:\/\/www.moskito.cz\/fr\/wp-json\/wp\/v2\/comments?post=425225"}],"wp:featuredmedia":[{"embeddable":true,"href":"https:\/\/www.moskito.cz\/fr\/wp-json\/wp\/v2\/media\/425210"}],"wp:attachment":[{"href":"https:\/\/www.moskito.cz\/fr\/wp-json\/wp\/v2\/media?parent=425225"}],"wp:term":[{"taxonomy":"pwb-brand","embeddable":true,"href":"https:\/\/www.moskito.cz\/fr\/wp-json\/wp\/v2\/pwb-brand?post=425225"},{"taxonomy":"product_brand","embeddable":true,"href":"https:\/\/www.moskito.cz\/fr\/wp-json\/wp\/v2\/product_brand?post=425225"},{"taxonomy":"product_cat","embeddable":true,"href":"https:\/\/www.moskito.cz\/fr\/wp-json\/wp\/v2\/product_cat?post=425225"},{"taxonomy":"product_tag","embeddable":true,"href":"https:\/\/www.moskito.cz\/fr\/wp-json\/wp\/v2\/product_tag?post=425225"}],"curies":[{"name":"wp","href":"https:\/\/api.w.org\/{rel}","templated":true}]}}