{"id":425270,"date":"2025-09-30T14:05:09","date_gmt":"2025-09-30T13:05:09","guid":{"rendered":"https:\/\/www.moskito.cz\/produkt\/couteau-pliant-medford-micro-praetorian-mk008std-01tm-tfcf-bn\/"},"modified":"2025-10-01T07:46:10","modified_gmt":"2025-10-01T06:46:10","slug":"couteau-pliant-medford-micro-praetorian-mk008std-01tm-tfcf-bn","status":"publish","type":"product","link":"https:\/\/www.moskito.cz\/fr\/produkt\/couteau-pliant-medford-micro-praetorian-mk008std-01tm-tfcf-bn\/","title":{"rendered":"Couteau pliant Medford Micro Praetorian MK008STD-01TM-TFCF-BN"},"content":{"rendered":"<p>Medford Micro Praetorian T MK008STD-01TM-TFCF-BN \u2013 Une puissance compacte dans un format \u00e9l\u00e9gant<\/p>\n<p>D\u00e8s la premi\u00e8re prise en main du Medford Micro Praetorian T MK008STD-01TM-TFCF-BN, vous aurez imm\u00e9diatement l&rsquo;impression d&rsquo;avoir en main un couteau alliant pr\u00e9cision am\u00e9ricaine, robustesse et excellence technique dans un format compact. Ce mod\u00e8le est \u00e9quip\u00e9 d&rsquo;une lame en acier S45VN haut de gamme, d&rsquo;un manche en titane avec finition polie et d&rsquo;une quincaillerie FLM, garantissant non seulement d&rsquo;excellentes performances, mais aussi un bel aspect. La forme Drop Point de la lame lui conf\u00e8re une utilisation universelle et une grande durabilit\u00e9 pour les t\u00e2ches exigeantes.  <\/p>\n<p>Chaque d\u00e9tail de ce couteau \u2013 de la forme de la lame \u00e0 la finition du manche en passant par le mat\u00e9riel \u2013 est m\u00e9ticuleusement con\u00e7u, faisant du Micro Praetorian T non seulement un outil, mais aussi un ajout visuellement frappant \u00e0 la collection pour les collectionneurs et les utilisateurs actifs. <\/p>\n<p>Ce couteau est con\u00e7u pour ceux qui recherchent un outil solide, pr\u00e9cis et fiable &#8211; robuste, \u00e9l\u00e9gant et pourtant durable.<\/p>\n<p>\ud83d\udd27 Sp\u00e9cifications techniques<br \/>\n Valeur du param\u00e8tre<br \/>\n Longueur totale (ouvert) environ 19,5 cm (7,7\u2033)<br \/>\n Longueur de la lame environ 7,4 cm (2,9\u2033)<br \/>\n \u00c9paisseur de la lame environ 0,16\u2033 (~4,1 mm)<br \/>\n Mat\u00e9riau de la lame CPM-S45VN \u2013 acier inoxydable de qualit\u00e9 sup\u00e9rieure, durable et tranchant longue dur\u00e9e<br \/>\n Type de lame Drop Point \u2013 polyvalente et pr\u00e9cise pour les t\u00e2ches quotidiennes et plus exigeantes<br \/>\n Surface de lame avec finition polie \u2013 aspect durable et attrayant<br \/>\n Manche Titan Tumbled \u2013 solide, l\u00e9ger, visuellement attrayant<br \/>\n Quincaillerie FLM \u2013 un accessoire durable et pratique<br \/>\n Cadenas Framelock en titane \u2013 robuste et fiable<br \/>\n Poids environ 5,2 oz (\u2248 147 g)<\/p>\n<h3 data-start=\"2279\" data-end=\"2298\">\u2705 Principaux avantages<\/h3>\n<ul data-start=\"2300\" data-end=\"2705\">\n<li data-start=\"2300\" data-end=\"2374\">\n<p data-start=\"2302\" data-end=\"2374\"><strong data-start=\"2302\" data-end=\"2325\">Acier S45VN de qualit\u00e9 sup\u00e9rieure<\/strong> : r\u00e9sistant \u00e0 l&rsquo;usure, tranchant longue dur\u00e9e.<\/p>\n<\/li>\n<li data-start=\"2375\" data-end=\"2467\">\n<p data-start=\"2377\" data-end=\"2467\"><strong data-start=\"2377\" data-end=\"2405\">Manche en titane poli<\/strong> : l\u00e9ger, haute r\u00e9sistance et surface visuellement attrayante.<\/p>\n<\/li>\n<li data-start=\"2468\" data-end=\"2549\">\n<p data-start=\"2470\" data-end=\"2549\"><strong data-start=\"2470\" data-end=\"2490\">Lame Drop Point<\/strong> : polyvalente et pr\u00e9cise pour les t\u00e2ches quotidiennes et plus exigeantes.<\/p>\n<\/li>\n<li data-start=\"2550\" data-end=\"2627\">\n<p data-start=\"2552\" data-end=\"2627\"><strong data-start=\"2552\" data-end=\"2568\">Quincaillerie FLM<\/strong> : un accessoire pratique et durable qui am\u00e9liore la fonctionnalit\u00e9 du couteau.<\/p>\n<\/li>\n<li data-start=\"2628\" data-end=\"2705\">\n<p data-start=\"2630\" data-end=\"2705\"><strong data-start=\"2630\" data-end=\"2661\">Conception compacte et robuste<\/strong> : id\u00e9ale pour les collectionneurs et les utilisateurs actifs.<\/p>\n<\/li>\n<\/ul>\n<hr data-start=\"2707\" data-end=\"2710\">\n<h3 data-start=\"2712\" data-end=\"2732\">\u26a0\ufe0f Restrictions possibles<\/h3>\n<ul data-start=\"2734\" data-end=\"3009\">\n<li data-start=\"2734\" data-end=\"2815\">\n<p data-start=\"2736\" data-end=\"2815\"><strong data-start=\"2736\" data-end=\"2753\">Prix \u200b\u200bpremium<\/strong> : refl\u00e8te l&rsquo;utilisation de mat\u00e9riaux de premi\u00e8re qualit\u00e9 et un savoir-faire artisanal pr\u00e9cis.<\/p>\n<\/li>\n<li data-start=\"2816\" data-end=\"2918\">\n<p data-start=\"2818\" data-end=\"2918\"><strong data-start=\"2818\" data-end=\"2840\">Ne convient pas aux travaux fins<\/strong> : La lame Drop Point est destin\u00e9e \u00e0 un usage g\u00e9n\u00e9ral et non \u00e0 la coupe fine.<\/p>\n<\/li>\n<li data-start=\"2919\" data-end=\"3009\">\n<p data-start=\"2921\" data-end=\"3009\"><strong data-start=\"2921\" data-end=\"2954\">La surface du manche n\u00e9cessite des soins<\/strong> : prot\u00e9ger le titane et les \u00e9l\u00e9ments de quincaillerie d&rsquo;une abrasion excessive.<\/p>\n<\/li>\n<\/ul>\n<hr data-start=\"3011\" data-end=\"3014\">\n<h3 data-start=\"3016\" data-end=\"3037\">\ud83d\udee0\ufe0f Entretien et soins<\/h3>\n<ul data-start=\"3039\" data-end=\"3448\">\n<li data-start=\"3039\" data-end=\"3110\">\n<p data-start=\"3041\" data-end=\"3110\">Essuyez r\u00e9guli\u00e8rement la lame avec un chiffon sec pour la garder brillante et propre.<\/p>\n<\/li>\n<li data-start=\"3111\" data-end=\"3191\">\n<p data-start=\"3113\" data-end=\"3191\">Lubrifiez les \u00e9l\u00e9ments mat\u00e9riels et verrouillez avec une huile de qualit\u00e9 pour une fiabilit\u00e9 \u00e0 long terme.<\/p>\n<\/li>\n<li data-start=\"3192\" data-end=\"3284\">\n<p data-start=\"3194\" data-end=\"3284\">Le manche en titane doit \u00eatre nettoy\u00e9 d\u00e9licatement : la surface est r\u00e9sistante, mais il faut la prot\u00e9ger des frottements violents.<\/p>\n<\/li>\n<li data-start=\"3285\" data-end=\"3448\">\n<p data-start=\"3287\" data-end=\"3448\">Pour l&rsquo;entretien des lames, nous recommandons le syst\u00e8me d&rsquo;aff\u00fbtage complet Spyderco Tri-Angle Sharpmaker 204MF, id\u00e9al pour les aciers durs modernes. \ud83d\uded2 Achetez facilement sur Moskito.cz. <\/p>\n<\/li>\n<\/ul>\n<hr data-start=\"3450\" data-end=\"3453\">\n<h3 data-start=\"3455\" data-end=\"3476\">\ud83c\udfaf Recommand\u00e9 pour<\/h3>\n<ul data-start=\"3478\" data-end=\"3756\">\n<li data-start=\"3478\" data-end=\"3543\">\n<p data-start=\"3480\" data-end=\"3543\">Amateurs de volets robustes et techniques au design am\u00e9ricain.<\/p>\n<\/li>\n<li data-start=\"3544\" data-end=\"3616\">\n<p data-start=\"3546\" data-end=\"3616\">Collectionneurs qui souhaitent un mod\u00e8le distinctif et haut de gamme avec une lame polyvalente.<\/p>\n<\/li>\n<li data-start=\"3617\" data-end=\"3691\">\n<p data-start=\"3619\" data-end=\"3691\">Les utilisateurs \u00e0 la recherche d&rsquo;une combinaison de puissance, de fiabilit\u00e9 et de construction de pr\u00e9cision.<\/p>\n<\/li>\n<li data-start=\"3692\" data-end=\"3756\">\n<p data-start=\"3694\" data-end=\"3756\">Amateurs de designs modernes, techniques et dot\u00e9s d&rsquo;une identit\u00e9 visuelle.<\/p>\n<\/li>\n<\/ul>\n<hr data-start=\"3758\" data-end=\"3761\">\n<h3 data-start=\"3763\" data-end=\"3788\">\u2b50 Note finale<\/h3>\n<p data-start=\"3790\" data-end=\"4125\">Le Medford Micro Praetorian T MK008STD-01TM-TFCF-BN allie puissance, pr\u00e9cision et qualit\u00e9 am\u00e9ricaine dans un format compact. Ce couteau offre fiabilit\u00e9, robustesse et caract\u00e8re, autant d&rsquo;atouts qui s\u00e9duiront collectionneurs et utilisateurs actifs. Si vous recherchez un outil robuste, pr\u00e9cis et durable, dot\u00e9 d&rsquo;une lame polyvalente, le Micro Praetorian T est le choix id\u00e9al.  <\/p>\n<div class=\"_tableContainer_1rjym_1\">\n<div class=\"group _tableWrapper_1rjym_13 flex w-fit flex-col-reverse\" tabindex=\"-1\"><\/div>\n<\/div>\n","protected":false},"excerpt":{"rendered":"<p><strong>Si vous recherchez un outil robuste, pr\u00e9cis et durable avec une lame universelle, le Micro Praetorian T est le choix \u00e9vident.<\/strong><\/p>\n<p> <strong>Livraison gratuite.<\/strong><\/p>\n","protected":false},"featured_media":425253,"comment_status":"open","ping_status":"closed","template":"","meta":[],"pwb-brand":[4020],"product_brand":[],"product_cat":[3700,3696],"product_tag":[],"class_list":{"0":"post-425270","1":"product","2":"type-product","3":"status-publish","4":"has-post-thumbnail","6":"pwb-brand-medford-fr","7":"product_cat-couteaux-de-fermeture","8":"product_cat-des-couteaux","10":"first","11":"outofstock","12":"taxable","13":"shipping-taxable","14":"purchasable","15":"product-type-simple"},"brands":[{"id":4020,"name":"Medford","slug":"medford-fr"}],"_links":{"self":[{"href":"https:\/\/www.moskito.cz\/fr\/wp-json\/wp\/v2\/product\/425270","targetHints":{"allow":["GET"]}}],"collection":[{"href":"https:\/\/www.moskito.cz\/fr\/wp-json\/wp\/v2\/product"}],"about":[{"href":"https:\/\/www.moskito.cz\/fr\/wp-json\/wp\/v2\/types\/product"}],"replies":[{"embeddable":true,"href":"https:\/\/www.moskito.cz\/fr\/wp-json\/wp\/v2\/comments?post=425270"}],"wp:featuredmedia":[{"embeddable":true,"href":"https:\/\/www.moskito.cz\/fr\/wp-json\/wp\/v2\/media\/425253"}],"wp:attachment":[{"href":"https:\/\/www.moskito.cz\/fr\/wp-json\/wp\/v2\/media?parent=425270"}],"wp:term":[{"taxonomy":"pwb-brand","embeddable":true,"href":"https:\/\/www.moskito.cz\/fr\/wp-json\/wp\/v2\/pwb-brand?post=425270"},{"taxonomy":"product_brand","embeddable":true,"href":"https:\/\/www.moskito.cz\/fr\/wp-json\/wp\/v2\/product_brand?post=425270"},{"taxonomy":"product_cat","embeddable":true,"href":"https:\/\/www.moskito.cz\/fr\/wp-json\/wp\/v2\/product_cat?post=425270"},{"taxonomy":"product_tag","embeddable":true,"href":"https:\/\/www.moskito.cz\/fr\/wp-json\/wp\/v2\/product_tag?post=425270"}],"curies":[{"name":"wp","href":"https:\/\/api.w.org\/{rel}","templated":true}]}}