{"id":425325,"date":"2025-10-01T09:06:24","date_gmt":"2025-10-01T08:06:24","guid":{"rendered":"https:\/\/www.moskito.cz\/produkt\/couteau-pliant-medford-slim-midi-mk201spt-30pv-t1c1-bn\/"},"modified":"2025-10-01T09:35:23","modified_gmt":"2025-10-01T08:35:23","slug":"couteau-pliant-medford-slim-midi-mk201spt-30pv-t1c1-bn","status":"publish","type":"product","link":"https:\/\/www.moskito.cz\/fr\/produkt\/couteau-pliant-medford-slim-midi-mk201spt-30pv-t1c1-bn\/","title":{"rendered":"Couteau pliant Medford Slim Midi MK201SPT-30PV-T1C1-BN"},"content":{"rendered":"<p>Medford Slim Midi MK201SPT-30PV-T1C1-BN \u2013 L&rsquo;\u00e9l\u00e9gance dans un profil mince avec toute la puissance<\/p>\n<p>Le Medford Slim Midi MK201SPT-30PV-T1C1-BN illustre parfaitement comment un couteau pliant peut allier subtilit\u00e9 et durabilit\u00e9 sans compromis. Ce mod\u00e8le allie le design embl\u00e9matique de Medford \u00e0 un profil plus fin, le rendant confortable \u00e0 porter au quotidien sans perdre sa robustesse l\u00e9gendaire. <\/p>\n<p>La lame est fabriqu\u00e9e en acier inoxydable am\u00e9ricain CPM-S35VN de premi\u00e8re qualit\u00e9, avec rev\u00eatement PVD pour une r\u00e9sistance exceptionnelle \u00e0 l&rsquo;usure et une excellente tenue du tranchant. Le manche en titane finition bronze, avec ses ferrures PVD et son prot\u00e8ge-doigts, conf\u00e8re au couteau une robustesse visuelle et une ergonomie parfaite. La forme de la lame Tanto souligne son caract\u00e8re tactique et offre une p\u00e9n\u00e9tration maximale, m\u00eame dans les conditions les plus difficiles.  <\/p>\n<p>Le Slim Midi est un couteau pour ceux qui veulent transporter dans leur poche un v\u00e9ritable morceau de pr\u00e9cision de coutellerie am\u00e9ricaine \u2013 plus l\u00e9ger, plus \u00e9l\u00e9gant, mais toujours implacablement solide.<\/p>\n<p>\ud83d\udd27 Sp\u00e9cifications techniques<br \/>\n Valeur du param\u00e8tre<br \/>\n Longueur totale (ouvert) environ 21,6 cm (8,5\u2033)<br \/>\n Longueur de la lame environ 9,5 cm (3,75\u2033)<br \/>\n \u00c9paisseur de la lame environ 0,125\u2033 (~3,2 mm)<br \/>\n Mat\u00e9riau de la lame CPM-S35VN \u2013 acier inoxydable de qualit\u00e9 sup\u00e9rieure, une excellente combinaison de robustesse et de durabilit\u00e9<br \/>\n Type de lame Tanto \u2013 p\u00e9n\u00e9tration maximale, r\u00e9sistance de la pointe<br \/>\n Surface de lame PVD \u2013 aspect \u00e9l\u00e9gant, durable et discret<br \/>\n Manche en titane \u2013 finition bronze, l\u00e9ger et extr\u00eamement r\u00e9sistant<br \/>\n Quincaillerie PVD \u2013 r\u00e9sistante aux dommages, am\u00e9liore l&rsquo;aspect haut de gamme<br \/>\n Cadenas Framelock en titane \u2013 robuste et fiable<br \/>\n Poids environ 136 g (4,8 oz)<\/p>\n<h2 data-start=\"1725\" data-end=\"1743\">\u2705 Principaux avantages<\/h2>\n<ul data-start=\"1745\" data-end=\"2199\">\n<li data-start=\"1745\" data-end=\"1853\">\n<p data-start=\"1747\" data-end=\"1853\"><strong data-start=\"1747\" data-end=\"1774\">Acier CPM-S35VN de qualit\u00e9 sup\u00e9rieure<\/strong> \u2013 excellente r\u00e9tention des bords, robustesse et aff\u00fbtage plus facile que le S90V\/S110V.<\/p>\n<\/li>\n<li data-start=\"1854\" data-end=\"1933\">\n<p data-start=\"1856\" data-end=\"1933\"><strong data-start=\"1856\" data-end=\"1894\">Manche en titane finition bronze<\/strong> \u2013 \u00e9l\u00e9gant, l\u00e9ger, extr\u00eamement durable.<\/p>\n<\/li>\n<li data-start=\"1934\" data-end=\"2026\">\n<p data-start=\"1936\" data-end=\"2026\"><strong data-start=\"1936\" data-end=\"1967\">Quincaillerie PVD et prot\u00e8ge-doigts<\/strong> \u2013 fonctionnels, visuellement attrayants et augmentent la dur\u00e9e de vie du couteau.<\/p>\n<\/li>\n<li data-start=\"2027\" data-end=\"2106\">\n<p data-start=\"2029\" data-end=\"2106\"><strong data-start=\"2029\" data-end=\"2044\">Lame Tanto<\/strong> \u2013 id\u00e9ale pour les t\u00e2ches p\u00e9n\u00e9trantes et exigeantes, de nature tactique.<\/p>\n<\/li>\n<li data-start=\"2107\" data-end=\"2199\">\n<p data-start=\"2109\" data-end=\"2199\"><strong data-start=\"2109\" data-end=\"2129\">Profil plus fin<\/strong> \u2013 s&rsquo;adapte mieux \u00e0 votre poche, tout en conservant la robustesse de Medford.<\/p>\n<\/li>\n<\/ul>\n<hr data-start=\"2201\" data-end=\"2204\">\n<h2 data-start=\"2206\" data-end=\"2225\">\u26a0\ufe0f Restrictions possibles<\/h2>\n<ul data-start=\"2227\" data-end=\"2485\">\n<li data-start=\"2227\" data-end=\"2301\">\n<p data-start=\"2229\" data-end=\"2301\"><strong data-start=\"2229\" data-end=\"2243\">Prix \u200b\u200bplus \u00e9lev\u00e9<\/strong> \u2013 correspond \u00e0 la production am\u00e9ricaine artisanale et aux mat\u00e9riaux utilis\u00e9s.<\/p>\n<\/li>\n<li data-start=\"2302\" data-end=\"2403\">\n<p data-start=\"2304\" data-end=\"2403\"><strong data-start=\"2304\" data-end=\"2319\">Lame Tanto<\/strong> \u2013 id\u00e9ale pour les op\u00e9rations de per\u00e7age et les utilisations tactiques, moins adapt\u00e9e \u00e0 la cuisine et aux coupes fines.<\/p>\n<\/li>\n<li data-start=\"2404\" data-end=\"2485\">\n<p data-start=\"2406\" data-end=\"2485\"><strong data-start=\"2406\" data-end=\"2426\">Manche en titane<\/strong> \u2013 durable, mais peut se rayer plus facilement, n\u00e9cessite des soins.<\/p>\n<\/li>\n<\/ul>\n<hr data-start=\"2487\" data-end=\"2490\">\n<h2 data-start=\"2492\" data-end=\"2512\">\ud83d\udee0\ufe0f Entretien et soins<\/h2>\n<ul data-start=\"2514\" data-end=\"2932\">\n<li data-start=\"2514\" data-end=\"2577\">\n<p data-start=\"2516\" data-end=\"2577\">Apr\u00e8s utilisation, essuyez la lame avec un chiffon sec et gardez-la propre.<\/p>\n<\/li>\n<li data-start=\"2578\" data-end=\"2636\">\n<p data-start=\"2580\" data-end=\"2636\">Lubrifiez r\u00e9guli\u00e8rement l&rsquo;articulation et le verrouillage du couteau avec de l&rsquo;huile de bonne qualit\u00e9.<\/p>\n<\/li>\n<li data-start=\"2637\" data-end=\"2707\">\n<p data-start=\"2639\" data-end=\"2707\">Nettoyez le manche en titane avec un chiffon doux, prot\u00e9gez-le des frottements violents.<\/p>\n<\/li>\n<li data-start=\"2708\" data-end=\"2932\">\n<p data-start=\"2710\" data-end=\"2932\">Pour conserver le tranchant, nous recommandons <strong data-start=\"2741\" data-end=\"2834\"><br \/>\n  <a class=\"decorated-link\" href=\"https:\/\/www.moskito.cz\/fr\/\" target=\"_new\" rel=\"noopener\" data-start=\"2743\" data-end=\"2832\">le syst\u00e8me d&rsquo;aff\u00fbtage complet Spyderco Tri-Angle Sharpmaker 204MF<\/a><br \/>\n<\/strong><\/p>\n<\/li>\n<li data-start=\"2708\" data-end=\"2932\">\n<h2 data-start=\"2939\" data-end=\"2959\">\ud83c\udfaf Recommand\u00e9 pour<\/h2>\n<ul data-start=\"2961\" data-end=\"3216\">\n<li data-start=\"2961\" data-end=\"3027\">\n<p data-start=\"2963\" data-end=\"3027\">Les utilisateurs qui souhaitent un appareil plus fin, mais toujours robuste.<\/p>\n<\/li>\n<li data-start=\"3028\" data-end=\"3093\">\n<p data-start=\"3030\" data-end=\"3093\">Fans de design tactique moderne avec un fort charisme.<\/p>\n<\/li>\n<li data-start=\"3094\" data-end=\"3153\">\n<p data-start=\"3096\" data-end=\"3153\">Collectionneurs \u00e0 la recherche d&rsquo;un mod\u00e8le premium aux origines am\u00e9ricaines.<\/p>\n<\/li>\n<li data-start=\"3154\" data-end=\"3216\">\n<p data-start=\"3156\" data-end=\"3216\">V\u00eatements de tous les jours mettant l&rsquo;accent sur la performance, la durabilit\u00e9 et l&rsquo;\u00e9l\u00e9gance.<\/p>\n<\/li>\n<\/ul>\n<hr data-start=\"3218\" data-end=\"3221\">\n<h2 data-start=\"3223\" data-end=\"3247\">\u2b50 Note finale<\/h2>\n<p data-start=\"3249\" data-end=\"3518\"><strong data-start=\"3249\" data-end=\"3292\">Le Medford Slim Midi MK201SPT-30PV-T1C1-BN<\/strong> incarne l&rsquo;essence m\u00eame de la marque Medford&nbsp;: la robustesse, la pr\u00e9cision et la durabilit\u00e9 am\u00e9ricaines, cette fois dans un design plus \u00e9l\u00e9gant et plus pratique. Gr\u00e2ce \u00e0 sa forme plus fine, il est confortable \u00e0 porter et vous offrira des performances sans compromis au travail. <\/p>\n<p data-start=\"3520\" data-end=\"3700\">Si vous recherchez un couteau qui allie <strong data-start=\"3558\" data-end=\"3658\">le caract\u00e8re tactique d&rsquo;une lame Tanto, l&rsquo;\u00e9l\u00e9gance d&rsquo;un manche en titane et la fiabilit\u00e9 d&rsquo;une fabrication am\u00e9ricaine artisanale<\/strong> , le Slim Midi est un choix qui ne vous d\u00e9cevra pas.<\/p>\n<\/li>\n<\/ul>\n<div class=\"_tableContainer_1rjym_1\">\n<div class=\"group _tableWrapper_1rjym_13 flex w-fit flex-col-reverse\" tabindex=\"-1\"><\/div>\n<\/div>\n","protected":false},"excerpt":{"rendered":"<p><strong>Si vous recherchez un couteau qui allie le caract\u00e8re tactique d&rsquo;une lame Tanto, l&rsquo;\u00e9l\u00e9gance d&rsquo;un manche en titane et la fiabilit\u00e9 d&rsquo;une fabrication am\u00e9ricaine artisanale, le Slim Midi est un choix qui ne vous d\u00e9cevra pas.<\/strong><\/p>\n<p> <strong>Livraison gratuite.<\/strong><\/p>\n","protected":false},"featured_media":425280,"comment_status":"open","ping_status":"closed","template":"","meta":[],"pwb-brand":[4020],"product_brand":[],"product_cat":[3700,3696],"product_tag":[],"class_list":{"0":"post-425325","1":"product","2":"type-product","3":"status-publish","4":"has-post-thumbnail","6":"pwb-brand-medford-fr","7":"product_cat-couteaux-de-fermeture","8":"product_cat-des-couteaux","10":"first","11":"instock","12":"taxable","13":"shipping-taxable","14":"purchasable","15":"product-type-simple"},"brands":[{"id":4020,"name":"Medford","slug":"medford-fr"}],"_links":{"self":[{"href":"https:\/\/www.moskito.cz\/fr\/wp-json\/wp\/v2\/product\/425325","targetHints":{"allow":["GET"]}}],"collection":[{"href":"https:\/\/www.moskito.cz\/fr\/wp-json\/wp\/v2\/product"}],"about":[{"href":"https:\/\/www.moskito.cz\/fr\/wp-json\/wp\/v2\/types\/product"}],"replies":[{"embeddable":true,"href":"https:\/\/www.moskito.cz\/fr\/wp-json\/wp\/v2\/comments?post=425325"}],"wp:featuredmedia":[{"embeddable":true,"href":"https:\/\/www.moskito.cz\/fr\/wp-json\/wp\/v2\/media\/425280"}],"wp:attachment":[{"href":"https:\/\/www.moskito.cz\/fr\/wp-json\/wp\/v2\/media?parent=425325"}],"wp:term":[{"taxonomy":"pwb-brand","embeddable":true,"href":"https:\/\/www.moskito.cz\/fr\/wp-json\/wp\/v2\/pwb-brand?post=425325"},{"taxonomy":"product_brand","embeddable":true,"href":"https:\/\/www.moskito.cz\/fr\/wp-json\/wp\/v2\/product_brand?post=425325"},{"taxonomy":"product_cat","embeddable":true,"href":"https:\/\/www.moskito.cz\/fr\/wp-json\/wp\/v2\/product_cat?post=425325"},{"taxonomy":"product_tag","embeddable":true,"href":"https:\/\/www.moskito.cz\/fr\/wp-json\/wp\/v2\/product_tag?post=425325"}],"curies":[{"name":"wp","href":"https:\/\/api.w.org\/{rel}","templated":true}]}}