{"id":425447,"date":"2021-05-27T21:38:38","date_gmt":"2021-05-27T20:38:38","guid":{"rendered":"https:\/\/www.moskito.cz\/produkt\/epee-de-samourai-boker-magnum-bejuno-katana-05sc638\/"},"modified":"2025-10-01T14:48:07","modified_gmt":"2025-10-01T13:48:07","slug":"epee-de-samourai-boker-magnum-bejuno-katana-05sc638","status":"publish","type":"product","link":"https:\/\/www.moskito.cz\/fr\/produkt\/epee-de-samourai-boker-magnum-bejuno-katana-05sc638\/","title":{"rendered":"\u00c9p\u00e9e de samoura\u00ef B\u00f6ker Magnum BEJUNO KATANA 05SC638"},"content":{"rendered":"<p>\u00c9p\u00e9e de samoura\u00ef B\u00f6ker Magnum BEJUNO KATANA 05SC638.<\/p>\n<p>Le Magnum Bejuno est un katana de haute qualit\u00e9 qui fascine par ses riches et harmonieuses d\u00e9corations. Le Tsuka-Ito et le Sageo, les rev\u00eatements de la poign\u00e9e et du fourreau, sont d&rsquo;un beige doux. La Tsuba est noire, dor\u00e9e et argent\u00e9e. La laque d\u00e9corative dor\u00e9e du fourreau noir apporte une touche d&rsquo;\u00e9l\u00e9gance. La lame forg\u00e9e et aff\u00fbt\u00e9e en acier au carbone 1060 inoxydable garantit l&rsquo;\u00e9lasticit\u00e9 requise aux chocs et \u00e0 la rupture. Elle est dot\u00e9e d&rsquo;une rainure traditionnelle et d&rsquo;une ligne de duret\u00e9 indiqu\u00e9e, appel\u00e9e hamon.      <\/p>\n<p>&nbsp;<\/p>\n<p>Longueur totale : 100 cm<br \/>\n Longueur de la lame : 72 cm<br \/>\n \u00c9paisseur de la lame : 7,08 mm<br \/>\n Poids : 1003 g<br \/>\n Mat\u00e9riau de la lame : acier au carbone<br \/>\n Mat\u00e9riau du manche : Bois<br \/>\n Couleur : marron<br \/>\n Couleur de la lame : Non rev\u00eatue<\/p>\n","protected":false},"excerpt":{"rendered":"<p><strong>Le Magnum Bejuno est un katana de haute qualit\u00e9 qui fascine par sa d\u00e9coration harmonieuse et riche.<\/strong><\/p>\n","protected":false},"featured_media":425448,"comment_status":"open","ping_status":"closed","template":"","meta":[],"pwb-brand":[3799],"product_brand":[],"product_cat":[3888,3889],"product_tag":[],"class_list":{"0":"post-425447","1":"product","2":"type-product","3":"status-publish","4":"has-post-thumbnail","6":"pwb-brand-boker-fr","7":"product_cat-katanas-et-epees","8":"product_cat-epees-poignards-repliques","10":"first","11":"outofstock","12":"taxable","13":"shipping-taxable","14":"purchasable","15":"product-type-simple"},"brands":[{"id":3799,"name":"Boker","slug":"boker-fr"}],"_links":{"self":[{"href":"https:\/\/www.moskito.cz\/fr\/wp-json\/wp\/v2\/product\/425447","targetHints":{"allow":["GET"]}}],"collection":[{"href":"https:\/\/www.moskito.cz\/fr\/wp-json\/wp\/v2\/product"}],"about":[{"href":"https:\/\/www.moskito.cz\/fr\/wp-json\/wp\/v2\/types\/product"}],"replies":[{"embeddable":true,"href":"https:\/\/www.moskito.cz\/fr\/wp-json\/wp\/v2\/comments?post=425447"}],"wp:featuredmedia":[{"embeddable":true,"href":"https:\/\/www.moskito.cz\/fr\/wp-json\/wp\/v2\/media\/425448"}],"wp:attachment":[{"href":"https:\/\/www.moskito.cz\/fr\/wp-json\/wp\/v2\/media?parent=425447"}],"wp:term":[{"taxonomy":"pwb-brand","embeddable":true,"href":"https:\/\/www.moskito.cz\/fr\/wp-json\/wp\/v2\/pwb-brand?post=425447"},{"taxonomy":"product_brand","embeddable":true,"href":"https:\/\/www.moskito.cz\/fr\/wp-json\/wp\/v2\/product_brand?post=425447"},{"taxonomy":"product_cat","embeddable":true,"href":"https:\/\/www.moskito.cz\/fr\/wp-json\/wp\/v2\/product_cat?post=425447"},{"taxonomy":"product_tag","embeddable":true,"href":"https:\/\/www.moskito.cz\/fr\/wp-json\/wp\/v2\/product_tag?post=425447"}],"curies":[{"name":"wp","href":"https:\/\/api.w.org\/{rel}","templated":true}]}}