{"id":425653,"date":"2025-04-01T10:36:17","date_gmt":"2025-04-01T09:36:17","guid":{"rendered":"https:\/\/www.moskito.cz\/produkt\/couteau-pliant-medford-midi-marauder\/"},"modified":"2025-10-03T07:37:52","modified_gmt":"2025-10-03T06:37:52","slug":"couteau-pliant-medford-midi-marauder","status":"publish","type":"product","link":"https:\/\/www.moskito.cz\/fr\/produkt\/couteau-pliant-medford-midi-marauder\/","title":{"rendered":"Couteau pliant Medford Midi Marauder"},"content":{"rendered":"<h3 data-pm-slice=\"1 1 []\"><strong>Couteau pliant Medford Midi Marauder \u2013 Puissance compacte et durabilit\u00e9 invincible&nbsp;!<\/strong><\/h3>\n<h4><strong>Description g\u00e9n\u00e9rale :<\/strong><\/h4>\n<p>Le Medford Midi Marauder est <strong>une version compacte du l\u00e9gendaire mod\u00e8le Marauder<\/strong> , offrant la m\u00eame robustesse, mais dans un format plus pratique pour un transport quotidien. Ce couteau allie <strong>une r\u00e9sistance extr\u00eame, un manche en titane et une lame en acier CPM S35VN haut de gamme<\/strong> , ce qui en fait <strong>un outil de travail et un objet de collection id\u00e9al<\/strong> . <strong>Fabriqu\u00e9 aux \u00c9tats-Unis \ud83c\uddfa\ud83c\uddf8<\/strong> , chaque pi\u00e8ce est soumise \u00e0 un traitement manuel et \u00e0 un contr\u00f4le qualit\u00e9 rigoureux. <\/p>\n<p>\ud83d\udd39 <strong>Acier CPM S35VN de qualit\u00e9 sup\u00e9rieure<\/strong> \u2013 excellente r\u00e9sistance \u00e0 l\u2019usure et \u00e0 la corrosion.<br \/>\n \ud83d\udd39 <strong>Manche en titane<\/strong> \u2013 r\u00e9sistance maximale et prise en main confortable.<br \/>\n \ud83d\udd39 <strong>Serrure de s\u00e9curit\u00e9 Framelock robuste<\/strong> &#8211; s\u00e9curit\u00e9 extr\u00eame au travail.<br \/>\n \ud83d\udd39 <strong>M\u00e9canisme d&rsquo;ouverture en douceur<\/strong> &#8211; mouvement pr\u00e9cis pour une ouverture rapide d&rsquo;une seule main.<br \/>\n \ud83d\udd39 <strong>Mod\u00e8le exclusif \u00e0 disponibilit\u00e9 limit\u00e9e<\/strong> &#8211; un couteau tr\u00e8s difficile \u00e0 trouver.<\/p>\n<div>\n<hr>\n<\/div>\n<h3>\u2705 <strong>Sp\u00e9cifications :<\/strong><\/h3>\n<ul data-spread=\"false\">\n<li><strong>Longueur totale :<\/strong> 20 cm<\/li>\n<li><strong>Longueur de la lame :<\/strong> 8,9 cm<\/li>\n<li><strong>\u00c9paisseur de la lame :<\/strong> 0,47 cm \u2013 extr\u00eamement r\u00e9sistante<\/li>\n<li><strong>Acier de lame :<\/strong> <strong>CPM S35VN<\/strong> \u2013 l&rsquo;\u00e9quilibre parfait entre duret\u00e9 et durabilit\u00e9<\/li>\n<li><strong>Forme de lame :<\/strong> <strong>Drop Point<\/strong> \u2013 utilisation universelle pour toutes les situations<\/li>\n<li><strong>Traitement de surface :<\/strong> <strong>PVD \/ Stonewashed \/ Tumbled<\/strong> \u2013 r\u00e9sistant aux rayures<\/li>\n<li><strong>Poign\u00e9e :<\/strong> Titane, de forme ergonomique pour une prise en main confortable<\/li>\n<li><strong>M\u00e9canisme d&rsquo;ouverture :<\/strong> Bouton-poussoir \u2013 op\u00e9ration facile d&rsquo;une seule main<\/li>\n<li><strong>Fuse :<\/strong> <strong>Framelock<\/strong> \u2013 le plus haut niveau de s\u00e9curit\u00e9<\/li>\n<li><strong>Poids :<\/strong> 204 g \u2013 couteau \u00e9quilibr\u00e9 mais durable<\/li>\n<li><strong>Clip :<\/strong> Titane, coupe profonde pour un transport discret<\/li>\n<\/ul>\n<div>\n<hr>\n<\/div>\n<h3>\ud83d\udd25 <strong>Pourquoi choisir Medford Midi Marauder ?<\/strong><\/h3>\n<p>\u2714 <strong>Construction en titane<\/strong> \u2013 l\u00e9g\u00e8re mais incroyablement solide.<br \/>\n\u2714 <strong>Robustesse extr\u00eame<\/strong> \u2013 convient \u00e0 un usage quotidien et aux conditions extr\u00eames.<br \/>\n\u2714 <strong>Verrou de s\u00e9curit\u00e9 Framelock pour une s\u00e9curit\u00e9 maximale pendant l&rsquo;utilisation<\/strong> .<br \/>\n\u2714 <strong>Lame de qualit\u00e9 sup\u00e9rieure en acier CPM S35VN &#8211; longue dur\u00e9e de vie de la lame, haute durabilit\u00e9<\/strong> .<br \/>\n\u2714 <strong>Fabriqu\u00e9 aux USA \ud83c\uddfa\ud83c\uddf8 &#8211; une garantie de fabrication pr\u00e9cise et de qualit\u00e9 sup\u00e9rieure<\/strong> .<br \/>\n\u2714 <strong>Mod\u00e8le exclusif \u00e0 disponibilit\u00e9 limit\u00e9e<\/strong> .<\/p>\n<div>\n<hr>\n<\/div>\n<h3>\ud83d\udde1 <strong>Forme de lame Drop Point \u2013 Choix id\u00e9al pour une utilisation polyvalente<\/strong><\/h3>\n<p>\u2714 <strong>Pointe solide et durable<\/strong> &#8211; adapt\u00e9e aux coupes pr\u00e9cises et aux t\u00e2ches exigeantes.<br \/>\n\u2714 <strong>Courbure de lame lisse<\/strong> \u2013 grande capacit\u00e9 de coupe et contr\u00f4le facile du couteau.<br \/>\n\u2714 <strong>Parfait pour le transport quotidien (EDC), l&rsquo;utilisation en ext\u00e9rieur et tactique<\/strong> .<\/p>\n<div>\n<hr>\n<\/div>\n<h3>\u2694 <strong>Comparaison avec les concurrents :<\/strong><\/h3>\n<table>\n<tbody>\n<tr>\n<th>Mod\u00e8le<\/th>\n<th>Lame en acier<\/th>\n<th>M\u00e9canisme<\/th>\n<th>Traitement de surface<\/th>\n<th>Avantages<\/th>\n<\/tr>\n<tr>\n<td>\n  <strong>Maraudeur du Midi de Medford<\/strong>\n<\/td>\n<td>CPM S35VN<\/td>\n<td>Bouton-poussoir + verrouillage du cadre<\/td>\n<td>PVD\/D\u00e9lav\u00e9 \u00e0 la pierre<\/td>\n<td>R\u00e9sistance extr\u00eame, construction en titane, taille compacte<\/td>\n<\/tr>\n<tr>\n<td>\n  <strong>Chris Reeve Inkosi<\/strong>\n<\/td>\n<td>CPM S45VN<\/td>\n<td>Bouton-poussoir + verrouillage du cadre<\/td>\n<td>D\u00e9lav\u00e9 \u00e0 la pierre<\/td>\n<td>\u00c9l\u00e9gant, moins robuste que Medford<\/td>\n<\/tr>\n<tr>\n<td>\n  <strong>Hinderer XM-18 3,5\u2033<\/strong>\n<\/td>\n<td>CPM 20CV<\/td>\n<td>Flipper + Linerlock<\/td>\n<td>D\u00e9lav\u00e9 \u00e0 la pierre<\/td>\n<td>Excellent acier, mais construction plus l\u00e9g\u00e8re que le Midi Marauder<\/td>\n<\/tr>\n<\/tbody>\n<\/table>\n<div>\n<hr>\n<\/div>\n<h3>\u2705 <strong>Avantages et inconv\u00e9nients<\/strong><\/h3>\n<p>\u2714 <strong>Construction robuste et durable \u2013 id\u00e9ale pour les conditions difficiles<\/strong> .<br \/>\n\u2714 <strong>Manche en titane \u2013 r\u00e9sistance exceptionnelle tout en maintenant un faible poids<\/strong> .<br \/>\n\u2714 <strong>M\u00e9canisme d\u2019ouverture en douceur \u2013 ouverture rapide d\u2019une seule main<\/strong> .<br \/>\n\u2714 <strong>Acier CPM S35VN de qualit\u00e9 sup\u00e9rieure \u2013 excellente durabilit\u00e9 de la lame et r\u00e9sistance \u00e0 la corrosion<\/strong> .<br \/>\n\u2714 <strong>Mod\u00e8le exclusif \u2013 difficile \u00e0 trouver, objet de collection<\/strong> .<br \/>\n\u274c <strong>Prix plus \u00e9lev\u00e9 correspondant \u00e0 des mat\u00e9riaux haut de gamme et \u00e0 une fabrication artisanale<\/strong> .<br \/>\n\u274c <strong>Les dimensions compactes peuvent ne pas convenir \u00e0 ceux qui recherchent un couteau plus grand<\/strong> .<\/p>\n<div>\n<hr>\n<\/div>\n<h3>\ud83c\udf81 <strong>Raisons d&rsquo;acheter maintenant<\/strong><\/h3>\n<p>\u2705 <strong>Livraison gratuite<\/strong> &#8211; pas de frais cach\u00e9s !<br \/>\n\u2705 <strong>Originalit\u00e9 garantie<\/strong> &#8211; 100% authentique Medford issu de la distribution officielle.<br \/>\n\u2705 <strong>Exp\u00e9dition rapide<\/strong> \u2013 les commandes pass\u00e9es avant 14h00 seront exp\u00e9di\u00e9es aujourd&rsquo;hui !<br \/>\n\u2705 <strong>Cadeau avec commande<\/strong> &#8211; une surprise exclusive avec chaque couteau.<\/p>\n<div>\n<hr>\n<\/div>\n<h3>\ud83d\udea8 <strong>Disponibilit\u00e9 exclusive \u2013 Obtenez ce mod\u00e8le avant qu\u2019il ne soit \u00e9puis\u00e9 !<\/strong><\/h3>\n<p>Le Medford Midi Marauder <strong>est l&rsquo;un des couteaux pliants les plus recherch\u00e9s<\/strong> gr\u00e2ce \u00e0 son <strong>extr\u00eame durabilit\u00e9, ses dimensions compactes et ses mat\u00e9riaux haut de gamme<\/strong> . Ce mod\u00e8le <strong>, peu courant<\/strong> , est <strong>tr\u00e8s pris\u00e9 des collectionneurs et des professionnels<\/strong> . <\/p>\n<p>\ud83d\udd2a <strong>Commandez votre Medford Midi Marauder d\u00e8s aujourd&rsquo;hui et devenez propri\u00e9taire d&rsquo;une pi\u00e8ce d&rsquo;art au couteau unique !<\/strong><\/p>\n","protected":false},"excerpt":{"rendered":"<p><strong>Le Medford Midi Marauder est l&rsquo;un des couteaux pliants les plus recherch\u00e9s gr\u00e2ce \u00e0 son extr\u00eame durabilit\u00e9, ses dimensions compactes et ses mat\u00e9riaux haut de gamme. Ce mod\u00e8le, peu r\u00e9pandu, est tr\u00e8s pris\u00e9 des collectionneurs et des professionnels.<\/strong><\/p>\n<p> <strong>\ud83d\udd2a Commandez votre Medford Midi Marauder d\u00e8s aujourd&rsquo;hui et devenez propri\u00e9taire d&rsquo;une pi\u00e8ce d&rsquo;art au couteau unique !<\/strong><\/p>\n<p> <strong>\ud83d\udce6 Commandez maintenant et obtenez la livraison gratuite \ud83d\ude9a<\/strong><\/p>\n","protected":false},"featured_media":398370,"comment_status":"open","ping_status":"closed","template":"","meta":[],"pwb-brand":[4020],"product_brand":[],"product_cat":[3700],"product_tag":[],"class_list":{"0":"post-425653","1":"product","2":"type-product","3":"status-publish","4":"has-post-thumbnail","6":"pwb-brand-medford-fr","7":"product_cat-couteaux-de-fermeture","9":"first","10":"outofstock","11":"taxable","12":"shipping-taxable","13":"purchasable","14":"product-type-simple"},"brands":[{"id":4020,"name":"Medford","slug":"medford-fr"}],"_links":{"self":[{"href":"https:\/\/www.moskito.cz\/fr\/wp-json\/wp\/v2\/product\/425653","targetHints":{"allow":["GET"]}}],"collection":[{"href":"https:\/\/www.moskito.cz\/fr\/wp-json\/wp\/v2\/product"}],"about":[{"href":"https:\/\/www.moskito.cz\/fr\/wp-json\/wp\/v2\/types\/product"}],"replies":[{"embeddable":true,"href":"https:\/\/www.moskito.cz\/fr\/wp-json\/wp\/v2\/comments?post=425653"}],"wp:featuredmedia":[{"embeddable":true,"href":"https:\/\/www.moskito.cz\/fr\/wp-json\/wp\/v2\/media\/398370"}],"wp:attachment":[{"href":"https:\/\/www.moskito.cz\/fr\/wp-json\/wp\/v2\/media?parent=425653"}],"wp:term":[{"taxonomy":"pwb-brand","embeddable":true,"href":"https:\/\/www.moskito.cz\/fr\/wp-json\/wp\/v2\/pwb-brand?post=425653"},{"taxonomy":"product_brand","embeddable":true,"href":"https:\/\/www.moskito.cz\/fr\/wp-json\/wp\/v2\/product_brand?post=425653"},{"taxonomy":"product_cat","embeddable":true,"href":"https:\/\/www.moskito.cz\/fr\/wp-json\/wp\/v2\/product_cat?post=425653"},{"taxonomy":"product_tag","embeddable":true,"href":"https:\/\/www.moskito.cz\/fr\/wp-json\/wp\/v2\/product_tag?post=425653"}],"curies":[{"name":"wp","href":"https:\/\/api.w.org\/{rel}","templated":true}]}}