{"id":426763,"date":"2024-09-25T20:32:32","date_gmt":"2024-09-25T19:32:32","guid":{"rendered":"https:\/\/www.moskito.cz\/produkt\/couteau-pliant-microtech-msi-stonewashed-210t-10pmbk\/"},"modified":"2025-11-24T09:50:44","modified_gmt":"2025-11-24T08:50:44","slug":"couteau-pliant-microtech-msi-stonewashed-210t-10pmbk","status":"publish","type":"product","link":"https:\/\/www.moskito.cz\/fr\/produkt\/couteau-pliant-microtech-msi-stonewashed-210t-10pmbk\/","title":{"rendered":"Couteau pliant Microtech MSI Stonewashed 210T-10PMBK"},"content":{"rendered":"<p>&nbsp;<\/p>\n<h1 data-start=\"126\" data-end=\"184\"><strong data-start=\"128\" data-end=\"182\">Couteau pliant Microtech MSI Stonewashed 210T-10PMBK<\/strong><\/h1>\n<p data-start=\"186\" data-end=\"628\">Le Microtech MSI Stonewashed 210T-10PMBK est un couteau pliant haut de gamme de Microtech, alliant mat\u00e9riaux de premi\u00e8re qualit\u00e9, technologie innovante et fabrication de pr\u00e9cision. Ce mod\u00e8le est \u00e9quip\u00e9 d&rsquo;un m\u00e9canisme de verrouillage <strong data-start=\"412\" data-end=\"426\">Atlas Lock<\/strong> , garantissant une robustesse et une fiabilit\u00e9 extr\u00eames. Sa lame en acier <strong data-start=\"502\" data-end=\"510\">M390<\/strong> , l&rsquo;un des meilleurs du march\u00e9, offre une excellente r\u00e9sistance \u00e0 l&rsquo;usure et un tranchant durable.  <\/p>\n<p data-start=\"630\" data-end=\"770\">Il s&rsquo;agit d&rsquo;un mod\u00e8le exclusif <strong data-start=\"665\" data-end=\"687\">, peu courant<\/strong> , ce qui en fait non seulement un outil pratique, mais aussi une pi\u00e8ce de collection tr\u00e8s pris\u00e9e.<\/p>\n<hr data-start=\"772\" data-end=\"775\">\n<h2 data-start=\"777\" data-end=\"807\"><strong data-start=\"780\" data-end=\"805\">\ud83d\udd39 Fonctionnalit\u00e9s cl\u00e9s<\/strong><\/h2>\n<p data-start=\"809\" data-end=\"1086\">\ud83d\udd2a <strong data-start=\"812\" data-end=\"822\">Lame :<\/strong><br data-start=\"822\" data-end=\"825\"> Fabriqu\u00e9 en acier inoxydable <strong data-start=\"836\" data-end=\"844\">M390<\/strong> <strong data-start=\"853\" data-end=\"879\">rev\u00eatu de poudre<\/strong> , reconnu pour son <strong data-start=\"891\" data-end=\"924\">extr\u00eame duret\u00e9 (60-62 HRC)<\/strong> , sa r\u00e9sistance \u00e0 la corrosion et son tranchant exceptionnel, ce couteau est id\u00e9al pour un usage intensif et offre une longue dur\u00e9e de vie sans aff\u00fbtage fr\u00e9quent. <\/p>\n<p data-start=\"1088\" data-end=\"1216\">\ud83d\udccf <strong data-start=\"1091\" data-end=\"1108\">Longueur de la lame :<\/strong><br data-start=\"1108\" data-end=\"1111\"> <strong data-start=\"1111\" data-end=\"1121\">9,2 cm<\/strong> \u2013 une taille universelle qui offre un excellent \u00e9quilibre entre compacit\u00e9 et fonctionnalit\u00e9.<\/p>\n<p data-start=\"1218\" data-end=\"1325\">\ud83d\udccf <strong data-start=\"1221\" data-end=\"1239\">Longueur totale :<\/strong><br data-start=\"1239\" data-end=\"1242\"> <strong data-start=\"1242\" data-end=\"1253\">22,8 cm<\/strong> \u2013 longueur suffisante pour une prise en main ferme et s\u00fbre dans toutes les applications.<\/p>\n<p data-start=\"1327\" data-end=\"1438\">\ud83d\udcaa <strong data-start=\"1330\" data-end=\"1350\">\u00c9paisseur de la lame :<\/strong><br data-start=\"1350\" data-end=\"1353\"> <strong data-start=\"1353\" data-end=\"1361\">4 mm<\/strong> \u2013 une construction robuste qui garantit une r\u00e9sistance et une durabilit\u00e9 \u00e9lev\u00e9es pendant le travail.<\/p>\n<p data-start=\"1440\" data-end=\"1610\">\u2699\ufe0f <strong data-start=\"1443\" data-end=\"1471\">Finition de la lame :<\/strong><br data-start=\"1471\" data-end=\"1474\"> <strong data-start=\"1474\" data-end=\"1489\">Finition stonewashed<\/strong> \u2013 durable, <strong data-start=\"1535\" data-end=\"1573\">elle minimise la visibilit\u00e9 des rayures<\/strong> et augmente la valeur esth\u00e9tique du couteau.<\/p>\n<p data-start=\"1612\" data-end=\"1772\">\ud83c\udfa8 <strong data-start=\"1615\" data-end=\"1627\">Poign\u00e9e :<\/strong><br data-start=\"1627\" data-end=\"1630\"> Fabriqu\u00e9 en <strong data-start=\"1641\" data-end=\"1685\">polym\u00e8re r\u00e9sistant et l\u00e9ger,<\/strong> dot\u00e9 d&rsquo; <strong data-start=\"1688\" data-end=\"1715\">une texture antid\u00e9rapante<\/strong> assurant une prise en main ferme.<\/p>\n<p data-start=\"1774\" data-end=\"1863\">\u2696\ufe0f <strong data-start=\"1777\" data-end=\"1790\">Poids :<\/strong><br data-start=\"1790\" data-end=\"1793\"> <strong data-start=\"1793\" data-end=\"1802\">130 g<\/strong> \u2013 \u00e9quilibre optimal entre robustesse et confort de port.<\/p>\n<p data-start=\"1865\" data-end=\"2025\">\ud83d\udee1 <strong data-start=\"1868\" data-end=\"1884\">M\u00e9canisme :<\/strong><br data-start=\"1884\" data-end=\"1887\"> <strong data-start=\"1887\" data-end=\"1901\">Atlas Lock<\/strong> \u2013 un syst\u00e8me de verrouillage innovant qui <strong data-start=\"1938\" data-end=\"1977\">emp\u00eache la fermeture accidentelle de la lame<\/strong> tout en permettant un contr\u00f4le fluide et facile.<\/p>\n<p data-start=\"2027\" data-end=\"2140\">\ud83d\udd17 <strong data-start=\"2030\" data-end=\"2044\">Ouverture :<\/strong><br data-start=\"2044\" data-end=\"2047\"> Ouverture \u00e0 une main gr\u00e2ce \u00e0 <strong data-start=\"2074\" data-end=\"2096\">une goupille double face<\/strong> sur la lame \u2013 id\u00e9al pour les droitiers et les gauchers.<\/p>\n<p data-start=\"2142\" data-end=\"2198\">\ud83d\udce6 <strong data-start=\"2145\" data-end=\"2157\">Cas :<\/strong><br data-start=\"2157\" data-end=\"2160\"> Ce mod\u00e8le n&rsquo;est pas vendu avec un \u00e9tui.<\/p>\n<p data-start=\"2200\" data-end=\"2311\">\ud83d\udccc <strong data-start=\"2203\" data-end=\"2222\">Clip de transport :<\/strong><br data-start=\"2222\" data-end=\"2225\"> Oui \u2013 <strong data-start=\"2231\" data-end=\"2267\">un clip de poche profond double face<\/strong> qui permet un port discret et confortable.<\/p>\n<p data-start=\"2313\" data-end=\"2449\">\ud83c\uddfa\ud83c\uddf8 <strong data-start=\"2318\" data-end=\"2337\">Fabriqu\u00e9 aux \u00c9tats-Unis :<\/strong><br data-start=\"2337\" data-end=\"2340\"> Tous les composants et l&rsquo;assemblage sont r\u00e9alis\u00e9s exclusivement <strong data-start=\"2387\" data-end=\"2394\">aux \u00c9tats-Unis<\/strong> , ce qui garantit une qualit\u00e9 de premier ordre et une production pr\u00e9cise.<\/p>\n<hr data-start=\"2451\" data-end=\"2454\">\n<h2 data-start=\"2456\" data-end=\"2475\"><strong data-start=\"2459\" data-end=\"2473\">\ud83c\udfaf Utiliser<\/strong><\/h2>\n<p data-start=\"2477\" data-end=\"2669\">\u2705 <strong data-start=\"2479\" data-end=\"2499\">Tactique<\/strong><br data-start=\"2499\" data-end=\"2502\"> Ouverture rapide, <strong data-start=\"2507\" data-end=\"2567\">construction durable et verrouillage s\u00e9curis\u00e9<\/strong> font de ce mod\u00e8le le choix id\u00e9al pour un usage professionnel, notamment pour <strong data-start=\"2626\" data-end=\"2666\">la police, l&rsquo;arm\u00e9e et les services d&rsquo;urgence<\/strong> .<\/p>\n<p data-start=\"2671\" data-end=\"2840\">\u2705 <strong data-start=\"2673\" data-end=\"2695\">Objet de collection<\/strong><br data-start=\"2695\" data-end=\"2698\"> Sa production exclusive et sa disponibilit\u00e9 limit\u00e9e en font un couteau tr\u00e8s pris\u00e9 des collectionneurs. <strong data-start=\"2785\" data-end=\"2837\">Sa raret\u00e9 contribue \u00e0 sa valeur<\/strong> .<\/p>\n<p data-start=\"2842\" data-end=\"3002\">\u2705 <strong data-start=\"2844\" data-end=\"2871\">Objet de tous les jours (EDC)<\/strong><br data-start=\"2871\" data-end=\"2874\"> Ses dimensions compactes, son poids l\u00e9ger et sa r\u00e9sistance \u00e0 l&rsquo;usure font de ce couteau <strong data-start=\"2957\" data-end=\"2999\">un choix parfait pour un usage quotidien<\/strong> .<\/p>\n<p data-start=\"3004\" data-end=\"3152\">\u2705 <strong data-start=\"3006\" data-end=\"3029\">Activit\u00e9s de plein air et camping<\/strong><br data-start=\"3029\" data-end=\"3032\"> La construction robuste et la grande durabilit\u00e9 des mat\u00e9riaux permettent une utilisation dans <strong data-start=\"3098\" data-end=\"3149\">les activit\u00e9s de plein air, le bushcraft et le camping<\/strong> .<\/p>\n<hr data-start=\"3154\" data-end=\"3157\">\n<h2 data-start=\"3159\" data-end=\"3188\"><strong data-start=\"3162\" data-end=\"3186\">\ud83d\udee0 Entretien et meulage<\/strong><\/h2>\n<p data-start=\"3190\" data-end=\"3449\">\ud83e\uddfc <strong data-start=\"3193\" data-end=\"3204\">Maintenance :<\/strong><br data-start=\"3204\" data-end=\"3207\"> \u2714\ufe0f Apr\u00e8s chaque utilisation, essuyez la lame avec un chiffon sec ou l\u00e9g\u00e8rement humide.<br data-start=\"3275\" data-end=\"3278\"> \u2714\ufe0f Appliquez une fine couche d&rsquo;huile pour prot\u00e9ger contre la corrosion.<br data-start=\"3334\" data-end=\"3337\"> \u2714\ufe0f Conserver dans un endroit sec, \u00e0 l&rsquo;abri de l&rsquo;humidit\u00e9 extr\u00eame.<br data-start=\"3389\" data-end=\"3392\"> \u2714\ufe0f Lubrifiez r\u00e9guli\u00e8rement le m\u00e9canisme pour un fonctionnement optimal.<\/p>\n<p data-start=\"3451\" data-end=\"3657\">\ud83d\udd2a <strong data-start=\"3454\" data-end=\"3467\">Broyage :<\/strong><br data-start=\"3467\" data-end=\"3470\"> \u2714\ufe0f Utilisez des aff\u00fbteurs diamant\u00e9s ou en c\u00e9ramique pour un tranchant optimal.<br data-start=\"3537\" data-end=\"3540\"> \u2714\ufe0f Angle de meulage recommand\u00e9 : <strong data-start=\"3569\" data-end=\"3580\">20\u00b0\u201325\u00b0<\/strong> pour des performances de coupe maximales.<br data-start=\"3607\" data-end=\"3610\"> \u2714\ufe0f Maintenez le tranchant en changeant r\u00e9guli\u00e8rement de lame.<\/p>\n<hr data-start=\"3659\" data-end=\"3662\">\n<h2 data-start=\"3664\" data-end=\"3693\"><strong data-start=\"3667\" data-end=\"3691\">\ud83d\udc4d Avantages et inconv\u00e9nients<\/strong><\/h2>\n<p data-start=\"3695\" data-end=\"4095\">\u2705 <strong data-start=\"3697\" data-end=\"3730\">M\u00e9canisme de verrouillage Atlas durable<\/strong> &#8211; un syst\u00e8me de verrouillage extr\u00eamement s\u00fbr et fiable.<br data-start=\"3777\" data-end=\"3780\"> \u2705 <strong data-start=\"3782\" data-end=\"3811\">Acier M390 de haute qualit\u00e9<\/strong> &#8211; tranchant durable et r\u00e9sistance extr\u00eame.<br data-start=\"3856\" data-end=\"3859\"> \u2705 <strong data-start=\"3861\" data-end=\"3884\">Poign\u00e9e ergonomique<\/strong> &#8211; confortable \u00e0 tenir et l\u00e9g\u00e8re.<br data-start=\"3920\" data-end=\"3923\"> \u2705 <strong data-start=\"3925\" data-end=\"3940\">Exclusivit\u00e9<\/strong> \u2013 ce mod\u00e8le <strong data-start=\"3955\" data-end=\"3978\">est rare<\/strong> , ce qui augmente sa valeur.<br data-start=\"4005\" data-end=\"4008\"> \u2705 <strong data-start=\"4010\" data-end=\"4039\">Ouverture rapide et facile<\/strong> &#8211; utilisation \u00e0 une main gr\u00e2ce \u00e0 la goupille pratique sur la lame.<\/p>\n<p data-start=\"4097\" data-end=\"4240\">\u274c <strong data-start=\"4099\" data-end=\"4113\">Prix plus \u00e9lev\u00e9<\/strong> \u2013 correspond \u00e0 la qualit\u00e9 des mat\u00e9riaux utilis\u00e9s et \u00e0 la pr\u00e9cision de la fabrication.<br data-start=\"4177\" data-end=\"4180\"> \u274c <strong data-start=\"4182\" data-end=\"4197\">Sans \u00e9tui<\/strong> \u2013 le couteau n\u2019est pas inclus dans l\u2019\u00e9tui de protection.<\/p>\n<hr data-start=\"4242\" data-end=\"4245\">\n<h2 data-start=\"4247\" data-end=\"4264\"><strong data-start=\"4250\" data-end=\"4262\">\ud83d\udd1a Conclusion<\/strong><\/h2>\n<p data-start=\"4266\" data-end=\"4556\"><strong data-start=\"4266\" data-end=\"4307\">Le Microtech MSI Stonewashed 210T-10PMBK<\/strong> est un couteau pliant d&rsquo;exception, caract\u00e9ris\u00e9 par une fabrication pr\u00e9cise, des mat\u00e9riaux de qualit\u00e9 et un m\u00e9canisme s\u00fbr. Gr\u00e2ce \u00e0 sa <strong data-start=\"4432\" data-end=\"4489\">taille universelle, sa grande robustesse et son exclusivit\u00e9,<\/strong> il est un excellent choix pour les collectionneurs, les professionnels et les utilisateurs occasionnels. <\/p>\n<p data-start=\"4558\" data-end=\"4692\">Ce mod\u00e8le <strong data-start=\"4570\" data-end=\"4592\">est rare<\/strong> , ce qui en fait <strong data-start=\"4609\" data-end=\"4628\">une pi\u00e8ce unique<\/strong> pour quiconque recherche un couteau \u00e0 la fois pratique et exclusif.<\/p>\n<p data-start=\"4694\" data-end=\"4844\">\ud83d\udd12 <strong data-start=\"4697\" data-end=\"4717\">Garantie \u00e0 vie<\/strong> &#8211; preuve de qualit\u00e9 et de durabilit\u00e9.<br data-start=\"4746\" data-end=\"4749\"> \ud83d\ude9a <strong data-start=\"4752\" data-end=\"4770\">Livraison gratuite<\/strong> &#8211; commandez maintenant et recevez ce mod\u00e8le unique sans plus attendre<\/p>\n<p data-start=\"4846\" data-end=\"4920\">\ud83d\uded2 <strong data-start=\"4849\" data-end=\"4918\">Commandez d\u00e8s maintenant et ajoutez ce couteau exclusif \u00e0 votre collection !<\/strong><\/p>\n<p><iframe title=\"Microtech Combat Troodon Torture Test\" width=\"800\" height=\"450\" src=\"https:\/\/www.youtube.com\/embed\/xE9TeOFYEjg?feature=oembed\" frameborder=\"0\" allow=\"accelerometer; autoplay; clipboard-write; encrypted-media; gyroscope; picture-in-picture; web-share\" referrerpolicy=\"strict-origin-when-cross-origin\" allowfullscreen><\/iframe><\/p>\n<p>&nbsp;<\/p>\n","protected":false},"excerpt":{"rendered":"<p><strong>Le Microtech MSI Stonewashed 210T-10PMBK est un couteau pliant d&rsquo;exception, caract\u00e9ris\u00e9 par une fabrication pr\u00e9cise, des mat\u00e9riaux de qualit\u00e9 et un m\u00e9canisme s\u00fbr. Gr\u00e2ce \u00e0 sa taille universelle, sa grande robustesse et son exclusivit\u00e9, il est un excellent choix pour les collectionneurs, les professionnels et les utilisateurs occasionnels. <\/strong><\/p>\n<p><strong>\ud83d\udce6 Commandez maintenant et obtenez la livraison gratuite \ud83d\ude9a<\/strong><\/p>\n","protected":false},"featured_media":359922,"comment_status":"open","ping_status":"closed","template":"","meta":[],"pwb-brand":[3751],"product_brand":[],"product_cat":[3700,3696],"product_tag":[],"class_list":{"0":"post-426763","1":"product","2":"type-product","3":"status-publish","4":"has-post-thumbnail","6":"pwb-brand-microtechnologie","7":"product_cat-couteaux-de-fermeture","8":"product_cat-des-couteaux","10":"first","11":"outofstock","12":"taxable","13":"shipping-taxable","14":"purchasable","15":"product-type-simple"},"brands":[{"id":3751,"name":"Microtechnologie","slug":"microtechnologie"}],"_links":{"self":[{"href":"https:\/\/www.moskito.cz\/fr\/wp-json\/wp\/v2\/product\/426763","targetHints":{"allow":["GET"]}}],"collection":[{"href":"https:\/\/www.moskito.cz\/fr\/wp-json\/wp\/v2\/product"}],"about":[{"href":"https:\/\/www.moskito.cz\/fr\/wp-json\/wp\/v2\/types\/product"}],"replies":[{"embeddable":true,"href":"https:\/\/www.moskito.cz\/fr\/wp-json\/wp\/v2\/comments?post=426763"}],"wp:featuredmedia":[{"embeddable":true,"href":"https:\/\/www.moskito.cz\/fr\/wp-json\/wp\/v2\/media\/359922"}],"wp:attachment":[{"href":"https:\/\/www.moskito.cz\/fr\/wp-json\/wp\/v2\/media?parent=426763"}],"wp:term":[{"taxonomy":"pwb-brand","embeddable":true,"href":"https:\/\/www.moskito.cz\/fr\/wp-json\/wp\/v2\/pwb-brand?post=426763"},{"taxonomy":"product_brand","embeddable":true,"href":"https:\/\/www.moskito.cz\/fr\/wp-json\/wp\/v2\/product_brand?post=426763"},{"taxonomy":"product_cat","embeddable":true,"href":"https:\/\/www.moskito.cz\/fr\/wp-json\/wp\/v2\/product_cat?post=426763"},{"taxonomy":"product_tag","embeddable":true,"href":"https:\/\/www.moskito.cz\/fr\/wp-json\/wp\/v2\/product_tag?post=426763"}],"curies":[{"name":"wp","href":"https:\/\/api.w.org\/{rel}","templated":true}]}}