{"id":426767,"date":"2019-05-12T16:46:58","date_gmt":"2019-05-12T15:46:58","guid":{"rendered":"https:\/\/www.moskito.cz\/produkt\/outil-multifonction-leatherman-charge-plus-tti-lm83252\/"},"modified":"2025-12-23T09:33:37","modified_gmt":"2025-12-23T08:33:37","slug":"outil-multifonction-leatherman-charge-plus-tti-lm83252","status":"publish","type":"product","link":"https:\/\/www.moskito.cz\/fr\/produkt\/outil-multifonction-leatherman-charge-plus-tti-lm83252\/","title":{"rendered":"Outil multifonction Leatherman Charge Plus TTi LM83252"},"content":{"rendered":"<p>\ud83d\udee0\ufe0f Outil multifonction Leatherman Charge Plus TTi (LM83252)<\/p>\n<p>Puissance, pr\u00e9cision et polyvalence&nbsp;: trois qualit\u00e9s qui d\u00e9crivent parfaitement le Leatherman Charge Plus TTi. Cet outil multifonction haut de gamme de la l\u00e9gendaire marque am\u00e9ricaine Leatherman repr\u00e9sente le summum des outils multifonctionnels. Il est con\u00e7u pour les professionnels, les aventuriers et tous ceux qui ont besoin d\u2019un outil compact mais extr\u00eamement robuste en toutes circonstances.  <\/p>\n<p>Le Charge Plus TTi combine une construction de pr\u00e9cision, des poign\u00e9es en titane et une lame en acier S30V &#8211; une combinaison qui en fait un outil \u00e0 la fois durable, tr\u00e8s r\u00e9sistant et d&rsquo;apparence \u00e9l\u00e9gante.<\/p>\n<p>\ud83c\udfed \u00c0 propos du fabricant<\/p>\n<p>Leatherman est une marque am\u00e9ricaine forte de plus de 40 ans d&rsquo;exp\u00e9rience dans la fabrication d&rsquo;outils multifonctions et de couteaux. Ses produits sont synonymes de fiabilit\u00e9, de qualit\u00e9 et de fonctionnalit\u00e9. Chaque mod\u00e8le est con\u00e7u pour r\u00e9sister aux conditions les plus extr\u00eames, de l&rsquo;atelier aux exp\u00e9ditions en montagne.  <\/p>\n<p>La Charge Plus TTi est le mod\u00e8le haut de gamme, offrant 19 outils de pr\u00e9cision dans un corps en titane et en acier de qualit\u00e9 sup\u00e9rieure, capables de g\u00e9rer aussi bien les travaux techniques que les t\u00e2ches quotidiennes. <\/p>\n<p>\u2699\ufe0f Sp\u00e9cifications techniques<br \/>\n Valeur du param\u00e8tre<br \/>\n Longueur totale (ouvert) env. 15,9 cm<br \/>\n Longueur ferm\u00e9 : environ 10,2 cm<br \/>\n Longueur de la lame : environ 7,4 cm<br \/>\n Poids approximatif 252 g<br \/>\n Mat\u00e9riau de la lame : acier inoxydable S30V \u2013 excellente durabilit\u00e9 et longue dur\u00e9e de vie de la lame<br \/>\n Poign\u00e9e en titane \u2013 l\u00e9g\u00e8re, r\u00e9sistante et anticorrosion<br \/>\n Duret\u00e9 de la lame&nbsp;: environ 58\u201360 HRC<br \/>\n M\u00e9canisme&nbsp;: Tous les outils (sauf les pinces) sont \u00e9quip\u00e9s d&rsquo;un verrou de s\u00e9curit\u00e9.<br \/>\n Nombre de fonctions&nbsp;: 19<br \/>\n \u00c9tui en nylon pour l&rsquo;\u00e9quipement, jeu d&#8217;embouts, clips rempla\u00e7ables et \u0153illet pour cordon<br \/>\n Production am\u00e9ricaine<\/p>\n<p>\u2705 Principaux avantages<\/p>\n<p>Acier S30V de qualit\u00e9 sup\u00e9rieure \u2013 excellente tenue du tranchant et r\u00e9sistance \u00e0 l&rsquo;usure.<\/p>\n<p>Poign\u00e9es en titane \u2013 l\u00e9g\u00e8res, robustes et \u00e9l\u00e9gantes, assurant une prise en main confortable.<\/p>\n<p>19 outils en un \u2013 du couteau, de la scie, des ciseaux et des tournevis aux pinces et \u00e0 la lime.<\/p>\n<p>Pinces coupantes rempla\u00e7ables \u2013 entretien facile et longue dur\u00e9e de vie.<\/p>\n<p>Verrouillage de s\u00e9curit\u00e9 \u2013 chaque outil reste stable pendant son fonctionnement.<\/p>\n<p>Fabriqu\u00e9 \u00e0 la main aux \u00c9tats-Unis \u2013 un gage de qualit\u00e9 et de pr\u00e9cision.<\/p>\n<p>\u26a0\ufe0f Restrictions possibles<\/p>\n<p>Prix \u200b\u200bplus \u00e9lev\u00e9 \u2013 correspond aux mat\u00e9riaux haut de gamme utilis\u00e9s.<\/p>\n<p>Poids \u2013 252 g peuvent \u00eatre plus lourds que les outils EDC habituels pour certains utilisateurs.<\/p>\n<p>Encombrement \u2013 \u200b\u200blorsqu&rsquo;il est transport\u00e9 dans une poche, il peut para\u00eetre plus robuste que les mod\u00e8les plus compacts.<\/p>\n<p>\ud83e\uddfc Entretien et soins<\/p>\n<p>Nettoyez et s\u00e9chez tous les outils apr\u00e8s chaque utilisation afin d&rsquo;\u00e9viter la corrosion.<\/p>\n<p>Lubrifiez occasionnellement les articulations et les m\u00e9canismes avec une goutte d&rsquo;huile de qualit\u00e9.<\/p>\n<p>\u00c9vitez les produits de nettoyage agressifs qui peuvent endommager la surface en titane.<\/p>\n<p>Veillez \u00e0 aff\u00fbter r\u00e9guli\u00e8rement vos outils, en particulier la lame principale en acier S30V.<\/p>\n<p>\ud83d\udd2a Pour conserver le tranchant, nous recommandons le syst\u00e8me d&rsquo;aff\u00fbtage complet Spyderco Tri-Angle Sharpmaker 204MF.<\/p>\n<p>\ud83c\udfaf Recommand\u00e9 pour<\/p>\n<p>Pour les professionnels et techniciens qui ont besoin de l&rsquo;outil multifonction le plus durable.<\/p>\n<p>Aventuriers, randonneurs et passionn\u00e9s de plein air qui ne comptent que sur un seul outil polyvalent.<\/p>\n<p>Pour les utilisateurs qui recherchent une combinaison d&rsquo;\u00e9l\u00e9gance, de qualit\u00e9 et de fiabilit\u00e9 \u00e0 long terme.<\/p>\n<p>\u2b50 Note finale<\/p>\n<p>Le Leatherman Charge Plus TTi est le summum des outils multifonctions&nbsp;: il allie fonctionnalit\u00e9, puissance et savoir-faire d&rsquo;exception. Ses poign\u00e9es en titane, sa lame haut de gamme en acier S30V et ses composants interchangeables lui conf\u00e8rent une durabilit\u00e9 et une \u00e9l\u00e9gance remarquables. <\/p>\n<p>Pour ceux qui ne veulent faire aucun compromis entre performance, design et durabilit\u00e9, le Charge Plus TTi est le choix \u00e9vident : un outil multifonction qui r\u00e9sistera \u00e0 toutes les \u00e9preuves, m\u00eame apr\u00e8s des ann\u00e9es d&rsquo;utilisation.<\/p>\n","protected":false},"excerpt":{"rendered":"<p><strong>Pour ceux qui ne veulent faire aucun compromis entre performance, design et durabilit\u00e9, le Charge Plus TTi est le choix \u00e9vident : un outil multifonction qui r\u00e9sistera \u00e0 toutes les \u00e9preuves, m\u00eame apr\u00e8s des ann\u00e9es d&rsquo;utilisation.<\/strong><br \/>\n<strong>Livraison gratuite.<\/strong><\/p>\n","protected":false},"featured_media":167264,"comment_status":"open","ping_status":"closed","template":"","meta":[],"pwb-brand":[3934],"product_brand":[],"product_cat":[3695],"product_tag":[],"class_list":{"0":"post-426767","1":"product","2":"type-product","3":"status-publish","4":"has-post-thumbnail","6":"pwb-brand-maroquinier","7":"product_cat-outil-multi-fonction","9":"first","10":"instock","11":"taxable","12":"shipping-taxable","13":"purchasable","14":"product-type-simple"},"brands":[{"id":3934,"name":"Maroquinier","slug":"maroquinier"}],"_links":{"self":[{"href":"https:\/\/www.moskito.cz\/fr\/wp-json\/wp\/v2\/product\/426767","targetHints":{"allow":["GET"]}}],"collection":[{"href":"https:\/\/www.moskito.cz\/fr\/wp-json\/wp\/v2\/product"}],"about":[{"href":"https:\/\/www.moskito.cz\/fr\/wp-json\/wp\/v2\/types\/product"}],"replies":[{"embeddable":true,"href":"https:\/\/www.moskito.cz\/fr\/wp-json\/wp\/v2\/comments?post=426767"}],"wp:featuredmedia":[{"embeddable":true,"href":"https:\/\/www.moskito.cz\/fr\/wp-json\/wp\/v2\/media\/167264"}],"wp:attachment":[{"href":"https:\/\/www.moskito.cz\/fr\/wp-json\/wp\/v2\/media?parent=426767"}],"wp:term":[{"taxonomy":"pwb-brand","embeddable":true,"href":"https:\/\/www.moskito.cz\/fr\/wp-json\/wp\/v2\/pwb-brand?post=426767"},{"taxonomy":"product_brand","embeddable":true,"href":"https:\/\/www.moskito.cz\/fr\/wp-json\/wp\/v2\/product_brand?post=426767"},{"taxonomy":"product_cat","embeddable":true,"href":"https:\/\/www.moskito.cz\/fr\/wp-json\/wp\/v2\/product_cat?post=426767"},{"taxonomy":"product_tag","embeddable":true,"href":"https:\/\/www.moskito.cz\/fr\/wp-json\/wp\/v2\/product_tag?post=426767"}],"curies":[{"name":"wp","href":"https:\/\/api.w.org\/{rel}","templated":true}]}}