{"id":428905,"date":"2022-12-15T22:22:26","date_gmt":"2022-12-15T21:22:26","guid":{"rendered":"https:\/\/www.moskito.cz\/produkt\/couteau-de-lancer-cobratec-ctk-1-graphite-noir-jaune-moyen\/"},"modified":"2025-11-25T09:32:28","modified_gmt":"2025-11-25T08:32:28","slug":"couteau-de-lancer-cobratec-ctk-1-graphite-noir-jaune-moyen","status":"publish","type":"product","link":"https:\/\/www.moskito.cz\/fr\/produkt\/couteau-de-lancer-cobratec-ctk-1-graphite-noir-jaune-moyen\/","title":{"rendered":"Couteau de lancer CobraTec CTK-1, graphite noir, jaune moyen"},"content":{"rendered":"<p>Goutte <strong>CobraTec<\/strong> Medium Yellow Graphite Black CTK-1.<\/p>\n<p>Notre couteau CTK-1 Cerakote\u00ae jaune avec rev\u00eatement noir graphite, de taille moyenne, est dot\u00e9 d&rsquo;un manche en alliage d&rsquo;aluminium de haute qualit\u00e9 et d&rsquo;une lame en acier D2. Le rev\u00eatement c\u00e9ramique Cerakote\u00ae am\u00e9liore la r\u00e9sistance \u00e0 l&rsquo;abrasion, \u00e0 l&rsquo;usure, \u00e0 la corrosion et aux produits chimiques du manche. <\/p>\n<p>Tous les couteaux sont \u00e0 double action (l&rsquo;extension et la r\u00e9traction de la lame sont contr\u00f4l\u00e9es en appuyant ou en tirant sur le m\u00eame interrupteur de commande).<\/p>\n<p>Ce couteau est dot\u00e9 d&rsquo;un clip de poche, d&rsquo;un brise-vitre d&rsquo;urgence et d&rsquo;un \u00e9tui en nylon. Tous les couteaux CobraTec b\u00e9n\u00e9ficient d&rsquo;une GARANTIE \u00c0 VIE. <\/p>\n<p>Marque : CobraTec<br \/>\n Longueur totale : 20,30 cm<br \/>\n Longueur de la lame : 7,00 cm<br \/>\n Poids : 191,00 g<br \/>\n Mat\u00e9riau de la lame : D2<br \/>\n Mat\u00e9riau de la poign\u00e9e : aluminium<br \/>\n Ouverture : Appuyez sur le bouton<br \/>\n Ouverture : Automatique<br \/>\n Type de verrou : OTF<br \/>\n Couleur : Noir<br \/>\n Couleur de la lame : Non rev\u00eatue<\/p>\n<p><iframe title=\"CobraTec Medium CTK 1\" width=\"800\" height=\"450\" src=\"https:\/\/www.youtube.com\/embed\/fl-Lz9Hgy7o?feature=oembed\" frameborder=\"0\" allow=\"accelerometer; autoplay; clipboard-write; encrypted-media; gyroscope; picture-in-picture; web-share\" referrerpolicy=\"strict-origin-when-cross-origin\" allowfullscreen><\/iframe><\/p>\n<p>&nbsp;<\/p>\n","protected":false},"excerpt":{"rendered":"<p>Chaque couteau <strong>CobraTec\u00ae<\/strong> est livr\u00e9 avec une garantie \u00e0 vie.<\/p>\n<p> <strong>Livraison gratuite.<\/strong><\/p>\n","protected":false},"featured_media":428906,"comment_status":"open","ping_status":"closed","template":"","meta":[],"pwb-brand":[3938],"product_brand":[],"product_cat":[3699,3696],"product_tag":[],"class_list":{"0":"post-428905","1":"product","2":"type-product","3":"status-publish","4":"has-post-thumbnail","6":"pwb-brand-cobratec-fr","7":"product_cat-couteaux-de-tir","8":"product_cat-des-couteaux","10":"first","11":"outofstock","12":"taxable","13":"shipping-taxable","14":"purchasable","15":"product-type-simple"},"brands":[{"id":3938,"name":"CobraTec","slug":"cobratec-fr"}],"_links":{"self":[{"href":"https:\/\/www.moskito.cz\/fr\/wp-json\/wp\/v2\/product\/428905","targetHints":{"allow":["GET"]}}],"collection":[{"href":"https:\/\/www.moskito.cz\/fr\/wp-json\/wp\/v2\/product"}],"about":[{"href":"https:\/\/www.moskito.cz\/fr\/wp-json\/wp\/v2\/types\/product"}],"replies":[{"embeddable":true,"href":"https:\/\/www.moskito.cz\/fr\/wp-json\/wp\/v2\/comments?post=428905"}],"wp:featuredmedia":[{"embeddable":true,"href":"https:\/\/www.moskito.cz\/fr\/wp-json\/wp\/v2\/media\/428906"}],"wp:attachment":[{"href":"https:\/\/www.moskito.cz\/fr\/wp-json\/wp\/v2\/media?parent=428905"}],"wp:term":[{"taxonomy":"pwb-brand","embeddable":true,"href":"https:\/\/www.moskito.cz\/fr\/wp-json\/wp\/v2\/pwb-brand?post=428905"},{"taxonomy":"product_brand","embeddable":true,"href":"https:\/\/www.moskito.cz\/fr\/wp-json\/wp\/v2\/product_brand?post=428905"},{"taxonomy":"product_cat","embeddable":true,"href":"https:\/\/www.moskito.cz\/fr\/wp-json\/wp\/v2\/product_cat?post=428905"},{"taxonomy":"product_tag","embeddable":true,"href":"https:\/\/www.moskito.cz\/fr\/wp-json\/wp\/v2\/product_tag?post=428905"}],"curies":[{"name":"wp","href":"https:\/\/api.w.org\/{rel}","templated":true}]}}